{"id":1001,"date":"2025-07-24T23:21:16","date_gmt":"2025-07-24T21:21:16","guid":{"rendered":"https:\/\/emerpolska.pl\/index.php\/produkt\/elektrozawor-do-powietrza-3-2-1-8-24vdc-do-blokow\/"},"modified":"2025-08-05T12:14:32","modified_gmt":"2025-08-05T10:14:32","slug":"elektrozawor-do-powietrza-3-2-1-8-24vdc-do-blokow","status":"publish","type":"product","link":"https:\/\/emerpolska.pl\/index.php\/produkt\/elektrozawor-do-powietrza-3-2-1-8-24vdc-do-blokow\/","title":{"rendered":"Elektrozaw\u00f3r do powietrza 3\/2 1\/8 24VDC do blok\u00f3w"},"content":{"rendered":"<p>&nbsp;<\/p>\n<h1>ELEKTROZAW\u00d3R 3\/2 1\/8&#8243;<\/h1>\n<p>Elektrozaw\u00f3r 3\/2 to jeden z najcz\u0119\u015bciej stosowanych w technice spr\u0119\u017conego powietrza. Zawory tekma charakteryzuj\u0105 si\u0119 dobr\u0105 jako\u015bci\u0105 w bardzo rozs\u0105dnej cenie. Stosuj\u0105c filtrowane powietrze charakteryzuj\u0105 si\u0119 d\u0142ug\u0105 \u017cywotno\u015bci\u0105.<\/p>\n<p>&#8211; producent tekma: TG-23-06E<\/p>\n<p>&#8211; elektrozaw\u00f3r 3\/2 trzy drogi, dwu pozycyjny<\/p>\n<p>&#8211; rozmiar przy\u0142\u0105cza powietrza 1\/8&#8243;<\/p>\n<p>&#8211; do monta\u017cu blokowego<\/p>\n<p>&#8211; NC normalnie zamkni\u0119ty<\/p>\n<p>&#8211; dzia\u0142anie bezpo\u015brednie<\/p>\n<p>&#8211; zastosowanie do powietrza (powietrze filtrowane)<\/p>\n<p>&#8211; elektrozaw\u00f3r monostabilny<\/p>\n<p>&#8211; ci\u015bnienie pracy 0-8 bar<\/p>\n<p>&#8211; zakres temperatur dla powietrza: -5\u00f7 +60\u00b0C<\/p>\n<p>&#8211; konstrukcja: grzybkowa<\/p>\n<p>&#8211; materia\u0142: korpus \u2013 aluminium<\/p>\n<p>&#8211; t\u0142ok \u2013 stal nierdzewna<\/p>\n<p>&#8211; uszczelnienie \u2013 NBR<\/p>\n<p>&#8211; napi\u0119cie cewki 24VDC<\/p>\n<p>&#8211; cewka i wtyczka na wyposa\u017ceniu<\/p>\n<p>&nbsp;<\/p>\n","protected":false},"excerpt":{"rendered":"<p>&nbsp; ELEKTROZAW\u00d3R 3\/2 1\/8&#8243; Elektrozaw\u00f3r 3\/2 to jeden z najcz\u0119\u015bciej stosowanych w technice spr\u0119\u017conego powietrza. Zawory tekma charakteryzuj\u0105 si\u0119 dobr\u0105 jako\u015bci\u0105 w bardzo rozs\u0105dnej cenie. Stosuj\u0105c filtrowane powietrze charakteryzuj\u0105 si\u0119 d\u0142ug\u0105 \u017cywotno\u015bci\u0105. &#8211; producent tekma: TG-23-06E &#8211; elektrozaw\u00f3r 3\/2 trzy drogi, dwu pozycyjny &#8211; rozmiar przy\u0142\u0105cza powietrza 1\/8&#8243; &#8211; do monta\u017cu blokowego &#8211; NC normalnie [&hellip;]<\/p>\n","protected":false},"featured_media":1507,"comment_status":"closed","ping_status":"closed","template":"","meta":[],"product_brand":[62],"product_cat":[48],"product_tag":[],"class_list":{"0":"post-1001","1":"product","2":"type-product","3":"status-publish","4":"has-post-thumbnail","6":"product_brand-tekma","7":"product_cat-pneumatyka-121447","9":"first","10":"instock","11":"taxable","12":"shipping-taxable","13":"purchasable","14":"product-type-simple"},"yoast_head":"<!-- This site is optimized with the Yoast SEO plugin v27.0 - https:\/\/yoast.com\/product\/yoast-seo-wordpress\/ -->\n<title>Elektrozaw\u00f3r do powietrza 3\/2 1\/8 24VDC do blok\u00f3w - EMER Polska<\/title>\n<meta name=\"robots\" content=\"index, follow, max-snippet:-1, max-image-preview:large, max-video-preview:-1\" \/>\n<link rel=\"canonical\" href=\"https:\/\/emerpolska.pl\/index.php\/produkt\/elektrozawor-do-powietrza-3-2-1-8-24vdc-do-blokow\/\" \/>\n<meta property=\"og:locale\" content=\"pl_PL\" \/>\n<meta property=\"og:type\" content=\"article\" \/>\n<meta property=\"og:title\" content=\"Elektrozaw\u00f3r do powietrza 3\/2 1\/8 24VDC do blok\u00f3w - EMER Polska\" \/>\n<meta property=\"og:description\" content=\"&nbsp; ELEKTROZAW\u00d3R 3\/2 1\/8&#8243; Elektrozaw\u00f3r 3\/2 to jeden z najcz\u0119\u015bciej stosowanych w technice spr\u0119\u017conego powietrza. Zawory tekma charakteryzuj\u0105 si\u0119 dobr\u0105 jako\u015bci\u0105 w bardzo rozs\u0105dnej cenie. Stosuj\u0105c filtrowane powietrze charakteryzuj\u0105 si\u0119 d\u0142ug\u0105 \u017cywotno\u015bci\u0105. &#8211; producent tekma: TG-23-06E &#8211; elektrozaw\u00f3r 3\/2 trzy drogi, dwu pozycyjny &#8211; rozmiar przy\u0142\u0105cza powietrza 1\/8&#8243; &#8211; do monta\u017cu blokowego &#8211; NC normalnie [&hellip;]\" \/>\n<meta property=\"og:url\" content=\"https:\/\/emerpolska.pl\/index.php\/produkt\/elektrozawor-do-powietrza-3-2-1-8-24vdc-do-blokow\/\" \/>\n<meta property=\"og:site_name\" content=\"EMER Polska\" \/>\n<meta property=\"article:modified_time\" content=\"2025-08-05T10:14:32+00:00\" \/>\n<meta property=\"og:image\" content=\"https:\/\/emerpolska.pl\/wp-content\/uploads\/2025\/07\/elektrozawory-sterowane-bezposrendio-3_2NC.webp\" \/>\n\t<meta property=\"og:image:width\" content=\"250\" \/>\n\t<meta property=\"og:image:height\" content=\"250\" \/>\n\t<meta property=\"og:image:type\" content=\"image\/webp\" \/>\n<meta name=\"twitter:card\" content=\"summary_large_image\" \/>\n<meta name=\"twitter:label1\" content=\"Szacowany czas czytania\" \/>\n\t<meta name=\"twitter:data1\" content=\"1 minuta\" \/>\n<script type=\"application\/ld+json\" class=\"yoast-schema-graph\">{\"@context\":\"https:\/\/schema.org\",\"@graph\":[{\"@type\":\"WebPage\",\"@id\":\"https:\/\/emerpolska.pl\/index.php\/produkt\/elektrozawor-do-powietrza-3-2-1-8-24vdc-do-blokow\/\",\"url\":\"https:\/\/emerpolska.pl\/index.php\/produkt\/elektrozawor-do-powietrza-3-2-1-8-24vdc-do-blokow\/\",\"name\":\"Elektrozaw\u00f3r do powietrza 3\/2 1\/8 24VDC do blok\u00f3w - EMER Polska\",\"isPartOf\":{\"@id\":\"https:\/\/emerpolska.pl\/#website\"},\"primaryImageOfPage\":{\"@id\":\"https:\/\/emerpolska.pl\/index.php\/produkt\/elektrozawor-do-powietrza-3-2-1-8-24vdc-do-blokow\/#primaryimage\"},\"image\":{\"@id\":\"https:\/\/emerpolska.pl\/index.php\/produkt\/elektrozawor-do-powietrza-3-2-1-8-24vdc-do-blokow\/#primaryimage\"},\"thumbnailUrl\":\"https:\/\/emerpolska.pl\/wp-content\/uploads\/2025\/07\/elektrozawory-sterowane-bezposrendio-3_2NC.webp\",\"datePublished\":\"2025-07-24T21:21:16+00:00\",\"dateModified\":\"2025-08-05T10:14:32+00:00\",\"breadcrumb\":{\"@id\":\"https:\/\/emerpolska.pl\/index.php\/produkt\/elektrozawor-do-powietrza-3-2-1-8-24vdc-do-blokow\/#breadcrumb\"},\"inLanguage\":\"pl-PL\",\"potentialAction\":[{\"@type\":\"ReadAction\",\"target\":[\"https:\/\/emerpolska.pl\/index.php\/produkt\/elektrozawor-do-powietrza-3-2-1-8-24vdc-do-blokow\/\"]}]},{\"@type\":\"ImageObject\",\"inLanguage\":\"pl-PL\",\"@id\":\"https:\/\/emerpolska.pl\/index.php\/produkt\/elektrozawor-do-powietrza-3-2-1-8-24vdc-do-blokow\/#primaryimage\",\"url\":\"https:\/\/emerpolska.pl\/wp-content\/uploads\/2025\/07\/elektrozawory-sterowane-bezposrendio-3_2NC.webp\",\"contentUrl\":\"https:\/\/emerpolska.pl\/wp-content\/uploads\/2025\/07\/elektrozawory-sterowane-bezposrendio-3_2NC.webp\",\"width\":250,\"height\":250},{\"@type\":\"BreadcrumbList\",\"@id\":\"https:\/\/emerpolska.pl\/index.php\/produkt\/elektrozawor-do-powietrza-3-2-1-8-24vdc-do-blokow\/#breadcrumb\",\"itemListElement\":[{\"@type\":\"ListItem\",\"position\":1,\"name\":\"Strona g\u0142\u00f3wna\",\"item\":\"https:\/\/emerpolska.pl\/\"},{\"@type\":\"ListItem\",\"position\":2,\"name\":\"Jeste\u015bmy w przygotowaniu. Ju\u017c wkr\u00f3tce.\",\"item\":\"https:\/\/emerpolska.pl\/index.php\/shop\/\"},{\"@type\":\"ListItem\",\"position\":3,\"name\":\"Elektrozaw\u00f3r do powietrza 3\/2 1\/8 24VDC do blok\u00f3w\"}]},{\"@type\":\"WebSite\",\"@id\":\"https:\/\/emerpolska.pl\/#website\",\"url\":\"https:\/\/emerpolska.pl\/\",\"name\":\"EMER Polska\",\"description\":\"Centrum Pneumatyki i Automatyki\",\"publisher\":{\"@id\":\"https:\/\/emerpolska.pl\/#organization\"},\"potentialAction\":[{\"@type\":\"SearchAction\",\"target\":{\"@type\":\"EntryPoint\",\"urlTemplate\":\"https:\/\/emerpolska.pl\/?s={search_term_string}\"},\"query-input\":{\"@type\":\"PropertyValueSpecification\",\"valueRequired\":true,\"valueName\":\"search_term_string\"}}],\"inLanguage\":\"pl-PL\"},{\"@type\":\"Organization\",\"@id\":\"https:\/\/emerpolska.pl\/#organization\",\"name\":\"EMER Polska\",\"url\":\"https:\/\/emerpolska.pl\/\",\"logo\":{\"@type\":\"ImageObject\",\"inLanguage\":\"pl-PL\",\"@id\":\"https:\/\/emerpolska.pl\/#\/schema\/logo\/image\/\",\"url\":\"https:\/\/emerpolska.pl\/wp-content\/uploads\/2025\/07\/logo.jpg\",\"contentUrl\":\"https:\/\/emerpolska.pl\/wp-content\/uploads\/2025\/07\/logo.jpg\",\"width\":1021,\"height\":362,\"caption\":\"EMER Polska\"},\"image\":{\"@id\":\"https:\/\/emerpolska.pl\/#\/schema\/logo\/image\/\"}}]}<\/script>\n<!-- \/ Yoast SEO plugin. -->","yoast_head_json":{"title":"Elektrozaw\u00f3r do powietrza 3\/2 1\/8 24VDC do blok\u00f3w - EMER Polska","robots":{"index":"index","follow":"follow","max-snippet":"max-snippet:-1","max-image-preview":"max-image-preview:large","max-video-preview":"max-video-preview:-1"},"canonical":"https:\/\/emerpolska.pl\/index.php\/produkt\/elektrozawor-do-powietrza-3-2-1-8-24vdc-do-blokow\/","og_locale":"pl_PL","og_type":"article","og_title":"Elektrozaw\u00f3r do powietrza 3\/2 1\/8 24VDC do blok\u00f3w - EMER Polska","og_description":"&nbsp; ELEKTROZAW\u00d3R 3\/2 1\/8&#8243; Elektrozaw\u00f3r 3\/2 to jeden z najcz\u0119\u015bciej stosowanych w technice spr\u0119\u017conego powietrza. Zawory tekma charakteryzuj\u0105 si\u0119 dobr\u0105 jako\u015bci\u0105 w bardzo rozs\u0105dnej cenie. Stosuj\u0105c filtrowane powietrze charakteryzuj\u0105 si\u0119 d\u0142ug\u0105 \u017cywotno\u015bci\u0105. &#8211; producent tekma: TG-23-06E &#8211; elektrozaw\u00f3r 3\/2 trzy drogi, dwu pozycyjny &#8211; rozmiar przy\u0142\u0105cza powietrza 1\/8&#8243; &#8211; do monta\u017cu blokowego &#8211; NC normalnie [&hellip;]","og_url":"https:\/\/emerpolska.pl\/index.php\/produkt\/elektrozawor-do-powietrza-3-2-1-8-24vdc-do-blokow\/","og_site_name":"EMER Polska","article_modified_time":"2025-08-05T10:14:32+00:00","og_image":[{"width":250,"height":250,"url":"https:\/\/emerpolska.pl\/wp-content\/uploads\/2025\/07\/elektrozawory-sterowane-bezposrendio-3_2NC.webp","type":"image\/webp"}],"twitter_card":"summary_large_image","twitter_misc":{"Szacowany czas czytania":"1 minuta"},"schema":{"@context":"https:\/\/schema.org","@graph":[{"@type":"WebPage","@id":"https:\/\/emerpolska.pl\/index.php\/produkt\/elektrozawor-do-powietrza-3-2-1-8-24vdc-do-blokow\/","url":"https:\/\/emerpolska.pl\/index.php\/produkt\/elektrozawor-do-powietrza-3-2-1-8-24vdc-do-blokow\/","name":"Elektrozaw\u00f3r do powietrza 3\/2 1\/8 24VDC do blok\u00f3w - EMER Polska","isPartOf":{"@id":"https:\/\/emerpolska.pl\/#website"},"primaryImageOfPage":{"@id":"https:\/\/emerpolska.pl\/index.php\/produkt\/elektrozawor-do-powietrza-3-2-1-8-24vdc-do-blokow\/#primaryimage"},"image":{"@id":"https:\/\/emerpolska.pl\/index.php\/produkt\/elektrozawor-do-powietrza-3-2-1-8-24vdc-do-blokow\/#primaryimage"},"thumbnailUrl":"https:\/\/emerpolska.pl\/wp-content\/uploads\/2025\/07\/elektrozawory-sterowane-bezposrendio-3_2NC.webp","datePublished":"2025-07-24T21:21:16+00:00","dateModified":"2025-08-05T10:14:32+00:00","breadcrumb":{"@id":"https:\/\/emerpolska.pl\/index.php\/produkt\/elektrozawor-do-powietrza-3-2-1-8-24vdc-do-blokow\/#breadcrumb"},"inLanguage":"pl-PL","potentialAction":[{"@type":"ReadAction","target":["https:\/\/emerpolska.pl\/index.php\/produkt\/elektrozawor-do-powietrza-3-2-1-8-24vdc-do-blokow\/"]}]},{"@type":"ImageObject","inLanguage":"pl-PL","@id":"https:\/\/emerpolska.pl\/index.php\/produkt\/elektrozawor-do-powietrza-3-2-1-8-24vdc-do-blokow\/#primaryimage","url":"https:\/\/emerpolska.pl\/wp-content\/uploads\/2025\/07\/elektrozawory-sterowane-bezposrendio-3_2NC.webp","contentUrl":"https:\/\/emerpolska.pl\/wp-content\/uploads\/2025\/07\/elektrozawory-sterowane-bezposrendio-3_2NC.webp","width":250,"height":250},{"@type":"BreadcrumbList","@id":"https:\/\/emerpolska.pl\/index.php\/produkt\/elektrozawor-do-powietrza-3-2-1-8-24vdc-do-blokow\/#breadcrumb","itemListElement":[{"@type":"ListItem","position":1,"name":"Strona g\u0142\u00f3wna","item":"https:\/\/emerpolska.pl\/"},{"@type":"ListItem","position":2,"name":"Jeste\u015bmy w przygotowaniu. Ju\u017c wkr\u00f3tce.","item":"https:\/\/emerpolska.pl\/index.php\/shop\/"},{"@type":"ListItem","position":3,"name":"Elektrozaw\u00f3r do powietrza 3\/2 1\/8 24VDC do blok\u00f3w"}]},{"@type":"WebSite","@id":"https:\/\/emerpolska.pl\/#website","url":"https:\/\/emerpolska.pl\/","name":"EMER Polska","description":"Centrum Pneumatyki i Automatyki","publisher":{"@id":"https:\/\/emerpolska.pl\/#organization"},"potentialAction":[{"@type":"SearchAction","target":{"@type":"EntryPoint","urlTemplate":"https:\/\/emerpolska.pl\/?s={search_term_string}"},"query-input":{"@type":"PropertyValueSpecification","valueRequired":true,"valueName":"search_term_string"}}],"inLanguage":"pl-PL"},{"@type":"Organization","@id":"https:\/\/emerpolska.pl\/#organization","name":"EMER Polska","url":"https:\/\/emerpolska.pl\/","logo":{"@type":"ImageObject","inLanguage":"pl-PL","@id":"https:\/\/emerpolska.pl\/#\/schema\/logo\/image\/","url":"https:\/\/emerpolska.pl\/wp-content\/uploads\/2025\/07\/logo.jpg","contentUrl":"https:\/\/emerpolska.pl\/wp-content\/uploads\/2025\/07\/logo.jpg","width":1021,"height":362,"caption":"EMER Polska"},"image":{"@id":"https:\/\/emerpolska.pl\/#\/schema\/logo\/image\/"}}]}},"_links":{"self":[{"href":"https:\/\/emerpolska.pl\/index.php\/wp-json\/wp\/v2\/product\/1001","targetHints":{"allow":["GET"]}}],"collection":[{"href":"https:\/\/emerpolska.pl\/index.php\/wp-json\/wp\/v2\/product"}],"about":[{"href":"https:\/\/emerpolska.pl\/index.php\/wp-json\/wp\/v2\/types\/product"}],"replies":[{"embeddable":true,"href":"https:\/\/emerpolska.pl\/index.php\/wp-json\/wp\/v2\/comments?post=1001"}],"wp:featuredmedia":[{"embeddable":true,"href":"https:\/\/emerpolska.pl\/index.php\/wp-json\/wp\/v2\/media\/1507"}],"wp:attachment":[{"href":"https:\/\/emerpolska.pl\/index.php\/wp-json\/wp\/v2\/media?parent=1001"}],"wp:term":[{"taxonomy":"product_brand","embeddable":true,"href":"https:\/\/emerpolska.pl\/index.php\/wp-json\/wp\/v2\/product_brand?post=1001"},{"taxonomy":"product_cat","embeddable":true,"href":"https:\/\/emerpolska.pl\/index.php\/wp-json\/wp\/v2\/product_cat?post=1001"},{"taxonomy":"product_tag","embeddable":true,"href":"https:\/\/emerpolska.pl\/index.php\/wp-json\/wp\/v2\/product_tag?post=1001"}],"curies":[{"name":"wp","href":"https:\/\/api.w.org\/{rel}","templated":true}]}}