{"id":1026,"date":"2025-07-24T23:21:28","date_gmt":"2025-07-24T21:21:28","guid":{"rendered":"https:\/\/emerpolska.pl\/index.php\/produkt\/szybkozlacze-gniazdo-3-8-sphc6-6rp-parker-stal-316\/"},"modified":"2025-07-24T23:21:28","modified_gmt":"2025-07-24T21:21:28","slug":"szybkozlacze-gniazdo-3-8-sphc6-6rp-parker-stal-316","status":"publish","type":"product","link":"https:\/\/emerpolska.pl\/index.php\/produkt\/szybkozlacze-gniazdo-3-8-sphc6-6rp-parker-stal-316\/","title":{"rendered":"Szybkoz\u0142\u0105cze gniazdo 3\/8 SPHC6-6RP PARKER stal 316"},"content":{"rendered":"<p>{&#8222;sections&#8221;:[{&#8222;items&#8221;:[{&#8222;type&#8221;:&#8221;TEXT&#8221;,&#8221;content&#8221;:&#8221;<\/p>\n<h1>Szybkoz\u0142\u0105cze gniazdo<\/h1>\n<p>Profil standardowy EURO. Z\u0142\u0105cze o zastosowaniu uniwersalnym, wykonane ze stali nierdzewnej. Zamkni\u0119ty korpus zewn\u0119trzny zabezpiecza cz\u0119\u015bci wewn\u0119trzne przed zanieczyszczeniami.<\/p>\n<p>&#8211; producent Parker<\/p>\n<p>&#8211; kod produktu <b>SPHC6-6RP<\/b><\/p>\n<p>&#8211; gniazdo gwint wewn\u0119trzny 3\/8&#8243;<\/p>\n<p>&#8211; uniwersalne szybkoz\u0142\u0105cze stal nierdzewna 316<\/p>\n<p>&#8211; ci\u015bnienie 276 \/ 552 Bar<\/p>\n<p>&#8222;},{&#8222;type&#8221;:&#8221;IMAGE&#8221;,&#8221;url&#8221;:&#8221;https:\/\/a.allegroimg.com\/original\/11ad3c\/d767c9bb41e9a6ff36c1ed21ac6d&#8221;}]},{&#8222;items&#8221;:[{&#8222;type&#8221;:&#8221;IMAGE&#8221;,&#8221;url&#8221;:&#8221;https:\/\/a.allegroimg.com\/original\/116950\/725240d840babb559f4783752c96&#8243;}]},{&#8222;items&#8221;:[{&#8222;type&#8221;:&#8221;IMAGE&#8221;,&#8221;url&#8221;:&#8221;https:\/\/a.allegroimg.com\/original\/118b88\/e711f7ba455eb027833ffacd7754&#8243;}]},{&#8222;items&#8221;:[{&#8222;type&#8221;:&#8221;IMAGE&#8221;,&#8221;url&#8221;:&#8221;https:\/\/a.allegroimg.com\/original\/110240\/59499e8149d594351513d42f5e78&#8243;}]}]}<\/p>\n","protected":false},"excerpt":{"rendered":"<p>{&#8222;sections&#8221;:[{&#8222;items&#8221;:[{&#8222;type&#8221;:&#8221;TEXT&#8221;,&#8221;content&#8221;:&#8221; Szybkoz\u0142\u0105cze gniazdo Profil standardowy EURO. Z\u0142\u0105cze o zastosowaniu uniwersalnym, wykonane ze stali nierdzewnej. Zamkni\u0119ty korpus zewn\u0119trzny zabezpiecza cz\u0119\u015bci wewn\u0119trzne przed zanieczyszczeniami. &#8211; producent Parker &#8211; kod produktu SPHC6-6RP &#8211; gniazdo gwint wewn\u0119trzny 3\/8&#8243; &#8211; uniwersalne szybkoz\u0142\u0105cze stal nierdzewna 316 &#8211; ci\u015bnienie 276 \/ 552 Bar &#8222;},{&#8222;type&#8221;:&#8221;IMAGE&#8221;,&#8221;url&#8221;:&#8221;https:\/\/a.allegroimg.com\/original\/11ad3c\/d767c9bb41e9a6ff36c1ed21ac6d&#8221;}]},{&#8222;items&#8221;:[{&#8222;type&#8221;:&#8221;IMAGE&#8221;,&#8221;url&#8221;:&#8221;https:\/\/a.allegroimg.com\/original\/116950\/725240d840babb559f4783752c96&#8243;}]},{&#8222;items&#8221;:[{&#8222;type&#8221;:&#8221;IMAGE&#8221;,&#8221;url&#8221;:&#8221;https:\/\/a.allegroimg.com\/original\/118b88\/e711f7ba455eb027833ffacd7754&#8243;}]},{&#8222;items&#8221;:[{&#8222;type&#8221;:&#8221;IMAGE&#8221;,&#8221;url&#8221;:&#8221;https:\/\/a.allegroimg.com\/original\/110240\/59499e8149d594351513d42f5e78&#8243;}]}]}<\/p>\n","protected":false},"featured_media":0,"comment_status":"open","ping_status":"closed","template":"","meta":[],"product_brand":[67],"product_cat":[48],"product_tag":[],"class_list":{"0":"post-1026","1":"product","2":"type-product","3":"status-publish","5":"product_brand-parker","6":"product_cat-pneumatyka-121447","8":"first","9":"instock","10":"taxable","11":"shipping-taxable","12":"purchasable","13":"product-type-simple"},"yoast_head":"<!-- This site is optimized with the Yoast SEO plugin v27.0 - https:\/\/yoast.com\/product\/yoast-seo-wordpress\/ -->\n<title>Szybkoz\u0142\u0105cze gniazdo 3\/8 SPHC6-6RP PARKER stal 316 - EMER Polska<\/title>\n<meta name=\"robots\" content=\"index, follow, max-snippet:-1, max-image-preview:large, max-video-preview:-1\" \/>\n<link rel=\"canonical\" href=\"https:\/\/emerpolska.pl\/index.php\/produkt\/szybkozlacze-gniazdo-3-8-sphc6-6rp-parker-stal-316\/\" \/>\n<meta property=\"og:locale\" content=\"pl_PL\" \/>\n<meta property=\"og:type\" content=\"article\" \/>\n<meta property=\"og:title\" content=\"Szybkoz\u0142\u0105cze gniazdo 3\/8 SPHC6-6RP PARKER stal 316 - EMER Polska\" \/>\n<meta property=\"og:description\" content=\"{&#8222;sections&#8221;:[{&#8222;items&#8221;:[{&#8222;type&#8221;:&#8221;TEXT&#8221;,&#8221;content&#8221;:&#8221; Szybkoz\u0142\u0105cze gniazdo Profil standardowy EURO. Z\u0142\u0105cze o zastosowaniu uniwersalnym, wykonane ze stali nierdzewnej. Zamkni\u0119ty korpus zewn\u0119trzny zabezpiecza cz\u0119\u015bci wewn\u0119trzne przed zanieczyszczeniami. &#8211; producent Parker &#8211; kod produktu SPHC6-6RP &#8211; gniazdo gwint wewn\u0119trzny 3\/8&#8243; &#8211; uniwersalne szybkoz\u0142\u0105cze stal nierdzewna 316 &#8211; ci\u015bnienie 276 \/ 552 Bar &#8222;},{&#8222;type&#8221;:&#8221;IMAGE&#8221;,&#8221;url&#8221;:&#8221;https:\/\/a.allegroimg.com\/original\/11ad3c\/d767c9bb41e9a6ff36c1ed21ac6d&#8221;}]},{&#8222;items&#8221;:[{&#8222;type&#8221;:&#8221;IMAGE&#8221;,&#8221;url&#8221;:&#8221;https:\/\/a.allegroimg.com\/original\/116950\/725240d840babb559f4783752c96&#8243;}]},{&#8222;items&#8221;:[{&#8222;type&#8221;:&#8221;IMAGE&#8221;,&#8221;url&#8221;:&#8221;https:\/\/a.allegroimg.com\/original\/118b88\/e711f7ba455eb027833ffacd7754&#8243;}]},{&#8222;items&#8221;:[{&#8222;type&#8221;:&#8221;IMAGE&#8221;,&#8221;url&#8221;:&#8221;https:\/\/a.allegroimg.com\/original\/110240\/59499e8149d594351513d42f5e78&#8243;}]}]}\" \/>\n<meta property=\"og:url\" content=\"https:\/\/emerpolska.pl\/index.php\/produkt\/szybkozlacze-gniazdo-3-8-sphc6-6rp-parker-stal-316\/\" \/>\n<meta property=\"og:site_name\" content=\"EMER Polska\" \/>\n<meta name=\"twitter:card\" content=\"summary_large_image\" \/>\n<meta name=\"twitter:label1\" content=\"Szacowany czas czytania\" \/>\n\t<meta name=\"twitter:data1\" content=\"1 minuta\" \/>\n<script type=\"application\/ld+json\" class=\"yoast-schema-graph\">{\"@context\":\"https:\/\/schema.org\",\"@graph\":[{\"@type\":\"WebPage\",\"@id\":\"https:\/\/emerpolska.pl\/index.php\/produkt\/szybkozlacze-gniazdo-3-8-sphc6-6rp-parker-stal-316\/\",\"url\":\"https:\/\/emerpolska.pl\/index.php\/produkt\/szybkozlacze-gniazdo-3-8-sphc6-6rp-parker-stal-316\/\",\"name\":\"Szybkoz\u0142\u0105cze gniazdo 3\/8 SPHC6-6RP PARKER stal 316 - EMER Polska\",\"isPartOf\":{\"@id\":\"https:\/\/emerpolska.pl\/#website\"},\"datePublished\":\"2025-07-24T21:21:28+00:00\",\"breadcrumb\":{\"@id\":\"https:\/\/emerpolska.pl\/index.php\/produkt\/szybkozlacze-gniazdo-3-8-sphc6-6rp-parker-stal-316\/#breadcrumb\"},\"inLanguage\":\"pl-PL\",\"potentialAction\":[{\"@type\":\"ReadAction\",\"target\":[\"https:\/\/emerpolska.pl\/index.php\/produkt\/szybkozlacze-gniazdo-3-8-sphc6-6rp-parker-stal-316\/\"]}]},{\"@type\":\"BreadcrumbList\",\"@id\":\"https:\/\/emerpolska.pl\/index.php\/produkt\/szybkozlacze-gniazdo-3-8-sphc6-6rp-parker-stal-316\/#breadcrumb\",\"itemListElement\":[{\"@type\":\"ListItem\",\"position\":1,\"name\":\"Strona g\u0142\u00f3wna\",\"item\":\"https:\/\/emerpolska.pl\/\"},{\"@type\":\"ListItem\",\"position\":2,\"name\":\"Jeste\u015bmy w przygotowaniu. Ju\u017c wkr\u00f3tce.\",\"item\":\"https:\/\/emerpolska.pl\/index.php\/shop\/\"},{\"@type\":\"ListItem\",\"position\":3,\"name\":\"Szybkoz\u0142\u0105cze gniazdo 3\/8 SPHC6-6RP PARKER stal 316\"}]},{\"@type\":\"WebSite\",\"@id\":\"https:\/\/emerpolska.pl\/#website\",\"url\":\"https:\/\/emerpolska.pl\/\",\"name\":\"EMER Polska\",\"description\":\"Centrum Pneumatyki i Automatyki\",\"publisher\":{\"@id\":\"https:\/\/emerpolska.pl\/#organization\"},\"potentialAction\":[{\"@type\":\"SearchAction\",\"target\":{\"@type\":\"EntryPoint\",\"urlTemplate\":\"https:\/\/emerpolska.pl\/?s={search_term_string}\"},\"query-input\":{\"@type\":\"PropertyValueSpecification\",\"valueRequired\":true,\"valueName\":\"search_term_string\"}}],\"inLanguage\":\"pl-PL\"},{\"@type\":\"Organization\",\"@id\":\"https:\/\/emerpolska.pl\/#organization\",\"name\":\"EMER Polska\",\"url\":\"https:\/\/emerpolska.pl\/\",\"logo\":{\"@type\":\"ImageObject\",\"inLanguage\":\"pl-PL\",\"@id\":\"https:\/\/emerpolska.pl\/#\/schema\/logo\/image\/\",\"url\":\"https:\/\/emerpolska.pl\/wp-content\/uploads\/2025\/07\/logo.jpg\",\"contentUrl\":\"https:\/\/emerpolska.pl\/wp-content\/uploads\/2025\/07\/logo.jpg\",\"width\":1021,\"height\":362,\"caption\":\"EMER Polska\"},\"image\":{\"@id\":\"https:\/\/emerpolska.pl\/#\/schema\/logo\/image\/\"}}]}<\/script>\n<!-- \/ Yoast SEO plugin. -->","yoast_head_json":{"title":"Szybkoz\u0142\u0105cze gniazdo 3\/8 SPHC6-6RP PARKER stal 316 - EMER Polska","robots":{"index":"index","follow":"follow","max-snippet":"max-snippet:-1","max-image-preview":"max-image-preview:large","max-video-preview":"max-video-preview:-1"},"canonical":"https:\/\/emerpolska.pl\/index.php\/produkt\/szybkozlacze-gniazdo-3-8-sphc6-6rp-parker-stal-316\/","og_locale":"pl_PL","og_type":"article","og_title":"Szybkoz\u0142\u0105cze gniazdo 3\/8 SPHC6-6RP PARKER stal 316 - EMER Polska","og_description":"{&#8222;sections&#8221;:[{&#8222;items&#8221;:[{&#8222;type&#8221;:&#8221;TEXT&#8221;,&#8221;content&#8221;:&#8221; Szybkoz\u0142\u0105cze gniazdo Profil standardowy EURO. Z\u0142\u0105cze o zastosowaniu uniwersalnym, wykonane ze stali nierdzewnej. Zamkni\u0119ty korpus zewn\u0119trzny zabezpiecza cz\u0119\u015bci wewn\u0119trzne przed zanieczyszczeniami. &#8211; producent Parker &#8211; kod produktu SPHC6-6RP &#8211; gniazdo gwint wewn\u0119trzny 3\/8&#8243; &#8211; uniwersalne szybkoz\u0142\u0105cze stal nierdzewna 316 &#8211; ci\u015bnienie 276 \/ 552 Bar &#8222;},{&#8222;type&#8221;:&#8221;IMAGE&#8221;,&#8221;url&#8221;:&#8221;https:\/\/a.allegroimg.com\/original\/11ad3c\/d767c9bb41e9a6ff36c1ed21ac6d&#8221;}]},{&#8222;items&#8221;:[{&#8222;type&#8221;:&#8221;IMAGE&#8221;,&#8221;url&#8221;:&#8221;https:\/\/a.allegroimg.com\/original\/116950\/725240d840babb559f4783752c96&#8243;}]},{&#8222;items&#8221;:[{&#8222;type&#8221;:&#8221;IMAGE&#8221;,&#8221;url&#8221;:&#8221;https:\/\/a.allegroimg.com\/original\/118b88\/e711f7ba455eb027833ffacd7754&#8243;}]},{&#8222;items&#8221;:[{&#8222;type&#8221;:&#8221;IMAGE&#8221;,&#8221;url&#8221;:&#8221;https:\/\/a.allegroimg.com\/original\/110240\/59499e8149d594351513d42f5e78&#8243;}]}]}","og_url":"https:\/\/emerpolska.pl\/index.php\/produkt\/szybkozlacze-gniazdo-3-8-sphc6-6rp-parker-stal-316\/","og_site_name":"EMER Polska","twitter_card":"summary_large_image","twitter_misc":{"Szacowany czas czytania":"1 minuta"},"schema":{"@context":"https:\/\/schema.org","@graph":[{"@type":"WebPage","@id":"https:\/\/emerpolska.pl\/index.php\/produkt\/szybkozlacze-gniazdo-3-8-sphc6-6rp-parker-stal-316\/","url":"https:\/\/emerpolska.pl\/index.php\/produkt\/szybkozlacze-gniazdo-3-8-sphc6-6rp-parker-stal-316\/","name":"Szybkoz\u0142\u0105cze gniazdo 3\/8 SPHC6-6RP PARKER stal 316 - EMER Polska","isPartOf":{"@id":"https:\/\/emerpolska.pl\/#website"},"datePublished":"2025-07-24T21:21:28+00:00","breadcrumb":{"@id":"https:\/\/emerpolska.pl\/index.php\/produkt\/szybkozlacze-gniazdo-3-8-sphc6-6rp-parker-stal-316\/#breadcrumb"},"inLanguage":"pl-PL","potentialAction":[{"@type":"ReadAction","target":["https:\/\/emerpolska.pl\/index.php\/produkt\/szybkozlacze-gniazdo-3-8-sphc6-6rp-parker-stal-316\/"]}]},{"@type":"BreadcrumbList","@id":"https:\/\/emerpolska.pl\/index.php\/produkt\/szybkozlacze-gniazdo-3-8-sphc6-6rp-parker-stal-316\/#breadcrumb","itemListElement":[{"@type":"ListItem","position":1,"name":"Strona g\u0142\u00f3wna","item":"https:\/\/emerpolska.pl\/"},{"@type":"ListItem","position":2,"name":"Jeste\u015bmy w przygotowaniu. Ju\u017c wkr\u00f3tce.","item":"https:\/\/emerpolska.pl\/index.php\/shop\/"},{"@type":"ListItem","position":3,"name":"Szybkoz\u0142\u0105cze gniazdo 3\/8 SPHC6-6RP PARKER stal 316"}]},{"@type":"WebSite","@id":"https:\/\/emerpolska.pl\/#website","url":"https:\/\/emerpolska.pl\/","name":"EMER Polska","description":"Centrum Pneumatyki i Automatyki","publisher":{"@id":"https:\/\/emerpolska.pl\/#organization"},"potentialAction":[{"@type":"SearchAction","target":{"@type":"EntryPoint","urlTemplate":"https:\/\/emerpolska.pl\/?s={search_term_string}"},"query-input":{"@type":"PropertyValueSpecification","valueRequired":true,"valueName":"search_term_string"}}],"inLanguage":"pl-PL"},{"@type":"Organization","@id":"https:\/\/emerpolska.pl\/#organization","name":"EMER Polska","url":"https:\/\/emerpolska.pl\/","logo":{"@type":"ImageObject","inLanguage":"pl-PL","@id":"https:\/\/emerpolska.pl\/#\/schema\/logo\/image\/","url":"https:\/\/emerpolska.pl\/wp-content\/uploads\/2025\/07\/logo.jpg","contentUrl":"https:\/\/emerpolska.pl\/wp-content\/uploads\/2025\/07\/logo.jpg","width":1021,"height":362,"caption":"EMER Polska"},"image":{"@id":"https:\/\/emerpolska.pl\/#\/schema\/logo\/image\/"}}]}},"_links":{"self":[{"href":"https:\/\/emerpolska.pl\/index.php\/wp-json\/wp\/v2\/product\/1026","targetHints":{"allow":["GET"]}}],"collection":[{"href":"https:\/\/emerpolska.pl\/index.php\/wp-json\/wp\/v2\/product"}],"about":[{"href":"https:\/\/emerpolska.pl\/index.php\/wp-json\/wp\/v2\/types\/product"}],"replies":[{"embeddable":true,"href":"https:\/\/emerpolska.pl\/index.php\/wp-json\/wp\/v2\/comments?post=1026"}],"wp:attachment":[{"href":"https:\/\/emerpolska.pl\/index.php\/wp-json\/wp\/v2\/media?parent=1026"}],"wp:term":[{"taxonomy":"product_brand","embeddable":true,"href":"https:\/\/emerpolska.pl\/index.php\/wp-json\/wp\/v2\/product_brand?post=1026"},{"taxonomy":"product_cat","embeddable":true,"href":"https:\/\/emerpolska.pl\/index.php\/wp-json\/wp\/v2\/product_cat?post=1026"},{"taxonomy":"product_tag","embeddable":true,"href":"https:\/\/emerpolska.pl\/index.php\/wp-json\/wp\/v2\/product_tag?post=1026"}],"curies":[{"name":"wp","href":"https:\/\/api.w.org\/{rel}","templated":true}]}}