{"id":1028,"date":"2025-07-24T23:21:29","date_gmt":"2025-07-24T21:21:29","guid":{"rendered":"https:\/\/emerpolska.pl\/index.php\/produkt\/elektrozawor-festo-3-2-m5-mhp2-ms1h-3-2g-m5\/"},"modified":"2025-08-06T11:22:43","modified_gmt":"2025-08-06T09:22:43","slug":"elektrozawor-festo-3-2-m5-mhp2-ms1h-3-2g-m5","status":"publish","type":"product","link":"https:\/\/emerpolska.pl\/index.php\/produkt\/elektrozawor-festo-3-2-m5-mhp2-ms1h-3-2g-m5\/","title":{"rendered":"Elektrozaw\u00f3r Festo 3\/2 M5 MHP2-MS1H-3\/2G-M5"},"content":{"rendered":"<p>&nbsp;<\/p>\n<h1>Elektrozaw\u00f3r do pneumatyki 3\/2<\/h1>\n<p>Elektrozawory festo to jedne z cz\u0119\u015bciej stosowanych w pneumatyce. W ofercie posiadamy wszystkie mo\u017cliwe wersj\u0119. Zawory cechuj\u0105 si\u0119 wysokimi przep\u0142ywami oraz d\u0142ug\u0105 \u017cywotno\u015bci\u0105. W ofercie posiadamy kompleksow\u0105 ofert\u0119 Festo.<\/p>\n<p>Kod produktu: MHP2-MS1H-3\/2G-M5 (196123)<\/p>\n<p>Funkcja zaworu 3\/2 zamkni\u0119ty, monostabilny<\/p>\n<p>Spos\u00f3b uruchomienia Elektryczny<\/p>\n<p>Szeroko\u015b\u0107 zabudowy 10 mm<\/p>\n<p>Normalny przep\u0142yw nominalny 100 l\/min<\/p>\n<p>Ci\u015bnienie robocze -0.9 &#8230; 8 bar<\/p>\n<p>Konstrukcja Zaw\u00f3r gniazdowy odci\u0105\u017cony ci\u015bnieniowo<\/p>\n<p>Spos\u00f3b kasowania Spr\u0119\u017cyna mechaniczna<\/p>\n<p>Stopie\u0144 ochrony IP65<\/p>\n<p>Dopuszczenie RCM Mark<\/p>\n<p>c UL us &#8211; Recognized (OL)<\/p>\n<p>Znak KC KC-EMV<\/p>\n<p>Znak CE (patrz deklaracja zgodno\u015bci) Wg dyrektywy EU-EMV<\/p>\n<p>Wielko\u015b\u0107 nominalna 2 mm<\/p>\n<p>Raster 14 mm<\/p>\n<p>Funkcja odpowietrzenia Mo\u017cliwo\u015b\u0107 d\u0142awienia<\/p>\n<p>Rodzaj uszczelnienia Mi\u0119kkie<\/p>\n<p>Pozycja zabudowy Dowolna<\/p>\n<p>Pomocnicze r\u0119czne uruchamianie Przez przyci\u015bni\u0119cie<\/p>\n<p>Rodzaj sterowania Bezpo\u015bredni<\/p>\n<p>Kierunek przep\u0142ywu Odwracalny z ograniczeniem<\/p>\n<p>Przekrycie Underlap<\/p>\n<p>Zabezpieczenie przed odwrotn\u0105 polaryzacj\u0105 bipolarny<\/p>\n<p>Dodatkowe funkcje Gaszenie iskier<\/p>\n<p>Redukcja pr\u0105du podtrzymania<\/p>\n<p>Obw\u00f3d ochronny<\/p>\n<p>Ci\u015bnienie robocze, rewersyjne -0.9 &#8230; 1 bar<\/p>\n<p>Maksymalna cz\u0119stotliwo\u015b\u0107 prze\u0142\u0105czania 330 Hz<\/p>\n<p>Czas prze\u0142\u0105czania przy wy\u0142\u0105czaniu 2 ms<\/p>\n<p>Czas prze\u0142\u0105czania przy w\u0142\u0105czaniu 1.7 ms<\/p>\n<p>Tolerancja czasu Wy\u0142. +10 %\/-30 %<\/p>\n<p>Tolerancja czasu W\u0142\u0105cz. +10%\/-30%<\/p>\n<p>Pomiar czasu prze\u0142\u0105czania przy 1 Hz i powy\u017cej 0.2 ms<\/p>\n<p>Czas pracy ci\u0105g\u0142ej 100 %<\/p>\n<p>Charakterystyka cewki 24 V DC: Faza niskiego pr\u0105du 1,25 W, faza wysokiego pr\u0105du 5 W<\/p>\n<p>Dopuszczalne wahania napi\u0119cia +\/- 10 %<\/p>\n<p>Medium robocze Spr\u0119\u017cone powietrze wg ISO8573-1:2010 [7:4:4]<\/p>\n<p>Uwagi odno\u015bnie medium roboczego Mo\u017cliwa praca na powietrzu olejonym (po rozpocz\u0119ciu olejenia jest<\/p>\n<p>ono wymagane przy dalszej pracy)<\/p>\n<p>Odporno\u015b\u0107 na wibracje Transport application test at severity level 2 in accordance with FN<\/p>\n<p>942017-4 and EN 60068-2-6<\/p>\n<p>Ograniczenie temperatury otoczenia i medium W zale\u017cno\u015bci od cz\u0119stotliwo\u015bci prze\u0142\u0105czania<\/p>\n<p>Odporno\u015b\u0107 na wstrz\u0105sy Test odporno\u015bci na wstrz\u0105sy, poziom surowo\u015bci warunk\u00f3w 2 zgodnie z<\/p>\n<p>FN942017-5 i EN60068-2-27<\/p>\n<p>Klasa odporno\u015bci na korozj\u0119 CRC 2 \u2013 \u015arednia odporno\u015b\u0107 na korozj\u0119<\/p>\n<p>Temperatura medium -5 &#8230; 40 \u00b0C<\/p>\n<p>Temperatura otoczenia -5 &#8230; 40 \u00b0C<\/p>\n<p>Waga produktu 60 g<\/p>\n<p>Przy\u0142\u0105cze elektryczne 2-pin<\/p>\n<p>Wtyczka<\/p>\n<p>Spos\u00f3b monta\u017cu Na listwie PR<\/p>\n<p>Przy\u0142\u0105cze pneumatyczne 1 P\u0142yta przy\u0142\u0105czeniowa<\/p>\n<p>Przy\u0142\u0105cze pneumatyczne 2 M5<\/p>\n<p>Przy\u0142\u0105cze pneumatyczne 3 P\u0142yta przy\u0142\u0105czeniowa<\/p>\n<p>Uwaga dotycz\u0105ca materia\u0142\u00f3w Nie zawieraj\u0105 miedzi i PTFE<\/p>\n<p>Zgodne z RoHS<\/p>\n<p>Materia\u0142 uszczelnie\u0144 HNBR<\/p>\n<p>NBR<\/p>\n<p>Materia\u0142 obudowy Odlew ci\u015bnieniowy cynkowy<\/p>\n<p>Pow\u0142oka ochronna<\/p>\n<p>Materia\u0142 \u015brub Stal<\/p>\n<p>Ocynkowana<\/p>\n<p>&nbsp;<\/p>\n","protected":false},"excerpt":{"rendered":"<p>&nbsp; Elektrozaw\u00f3r do pneumatyki 3\/2 Elektrozawory festo to jedne z cz\u0119\u015bciej stosowanych w pneumatyce. W ofercie posiadamy wszystkie mo\u017cliwe wersj\u0119. Zawory cechuj\u0105 si\u0119 wysokimi przep\u0142ywami oraz d\u0142ug\u0105 \u017cywotno\u015bci\u0105. W ofercie posiadamy kompleksow\u0105 ofert\u0119 Festo. Kod produktu: MHP2-MS1H-3\/2G-M5 (196123) Funkcja zaworu 3\/2 zamkni\u0119ty, monostabilny Spos\u00f3b uruchomienia Elektryczny Szeroko\u015b\u0107 zabudowy 10 mm Normalny przep\u0142yw nominalny 100 l\/min [&hellip;]<\/p>\n","protected":false},"featured_media":1511,"comment_status":"closed","ping_status":"closed","template":"","meta":[],"product_brand":[68],"product_cat":[48],"product_tag":[],"class_list":{"0":"post-1028","1":"product","2":"type-product","3":"status-publish","4":"has-post-thumbnail","6":"product_brand-festo","7":"product_cat-pneumatyka-121447","9":"first","10":"instock","11":"taxable","12":"shipping-taxable","13":"purchasable","14":"product-type-simple"},"yoast_head":"<!-- This site is optimized with the Yoast SEO plugin v27.0 - https:\/\/yoast.com\/product\/yoast-seo-wordpress\/ -->\n<title>Elektrozaw\u00f3r Festo 3\/2 M5 MHP2-MS1H-3\/2G-M5 - EMER Polska<\/title>\n<meta name=\"robots\" content=\"index, follow, max-snippet:-1, max-image-preview:large, max-video-preview:-1\" \/>\n<link rel=\"canonical\" href=\"https:\/\/emerpolska.pl\/index.php\/produkt\/elektrozawor-festo-3-2-m5-mhp2-ms1h-3-2g-m5\/\" \/>\n<meta property=\"og:locale\" content=\"pl_PL\" \/>\n<meta property=\"og:type\" content=\"article\" \/>\n<meta property=\"og:title\" content=\"Elektrozaw\u00f3r Festo 3\/2 M5 MHP2-MS1H-3\/2G-M5 - EMER Polska\" \/>\n<meta property=\"og:description\" content=\"&nbsp; Elektrozaw\u00f3r do pneumatyki 3\/2 Elektrozawory festo to jedne z cz\u0119\u015bciej stosowanych w pneumatyce. W ofercie posiadamy wszystkie mo\u017cliwe wersj\u0119. Zawory cechuj\u0105 si\u0119 wysokimi przep\u0142ywami oraz d\u0142ug\u0105 \u017cywotno\u015bci\u0105. W ofercie posiadamy kompleksow\u0105 ofert\u0119 Festo. Kod produktu: MHP2-MS1H-3\/2G-M5 (196123) Funkcja zaworu 3\/2 zamkni\u0119ty, monostabilny Spos\u00f3b uruchomienia Elektryczny Szeroko\u015b\u0107 zabudowy 10 mm Normalny przep\u0142yw nominalny 100 l\/min [&hellip;]\" \/>\n<meta property=\"og:url\" content=\"https:\/\/emerpolska.pl\/index.php\/produkt\/elektrozawor-festo-3-2-m5-mhp2-ms1h-3-2g-m5\/\" \/>\n<meta property=\"og:site_name\" content=\"EMER Polska\" \/>\n<meta property=\"article:modified_time\" content=\"2025-08-06T09:22:43+00:00\" \/>\n<meta property=\"og:image\" content=\"https:\/\/emerpolska.pl\/wp-content\/uploads\/2025\/07\/Festo.jpg\" \/>\n\t<meta property=\"og:image:width\" content=\"900\" \/>\n\t<meta property=\"og:image:height\" content=\"723\" \/>\n\t<meta property=\"og:image:type\" content=\"image\/jpeg\" \/>\n<meta name=\"twitter:card\" content=\"summary_large_image\" \/>\n<meta name=\"twitter:label1\" content=\"Szacowany czas czytania\" \/>\n\t<meta name=\"twitter:data1\" content=\"3 minuty\" \/>\n<script type=\"application\/ld+json\" class=\"yoast-schema-graph\">{\"@context\":\"https:\/\/schema.org\",\"@graph\":[{\"@type\":\"WebPage\",\"@id\":\"https:\/\/emerpolska.pl\/index.php\/produkt\/elektrozawor-festo-3-2-m5-mhp2-ms1h-3-2g-m5\/\",\"url\":\"https:\/\/emerpolska.pl\/index.php\/produkt\/elektrozawor-festo-3-2-m5-mhp2-ms1h-3-2g-m5\/\",\"name\":\"Elektrozaw\u00f3r Festo 3\/2 M5 MHP2-MS1H-3\/2G-M5 - EMER Polska\",\"isPartOf\":{\"@id\":\"https:\/\/emerpolska.pl\/#website\"},\"primaryImageOfPage\":{\"@id\":\"https:\/\/emerpolska.pl\/index.php\/produkt\/elektrozawor-festo-3-2-m5-mhp2-ms1h-3-2g-m5\/#primaryimage\"},\"image\":{\"@id\":\"https:\/\/emerpolska.pl\/index.php\/produkt\/elektrozawor-festo-3-2-m5-mhp2-ms1h-3-2g-m5\/#primaryimage\"},\"thumbnailUrl\":\"https:\/\/emerpolska.pl\/wp-content\/uploads\/2025\/07\/Festo.jpg\",\"datePublished\":\"2025-07-24T21:21:29+00:00\",\"dateModified\":\"2025-08-06T09:22:43+00:00\",\"breadcrumb\":{\"@id\":\"https:\/\/emerpolska.pl\/index.php\/produkt\/elektrozawor-festo-3-2-m5-mhp2-ms1h-3-2g-m5\/#breadcrumb\"},\"inLanguage\":\"pl-PL\",\"potentialAction\":[{\"@type\":\"ReadAction\",\"target\":[\"https:\/\/emerpolska.pl\/index.php\/produkt\/elektrozawor-festo-3-2-m5-mhp2-ms1h-3-2g-m5\/\"]}]},{\"@type\":\"ImageObject\",\"inLanguage\":\"pl-PL\",\"@id\":\"https:\/\/emerpolska.pl\/index.php\/produkt\/elektrozawor-festo-3-2-m5-mhp2-ms1h-3-2g-m5\/#primaryimage\",\"url\":\"https:\/\/emerpolska.pl\/wp-content\/uploads\/2025\/07\/Festo.jpg\",\"contentUrl\":\"https:\/\/emerpolska.pl\/wp-content\/uploads\/2025\/07\/Festo.jpg\",\"width\":900,\"height\":723},{\"@type\":\"BreadcrumbList\",\"@id\":\"https:\/\/emerpolska.pl\/index.php\/produkt\/elektrozawor-festo-3-2-m5-mhp2-ms1h-3-2g-m5\/#breadcrumb\",\"itemListElement\":[{\"@type\":\"ListItem\",\"position\":1,\"name\":\"Strona g\u0142\u00f3wna\",\"item\":\"https:\/\/emerpolska.pl\/\"},{\"@type\":\"ListItem\",\"position\":2,\"name\":\"Jeste\u015bmy w przygotowaniu. Ju\u017c wkr\u00f3tce.\",\"item\":\"https:\/\/emerpolska.pl\/index.php\/shop\/\"},{\"@type\":\"ListItem\",\"position\":3,\"name\":\"Elektrozaw\u00f3r Festo 3\/2 M5 MHP2-MS1H-3\/2G-M5\"}]},{\"@type\":\"WebSite\",\"@id\":\"https:\/\/emerpolska.pl\/#website\",\"url\":\"https:\/\/emerpolska.pl\/\",\"name\":\"EMER Polska\",\"description\":\"Centrum Pneumatyki i Automatyki\",\"publisher\":{\"@id\":\"https:\/\/emerpolska.pl\/#organization\"},\"potentialAction\":[{\"@type\":\"SearchAction\",\"target\":{\"@type\":\"EntryPoint\",\"urlTemplate\":\"https:\/\/emerpolska.pl\/?s={search_term_string}\"},\"query-input\":{\"@type\":\"PropertyValueSpecification\",\"valueRequired\":true,\"valueName\":\"search_term_string\"}}],\"inLanguage\":\"pl-PL\"},{\"@type\":\"Organization\",\"@id\":\"https:\/\/emerpolska.pl\/#organization\",\"name\":\"EMER Polska\",\"url\":\"https:\/\/emerpolska.pl\/\",\"logo\":{\"@type\":\"ImageObject\",\"inLanguage\":\"pl-PL\",\"@id\":\"https:\/\/emerpolska.pl\/#\/schema\/logo\/image\/\",\"url\":\"https:\/\/emerpolska.pl\/wp-content\/uploads\/2025\/07\/logo.jpg\",\"contentUrl\":\"https:\/\/emerpolska.pl\/wp-content\/uploads\/2025\/07\/logo.jpg\",\"width\":1021,\"height\":362,\"caption\":\"EMER Polska\"},\"image\":{\"@id\":\"https:\/\/emerpolska.pl\/#\/schema\/logo\/image\/\"}}]}<\/script>\n<!-- \/ Yoast SEO plugin. -->","yoast_head_json":{"title":"Elektrozaw\u00f3r Festo 3\/2 M5 MHP2-MS1H-3\/2G-M5 - EMER Polska","robots":{"index":"index","follow":"follow","max-snippet":"max-snippet:-1","max-image-preview":"max-image-preview:large","max-video-preview":"max-video-preview:-1"},"canonical":"https:\/\/emerpolska.pl\/index.php\/produkt\/elektrozawor-festo-3-2-m5-mhp2-ms1h-3-2g-m5\/","og_locale":"pl_PL","og_type":"article","og_title":"Elektrozaw\u00f3r Festo 3\/2 M5 MHP2-MS1H-3\/2G-M5 - EMER Polska","og_description":"&nbsp; Elektrozaw\u00f3r do pneumatyki 3\/2 Elektrozawory festo to jedne z cz\u0119\u015bciej stosowanych w pneumatyce. W ofercie posiadamy wszystkie mo\u017cliwe wersj\u0119. Zawory cechuj\u0105 si\u0119 wysokimi przep\u0142ywami oraz d\u0142ug\u0105 \u017cywotno\u015bci\u0105. W ofercie posiadamy kompleksow\u0105 ofert\u0119 Festo. Kod produktu: MHP2-MS1H-3\/2G-M5 (196123) Funkcja zaworu 3\/2 zamkni\u0119ty, monostabilny Spos\u00f3b uruchomienia Elektryczny Szeroko\u015b\u0107 zabudowy 10 mm Normalny przep\u0142yw nominalny 100 l\/min [&hellip;]","og_url":"https:\/\/emerpolska.pl\/index.php\/produkt\/elektrozawor-festo-3-2-m5-mhp2-ms1h-3-2g-m5\/","og_site_name":"EMER Polska","article_modified_time":"2025-08-06T09:22:43+00:00","og_image":[{"width":900,"height":723,"url":"https:\/\/emerpolska.pl\/wp-content\/uploads\/2025\/07\/Festo.jpg","type":"image\/jpeg"}],"twitter_card":"summary_large_image","twitter_misc":{"Szacowany czas czytania":"3 minuty"},"schema":{"@context":"https:\/\/schema.org","@graph":[{"@type":"WebPage","@id":"https:\/\/emerpolska.pl\/index.php\/produkt\/elektrozawor-festo-3-2-m5-mhp2-ms1h-3-2g-m5\/","url":"https:\/\/emerpolska.pl\/index.php\/produkt\/elektrozawor-festo-3-2-m5-mhp2-ms1h-3-2g-m5\/","name":"Elektrozaw\u00f3r Festo 3\/2 M5 MHP2-MS1H-3\/2G-M5 - EMER Polska","isPartOf":{"@id":"https:\/\/emerpolska.pl\/#website"},"primaryImageOfPage":{"@id":"https:\/\/emerpolska.pl\/index.php\/produkt\/elektrozawor-festo-3-2-m5-mhp2-ms1h-3-2g-m5\/#primaryimage"},"image":{"@id":"https:\/\/emerpolska.pl\/index.php\/produkt\/elektrozawor-festo-3-2-m5-mhp2-ms1h-3-2g-m5\/#primaryimage"},"thumbnailUrl":"https:\/\/emerpolska.pl\/wp-content\/uploads\/2025\/07\/Festo.jpg","datePublished":"2025-07-24T21:21:29+00:00","dateModified":"2025-08-06T09:22:43+00:00","breadcrumb":{"@id":"https:\/\/emerpolska.pl\/index.php\/produkt\/elektrozawor-festo-3-2-m5-mhp2-ms1h-3-2g-m5\/#breadcrumb"},"inLanguage":"pl-PL","potentialAction":[{"@type":"ReadAction","target":["https:\/\/emerpolska.pl\/index.php\/produkt\/elektrozawor-festo-3-2-m5-mhp2-ms1h-3-2g-m5\/"]}]},{"@type":"ImageObject","inLanguage":"pl-PL","@id":"https:\/\/emerpolska.pl\/index.php\/produkt\/elektrozawor-festo-3-2-m5-mhp2-ms1h-3-2g-m5\/#primaryimage","url":"https:\/\/emerpolska.pl\/wp-content\/uploads\/2025\/07\/Festo.jpg","contentUrl":"https:\/\/emerpolska.pl\/wp-content\/uploads\/2025\/07\/Festo.jpg","width":900,"height":723},{"@type":"BreadcrumbList","@id":"https:\/\/emerpolska.pl\/index.php\/produkt\/elektrozawor-festo-3-2-m5-mhp2-ms1h-3-2g-m5\/#breadcrumb","itemListElement":[{"@type":"ListItem","position":1,"name":"Strona g\u0142\u00f3wna","item":"https:\/\/emerpolska.pl\/"},{"@type":"ListItem","position":2,"name":"Jeste\u015bmy w przygotowaniu. Ju\u017c wkr\u00f3tce.","item":"https:\/\/emerpolska.pl\/index.php\/shop\/"},{"@type":"ListItem","position":3,"name":"Elektrozaw\u00f3r Festo 3\/2 M5 MHP2-MS1H-3\/2G-M5"}]},{"@type":"WebSite","@id":"https:\/\/emerpolska.pl\/#website","url":"https:\/\/emerpolska.pl\/","name":"EMER Polska","description":"Centrum Pneumatyki i Automatyki","publisher":{"@id":"https:\/\/emerpolska.pl\/#organization"},"potentialAction":[{"@type":"SearchAction","target":{"@type":"EntryPoint","urlTemplate":"https:\/\/emerpolska.pl\/?s={search_term_string}"},"query-input":{"@type":"PropertyValueSpecification","valueRequired":true,"valueName":"search_term_string"}}],"inLanguage":"pl-PL"},{"@type":"Organization","@id":"https:\/\/emerpolska.pl\/#organization","name":"EMER Polska","url":"https:\/\/emerpolska.pl\/","logo":{"@type":"ImageObject","inLanguage":"pl-PL","@id":"https:\/\/emerpolska.pl\/#\/schema\/logo\/image\/","url":"https:\/\/emerpolska.pl\/wp-content\/uploads\/2025\/07\/logo.jpg","contentUrl":"https:\/\/emerpolska.pl\/wp-content\/uploads\/2025\/07\/logo.jpg","width":1021,"height":362,"caption":"EMER Polska"},"image":{"@id":"https:\/\/emerpolska.pl\/#\/schema\/logo\/image\/"}}]}},"_links":{"self":[{"href":"https:\/\/emerpolska.pl\/index.php\/wp-json\/wp\/v2\/product\/1028","targetHints":{"allow":["GET"]}}],"collection":[{"href":"https:\/\/emerpolska.pl\/index.php\/wp-json\/wp\/v2\/product"}],"about":[{"href":"https:\/\/emerpolska.pl\/index.php\/wp-json\/wp\/v2\/types\/product"}],"replies":[{"embeddable":true,"href":"https:\/\/emerpolska.pl\/index.php\/wp-json\/wp\/v2\/comments?post=1028"}],"wp:featuredmedia":[{"embeddable":true,"href":"https:\/\/emerpolska.pl\/index.php\/wp-json\/wp\/v2\/media\/1511"}],"wp:attachment":[{"href":"https:\/\/emerpolska.pl\/index.php\/wp-json\/wp\/v2\/media?parent=1028"}],"wp:term":[{"taxonomy":"product_brand","embeddable":true,"href":"https:\/\/emerpolska.pl\/index.php\/wp-json\/wp\/v2\/product_brand?post=1028"},{"taxonomy":"product_cat","embeddable":true,"href":"https:\/\/emerpolska.pl\/index.php\/wp-json\/wp\/v2\/product_cat?post=1028"},{"taxonomy":"product_tag","embeddable":true,"href":"https:\/\/emerpolska.pl\/index.php\/wp-json\/wp\/v2\/product_tag?post=1028"}],"curies":[{"name":"wp","href":"https:\/\/api.w.org\/{rel}","templated":true}]}}