{"id":1030,"date":"2025-07-24T23:21:30","date_gmt":"2025-07-24T21:21:30","guid":{"rendered":"https:\/\/emerpolska.pl\/index.php\/produkt\/silownik-iso15552-dsbc-80-200-ppva-n-1383340-festo\/"},"modified":"2025-07-24T23:21:30","modified_gmt":"2025-07-24T21:21:30","slug":"silownik-iso15552-dsbc-80-200-ppva-n-1383340-festo","status":"publish","type":"product","link":"https:\/\/emerpolska.pl\/index.php\/produkt\/silownik-iso15552-dsbc-80-200-ppva-n-1383340-festo\/","title":{"rendered":"Si\u0142ownik ISO15552 DSBC-80-200-PPVA-N 1383340 Festo"},"content":{"rendered":"<p>{&#8222;sections&#8221;:[{&#8222;items&#8221;:[{&#8222;type&#8221;:&#8221;TEXT&#8221;,&#8221;content&#8221;:&#8221;<\/p>\n<h1>Si\u0142ownik DSBC-80-200-PPVA-N3<\/h1>\n<p>Si\u0142owniki festo to jedne z cz\u0119\u015bciej stosowanych w pneumatyce. W ofercie posiadamy wszystkie mo\u017cliwe wersj\u0119. Si\u0142owniki cechuj\u0105 si\u0119 wysokimi przep\u0142ywami oraz d\u0142ug\u0105 \u017cywotno\u015bci\u0105. W ofercie posiadamy kompleksow\u0105 ofert\u0119 Festo.<\/p>\n<p>.<\/p>\n<p>Kod produktu:DSBC-80-200-PPVA-N3 (1383340)<\/p>\n<p>Waga 4,5 kg<\/p>\n<p>Ci\u015bnienie robocze 0,4 bis 12 bar<\/p>\n<p>Rodzaj konstrukcji KolbenKolbenstangeProfilrohr<\/p>\n<p>Pozycja monta\u017cowa dowolny<\/p>\n<p>Spe\u0142nia norm\u0119 ISO 15552<\/p>\n<p>Medium robocze Druckluft nach ISO 8573-1:2010 [7:4:4]<\/p>\n<p>Wymagania dla medium roboczego i steruj\u0105cego<\/p>\n<p>Klasa odporno\u015bci na korozj\u0119 KBK 2<\/p>\n<p>Temperatura otoczenia -20 bis 80 \u00b0C<\/p>\n<p>Spos\u00f3b monta\u017cu mit Innengewindemit Zubeh\u00f6rwahlweise:<\/p>\n<p>Uwaga dotycz\u0105ca materia\u0142\u00f3w RoHS konform<\/p>\n<p>Materia\u0142 uszczelnie\u0144 TPE-U(PU)<\/p>\n<p>Skok 200 mm<\/p>\n<p>\u015arednica t\u0142oka 80 mm<\/p>\n<p>Gwint t\u0142oczyska M20x1,5<\/p>\n<p>Amortyzacja PPV:<\/p>\n<p>Zako\u0144czenie t\u0142oczyska Gwint zewn\u0119trzny<\/p>\n<p>Zasada dzia\u0142ania o podw\u00f3jnym dzia\u0142aniu<\/p>\n<p>Max energia uderzenia w po\u0142o\u017ceniach kra\u0144cowych 1,8 J<\/p>\n<p>Teoretyczna si\u0142a ci\u0105gn\u0105ca przy ci\u015bn. 6 bar\u00f3w 2.721 N<\/p>\n<p>Teoretyczna si\u0142a pchaj\u0105ca przy ci\u015bn. 6 bar\u00f3w 3.016 N<\/p>\n<p>Przemieszczana masa w\u0142asna 810 g<\/p>\n<p>Przyrost masy na ka\u017cde 10 mm skoku 92 g<\/p>\n<p>Masa dla skoku 0 mm 2.660 g<\/p>\n<p>Przyrost masy przesuwanej na ka\u017cde 10mm skoku 39 g<\/p>\n<p>Przy\u0142\u0105cze pneumatyczne G3\/8<\/p>\n<p>Materia\u0142 pokrywy Aluminium<\/p>\n<p>Materia\u0142 t\u0142oczyska stal<\/p>\n<p>Materia\u0142 tulei si\u0142ownika Aluminium<\/p>\n<p>D\u0142ugo\u015b\u0107 amortyzacji 31 mm<\/p>\n<p>&#8222;},{&#8222;type&#8221;:&#8221;IMAGE&#8221;,&#8221;url&#8221;:&#8221;https:\/\/a.allegroimg.com\/original\/11ea5c\/043fe4f24715b85a3e49bd98fa08&#8243;}]}]}<\/p>\n","protected":false},"excerpt":{"rendered":"<p>{&#8222;sections&#8221;:[{&#8222;items&#8221;:[{&#8222;type&#8221;:&#8221;TEXT&#8221;,&#8221;content&#8221;:&#8221; Si\u0142ownik DSBC-80-200-PPVA-N3 Si\u0142owniki festo to jedne z cz\u0119\u015bciej stosowanych w pneumatyce. W ofercie posiadamy wszystkie mo\u017cliwe wersj\u0119. Si\u0142owniki cechuj\u0105 si\u0119 wysokimi przep\u0142ywami oraz d\u0142ug\u0105 \u017cywotno\u015bci\u0105. W ofercie posiadamy kompleksow\u0105 ofert\u0119 Festo. . Kod produktu:DSBC-80-200-PPVA-N3 (1383340) Waga 4,5 kg Ci\u015bnienie robocze 0,4 bis 12 bar Rodzaj konstrukcji KolbenKolbenstangeProfilrohr Pozycja monta\u017cowa dowolny Spe\u0142nia norm\u0119 ISO 15552 [&hellip;]<\/p>\n","protected":false},"featured_media":0,"comment_status":"open","ping_status":"closed","template":"","meta":[],"product_brand":[68],"product_cat":[48],"product_tag":[],"class_list":{"0":"post-1030","1":"product","2":"type-product","3":"status-publish","5":"product_brand-festo","6":"product_cat-pneumatyka-121447","8":"first","9":"instock","10":"taxable","11":"shipping-taxable","12":"purchasable","13":"product-type-simple"},"yoast_head":"<!-- This site is optimized with the Yoast SEO plugin v27.0 - https:\/\/yoast.com\/product\/yoast-seo-wordpress\/ -->\n<title>Si\u0142ownik ISO15552 DSBC-80-200-PPVA-N 1383340 Festo - EMER Polska<\/title>\n<meta name=\"robots\" content=\"index, follow, max-snippet:-1, max-image-preview:large, max-video-preview:-1\" \/>\n<link rel=\"canonical\" href=\"https:\/\/emerpolska.pl\/index.php\/produkt\/silownik-iso15552-dsbc-80-200-ppva-n-1383340-festo\/\" \/>\n<meta property=\"og:locale\" content=\"pl_PL\" \/>\n<meta property=\"og:type\" content=\"article\" \/>\n<meta property=\"og:title\" content=\"Si\u0142ownik ISO15552 DSBC-80-200-PPVA-N 1383340 Festo - EMER Polska\" \/>\n<meta property=\"og:description\" content=\"{&#8222;sections&#8221;:[{&#8222;items&#8221;:[{&#8222;type&#8221;:&#8221;TEXT&#8221;,&#8221;content&#8221;:&#8221; Si\u0142ownik DSBC-80-200-PPVA-N3 Si\u0142owniki festo to jedne z cz\u0119\u015bciej stosowanych w pneumatyce. W ofercie posiadamy wszystkie mo\u017cliwe wersj\u0119. Si\u0142owniki cechuj\u0105 si\u0119 wysokimi przep\u0142ywami oraz d\u0142ug\u0105 \u017cywotno\u015bci\u0105. W ofercie posiadamy kompleksow\u0105 ofert\u0119 Festo. . Kod produktu:DSBC-80-200-PPVA-N3 (1383340) Waga 4,5 kg Ci\u015bnienie robocze 0,4 bis 12 bar Rodzaj konstrukcji KolbenKolbenstangeProfilrohr Pozycja monta\u017cowa dowolny Spe\u0142nia norm\u0119 ISO 15552 [&hellip;]\" \/>\n<meta property=\"og:url\" content=\"https:\/\/emerpolska.pl\/index.php\/produkt\/silownik-iso15552-dsbc-80-200-ppva-n-1383340-festo\/\" \/>\n<meta property=\"og:site_name\" content=\"EMER Polska\" \/>\n<meta name=\"twitter:card\" content=\"summary_large_image\" \/>\n<meta name=\"twitter:label1\" content=\"Szacowany czas czytania\" \/>\n\t<meta name=\"twitter:data1\" content=\"1 minuta\" \/>\n<script type=\"application\/ld+json\" class=\"yoast-schema-graph\">{\"@context\":\"https:\/\/schema.org\",\"@graph\":[{\"@type\":\"WebPage\",\"@id\":\"https:\/\/emerpolska.pl\/index.php\/produkt\/silownik-iso15552-dsbc-80-200-ppva-n-1383340-festo\/\",\"url\":\"https:\/\/emerpolska.pl\/index.php\/produkt\/silownik-iso15552-dsbc-80-200-ppva-n-1383340-festo\/\",\"name\":\"Si\u0142ownik ISO15552 DSBC-80-200-PPVA-N 1383340 Festo - EMER Polska\",\"isPartOf\":{\"@id\":\"https:\/\/emerpolska.pl\/#website\"},\"datePublished\":\"2025-07-24T21:21:30+00:00\",\"breadcrumb\":{\"@id\":\"https:\/\/emerpolska.pl\/index.php\/produkt\/silownik-iso15552-dsbc-80-200-ppva-n-1383340-festo\/#breadcrumb\"},\"inLanguage\":\"pl-PL\",\"potentialAction\":[{\"@type\":\"ReadAction\",\"target\":[\"https:\/\/emerpolska.pl\/index.php\/produkt\/silownik-iso15552-dsbc-80-200-ppva-n-1383340-festo\/\"]}]},{\"@type\":\"BreadcrumbList\",\"@id\":\"https:\/\/emerpolska.pl\/index.php\/produkt\/silownik-iso15552-dsbc-80-200-ppva-n-1383340-festo\/#breadcrumb\",\"itemListElement\":[{\"@type\":\"ListItem\",\"position\":1,\"name\":\"Strona g\u0142\u00f3wna\",\"item\":\"https:\/\/emerpolska.pl\/\"},{\"@type\":\"ListItem\",\"position\":2,\"name\":\"Jeste\u015bmy w przygotowaniu. Ju\u017c wkr\u00f3tce.\",\"item\":\"https:\/\/emerpolska.pl\/index.php\/shop\/\"},{\"@type\":\"ListItem\",\"position\":3,\"name\":\"Si\u0142ownik ISO15552 DSBC-80-200-PPVA-N 1383340 Festo\"}]},{\"@type\":\"WebSite\",\"@id\":\"https:\/\/emerpolska.pl\/#website\",\"url\":\"https:\/\/emerpolska.pl\/\",\"name\":\"EMER Polska\",\"description\":\"Centrum Pneumatyki i Automatyki\",\"publisher\":{\"@id\":\"https:\/\/emerpolska.pl\/#organization\"},\"potentialAction\":[{\"@type\":\"SearchAction\",\"target\":{\"@type\":\"EntryPoint\",\"urlTemplate\":\"https:\/\/emerpolska.pl\/?s={search_term_string}\"},\"query-input\":{\"@type\":\"PropertyValueSpecification\",\"valueRequired\":true,\"valueName\":\"search_term_string\"}}],\"inLanguage\":\"pl-PL\"},{\"@type\":\"Organization\",\"@id\":\"https:\/\/emerpolska.pl\/#organization\",\"name\":\"EMER Polska\",\"url\":\"https:\/\/emerpolska.pl\/\",\"logo\":{\"@type\":\"ImageObject\",\"inLanguage\":\"pl-PL\",\"@id\":\"https:\/\/emerpolska.pl\/#\/schema\/logo\/image\/\",\"url\":\"https:\/\/emerpolska.pl\/wp-content\/uploads\/2025\/07\/logo.jpg\",\"contentUrl\":\"https:\/\/emerpolska.pl\/wp-content\/uploads\/2025\/07\/logo.jpg\",\"width\":1021,\"height\":362,\"caption\":\"EMER Polska\"},\"image\":{\"@id\":\"https:\/\/emerpolska.pl\/#\/schema\/logo\/image\/\"}}]}<\/script>\n<!-- \/ Yoast SEO plugin. -->","yoast_head_json":{"title":"Si\u0142ownik ISO15552 DSBC-80-200-PPVA-N 1383340 Festo - EMER Polska","robots":{"index":"index","follow":"follow","max-snippet":"max-snippet:-1","max-image-preview":"max-image-preview:large","max-video-preview":"max-video-preview:-1"},"canonical":"https:\/\/emerpolska.pl\/index.php\/produkt\/silownik-iso15552-dsbc-80-200-ppva-n-1383340-festo\/","og_locale":"pl_PL","og_type":"article","og_title":"Si\u0142ownik ISO15552 DSBC-80-200-PPVA-N 1383340 Festo - EMER Polska","og_description":"{&#8222;sections&#8221;:[{&#8222;items&#8221;:[{&#8222;type&#8221;:&#8221;TEXT&#8221;,&#8221;content&#8221;:&#8221; Si\u0142ownik DSBC-80-200-PPVA-N3 Si\u0142owniki festo to jedne z cz\u0119\u015bciej stosowanych w pneumatyce. W ofercie posiadamy wszystkie mo\u017cliwe wersj\u0119. Si\u0142owniki cechuj\u0105 si\u0119 wysokimi przep\u0142ywami oraz d\u0142ug\u0105 \u017cywotno\u015bci\u0105. W ofercie posiadamy kompleksow\u0105 ofert\u0119 Festo. . Kod produktu:DSBC-80-200-PPVA-N3 (1383340) Waga 4,5 kg Ci\u015bnienie robocze 0,4 bis 12 bar Rodzaj konstrukcji KolbenKolbenstangeProfilrohr Pozycja monta\u017cowa dowolny Spe\u0142nia norm\u0119 ISO 15552 [&hellip;]","og_url":"https:\/\/emerpolska.pl\/index.php\/produkt\/silownik-iso15552-dsbc-80-200-ppva-n-1383340-festo\/","og_site_name":"EMER Polska","twitter_card":"summary_large_image","twitter_misc":{"Szacowany czas czytania":"1 minuta"},"schema":{"@context":"https:\/\/schema.org","@graph":[{"@type":"WebPage","@id":"https:\/\/emerpolska.pl\/index.php\/produkt\/silownik-iso15552-dsbc-80-200-ppva-n-1383340-festo\/","url":"https:\/\/emerpolska.pl\/index.php\/produkt\/silownik-iso15552-dsbc-80-200-ppva-n-1383340-festo\/","name":"Si\u0142ownik ISO15552 DSBC-80-200-PPVA-N 1383340 Festo - EMER Polska","isPartOf":{"@id":"https:\/\/emerpolska.pl\/#website"},"datePublished":"2025-07-24T21:21:30+00:00","breadcrumb":{"@id":"https:\/\/emerpolska.pl\/index.php\/produkt\/silownik-iso15552-dsbc-80-200-ppva-n-1383340-festo\/#breadcrumb"},"inLanguage":"pl-PL","potentialAction":[{"@type":"ReadAction","target":["https:\/\/emerpolska.pl\/index.php\/produkt\/silownik-iso15552-dsbc-80-200-ppva-n-1383340-festo\/"]}]},{"@type":"BreadcrumbList","@id":"https:\/\/emerpolska.pl\/index.php\/produkt\/silownik-iso15552-dsbc-80-200-ppva-n-1383340-festo\/#breadcrumb","itemListElement":[{"@type":"ListItem","position":1,"name":"Strona g\u0142\u00f3wna","item":"https:\/\/emerpolska.pl\/"},{"@type":"ListItem","position":2,"name":"Jeste\u015bmy w przygotowaniu. Ju\u017c wkr\u00f3tce.","item":"https:\/\/emerpolska.pl\/index.php\/shop\/"},{"@type":"ListItem","position":3,"name":"Si\u0142ownik ISO15552 DSBC-80-200-PPVA-N 1383340 Festo"}]},{"@type":"WebSite","@id":"https:\/\/emerpolska.pl\/#website","url":"https:\/\/emerpolska.pl\/","name":"EMER Polska","description":"Centrum Pneumatyki i Automatyki","publisher":{"@id":"https:\/\/emerpolska.pl\/#organization"},"potentialAction":[{"@type":"SearchAction","target":{"@type":"EntryPoint","urlTemplate":"https:\/\/emerpolska.pl\/?s={search_term_string}"},"query-input":{"@type":"PropertyValueSpecification","valueRequired":true,"valueName":"search_term_string"}}],"inLanguage":"pl-PL"},{"@type":"Organization","@id":"https:\/\/emerpolska.pl\/#organization","name":"EMER Polska","url":"https:\/\/emerpolska.pl\/","logo":{"@type":"ImageObject","inLanguage":"pl-PL","@id":"https:\/\/emerpolska.pl\/#\/schema\/logo\/image\/","url":"https:\/\/emerpolska.pl\/wp-content\/uploads\/2025\/07\/logo.jpg","contentUrl":"https:\/\/emerpolska.pl\/wp-content\/uploads\/2025\/07\/logo.jpg","width":1021,"height":362,"caption":"EMER Polska"},"image":{"@id":"https:\/\/emerpolska.pl\/#\/schema\/logo\/image\/"}}]}},"_links":{"self":[{"href":"https:\/\/emerpolska.pl\/index.php\/wp-json\/wp\/v2\/product\/1030","targetHints":{"allow":["GET"]}}],"collection":[{"href":"https:\/\/emerpolska.pl\/index.php\/wp-json\/wp\/v2\/product"}],"about":[{"href":"https:\/\/emerpolska.pl\/index.php\/wp-json\/wp\/v2\/types\/product"}],"replies":[{"embeddable":true,"href":"https:\/\/emerpolska.pl\/index.php\/wp-json\/wp\/v2\/comments?post=1030"}],"wp:attachment":[{"href":"https:\/\/emerpolska.pl\/index.php\/wp-json\/wp\/v2\/media?parent=1030"}],"wp:term":[{"taxonomy":"product_brand","embeddable":true,"href":"https:\/\/emerpolska.pl\/index.php\/wp-json\/wp\/v2\/product_brand?post=1030"},{"taxonomy":"product_cat","embeddable":true,"href":"https:\/\/emerpolska.pl\/index.php\/wp-json\/wp\/v2\/product_cat?post=1030"},{"taxonomy":"product_tag","embeddable":true,"href":"https:\/\/emerpolska.pl\/index.php\/wp-json\/wp\/v2\/product_tag?post=1030"}],"curies":[{"name":"wp","href":"https:\/\/api.w.org\/{rel}","templated":true}]}}