{"id":1031,"date":"2025-07-24T23:21:30","date_gmt":"2025-07-24T21:21:30","guid":{"rendered":"https:\/\/emerpolska.pl\/index.php\/produkt\/sprezyna-gazowa-16-1-535-24-am6-bm6-50n\/"},"modified":"2025-07-24T23:21:30","modified_gmt":"2025-07-24T21:21:30","slug":"sprezyna-gazowa-16-1-535-24-am6-bm6-50n","status":"publish","type":"product","link":"https:\/\/emerpolska.pl\/index.php\/produkt\/sprezyna-gazowa-16-1-535-24-am6-bm6-50n\/","title":{"rendered":"Spr\u0119\u017cyna gazowa 16-1-53,5-24-AM6-BM6 50N"},"content":{"rendered":"<p>{&#8222;sections&#8221;:[{&#8222;items&#8221;:[{&#8222;type&#8221;:&#8221;TEXT&#8221;,&#8221;content&#8221;:&#8221;<\/p>\n<h1>Spr\u0119\u017cyna gazowa<\/h1>\n<p>Spr\u0119\u017cyny gazowe s\u0105 hydropneumatycznymi elementami regulacyjnymi zbudowanymi z cylindra ci\u015bnieniowego oraz t\u0142oczyska z t\u0142okiem.<\/p>\n<p>Gazowym czynnikiem roboczym jest nietoksyczny azot, kt\u00f3ry po \u015bci\u015bni\u0119ciu wytwarza ci\u015bnienie dzia\u0142aj\u0105ce na t\u0142ok pozwalaj\u0105ce na uzyskanie si\u0142y niezb\u0119dnej do powrotnego ruchu t\u0142oczyska. Olej znajduj\u0105cy si\u0119 w komorze spr\u0119\u017cyny gazowej oraz uk\u0142ad t\u0142umienia odpowiada za pr\u0119dko\u015b\u0107 wysuwu t\u0142oczyska. Spr\u0119\u017cyny gazowe dost\u0119pne s\u0105 w wielu modelach oraz z r\u00f3\u017cnymi si\u0142ami dzia\u0142ania oraz skokami roboczymi dostosowanymi do danych aplikacji.<\/p>\n<p>Do spr\u0119\u017cyn gazowych mo\u017cna zamawia\u0107 szeroki asortyment element\u00f3w mocuj\u0105cych:<\/p>\n<ul>\n<li>\n<b>ucha (oczka)<\/b> z gwintem wewn\u0119trznym i zewn\u0119trznym do zamocowania na t\u0142oczysku i korpusie,<\/li>\n<li>\n<b>przeguby kulowe<\/b>,<\/li>\n<li>\n<b>ko\u0144c\u00f3wki wide\u0142kowe<\/b> serii XB232X.<\/li>\n<\/ul>\n<p>.<\/p>\n<p>Kod produktu: 01624138-50N<\/p>\n<p>Dlugosc L 77,5<\/p>\n<p>Skok 20 mm<\/p>\n<p>Typ 16-1<\/p>\n<p>Si\u0142a wysuwu 50 N<\/p>\n<p>D\u0142ugo\u015b\u0107 cylindra A 53,5 mm<\/p>\n<p>D\u0142ugo\u015b\u0107 t\u0142oczyska B 24 mm<\/p>\n<p>Ko\u0144c\u00f3wka cylindra AM6<\/p>\n<p>Ko\u0144c\u00f3wka t\u0142oczyska BM6<\/p>\n<p>\u015arednica cylindra 15 mm<\/p>\n<p>\u015arednica t\u0142oczyska 6 mm<\/p>\n<p>&#8222;},{&#8222;type&#8221;:&#8221;IMAGE&#8221;,&#8221;url&#8221;:&#8221;https:\/\/a.allegroimg.com\/original\/11e8dd\/a8c25a0944378d3d512232b02603&#8243;}]},{&#8222;items&#8221;:[{&#8222;type&#8221;:&#8221;IMAGE&#8221;,&#8221;url&#8221;:&#8221;https:\/\/a.allegroimg.com\/original\/115cad\/13db79e3412288fde0b6deeae800&#8243;}]}]}<\/p>\n","protected":false},"excerpt":{"rendered":"<p>{&#8222;sections&#8221;:[{&#8222;items&#8221;:[{&#8222;type&#8221;:&#8221;TEXT&#8221;,&#8221;content&#8221;:&#8221; Spr\u0119\u017cyna gazowa Spr\u0119\u017cyny gazowe s\u0105 hydropneumatycznymi elementami regulacyjnymi zbudowanymi z cylindra ci\u015bnieniowego oraz t\u0142oczyska z t\u0142okiem. Gazowym czynnikiem roboczym jest nietoksyczny azot, kt\u00f3ry po \u015bci\u015bni\u0119ciu wytwarza ci\u015bnienie dzia\u0142aj\u0105ce na t\u0142ok pozwalaj\u0105ce na uzyskanie si\u0142y niezb\u0119dnej do powrotnego ruchu t\u0142oczyska. Olej znajduj\u0105cy si\u0119 w komorze spr\u0119\u017cyny gazowej oraz uk\u0142ad t\u0142umienia odpowiada za pr\u0119dko\u015b\u0107 wysuwu t\u0142oczyska. [&hellip;]<\/p>\n","protected":false},"featured_media":0,"comment_status":"open","ping_status":"closed","template":"","meta":[],"product_brand":[53],"product_cat":[48],"product_tag":[],"class_list":{"0":"post-1031","1":"product","2":"type-product","3":"status-publish","5":"product_brand-air","6":"product_cat-pneumatyka-121447","8":"first","9":"instock","10":"taxable","11":"shipping-taxable","12":"purchasable","13":"product-type-simple"},"yoast_head":"<!-- This site is optimized with the Yoast SEO plugin v27.0 - https:\/\/yoast.com\/product\/yoast-seo-wordpress\/ -->\n<title>Spr\u0119\u017cyna gazowa 16-1-53,5-24-AM6-BM6 50N - EMER Polska<\/title>\n<meta name=\"robots\" content=\"index, follow, max-snippet:-1, max-image-preview:large, max-video-preview:-1\" \/>\n<link rel=\"canonical\" href=\"https:\/\/emerpolska.pl\/index.php\/produkt\/sprezyna-gazowa-16-1-535-24-am6-bm6-50n\/\" \/>\n<meta property=\"og:locale\" content=\"pl_PL\" \/>\n<meta property=\"og:type\" content=\"article\" \/>\n<meta property=\"og:title\" content=\"Spr\u0119\u017cyna gazowa 16-1-53,5-24-AM6-BM6 50N - EMER Polska\" \/>\n<meta property=\"og:description\" content=\"{&#8222;sections&#8221;:[{&#8222;items&#8221;:[{&#8222;type&#8221;:&#8221;TEXT&#8221;,&#8221;content&#8221;:&#8221; Spr\u0119\u017cyna gazowa Spr\u0119\u017cyny gazowe s\u0105 hydropneumatycznymi elementami regulacyjnymi zbudowanymi z cylindra ci\u015bnieniowego oraz t\u0142oczyska z t\u0142okiem. Gazowym czynnikiem roboczym jest nietoksyczny azot, kt\u00f3ry po \u015bci\u015bni\u0119ciu wytwarza ci\u015bnienie dzia\u0142aj\u0105ce na t\u0142ok pozwalaj\u0105ce na uzyskanie si\u0142y niezb\u0119dnej do powrotnego ruchu t\u0142oczyska. Olej znajduj\u0105cy si\u0119 w komorze spr\u0119\u017cyny gazowej oraz uk\u0142ad t\u0142umienia odpowiada za pr\u0119dko\u015b\u0107 wysuwu t\u0142oczyska. [&hellip;]\" \/>\n<meta property=\"og:url\" content=\"https:\/\/emerpolska.pl\/index.php\/produkt\/sprezyna-gazowa-16-1-535-24-am6-bm6-50n\/\" \/>\n<meta property=\"og:site_name\" content=\"EMER Polska\" \/>\n<meta name=\"twitter:card\" content=\"summary_large_image\" \/>\n<meta name=\"twitter:label1\" content=\"Szacowany czas czytania\" \/>\n\t<meta name=\"twitter:data1\" content=\"1 minuta\" \/>\n<script type=\"application\/ld+json\" class=\"yoast-schema-graph\">{\"@context\":\"https:\/\/schema.org\",\"@graph\":[{\"@type\":\"WebPage\",\"@id\":\"https:\/\/emerpolska.pl\/index.php\/produkt\/sprezyna-gazowa-16-1-535-24-am6-bm6-50n\/\",\"url\":\"https:\/\/emerpolska.pl\/index.php\/produkt\/sprezyna-gazowa-16-1-535-24-am6-bm6-50n\/\",\"name\":\"Spr\u0119\u017cyna gazowa 16-1-53,5-24-AM6-BM6 50N - EMER Polska\",\"isPartOf\":{\"@id\":\"https:\/\/emerpolska.pl\/#website\"},\"datePublished\":\"2025-07-24T21:21:30+00:00\",\"breadcrumb\":{\"@id\":\"https:\/\/emerpolska.pl\/index.php\/produkt\/sprezyna-gazowa-16-1-535-24-am6-bm6-50n\/#breadcrumb\"},\"inLanguage\":\"pl-PL\",\"potentialAction\":[{\"@type\":\"ReadAction\",\"target\":[\"https:\/\/emerpolska.pl\/index.php\/produkt\/sprezyna-gazowa-16-1-535-24-am6-bm6-50n\/\"]}]},{\"@type\":\"BreadcrumbList\",\"@id\":\"https:\/\/emerpolska.pl\/index.php\/produkt\/sprezyna-gazowa-16-1-535-24-am6-bm6-50n\/#breadcrumb\",\"itemListElement\":[{\"@type\":\"ListItem\",\"position\":1,\"name\":\"Strona g\u0142\u00f3wna\",\"item\":\"https:\/\/emerpolska.pl\/\"},{\"@type\":\"ListItem\",\"position\":2,\"name\":\"Jeste\u015bmy w przygotowaniu. Ju\u017c wkr\u00f3tce.\",\"item\":\"https:\/\/emerpolska.pl\/index.php\/shop\/\"},{\"@type\":\"ListItem\",\"position\":3,\"name\":\"Spr\u0119\u017cyna gazowa 16-1-53,5-24-AM6-BM6 50N\"}]},{\"@type\":\"WebSite\",\"@id\":\"https:\/\/emerpolska.pl\/#website\",\"url\":\"https:\/\/emerpolska.pl\/\",\"name\":\"EMER Polska\",\"description\":\"Centrum Pneumatyki i Automatyki\",\"publisher\":{\"@id\":\"https:\/\/emerpolska.pl\/#organization\"},\"potentialAction\":[{\"@type\":\"SearchAction\",\"target\":{\"@type\":\"EntryPoint\",\"urlTemplate\":\"https:\/\/emerpolska.pl\/?s={search_term_string}\"},\"query-input\":{\"@type\":\"PropertyValueSpecification\",\"valueRequired\":true,\"valueName\":\"search_term_string\"}}],\"inLanguage\":\"pl-PL\"},{\"@type\":\"Organization\",\"@id\":\"https:\/\/emerpolska.pl\/#organization\",\"name\":\"EMER Polska\",\"url\":\"https:\/\/emerpolska.pl\/\",\"logo\":{\"@type\":\"ImageObject\",\"inLanguage\":\"pl-PL\",\"@id\":\"https:\/\/emerpolska.pl\/#\/schema\/logo\/image\/\",\"url\":\"https:\/\/emerpolska.pl\/wp-content\/uploads\/2025\/07\/logo.jpg\",\"contentUrl\":\"https:\/\/emerpolska.pl\/wp-content\/uploads\/2025\/07\/logo.jpg\",\"width\":1021,\"height\":362,\"caption\":\"EMER Polska\"},\"image\":{\"@id\":\"https:\/\/emerpolska.pl\/#\/schema\/logo\/image\/\"}}]}<\/script>\n<!-- \/ Yoast SEO plugin. -->","yoast_head_json":{"title":"Spr\u0119\u017cyna gazowa 16-1-53,5-24-AM6-BM6 50N - EMER Polska","robots":{"index":"index","follow":"follow","max-snippet":"max-snippet:-1","max-image-preview":"max-image-preview:large","max-video-preview":"max-video-preview:-1"},"canonical":"https:\/\/emerpolska.pl\/index.php\/produkt\/sprezyna-gazowa-16-1-535-24-am6-bm6-50n\/","og_locale":"pl_PL","og_type":"article","og_title":"Spr\u0119\u017cyna gazowa 16-1-53,5-24-AM6-BM6 50N - EMER Polska","og_description":"{&#8222;sections&#8221;:[{&#8222;items&#8221;:[{&#8222;type&#8221;:&#8221;TEXT&#8221;,&#8221;content&#8221;:&#8221; Spr\u0119\u017cyna gazowa Spr\u0119\u017cyny gazowe s\u0105 hydropneumatycznymi elementami regulacyjnymi zbudowanymi z cylindra ci\u015bnieniowego oraz t\u0142oczyska z t\u0142okiem. Gazowym czynnikiem roboczym jest nietoksyczny azot, kt\u00f3ry po \u015bci\u015bni\u0119ciu wytwarza ci\u015bnienie dzia\u0142aj\u0105ce na t\u0142ok pozwalaj\u0105ce na uzyskanie si\u0142y niezb\u0119dnej do powrotnego ruchu t\u0142oczyska. Olej znajduj\u0105cy si\u0119 w komorze spr\u0119\u017cyny gazowej oraz uk\u0142ad t\u0142umienia odpowiada za pr\u0119dko\u015b\u0107 wysuwu t\u0142oczyska. [&hellip;]","og_url":"https:\/\/emerpolska.pl\/index.php\/produkt\/sprezyna-gazowa-16-1-535-24-am6-bm6-50n\/","og_site_name":"EMER Polska","twitter_card":"summary_large_image","twitter_misc":{"Szacowany czas czytania":"1 minuta"},"schema":{"@context":"https:\/\/schema.org","@graph":[{"@type":"WebPage","@id":"https:\/\/emerpolska.pl\/index.php\/produkt\/sprezyna-gazowa-16-1-535-24-am6-bm6-50n\/","url":"https:\/\/emerpolska.pl\/index.php\/produkt\/sprezyna-gazowa-16-1-535-24-am6-bm6-50n\/","name":"Spr\u0119\u017cyna gazowa 16-1-53,5-24-AM6-BM6 50N - EMER Polska","isPartOf":{"@id":"https:\/\/emerpolska.pl\/#website"},"datePublished":"2025-07-24T21:21:30+00:00","breadcrumb":{"@id":"https:\/\/emerpolska.pl\/index.php\/produkt\/sprezyna-gazowa-16-1-535-24-am6-bm6-50n\/#breadcrumb"},"inLanguage":"pl-PL","potentialAction":[{"@type":"ReadAction","target":["https:\/\/emerpolska.pl\/index.php\/produkt\/sprezyna-gazowa-16-1-535-24-am6-bm6-50n\/"]}]},{"@type":"BreadcrumbList","@id":"https:\/\/emerpolska.pl\/index.php\/produkt\/sprezyna-gazowa-16-1-535-24-am6-bm6-50n\/#breadcrumb","itemListElement":[{"@type":"ListItem","position":1,"name":"Strona g\u0142\u00f3wna","item":"https:\/\/emerpolska.pl\/"},{"@type":"ListItem","position":2,"name":"Jeste\u015bmy w przygotowaniu. Ju\u017c wkr\u00f3tce.","item":"https:\/\/emerpolska.pl\/index.php\/shop\/"},{"@type":"ListItem","position":3,"name":"Spr\u0119\u017cyna gazowa 16-1-53,5-24-AM6-BM6 50N"}]},{"@type":"WebSite","@id":"https:\/\/emerpolska.pl\/#website","url":"https:\/\/emerpolska.pl\/","name":"EMER Polska","description":"Centrum Pneumatyki i Automatyki","publisher":{"@id":"https:\/\/emerpolska.pl\/#organization"},"potentialAction":[{"@type":"SearchAction","target":{"@type":"EntryPoint","urlTemplate":"https:\/\/emerpolska.pl\/?s={search_term_string}"},"query-input":{"@type":"PropertyValueSpecification","valueRequired":true,"valueName":"search_term_string"}}],"inLanguage":"pl-PL"},{"@type":"Organization","@id":"https:\/\/emerpolska.pl\/#organization","name":"EMER Polska","url":"https:\/\/emerpolska.pl\/","logo":{"@type":"ImageObject","inLanguage":"pl-PL","@id":"https:\/\/emerpolska.pl\/#\/schema\/logo\/image\/","url":"https:\/\/emerpolska.pl\/wp-content\/uploads\/2025\/07\/logo.jpg","contentUrl":"https:\/\/emerpolska.pl\/wp-content\/uploads\/2025\/07\/logo.jpg","width":1021,"height":362,"caption":"EMER Polska"},"image":{"@id":"https:\/\/emerpolska.pl\/#\/schema\/logo\/image\/"}}]}},"_links":{"self":[{"href":"https:\/\/emerpolska.pl\/index.php\/wp-json\/wp\/v2\/product\/1031","targetHints":{"allow":["GET"]}}],"collection":[{"href":"https:\/\/emerpolska.pl\/index.php\/wp-json\/wp\/v2\/product"}],"about":[{"href":"https:\/\/emerpolska.pl\/index.php\/wp-json\/wp\/v2\/types\/product"}],"replies":[{"embeddable":true,"href":"https:\/\/emerpolska.pl\/index.php\/wp-json\/wp\/v2\/comments?post=1031"}],"wp:attachment":[{"href":"https:\/\/emerpolska.pl\/index.php\/wp-json\/wp\/v2\/media?parent=1031"}],"wp:term":[{"taxonomy":"product_brand","embeddable":true,"href":"https:\/\/emerpolska.pl\/index.php\/wp-json\/wp\/v2\/product_brand?post=1031"},{"taxonomy":"product_cat","embeddable":true,"href":"https:\/\/emerpolska.pl\/index.php\/wp-json\/wp\/v2\/product_cat?post=1031"},{"taxonomy":"product_tag","embeddable":true,"href":"https:\/\/emerpolska.pl\/index.php\/wp-json\/wp\/v2\/product_tag?post=1031"}],"curies":[{"name":"wp","href":"https:\/\/api.w.org\/{rel}","templated":true}]}}