{"id":1035,"date":"2025-07-24T23:21:32","date_gmt":"2025-07-24T21:21:32","guid":{"rendered":"https:\/\/emerpolska.pl\/index.php\/produkt\/lozysko-liniowe-super-smart-thomson-15-cala\/"},"modified":"2025-08-07T13:48:04","modified_gmt":"2025-08-07T11:48:04","slug":"lozysko-liniowe-super-smart-thomson-15-cala","status":"publish","type":"product","link":"https:\/\/emerpolska.pl\/index.php\/produkt\/lozysko-liniowe-super-smart-thomson-15-cala\/","title":{"rendered":"\u0141O\u017bYSKO LINIOWE SUPER SMART THOMSON 1,5 cala"},"content":{"rendered":"<p>&nbsp;<\/p>\n<h1>\u0141O\u017bYSKO LINIOWE SUPERSMART<\/h1>\n<p>\u2022 Podw\u00f3jne bie\u017cnie kulkowego \u0142o\u017cyska obiegowego zapewniaj\u0105 mo\u017cliwo\u015b\u0107 podw\u00f3jnego obci\u0105\u017cenia<\/p>\n<p>\u2022 Pier\u015bcie\u0144 zewn\u0119trzny ze stali hartowanej zapewnia, \u017ce \u0142o\u017cysko jest dopasowane pod wzgl\u0119dem<\/p>\n<p>ustawienia \u015brednic, nawet gdy zosta\u0142o zamontowane w obudowie, kt\u00f3ra nie ma idealnie okr\u0105g\u0142ych kszta\u0142t\u00f3w<\/p>\n<p>\u2022 P\u0142yty \u0142o\u017cyskowe mog\u0105 si\u0119 ko\u0142ysa\u0107, toczy\u0107 i odchyla\u0107 si\u0119, co zapewnia uniwersalne samowyr\u00f3wnanie, kt\u00f3re kompensuje niewyr\u00f3wnanie otwor\u00f3w obudowy<\/p>\n<p>\u2022 Wbudowane uszczelnienie dwuwargowe, powstrzymuj\u0105ce brud i utrzymuj\u0105ce poziom nasmarowania<\/p>\n<p>.<\/p>\n<p>Kod produktu: SSU24WW<\/p>\n<p>&#8211; rodzaj calowy<\/p>\n<p>&#8211; rozmiar 24<\/p>\n<p>&#8211; \u015brednica wewn\u0119trzna fi 1.500 \/ 38.100 (cal\/mm)<\/p>\n<p>&#8211; \u015brednica zewn\u0119trzna fi 2.3750 \/ 60.325 (cal\/mm)<\/p>\n<p>&#8211; d\u0142ugo\u015b\u0107 C 3.000 \/ 76.200 (cal\/mm)<\/p>\n<p>&#8211; d\u0142ugo\u015b\u0107 C1 3880 \/ 17259 (cal\/mm)<\/p>\n<p>&#8211; no\u015bno\u015b\u0107 dynamiczna 2350 \/ 10453 (lb\/N)<\/p>\n<p>&#8211; konstrukcja zamkni\u0119ta<\/p>\n<p>&#8211; dwa zgarniacze<\/p>\n<p>&nbsp;<\/p>\n","protected":false},"excerpt":{"rendered":"<p>&nbsp; \u0141O\u017bYSKO LINIOWE SUPERSMART \u2022 Podw\u00f3jne bie\u017cnie kulkowego \u0142o\u017cyska obiegowego zapewniaj\u0105 mo\u017cliwo\u015b\u0107 podw\u00f3jnego obci\u0105\u017cenia \u2022 Pier\u015bcie\u0144 zewn\u0119trzny ze stali hartowanej zapewnia, \u017ce \u0142o\u017cysko jest dopasowane pod wzgl\u0119dem ustawienia \u015brednic, nawet gdy zosta\u0142o zamontowane w obudowie, kt\u00f3ra nie ma idealnie okr\u0105g\u0142ych kszta\u0142t\u00f3w \u2022 P\u0142yty \u0142o\u017cyskowe mog\u0105 si\u0119 ko\u0142ysa\u0107, toczy\u0107 i odchyla\u0107 si\u0119, co zapewnia uniwersalne samowyr\u00f3wnanie, [&hellip;]<\/p>\n","protected":false},"featured_media":1530,"comment_status":"closed","ping_status":"closed","template":"","meta":[],"product_brand":[69],"product_cat":[48],"product_tag":[],"class_list":{"0":"post-1035","1":"product","2":"type-product","3":"status-publish","4":"has-post-thumbnail","6":"product_brand-thomson","7":"product_cat-pneumatyka-121447","9":"first","10":"instock","11":"taxable","12":"shipping-taxable","13":"purchasable","14":"product-type-simple"},"yoast_head":"<!-- This site is optimized with the Yoast SEO plugin v27.0 - https:\/\/yoast.com\/product\/yoast-seo-wordpress\/ -->\n<title>\u0141O\u017bYSKO LINIOWE SUPER SMART THOMSON 1,5 cala - EMER Polska<\/title>\n<meta name=\"robots\" content=\"index, follow, max-snippet:-1, max-image-preview:large, max-video-preview:-1\" \/>\n<link rel=\"canonical\" href=\"https:\/\/emerpolska.pl\/index.php\/produkt\/lozysko-liniowe-super-smart-thomson-15-cala\/\" \/>\n<meta property=\"og:locale\" content=\"pl_PL\" \/>\n<meta property=\"og:type\" content=\"article\" \/>\n<meta property=\"og:title\" content=\"\u0141O\u017bYSKO LINIOWE SUPER SMART THOMSON 1,5 cala - EMER Polska\" \/>\n<meta property=\"og:description\" content=\"&nbsp; \u0141O\u017bYSKO LINIOWE SUPERSMART \u2022 Podw\u00f3jne bie\u017cnie kulkowego \u0142o\u017cyska obiegowego zapewniaj\u0105 mo\u017cliwo\u015b\u0107 podw\u00f3jnego obci\u0105\u017cenia \u2022 Pier\u015bcie\u0144 zewn\u0119trzny ze stali hartowanej zapewnia, \u017ce \u0142o\u017cysko jest dopasowane pod wzgl\u0119dem ustawienia \u015brednic, nawet gdy zosta\u0142o zamontowane w obudowie, kt\u00f3ra nie ma idealnie okr\u0105g\u0142ych kszta\u0142t\u00f3w \u2022 P\u0142yty \u0142o\u017cyskowe mog\u0105 si\u0119 ko\u0142ysa\u0107, toczy\u0107 i odchyla\u0107 si\u0119, co zapewnia uniwersalne samowyr\u00f3wnanie, [&hellip;]\" \/>\n<meta property=\"og:url\" content=\"https:\/\/emerpolska.pl\/index.php\/produkt\/lozysko-liniowe-super-smart-thomson-15-cala\/\" \/>\n<meta property=\"og:site_name\" content=\"EMER Polska\" \/>\n<meta property=\"article:modified_time\" content=\"2025-08-07T11:48:04+00:00\" \/>\n<meta property=\"og:image\" content=\"https:\/\/emerpolska.pl\/wp-content\/uploads\/2025\/07\/LOZYSKO-LINIOWE-SUPER-SMART-THOMSON-20-x-32-MM.jpg\" \/>\n\t<meta property=\"og:image:width\" content=\"618\" \/>\n\t<meta property=\"og:image:height\" content=\"620\" \/>\n\t<meta property=\"og:image:type\" content=\"image\/jpeg\" \/>\n<meta name=\"twitter:card\" content=\"summary_large_image\" \/>\n<meta name=\"twitter:label1\" content=\"Szacowany czas czytania\" \/>\n\t<meta name=\"twitter:data1\" content=\"1 minuta\" \/>\n<script type=\"application\/ld+json\" class=\"yoast-schema-graph\">{\"@context\":\"https:\/\/schema.org\",\"@graph\":[{\"@type\":\"WebPage\",\"@id\":\"https:\/\/emerpolska.pl\/index.php\/produkt\/lozysko-liniowe-super-smart-thomson-15-cala\/\",\"url\":\"https:\/\/emerpolska.pl\/index.php\/produkt\/lozysko-liniowe-super-smart-thomson-15-cala\/\",\"name\":\"\u0141O\u017bYSKO LINIOWE SUPER SMART THOMSON 1,5 cala - EMER Polska\",\"isPartOf\":{\"@id\":\"https:\/\/emerpolska.pl\/#website\"},\"primaryImageOfPage\":{\"@id\":\"https:\/\/emerpolska.pl\/index.php\/produkt\/lozysko-liniowe-super-smart-thomson-15-cala\/#primaryimage\"},\"image\":{\"@id\":\"https:\/\/emerpolska.pl\/index.php\/produkt\/lozysko-liniowe-super-smart-thomson-15-cala\/#primaryimage\"},\"thumbnailUrl\":\"https:\/\/emerpolska.pl\/wp-content\/uploads\/2025\/07\/LOZYSKO-LINIOWE-SUPER-SMART-THOMSON-20-x-32-MM.jpg\",\"datePublished\":\"2025-07-24T21:21:32+00:00\",\"dateModified\":\"2025-08-07T11:48:04+00:00\",\"breadcrumb\":{\"@id\":\"https:\/\/emerpolska.pl\/index.php\/produkt\/lozysko-liniowe-super-smart-thomson-15-cala\/#breadcrumb\"},\"inLanguage\":\"pl-PL\",\"potentialAction\":[{\"@type\":\"ReadAction\",\"target\":[\"https:\/\/emerpolska.pl\/index.php\/produkt\/lozysko-liniowe-super-smart-thomson-15-cala\/\"]}]},{\"@type\":\"ImageObject\",\"inLanguage\":\"pl-PL\",\"@id\":\"https:\/\/emerpolska.pl\/index.php\/produkt\/lozysko-liniowe-super-smart-thomson-15-cala\/#primaryimage\",\"url\":\"https:\/\/emerpolska.pl\/wp-content\/uploads\/2025\/07\/LOZYSKO-LINIOWE-SUPER-SMART-THOMSON-20-x-32-MM.jpg\",\"contentUrl\":\"https:\/\/emerpolska.pl\/wp-content\/uploads\/2025\/07\/LOZYSKO-LINIOWE-SUPER-SMART-THOMSON-20-x-32-MM.jpg\",\"width\":618,\"height\":620,\"caption\":\"02664d5b18522dd4b612e48361ed43860a7c40cc0dc3df500bf7b3f4f3b5cf237a24d79f57a9cdc3b5e695510b3c1f785daa712b9d90ca0578065221f7fe21d1540743e91d606261a91fa0b85451dec3\"},{\"@type\":\"BreadcrumbList\",\"@id\":\"https:\/\/emerpolska.pl\/index.php\/produkt\/lozysko-liniowe-super-smart-thomson-15-cala\/#breadcrumb\",\"itemListElement\":[{\"@type\":\"ListItem\",\"position\":1,\"name\":\"Strona g\u0142\u00f3wna\",\"item\":\"https:\/\/emerpolska.pl\/\"},{\"@type\":\"ListItem\",\"position\":2,\"name\":\"Jeste\u015bmy w przygotowaniu. Ju\u017c wkr\u00f3tce.\",\"item\":\"https:\/\/emerpolska.pl\/index.php\/shop\/\"},{\"@type\":\"ListItem\",\"position\":3,\"name\":\"\u0141O\u017bYSKO LINIOWE SUPER SMART THOMSON 1,5 cala\"}]},{\"@type\":\"WebSite\",\"@id\":\"https:\/\/emerpolska.pl\/#website\",\"url\":\"https:\/\/emerpolska.pl\/\",\"name\":\"EMER Polska\",\"description\":\"Centrum Pneumatyki i Automatyki\",\"publisher\":{\"@id\":\"https:\/\/emerpolska.pl\/#organization\"},\"potentialAction\":[{\"@type\":\"SearchAction\",\"target\":{\"@type\":\"EntryPoint\",\"urlTemplate\":\"https:\/\/emerpolska.pl\/?s={search_term_string}\"},\"query-input\":{\"@type\":\"PropertyValueSpecification\",\"valueRequired\":true,\"valueName\":\"search_term_string\"}}],\"inLanguage\":\"pl-PL\"},{\"@type\":\"Organization\",\"@id\":\"https:\/\/emerpolska.pl\/#organization\",\"name\":\"EMER Polska\",\"url\":\"https:\/\/emerpolska.pl\/\",\"logo\":{\"@type\":\"ImageObject\",\"inLanguage\":\"pl-PL\",\"@id\":\"https:\/\/emerpolska.pl\/#\/schema\/logo\/image\/\",\"url\":\"https:\/\/emerpolska.pl\/wp-content\/uploads\/2025\/07\/logo.jpg\",\"contentUrl\":\"https:\/\/emerpolska.pl\/wp-content\/uploads\/2025\/07\/logo.jpg\",\"width\":1021,\"height\":362,\"caption\":\"EMER Polska\"},\"image\":{\"@id\":\"https:\/\/emerpolska.pl\/#\/schema\/logo\/image\/\"}}]}<\/script>\n<!-- \/ Yoast SEO plugin. -->","yoast_head_json":{"title":"\u0141O\u017bYSKO LINIOWE SUPER SMART THOMSON 1,5 cala - EMER Polska","robots":{"index":"index","follow":"follow","max-snippet":"max-snippet:-1","max-image-preview":"max-image-preview:large","max-video-preview":"max-video-preview:-1"},"canonical":"https:\/\/emerpolska.pl\/index.php\/produkt\/lozysko-liniowe-super-smart-thomson-15-cala\/","og_locale":"pl_PL","og_type":"article","og_title":"\u0141O\u017bYSKO LINIOWE SUPER SMART THOMSON 1,5 cala - EMER Polska","og_description":"&nbsp; \u0141O\u017bYSKO LINIOWE SUPERSMART \u2022 Podw\u00f3jne bie\u017cnie kulkowego \u0142o\u017cyska obiegowego zapewniaj\u0105 mo\u017cliwo\u015b\u0107 podw\u00f3jnego obci\u0105\u017cenia \u2022 Pier\u015bcie\u0144 zewn\u0119trzny ze stali hartowanej zapewnia, \u017ce \u0142o\u017cysko jest dopasowane pod wzgl\u0119dem ustawienia \u015brednic, nawet gdy zosta\u0142o zamontowane w obudowie, kt\u00f3ra nie ma idealnie okr\u0105g\u0142ych kszta\u0142t\u00f3w \u2022 P\u0142yty \u0142o\u017cyskowe mog\u0105 si\u0119 ko\u0142ysa\u0107, toczy\u0107 i odchyla\u0107 si\u0119, co zapewnia uniwersalne samowyr\u00f3wnanie, [&hellip;]","og_url":"https:\/\/emerpolska.pl\/index.php\/produkt\/lozysko-liniowe-super-smart-thomson-15-cala\/","og_site_name":"EMER Polska","article_modified_time":"2025-08-07T11:48:04+00:00","og_image":[{"width":618,"height":620,"url":"https:\/\/emerpolska.pl\/wp-content\/uploads\/2025\/07\/LOZYSKO-LINIOWE-SUPER-SMART-THOMSON-20-x-32-MM.jpg","type":"image\/jpeg"}],"twitter_card":"summary_large_image","twitter_misc":{"Szacowany czas czytania":"1 minuta"},"schema":{"@context":"https:\/\/schema.org","@graph":[{"@type":"WebPage","@id":"https:\/\/emerpolska.pl\/index.php\/produkt\/lozysko-liniowe-super-smart-thomson-15-cala\/","url":"https:\/\/emerpolska.pl\/index.php\/produkt\/lozysko-liniowe-super-smart-thomson-15-cala\/","name":"\u0141O\u017bYSKO LINIOWE SUPER SMART THOMSON 1,5 cala - EMER Polska","isPartOf":{"@id":"https:\/\/emerpolska.pl\/#website"},"primaryImageOfPage":{"@id":"https:\/\/emerpolska.pl\/index.php\/produkt\/lozysko-liniowe-super-smart-thomson-15-cala\/#primaryimage"},"image":{"@id":"https:\/\/emerpolska.pl\/index.php\/produkt\/lozysko-liniowe-super-smart-thomson-15-cala\/#primaryimage"},"thumbnailUrl":"https:\/\/emerpolska.pl\/wp-content\/uploads\/2025\/07\/LOZYSKO-LINIOWE-SUPER-SMART-THOMSON-20-x-32-MM.jpg","datePublished":"2025-07-24T21:21:32+00:00","dateModified":"2025-08-07T11:48:04+00:00","breadcrumb":{"@id":"https:\/\/emerpolska.pl\/index.php\/produkt\/lozysko-liniowe-super-smart-thomson-15-cala\/#breadcrumb"},"inLanguage":"pl-PL","potentialAction":[{"@type":"ReadAction","target":["https:\/\/emerpolska.pl\/index.php\/produkt\/lozysko-liniowe-super-smart-thomson-15-cala\/"]}]},{"@type":"ImageObject","inLanguage":"pl-PL","@id":"https:\/\/emerpolska.pl\/index.php\/produkt\/lozysko-liniowe-super-smart-thomson-15-cala\/#primaryimage","url":"https:\/\/emerpolska.pl\/wp-content\/uploads\/2025\/07\/LOZYSKO-LINIOWE-SUPER-SMART-THOMSON-20-x-32-MM.jpg","contentUrl":"https:\/\/emerpolska.pl\/wp-content\/uploads\/2025\/07\/LOZYSKO-LINIOWE-SUPER-SMART-THOMSON-20-x-32-MM.jpg","width":618,"height":620,"caption":"02664d5b18522dd4b612e48361ed43860a7c40cc0dc3df500bf7b3f4f3b5cf237a24d79f57a9cdc3b5e695510b3c1f785daa712b9d90ca0578065221f7fe21d1540743e91d606261a91fa0b85451dec3"},{"@type":"BreadcrumbList","@id":"https:\/\/emerpolska.pl\/index.php\/produkt\/lozysko-liniowe-super-smart-thomson-15-cala\/#breadcrumb","itemListElement":[{"@type":"ListItem","position":1,"name":"Strona g\u0142\u00f3wna","item":"https:\/\/emerpolska.pl\/"},{"@type":"ListItem","position":2,"name":"Jeste\u015bmy w przygotowaniu. Ju\u017c wkr\u00f3tce.","item":"https:\/\/emerpolska.pl\/index.php\/shop\/"},{"@type":"ListItem","position":3,"name":"\u0141O\u017bYSKO LINIOWE SUPER SMART THOMSON 1,5 cala"}]},{"@type":"WebSite","@id":"https:\/\/emerpolska.pl\/#website","url":"https:\/\/emerpolska.pl\/","name":"EMER Polska","description":"Centrum Pneumatyki i Automatyki","publisher":{"@id":"https:\/\/emerpolska.pl\/#organization"},"potentialAction":[{"@type":"SearchAction","target":{"@type":"EntryPoint","urlTemplate":"https:\/\/emerpolska.pl\/?s={search_term_string}"},"query-input":{"@type":"PropertyValueSpecification","valueRequired":true,"valueName":"search_term_string"}}],"inLanguage":"pl-PL"},{"@type":"Organization","@id":"https:\/\/emerpolska.pl\/#organization","name":"EMER Polska","url":"https:\/\/emerpolska.pl\/","logo":{"@type":"ImageObject","inLanguage":"pl-PL","@id":"https:\/\/emerpolska.pl\/#\/schema\/logo\/image\/","url":"https:\/\/emerpolska.pl\/wp-content\/uploads\/2025\/07\/logo.jpg","contentUrl":"https:\/\/emerpolska.pl\/wp-content\/uploads\/2025\/07\/logo.jpg","width":1021,"height":362,"caption":"EMER Polska"},"image":{"@id":"https:\/\/emerpolska.pl\/#\/schema\/logo\/image\/"}}]}},"_links":{"self":[{"href":"https:\/\/emerpolska.pl\/index.php\/wp-json\/wp\/v2\/product\/1035","targetHints":{"allow":["GET"]}}],"collection":[{"href":"https:\/\/emerpolska.pl\/index.php\/wp-json\/wp\/v2\/product"}],"about":[{"href":"https:\/\/emerpolska.pl\/index.php\/wp-json\/wp\/v2\/types\/product"}],"replies":[{"embeddable":true,"href":"https:\/\/emerpolska.pl\/index.php\/wp-json\/wp\/v2\/comments?post=1035"}],"wp:featuredmedia":[{"embeddable":true,"href":"https:\/\/emerpolska.pl\/index.php\/wp-json\/wp\/v2\/media\/1530"}],"wp:attachment":[{"href":"https:\/\/emerpolska.pl\/index.php\/wp-json\/wp\/v2\/media?parent=1035"}],"wp:term":[{"taxonomy":"product_brand","embeddable":true,"href":"https:\/\/emerpolska.pl\/index.php\/wp-json\/wp\/v2\/product_brand?post=1035"},{"taxonomy":"product_cat","embeddable":true,"href":"https:\/\/emerpolska.pl\/index.php\/wp-json\/wp\/v2\/product_cat?post=1035"},{"taxonomy":"product_tag","embeddable":true,"href":"https:\/\/emerpolska.pl\/index.php\/wp-json\/wp\/v2\/product_tag?post=1035"}],"curies":[{"name":"wp","href":"https:\/\/api.w.org\/{rel}","templated":true}]}}