{"id":1047,"date":"2025-07-24T23:21:37","date_gmt":"2025-07-24T21:21:37","guid":{"rendered":"https:\/\/emerpolska.pl\/index.php\/produkt\/zawor-dlawiacy-hydrauliczny-g-1-2-do-oleju\/"},"modified":"2025-07-24T23:21:37","modified_gmt":"2025-07-24T21:21:37","slug":"zawor-dlawiacy-hydrauliczny-g-1-2-do-oleju","status":"publish","type":"product","link":"https:\/\/emerpolska.pl\/index.php\/produkt\/zawor-dlawiacy-hydrauliczny-g-1-2-do-oleju\/","title":{"rendered":"Zaw\u00f3r d\u0142awi\u0105cy hydrauliczny G 1\/2 do oleju"},"content":{"rendered":"<p>{&#8222;sections&#8221;:[{&#8222;items&#8221;:[{&#8222;type&#8221;:&#8221;TEXT&#8221;,&#8221;content&#8221;:&#8221;<\/p>\n<h1>Zaw\u00f3r hydrauliczny zwrotny<\/h1>\n<p>Zawory hydrauliczne d\u0142awi\u0105ce i d\u0142awi\u0105co-zwrotne s\u0142u\u017c\u0105 do regulacji nat\u0119\u017cenia przep\u0142ywu oleju hydraulicznego poprzez zmian\u0119 przekroju i s\u0105 stosowane do regulacji pr\u0119dko\u015bci ruchu si\u0142ownik\u00f3w i silnik\u00f3w hydraulicznych.<\/p>\n<p>Materia\u0142y: korpus zaworu: stal ocynkowana, pokr\u0119t\u0142o: poliamid, uszczelki: NBR<\/p>\n<p>Zakres temperatury: -20\u00b0C do maks. +80\u00b0C<\/p>\n<p>Ci\u015bnienie robocze: maks. 350 bar<\/p>\n<p>Medium robocze: Oleje hydrauliczne na bazie olej\u00f3w mineralnych<\/p>\n<p>e (maks.) 34,0 mm<\/p>\n<p>D\u0142ugo\u015b\u0107 (d) 35<\/p>\n<p>Praktyczna ilo\u015b\u0107 przep\u0142ywu 40 l\/min<\/p>\n<p>Maks. ilo\u015b\u0107 przep\u0142ywu 150 l\/min<\/p>\n<p>D\u0142ugo\u015b\u0107 (J) PG 16<\/p>\n<p>D\u0142ugo\u015b\u0107 (F) 68 mm<\/p>\n<p>D\u0142ugo\u015b\u0107 (A) 92 mm<\/p>\n<p>D\u0142ugo\u015b\u0107 (B)82 mm<\/p>\n<p>D\u0142ugo\u015b\u0107 (E) 34,0<\/p>\n<p>D\u0142ugo\u015b\u0107 (C) 17,5 mm<\/p>\n<p>Ci\u0119\u017car 0,7 kg<\/p>\n<p>Przep\u0142yw nominalny40 l\/min<\/p>\n<p>Rodzaj Zaw\u00f3r dlawiacy<\/p>\n<p>Funkcja Zaw\u00f3r dlawiacy<\/p>\n<p>Gwint przy\u0142\u0105cza G 1\/2<\/p>\n<p>Gwint 38<\/p>\n<p>\u015arednica D 35 mm<\/p>\n<p>Waga 0,7 kg<\/p>\n<p>B 82 mm<\/p>\n<p>C 17,5 mm<\/p>\n<p>E 34 mm<\/p>\n<p>F 68 mm<\/p>\n<p>A 92 mm<\/p>\n<p>D 35 mm<\/p>\n<p>G 38 mm<\/p>\n<p>J PG 16<\/p>\n<p>&#8222;},{&#8222;type&#8221;:&#8221;IMAGE&#8221;,&#8221;url&#8221;:&#8221;https:\/\/a.allegroimg.com\/original\/118f9f\/9d19656e453c8814cc62c9aabcae&#8221;}]},{&#8222;items&#8221;:[{&#8222;type&#8221;:&#8221;IMAGE&#8221;,&#8221;url&#8221;:&#8221;https:\/\/a.allegroimg.com\/original\/11b152\/2af4b53d47058a8dbeea2ed13b87&#8243;}]},{&#8222;items&#8221;:[{&#8222;type&#8221;:&#8221;IMAGE&#8221;,&#8221;url&#8221;:&#8221;https:\/\/a.allegroimg.com\/original\/11142d\/bb915e0c479a83f4d401ea253f99&#8243;}]}]}<\/p>\n","protected":false},"excerpt":{"rendered":"<p>{&#8222;sections&#8221;:[{&#8222;items&#8221;:[{&#8222;type&#8221;:&#8221;TEXT&#8221;,&#8221;content&#8221;:&#8221; Zaw\u00f3r hydrauliczny zwrotny Zawory hydrauliczne d\u0142awi\u0105ce i d\u0142awi\u0105co-zwrotne s\u0142u\u017c\u0105 do regulacji nat\u0119\u017cenia przep\u0142ywu oleju hydraulicznego poprzez zmian\u0119 przekroju i s\u0105 stosowane do regulacji pr\u0119dko\u015bci ruchu si\u0142ownik\u00f3w i silnik\u00f3w hydraulicznych. Materia\u0142y: korpus zaworu: stal ocynkowana, pokr\u0119t\u0142o: poliamid, uszczelki: NBR Zakres temperatury: -20\u00b0C do maks. +80\u00b0C Ci\u015bnienie robocze: maks. 350 bar Medium robocze: Oleje hydrauliczne na [&hellip;]<\/p>\n","protected":false},"featured_media":0,"comment_status":"open","ping_status":"closed","template":"","meta":[],"product_brand":[55],"product_cat":[48],"product_tag":[],"class_list":{"0":"post-1047","1":"product","2":"type-product","3":"status-publish","5":"product_brand-aircom","6":"product_cat-pneumatyka-121447","8":"first","9":"instock","10":"taxable","11":"shipping-taxable","12":"purchasable","13":"product-type-simple"},"yoast_head":"<!-- This site is optimized with the Yoast SEO plugin v27.0 - https:\/\/yoast.com\/product\/yoast-seo-wordpress\/ -->\n<title>Zaw\u00f3r d\u0142awi\u0105cy hydrauliczny G 1\/2 do oleju - EMER Polska<\/title>\n<meta name=\"robots\" content=\"index, follow, max-snippet:-1, max-image-preview:large, max-video-preview:-1\" \/>\n<link rel=\"canonical\" href=\"https:\/\/emerpolska.pl\/index.php\/produkt\/zawor-dlawiacy-hydrauliczny-g-1-2-do-oleju\/\" \/>\n<meta property=\"og:locale\" content=\"pl_PL\" \/>\n<meta property=\"og:type\" content=\"article\" \/>\n<meta property=\"og:title\" content=\"Zaw\u00f3r d\u0142awi\u0105cy hydrauliczny G 1\/2 do oleju - EMER Polska\" \/>\n<meta property=\"og:description\" content=\"{&#8222;sections&#8221;:[{&#8222;items&#8221;:[{&#8222;type&#8221;:&#8221;TEXT&#8221;,&#8221;content&#8221;:&#8221; Zaw\u00f3r hydrauliczny zwrotny Zawory hydrauliczne d\u0142awi\u0105ce i d\u0142awi\u0105co-zwrotne s\u0142u\u017c\u0105 do regulacji nat\u0119\u017cenia przep\u0142ywu oleju hydraulicznego poprzez zmian\u0119 przekroju i s\u0105 stosowane do regulacji pr\u0119dko\u015bci ruchu si\u0142ownik\u00f3w i silnik\u00f3w hydraulicznych. Materia\u0142y: korpus zaworu: stal ocynkowana, pokr\u0119t\u0142o: poliamid, uszczelki: NBR Zakres temperatury: -20\u00b0C do maks. +80\u00b0C Ci\u015bnienie robocze: maks. 350 bar Medium robocze: Oleje hydrauliczne na [&hellip;]\" \/>\n<meta property=\"og:url\" content=\"https:\/\/emerpolska.pl\/index.php\/produkt\/zawor-dlawiacy-hydrauliczny-g-1-2-do-oleju\/\" \/>\n<meta property=\"og:site_name\" content=\"EMER Polska\" \/>\n<meta name=\"twitter:card\" content=\"summary_large_image\" \/>\n<meta name=\"twitter:label1\" content=\"Szacowany czas czytania\" \/>\n\t<meta name=\"twitter:data1\" content=\"1 minuta\" \/>\n<script type=\"application\/ld+json\" class=\"yoast-schema-graph\">{\"@context\":\"https:\/\/schema.org\",\"@graph\":[{\"@type\":\"WebPage\",\"@id\":\"https:\/\/emerpolska.pl\/index.php\/produkt\/zawor-dlawiacy-hydrauliczny-g-1-2-do-oleju\/\",\"url\":\"https:\/\/emerpolska.pl\/index.php\/produkt\/zawor-dlawiacy-hydrauliczny-g-1-2-do-oleju\/\",\"name\":\"Zaw\u00f3r d\u0142awi\u0105cy hydrauliczny G 1\/2 do oleju - EMER Polska\",\"isPartOf\":{\"@id\":\"https:\/\/emerpolska.pl\/#website\"},\"datePublished\":\"2025-07-24T21:21:37+00:00\",\"breadcrumb\":{\"@id\":\"https:\/\/emerpolska.pl\/index.php\/produkt\/zawor-dlawiacy-hydrauliczny-g-1-2-do-oleju\/#breadcrumb\"},\"inLanguage\":\"pl-PL\",\"potentialAction\":[{\"@type\":\"ReadAction\",\"target\":[\"https:\/\/emerpolska.pl\/index.php\/produkt\/zawor-dlawiacy-hydrauliczny-g-1-2-do-oleju\/\"]}]},{\"@type\":\"BreadcrumbList\",\"@id\":\"https:\/\/emerpolska.pl\/index.php\/produkt\/zawor-dlawiacy-hydrauliczny-g-1-2-do-oleju\/#breadcrumb\",\"itemListElement\":[{\"@type\":\"ListItem\",\"position\":1,\"name\":\"Strona g\u0142\u00f3wna\",\"item\":\"https:\/\/emerpolska.pl\/\"},{\"@type\":\"ListItem\",\"position\":2,\"name\":\"Jeste\u015bmy w przygotowaniu. Ju\u017c wkr\u00f3tce.\",\"item\":\"https:\/\/emerpolska.pl\/index.php\/shop\/\"},{\"@type\":\"ListItem\",\"position\":3,\"name\":\"Zaw\u00f3r d\u0142awi\u0105cy hydrauliczny G 1\/2 do oleju\"}]},{\"@type\":\"WebSite\",\"@id\":\"https:\/\/emerpolska.pl\/#website\",\"url\":\"https:\/\/emerpolska.pl\/\",\"name\":\"EMER Polska\",\"description\":\"Centrum Pneumatyki i Automatyki\",\"publisher\":{\"@id\":\"https:\/\/emerpolska.pl\/#organization\"},\"potentialAction\":[{\"@type\":\"SearchAction\",\"target\":{\"@type\":\"EntryPoint\",\"urlTemplate\":\"https:\/\/emerpolska.pl\/?s={search_term_string}\"},\"query-input\":{\"@type\":\"PropertyValueSpecification\",\"valueRequired\":true,\"valueName\":\"search_term_string\"}}],\"inLanguage\":\"pl-PL\"},{\"@type\":\"Organization\",\"@id\":\"https:\/\/emerpolska.pl\/#organization\",\"name\":\"EMER Polska\",\"url\":\"https:\/\/emerpolska.pl\/\",\"logo\":{\"@type\":\"ImageObject\",\"inLanguage\":\"pl-PL\",\"@id\":\"https:\/\/emerpolska.pl\/#\/schema\/logo\/image\/\",\"url\":\"https:\/\/emerpolska.pl\/wp-content\/uploads\/2025\/07\/logo.jpg\",\"contentUrl\":\"https:\/\/emerpolska.pl\/wp-content\/uploads\/2025\/07\/logo.jpg\",\"width\":1021,\"height\":362,\"caption\":\"EMER Polska\"},\"image\":{\"@id\":\"https:\/\/emerpolska.pl\/#\/schema\/logo\/image\/\"}}]}<\/script>\n<!-- \/ Yoast SEO plugin. -->","yoast_head_json":{"title":"Zaw\u00f3r d\u0142awi\u0105cy hydrauliczny G 1\/2 do oleju - EMER Polska","robots":{"index":"index","follow":"follow","max-snippet":"max-snippet:-1","max-image-preview":"max-image-preview:large","max-video-preview":"max-video-preview:-1"},"canonical":"https:\/\/emerpolska.pl\/index.php\/produkt\/zawor-dlawiacy-hydrauliczny-g-1-2-do-oleju\/","og_locale":"pl_PL","og_type":"article","og_title":"Zaw\u00f3r d\u0142awi\u0105cy hydrauliczny G 1\/2 do oleju - EMER Polska","og_description":"{&#8222;sections&#8221;:[{&#8222;items&#8221;:[{&#8222;type&#8221;:&#8221;TEXT&#8221;,&#8221;content&#8221;:&#8221; Zaw\u00f3r hydrauliczny zwrotny Zawory hydrauliczne d\u0142awi\u0105ce i d\u0142awi\u0105co-zwrotne s\u0142u\u017c\u0105 do regulacji nat\u0119\u017cenia przep\u0142ywu oleju hydraulicznego poprzez zmian\u0119 przekroju i s\u0105 stosowane do regulacji pr\u0119dko\u015bci ruchu si\u0142ownik\u00f3w i silnik\u00f3w hydraulicznych. Materia\u0142y: korpus zaworu: stal ocynkowana, pokr\u0119t\u0142o: poliamid, uszczelki: NBR Zakres temperatury: -20\u00b0C do maks. +80\u00b0C Ci\u015bnienie robocze: maks. 350 bar Medium robocze: Oleje hydrauliczne na [&hellip;]","og_url":"https:\/\/emerpolska.pl\/index.php\/produkt\/zawor-dlawiacy-hydrauliczny-g-1-2-do-oleju\/","og_site_name":"EMER Polska","twitter_card":"summary_large_image","twitter_misc":{"Szacowany czas czytania":"1 minuta"},"schema":{"@context":"https:\/\/schema.org","@graph":[{"@type":"WebPage","@id":"https:\/\/emerpolska.pl\/index.php\/produkt\/zawor-dlawiacy-hydrauliczny-g-1-2-do-oleju\/","url":"https:\/\/emerpolska.pl\/index.php\/produkt\/zawor-dlawiacy-hydrauliczny-g-1-2-do-oleju\/","name":"Zaw\u00f3r d\u0142awi\u0105cy hydrauliczny G 1\/2 do oleju - EMER Polska","isPartOf":{"@id":"https:\/\/emerpolska.pl\/#website"},"datePublished":"2025-07-24T21:21:37+00:00","breadcrumb":{"@id":"https:\/\/emerpolska.pl\/index.php\/produkt\/zawor-dlawiacy-hydrauliczny-g-1-2-do-oleju\/#breadcrumb"},"inLanguage":"pl-PL","potentialAction":[{"@type":"ReadAction","target":["https:\/\/emerpolska.pl\/index.php\/produkt\/zawor-dlawiacy-hydrauliczny-g-1-2-do-oleju\/"]}]},{"@type":"BreadcrumbList","@id":"https:\/\/emerpolska.pl\/index.php\/produkt\/zawor-dlawiacy-hydrauliczny-g-1-2-do-oleju\/#breadcrumb","itemListElement":[{"@type":"ListItem","position":1,"name":"Strona g\u0142\u00f3wna","item":"https:\/\/emerpolska.pl\/"},{"@type":"ListItem","position":2,"name":"Jeste\u015bmy w przygotowaniu. Ju\u017c wkr\u00f3tce.","item":"https:\/\/emerpolska.pl\/index.php\/shop\/"},{"@type":"ListItem","position":3,"name":"Zaw\u00f3r d\u0142awi\u0105cy hydrauliczny G 1\/2 do oleju"}]},{"@type":"WebSite","@id":"https:\/\/emerpolska.pl\/#website","url":"https:\/\/emerpolska.pl\/","name":"EMER Polska","description":"Centrum Pneumatyki i Automatyki","publisher":{"@id":"https:\/\/emerpolska.pl\/#organization"},"potentialAction":[{"@type":"SearchAction","target":{"@type":"EntryPoint","urlTemplate":"https:\/\/emerpolska.pl\/?s={search_term_string}"},"query-input":{"@type":"PropertyValueSpecification","valueRequired":true,"valueName":"search_term_string"}}],"inLanguage":"pl-PL"},{"@type":"Organization","@id":"https:\/\/emerpolska.pl\/#organization","name":"EMER Polska","url":"https:\/\/emerpolska.pl\/","logo":{"@type":"ImageObject","inLanguage":"pl-PL","@id":"https:\/\/emerpolska.pl\/#\/schema\/logo\/image\/","url":"https:\/\/emerpolska.pl\/wp-content\/uploads\/2025\/07\/logo.jpg","contentUrl":"https:\/\/emerpolska.pl\/wp-content\/uploads\/2025\/07\/logo.jpg","width":1021,"height":362,"caption":"EMER Polska"},"image":{"@id":"https:\/\/emerpolska.pl\/#\/schema\/logo\/image\/"}}]}},"_links":{"self":[{"href":"https:\/\/emerpolska.pl\/index.php\/wp-json\/wp\/v2\/product\/1047","targetHints":{"allow":["GET"]}}],"collection":[{"href":"https:\/\/emerpolska.pl\/index.php\/wp-json\/wp\/v2\/product"}],"about":[{"href":"https:\/\/emerpolska.pl\/index.php\/wp-json\/wp\/v2\/types\/product"}],"replies":[{"embeddable":true,"href":"https:\/\/emerpolska.pl\/index.php\/wp-json\/wp\/v2\/comments?post=1047"}],"wp:attachment":[{"href":"https:\/\/emerpolska.pl\/index.php\/wp-json\/wp\/v2\/media?parent=1047"}],"wp:term":[{"taxonomy":"product_brand","embeddable":true,"href":"https:\/\/emerpolska.pl\/index.php\/wp-json\/wp\/v2\/product_brand?post=1047"},{"taxonomy":"product_cat","embeddable":true,"href":"https:\/\/emerpolska.pl\/index.php\/wp-json\/wp\/v2\/product_cat?post=1047"},{"taxonomy":"product_tag","embeddable":true,"href":"https:\/\/emerpolska.pl\/index.php\/wp-json\/wp\/v2\/product_tag?post=1047"}],"curies":[{"name":"wp","href":"https:\/\/api.w.org\/{rel}","templated":true}]}}