{"id":1052,"date":"2025-07-24T23:21:39","date_gmt":"2025-07-24T21:21:39","guid":{"rendered":"https:\/\/emerpolska.pl\/index.php\/produkt\/zlacze-klowe-g1-gz-rozstaw-42\/"},"modified":"2025-07-24T23:21:39","modified_gmt":"2025-07-24T21:21:39","slug":"zlacze-klowe-g1-gz-rozstaw-42","status":"publish","type":"product","link":"https:\/\/emerpolska.pl\/index.php\/produkt\/zlacze-klowe-g1-gz-rozstaw-42\/","title":{"rendered":"Z\u0142\u0105cze k\u0142owe G1 GZ, rozstaw 42"},"content":{"rendered":"<p>{&#8222;sections&#8221;:[{&#8222;items&#8221;:[{&#8222;type&#8221;:&#8221;TEXT&#8221;,&#8221;content&#8221;:&#8221;<\/p>\n<h1>Z\u0142\u0105cze k\u0142owe<\/h1>\n<p>Szeroko\u015b\u0107 pazura: 42 mm<\/p>\n<p>Zakres temperatury: -40\u00b0C do maks. +95\u00b0C<\/p>\n<p>Materia\u0142 uszczelki rury, uszczelki w\u0119\u017ca NBR<\/p>\n<p>Uszczelka NBR<\/p>\n<p>Tworzywo stal ocynkowana<\/p>\n<p>DN 20 mm<\/p>\n<p>Materia\u0142 uszczelki rury, uszczelki w\u0119\u017ca NBR<\/p>\n<p>Uszczelka NBR<\/p>\n<p>Tworzywo stal ocynkowana<\/p>\n<p>Ci\u0119\u017car  0,21 kg<\/p>\n<p>Rodzaj gwintu G<\/p>\n<p>\u015arednica nominalna &#8222;DN&#8221; 20,0 mm<\/p>\n<p>Gwint zewn\u0119trzny G 1<\/p>\n<p>Gwint 1<\/p>\n<p>Ci\u015bnienie robocze 10 bar<\/p>\n<p>&#8222;},{&#8222;type&#8221;:&#8221;IMAGE&#8221;,&#8221;url&#8221;:&#8221;https:\/\/a.allegroimg.com\/original\/1147bb\/1ed3a1e04a71b088ca854d3be113&#8243;}]},{&#8222;items&#8221;:[{&#8222;type&#8221;:&#8221;IMAGE&#8221;,&#8221;url&#8221;:&#8221;https:\/\/a.allegroimg.com\/original\/11d957\/fb704fae46318f7a1f1c85d412c8&#8243;}]}]}<\/p>\n","protected":false},"excerpt":{"rendered":"<p>{&#8222;sections&#8221;:[{&#8222;items&#8221;:[{&#8222;type&#8221;:&#8221;TEXT&#8221;,&#8221;content&#8221;:&#8221; Z\u0142\u0105cze k\u0142owe Szeroko\u015b\u0107 pazura: 42 mm Zakres temperatury: -40\u00b0C do maks. +95\u00b0C Materia\u0142 uszczelki rury, uszczelki w\u0119\u017ca NBR Uszczelka NBR Tworzywo stal ocynkowana DN 20 mm Materia\u0142 uszczelki rury, uszczelki w\u0119\u017ca NBR Uszczelka NBR Tworzywo stal ocynkowana Ci\u0119\u017car 0,21 kg Rodzaj gwintu G \u015arednica nominalna &#8222;DN&#8221; 20,0 mm Gwint zewn\u0119trzny G 1 Gwint 1 [&hellip;]<\/p>\n","protected":false},"featured_media":0,"comment_status":"open","ping_status":"closed","template":"","meta":[],"product_brand":[55],"product_cat":[48],"product_tag":[],"class_list":{"0":"post-1052","1":"product","2":"type-product","3":"status-publish","5":"product_brand-aircom","6":"product_cat-pneumatyka-121447","8":"first","9":"instock","10":"taxable","11":"shipping-taxable","12":"purchasable","13":"product-type-simple"},"yoast_head":"<!-- This site is optimized with the Yoast SEO plugin v27.0 - https:\/\/yoast.com\/product\/yoast-seo-wordpress\/ -->\n<title>Z\u0142\u0105cze k\u0142owe G1 GZ, rozstaw 42 - EMER Polska<\/title>\n<meta name=\"robots\" content=\"index, follow, max-snippet:-1, max-image-preview:large, max-video-preview:-1\" \/>\n<link rel=\"canonical\" href=\"https:\/\/emerpolska.pl\/index.php\/produkt\/zlacze-klowe-g1-gz-rozstaw-42\/\" \/>\n<meta property=\"og:locale\" content=\"pl_PL\" \/>\n<meta property=\"og:type\" content=\"article\" \/>\n<meta property=\"og:title\" content=\"Z\u0142\u0105cze k\u0142owe G1 GZ, rozstaw 42 - EMER Polska\" \/>\n<meta property=\"og:description\" content=\"{&#8222;sections&#8221;:[{&#8222;items&#8221;:[{&#8222;type&#8221;:&#8221;TEXT&#8221;,&#8221;content&#8221;:&#8221; Z\u0142\u0105cze k\u0142owe Szeroko\u015b\u0107 pazura: 42 mm Zakres temperatury: -40\u00b0C do maks. +95\u00b0C Materia\u0142 uszczelki rury, uszczelki w\u0119\u017ca NBR Uszczelka NBR Tworzywo stal ocynkowana DN 20 mm Materia\u0142 uszczelki rury, uszczelki w\u0119\u017ca NBR Uszczelka NBR Tworzywo stal ocynkowana Ci\u0119\u017car 0,21 kg Rodzaj gwintu G \u015arednica nominalna &#8222;DN&#8221; 20,0 mm Gwint zewn\u0119trzny G 1 Gwint 1 [&hellip;]\" \/>\n<meta property=\"og:url\" content=\"https:\/\/emerpolska.pl\/index.php\/produkt\/zlacze-klowe-g1-gz-rozstaw-42\/\" \/>\n<meta property=\"og:site_name\" content=\"EMER Polska\" \/>\n<meta name=\"twitter:card\" content=\"summary_large_image\" \/>\n<script type=\"application\/ld+json\" class=\"yoast-schema-graph\">{\"@context\":\"https:\/\/schema.org\",\"@graph\":[{\"@type\":\"WebPage\",\"@id\":\"https:\/\/emerpolska.pl\/index.php\/produkt\/zlacze-klowe-g1-gz-rozstaw-42\/\",\"url\":\"https:\/\/emerpolska.pl\/index.php\/produkt\/zlacze-klowe-g1-gz-rozstaw-42\/\",\"name\":\"Z\u0142\u0105cze k\u0142owe G1 GZ, rozstaw 42 - EMER Polska\",\"isPartOf\":{\"@id\":\"https:\/\/emerpolska.pl\/#website\"},\"datePublished\":\"2025-07-24T21:21:39+00:00\",\"breadcrumb\":{\"@id\":\"https:\/\/emerpolska.pl\/index.php\/produkt\/zlacze-klowe-g1-gz-rozstaw-42\/#breadcrumb\"},\"inLanguage\":\"pl-PL\",\"potentialAction\":[{\"@type\":\"ReadAction\",\"target\":[\"https:\/\/emerpolska.pl\/index.php\/produkt\/zlacze-klowe-g1-gz-rozstaw-42\/\"]}]},{\"@type\":\"BreadcrumbList\",\"@id\":\"https:\/\/emerpolska.pl\/index.php\/produkt\/zlacze-klowe-g1-gz-rozstaw-42\/#breadcrumb\",\"itemListElement\":[{\"@type\":\"ListItem\",\"position\":1,\"name\":\"Strona g\u0142\u00f3wna\",\"item\":\"https:\/\/emerpolska.pl\/\"},{\"@type\":\"ListItem\",\"position\":2,\"name\":\"Jeste\u015bmy w przygotowaniu. Ju\u017c wkr\u00f3tce.\",\"item\":\"https:\/\/emerpolska.pl\/index.php\/shop\/\"},{\"@type\":\"ListItem\",\"position\":3,\"name\":\"Z\u0142\u0105cze k\u0142owe G1 GZ, rozstaw 42\"}]},{\"@type\":\"WebSite\",\"@id\":\"https:\/\/emerpolska.pl\/#website\",\"url\":\"https:\/\/emerpolska.pl\/\",\"name\":\"EMER Polska\",\"description\":\"Centrum Pneumatyki i Automatyki\",\"publisher\":{\"@id\":\"https:\/\/emerpolska.pl\/#organization\"},\"potentialAction\":[{\"@type\":\"SearchAction\",\"target\":{\"@type\":\"EntryPoint\",\"urlTemplate\":\"https:\/\/emerpolska.pl\/?s={search_term_string}\"},\"query-input\":{\"@type\":\"PropertyValueSpecification\",\"valueRequired\":true,\"valueName\":\"search_term_string\"}}],\"inLanguage\":\"pl-PL\"},{\"@type\":\"Organization\",\"@id\":\"https:\/\/emerpolska.pl\/#organization\",\"name\":\"EMER Polska\",\"url\":\"https:\/\/emerpolska.pl\/\",\"logo\":{\"@type\":\"ImageObject\",\"inLanguage\":\"pl-PL\",\"@id\":\"https:\/\/emerpolska.pl\/#\/schema\/logo\/image\/\",\"url\":\"https:\/\/emerpolska.pl\/wp-content\/uploads\/2025\/07\/logo.jpg\",\"contentUrl\":\"https:\/\/emerpolska.pl\/wp-content\/uploads\/2025\/07\/logo.jpg\",\"width\":1021,\"height\":362,\"caption\":\"EMER Polska\"},\"image\":{\"@id\":\"https:\/\/emerpolska.pl\/#\/schema\/logo\/image\/\"}}]}<\/script>\n<!-- \/ Yoast SEO plugin. -->","yoast_head_json":{"title":"Z\u0142\u0105cze k\u0142owe G1 GZ, rozstaw 42 - EMER Polska","robots":{"index":"index","follow":"follow","max-snippet":"max-snippet:-1","max-image-preview":"max-image-preview:large","max-video-preview":"max-video-preview:-1"},"canonical":"https:\/\/emerpolska.pl\/index.php\/produkt\/zlacze-klowe-g1-gz-rozstaw-42\/","og_locale":"pl_PL","og_type":"article","og_title":"Z\u0142\u0105cze k\u0142owe G1 GZ, rozstaw 42 - EMER Polska","og_description":"{&#8222;sections&#8221;:[{&#8222;items&#8221;:[{&#8222;type&#8221;:&#8221;TEXT&#8221;,&#8221;content&#8221;:&#8221; Z\u0142\u0105cze k\u0142owe Szeroko\u015b\u0107 pazura: 42 mm Zakres temperatury: -40\u00b0C do maks. +95\u00b0C Materia\u0142 uszczelki rury, uszczelki w\u0119\u017ca NBR Uszczelka NBR Tworzywo stal ocynkowana DN 20 mm Materia\u0142 uszczelki rury, uszczelki w\u0119\u017ca NBR Uszczelka NBR Tworzywo stal ocynkowana Ci\u0119\u017car 0,21 kg Rodzaj gwintu G \u015arednica nominalna &#8222;DN&#8221; 20,0 mm Gwint zewn\u0119trzny G 1 Gwint 1 [&hellip;]","og_url":"https:\/\/emerpolska.pl\/index.php\/produkt\/zlacze-klowe-g1-gz-rozstaw-42\/","og_site_name":"EMER Polska","twitter_card":"summary_large_image","schema":{"@context":"https:\/\/schema.org","@graph":[{"@type":"WebPage","@id":"https:\/\/emerpolska.pl\/index.php\/produkt\/zlacze-klowe-g1-gz-rozstaw-42\/","url":"https:\/\/emerpolska.pl\/index.php\/produkt\/zlacze-klowe-g1-gz-rozstaw-42\/","name":"Z\u0142\u0105cze k\u0142owe G1 GZ, rozstaw 42 - EMER Polska","isPartOf":{"@id":"https:\/\/emerpolska.pl\/#website"},"datePublished":"2025-07-24T21:21:39+00:00","breadcrumb":{"@id":"https:\/\/emerpolska.pl\/index.php\/produkt\/zlacze-klowe-g1-gz-rozstaw-42\/#breadcrumb"},"inLanguage":"pl-PL","potentialAction":[{"@type":"ReadAction","target":["https:\/\/emerpolska.pl\/index.php\/produkt\/zlacze-klowe-g1-gz-rozstaw-42\/"]}]},{"@type":"BreadcrumbList","@id":"https:\/\/emerpolska.pl\/index.php\/produkt\/zlacze-klowe-g1-gz-rozstaw-42\/#breadcrumb","itemListElement":[{"@type":"ListItem","position":1,"name":"Strona g\u0142\u00f3wna","item":"https:\/\/emerpolska.pl\/"},{"@type":"ListItem","position":2,"name":"Jeste\u015bmy w przygotowaniu. Ju\u017c wkr\u00f3tce.","item":"https:\/\/emerpolska.pl\/index.php\/shop\/"},{"@type":"ListItem","position":3,"name":"Z\u0142\u0105cze k\u0142owe G1 GZ, rozstaw 42"}]},{"@type":"WebSite","@id":"https:\/\/emerpolska.pl\/#website","url":"https:\/\/emerpolska.pl\/","name":"EMER Polska","description":"Centrum Pneumatyki i Automatyki","publisher":{"@id":"https:\/\/emerpolska.pl\/#organization"},"potentialAction":[{"@type":"SearchAction","target":{"@type":"EntryPoint","urlTemplate":"https:\/\/emerpolska.pl\/?s={search_term_string}"},"query-input":{"@type":"PropertyValueSpecification","valueRequired":true,"valueName":"search_term_string"}}],"inLanguage":"pl-PL"},{"@type":"Organization","@id":"https:\/\/emerpolska.pl\/#organization","name":"EMER Polska","url":"https:\/\/emerpolska.pl\/","logo":{"@type":"ImageObject","inLanguage":"pl-PL","@id":"https:\/\/emerpolska.pl\/#\/schema\/logo\/image\/","url":"https:\/\/emerpolska.pl\/wp-content\/uploads\/2025\/07\/logo.jpg","contentUrl":"https:\/\/emerpolska.pl\/wp-content\/uploads\/2025\/07\/logo.jpg","width":1021,"height":362,"caption":"EMER Polska"},"image":{"@id":"https:\/\/emerpolska.pl\/#\/schema\/logo\/image\/"}}]}},"_links":{"self":[{"href":"https:\/\/emerpolska.pl\/index.php\/wp-json\/wp\/v2\/product\/1052","targetHints":{"allow":["GET"]}}],"collection":[{"href":"https:\/\/emerpolska.pl\/index.php\/wp-json\/wp\/v2\/product"}],"about":[{"href":"https:\/\/emerpolska.pl\/index.php\/wp-json\/wp\/v2\/types\/product"}],"replies":[{"embeddable":true,"href":"https:\/\/emerpolska.pl\/index.php\/wp-json\/wp\/v2\/comments?post=1052"}],"wp:attachment":[{"href":"https:\/\/emerpolska.pl\/index.php\/wp-json\/wp\/v2\/media?parent=1052"}],"wp:term":[{"taxonomy":"product_brand","embeddable":true,"href":"https:\/\/emerpolska.pl\/index.php\/wp-json\/wp\/v2\/product_brand?post=1052"},{"taxonomy":"product_cat","embeddable":true,"href":"https:\/\/emerpolska.pl\/index.php\/wp-json\/wp\/v2\/product_cat?post=1052"},{"taxonomy":"product_tag","embeddable":true,"href":"https:\/\/emerpolska.pl\/index.php\/wp-json\/wp\/v2\/product_tag?post=1052"}],"curies":[{"name":"wp","href":"https:\/\/api.w.org\/{rel}","templated":true}]}}