{"id":1092,"date":"2025-07-24T23:21:55","date_gmt":"2025-07-24T21:21:55","guid":{"rendered":"https:\/\/emerpolska.pl\/index.php\/produkt\/czujnik-temperatury-styk-nc-mosiadz-40c-24vdc\/"},"modified":"2025-07-29T18:16:14","modified_gmt":"2025-07-29T16:16:14","slug":"czujnik-temperatury-styk-nc-mosiadz-40c-24vdc","status":"publish","type":"product","link":"https:\/\/emerpolska.pl\/index.php\/produkt\/czujnik-temperatury-styk-nc-mosiadz-40c-24vdc\/","title":{"rendered":"Czujnik temperatury styk NC mosi\u0105dz 40\u00b0C 24VDC"},"content":{"rendered":"<p>&nbsp;<\/p>\n<h1>Czujnik temperatury<\/h1>\n<p>Zakres temperatury: +30\u00b0C do maks. +120\u00b0C<\/p>\n<p>Stopie\u0144 ochrony: IP 65, wyj\u015bcie prze\u0142\u0105czania: maks. 250 V AC, 30 V DC (0,1 &#8211; 4 A)<\/p>\n<p>Przy\u0142\u0105cze elektryczne: Wtyczka DIN 43650 \/ EN 175301-803, wielko\u015b\u0107 wtyczki 3 (forma konstrukcyjna A)<\/p>\n<p>Punkty prze\u0142\u0105czania: do 50\u00b0C w krokach co 5\u00b0C, od 50\u00b0C w krokach co 10\u00b0C &#8211; przy zam\u00f3wieniu prosz\u0119 poda\u0107 zadany punkt prze\u0142\u0105czania.<\/p>\n<p>Histereza prze\u0142\u0105czania maks. 20\u00b0C<\/p>\n<p>Punkt prze\u0142\u0105czania 40\u00b0C<\/p>\n<p>Tworzywo mosi\u0105dz<\/p>\n<p>Rodzaj zestyku zestyk zwierny NC<\/p>\n<p>Wykonanie lampka sygna\u0142owa we wtyczce (24 V DC)<\/p>\n<p>Przy\u0142\u0105cze gwintowane G 3\/4<\/p>\n<p>&nbsp;<\/p>\n","protected":false},"excerpt":{"rendered":"<p>&nbsp; Czujnik temperatury Zakres temperatury: +30\u00b0C do maks. +120\u00b0C Stopie\u0144 ochrony: IP 65, wyj\u015bcie prze\u0142\u0105czania: maks. 250 V AC, 30 V DC (0,1 &#8211; 4 A) Przy\u0142\u0105cze elektryczne: Wtyczka DIN 43650 \/ EN 175301-803, wielko\u015b\u0107 wtyczki 3 (forma konstrukcyjna A) Punkty prze\u0142\u0105czania: do 50\u00b0C w krokach co 5\u00b0C, od 50\u00b0C w krokach co 10\u00b0C &#8211; [&hellip;]<\/p>\n","protected":false},"featured_media":1493,"comment_status":"closed","ping_status":"closed","template":"","meta":[],"product_brand":[55],"product_cat":[48],"product_tag":[],"class_list":{"0":"post-1092","1":"product","2":"type-product","3":"status-publish","4":"has-post-thumbnail","6":"product_brand-aircom","7":"product_cat-pneumatyka-121447","9":"first","10":"instock","11":"taxable","12":"shipping-taxable","13":"purchasable","14":"product-type-simple"},"yoast_head":"<!-- This site is optimized with the Yoast SEO plugin v27.0 - https:\/\/yoast.com\/product\/yoast-seo-wordpress\/ -->\n<title>Czujnik temperatury styk NC mosi\u0105dz 40\u00b0C 24VDC - EMER Polska<\/title>\n<meta name=\"robots\" content=\"index, follow, max-snippet:-1, max-image-preview:large, max-video-preview:-1\" \/>\n<link rel=\"canonical\" href=\"https:\/\/emerpolska.pl\/index.php\/produkt\/czujnik-temperatury-styk-nc-mosiadz-40c-24vdc\/\" \/>\n<meta property=\"og:locale\" content=\"pl_PL\" \/>\n<meta property=\"og:type\" content=\"article\" \/>\n<meta property=\"og:title\" content=\"Czujnik temperatury styk NC mosi\u0105dz 40\u00b0C 24VDC - EMER Polska\" \/>\n<meta property=\"og:description\" content=\"&nbsp; Czujnik temperatury Zakres temperatury: +30\u00b0C do maks. +120\u00b0C Stopie\u0144 ochrony: IP 65, wyj\u015bcie prze\u0142\u0105czania: maks. 250 V AC, 30 V DC (0,1 &#8211; 4 A) Przy\u0142\u0105cze elektryczne: Wtyczka DIN 43650 \/ EN 175301-803, wielko\u015b\u0107 wtyczki 3 (forma konstrukcyjna A) Punkty prze\u0142\u0105czania: do 50\u00b0C w krokach co 5\u00b0C, od 50\u00b0C w krokach co 10\u00b0C &#8211; [&hellip;]\" \/>\n<meta property=\"og:url\" content=\"https:\/\/emerpolska.pl\/index.php\/produkt\/czujnik-temperatury-styk-nc-mosiadz-40c-24vdc\/\" \/>\n<meta property=\"og:site_name\" content=\"EMER Polska\" \/>\n<meta property=\"article:modified_time\" content=\"2025-07-29T16:16:14+00:00\" \/>\n<meta property=\"og:image\" content=\"https:\/\/emerpolska.pl\/wp-content\/uploads\/2025\/07\/Temperatura.jpeg\" \/>\n\t<meta property=\"og:image:width\" content=\"317\" \/>\n\t<meta property=\"og:image:height\" content=\"325\" \/>\n\t<meta property=\"og:image:type\" content=\"image\/jpeg\" \/>\n<meta name=\"twitter:card\" content=\"summary_large_image\" \/>\n<meta name=\"twitter:label1\" content=\"Szacowany czas czytania\" \/>\n\t<meta name=\"twitter:data1\" content=\"1 minuta\" \/>\n<script type=\"application\/ld+json\" class=\"yoast-schema-graph\">{\"@context\":\"https:\/\/schema.org\",\"@graph\":[{\"@type\":\"WebPage\",\"@id\":\"https:\/\/emerpolska.pl\/index.php\/produkt\/czujnik-temperatury-styk-nc-mosiadz-40c-24vdc\/\",\"url\":\"https:\/\/emerpolska.pl\/index.php\/produkt\/czujnik-temperatury-styk-nc-mosiadz-40c-24vdc\/\",\"name\":\"Czujnik temperatury styk NC mosi\u0105dz 40\u00b0C 24VDC - EMER Polska\",\"isPartOf\":{\"@id\":\"https:\/\/emerpolska.pl\/#website\"},\"primaryImageOfPage\":{\"@id\":\"https:\/\/emerpolska.pl\/index.php\/produkt\/czujnik-temperatury-styk-nc-mosiadz-40c-24vdc\/#primaryimage\"},\"image\":{\"@id\":\"https:\/\/emerpolska.pl\/index.php\/produkt\/czujnik-temperatury-styk-nc-mosiadz-40c-24vdc\/#primaryimage\"},\"thumbnailUrl\":\"https:\/\/emerpolska.pl\/wp-content\/uploads\/2025\/07\/Temperatura.jpeg\",\"datePublished\":\"2025-07-24T21:21:55+00:00\",\"dateModified\":\"2025-07-29T16:16:14+00:00\",\"breadcrumb\":{\"@id\":\"https:\/\/emerpolska.pl\/index.php\/produkt\/czujnik-temperatury-styk-nc-mosiadz-40c-24vdc\/#breadcrumb\"},\"inLanguage\":\"pl-PL\",\"potentialAction\":[{\"@type\":\"ReadAction\",\"target\":[\"https:\/\/emerpolska.pl\/index.php\/produkt\/czujnik-temperatury-styk-nc-mosiadz-40c-24vdc\/\"]}]},{\"@type\":\"ImageObject\",\"inLanguage\":\"pl-PL\",\"@id\":\"https:\/\/emerpolska.pl\/index.php\/produkt\/czujnik-temperatury-styk-nc-mosiadz-40c-24vdc\/#primaryimage\",\"url\":\"https:\/\/emerpolska.pl\/wp-content\/uploads\/2025\/07\/Temperatura.jpeg\",\"contentUrl\":\"https:\/\/emerpolska.pl\/wp-content\/uploads\/2025\/07\/Temperatura.jpeg\",\"width\":317,\"height\":325},{\"@type\":\"BreadcrumbList\",\"@id\":\"https:\/\/emerpolska.pl\/index.php\/produkt\/czujnik-temperatury-styk-nc-mosiadz-40c-24vdc\/#breadcrumb\",\"itemListElement\":[{\"@type\":\"ListItem\",\"position\":1,\"name\":\"Strona g\u0142\u00f3wna\",\"item\":\"https:\/\/emerpolska.pl\/\"},{\"@type\":\"ListItem\",\"position\":2,\"name\":\"Jeste\u015bmy w przygotowaniu. Ju\u017c wkr\u00f3tce.\",\"item\":\"https:\/\/emerpolska.pl\/index.php\/shop\/\"},{\"@type\":\"ListItem\",\"position\":3,\"name\":\"Czujnik temperatury styk NC mosi\u0105dz 40\u00b0C 24VDC\"}]},{\"@type\":\"WebSite\",\"@id\":\"https:\/\/emerpolska.pl\/#website\",\"url\":\"https:\/\/emerpolska.pl\/\",\"name\":\"EMER Polska\",\"description\":\"Centrum Pneumatyki i Automatyki\",\"publisher\":{\"@id\":\"https:\/\/emerpolska.pl\/#organization\"},\"potentialAction\":[{\"@type\":\"SearchAction\",\"target\":{\"@type\":\"EntryPoint\",\"urlTemplate\":\"https:\/\/emerpolska.pl\/?s={search_term_string}\"},\"query-input\":{\"@type\":\"PropertyValueSpecification\",\"valueRequired\":true,\"valueName\":\"search_term_string\"}}],\"inLanguage\":\"pl-PL\"},{\"@type\":\"Organization\",\"@id\":\"https:\/\/emerpolska.pl\/#organization\",\"name\":\"EMER Polska\",\"url\":\"https:\/\/emerpolska.pl\/\",\"logo\":{\"@type\":\"ImageObject\",\"inLanguage\":\"pl-PL\",\"@id\":\"https:\/\/emerpolska.pl\/#\/schema\/logo\/image\/\",\"url\":\"https:\/\/emerpolska.pl\/wp-content\/uploads\/2025\/07\/logo.jpg\",\"contentUrl\":\"https:\/\/emerpolska.pl\/wp-content\/uploads\/2025\/07\/logo.jpg\",\"width\":1021,\"height\":362,\"caption\":\"EMER Polska\"},\"image\":{\"@id\":\"https:\/\/emerpolska.pl\/#\/schema\/logo\/image\/\"}}]}<\/script>\n<!-- \/ Yoast SEO plugin. -->","yoast_head_json":{"title":"Czujnik temperatury styk NC mosi\u0105dz 40\u00b0C 24VDC - EMER Polska","robots":{"index":"index","follow":"follow","max-snippet":"max-snippet:-1","max-image-preview":"max-image-preview:large","max-video-preview":"max-video-preview:-1"},"canonical":"https:\/\/emerpolska.pl\/index.php\/produkt\/czujnik-temperatury-styk-nc-mosiadz-40c-24vdc\/","og_locale":"pl_PL","og_type":"article","og_title":"Czujnik temperatury styk NC mosi\u0105dz 40\u00b0C 24VDC - EMER Polska","og_description":"&nbsp; Czujnik temperatury Zakres temperatury: +30\u00b0C do maks. +120\u00b0C Stopie\u0144 ochrony: IP 65, wyj\u015bcie prze\u0142\u0105czania: maks. 250 V AC, 30 V DC (0,1 &#8211; 4 A) Przy\u0142\u0105cze elektryczne: Wtyczka DIN 43650 \/ EN 175301-803, wielko\u015b\u0107 wtyczki 3 (forma konstrukcyjna A) Punkty prze\u0142\u0105czania: do 50\u00b0C w krokach co 5\u00b0C, od 50\u00b0C w krokach co 10\u00b0C &#8211; [&hellip;]","og_url":"https:\/\/emerpolska.pl\/index.php\/produkt\/czujnik-temperatury-styk-nc-mosiadz-40c-24vdc\/","og_site_name":"EMER Polska","article_modified_time":"2025-07-29T16:16:14+00:00","og_image":[{"width":317,"height":325,"url":"https:\/\/emerpolska.pl\/wp-content\/uploads\/2025\/07\/Temperatura.jpeg","type":"image\/jpeg"}],"twitter_card":"summary_large_image","twitter_misc":{"Szacowany czas czytania":"1 minuta"},"schema":{"@context":"https:\/\/schema.org","@graph":[{"@type":"WebPage","@id":"https:\/\/emerpolska.pl\/index.php\/produkt\/czujnik-temperatury-styk-nc-mosiadz-40c-24vdc\/","url":"https:\/\/emerpolska.pl\/index.php\/produkt\/czujnik-temperatury-styk-nc-mosiadz-40c-24vdc\/","name":"Czujnik temperatury styk NC mosi\u0105dz 40\u00b0C 24VDC - EMER Polska","isPartOf":{"@id":"https:\/\/emerpolska.pl\/#website"},"primaryImageOfPage":{"@id":"https:\/\/emerpolska.pl\/index.php\/produkt\/czujnik-temperatury-styk-nc-mosiadz-40c-24vdc\/#primaryimage"},"image":{"@id":"https:\/\/emerpolska.pl\/index.php\/produkt\/czujnik-temperatury-styk-nc-mosiadz-40c-24vdc\/#primaryimage"},"thumbnailUrl":"https:\/\/emerpolska.pl\/wp-content\/uploads\/2025\/07\/Temperatura.jpeg","datePublished":"2025-07-24T21:21:55+00:00","dateModified":"2025-07-29T16:16:14+00:00","breadcrumb":{"@id":"https:\/\/emerpolska.pl\/index.php\/produkt\/czujnik-temperatury-styk-nc-mosiadz-40c-24vdc\/#breadcrumb"},"inLanguage":"pl-PL","potentialAction":[{"@type":"ReadAction","target":["https:\/\/emerpolska.pl\/index.php\/produkt\/czujnik-temperatury-styk-nc-mosiadz-40c-24vdc\/"]}]},{"@type":"ImageObject","inLanguage":"pl-PL","@id":"https:\/\/emerpolska.pl\/index.php\/produkt\/czujnik-temperatury-styk-nc-mosiadz-40c-24vdc\/#primaryimage","url":"https:\/\/emerpolska.pl\/wp-content\/uploads\/2025\/07\/Temperatura.jpeg","contentUrl":"https:\/\/emerpolska.pl\/wp-content\/uploads\/2025\/07\/Temperatura.jpeg","width":317,"height":325},{"@type":"BreadcrumbList","@id":"https:\/\/emerpolska.pl\/index.php\/produkt\/czujnik-temperatury-styk-nc-mosiadz-40c-24vdc\/#breadcrumb","itemListElement":[{"@type":"ListItem","position":1,"name":"Strona g\u0142\u00f3wna","item":"https:\/\/emerpolska.pl\/"},{"@type":"ListItem","position":2,"name":"Jeste\u015bmy w przygotowaniu. Ju\u017c wkr\u00f3tce.","item":"https:\/\/emerpolska.pl\/index.php\/shop\/"},{"@type":"ListItem","position":3,"name":"Czujnik temperatury styk NC mosi\u0105dz 40\u00b0C 24VDC"}]},{"@type":"WebSite","@id":"https:\/\/emerpolska.pl\/#website","url":"https:\/\/emerpolska.pl\/","name":"EMER Polska","description":"Centrum Pneumatyki i Automatyki","publisher":{"@id":"https:\/\/emerpolska.pl\/#organization"},"potentialAction":[{"@type":"SearchAction","target":{"@type":"EntryPoint","urlTemplate":"https:\/\/emerpolska.pl\/?s={search_term_string}"},"query-input":{"@type":"PropertyValueSpecification","valueRequired":true,"valueName":"search_term_string"}}],"inLanguage":"pl-PL"},{"@type":"Organization","@id":"https:\/\/emerpolska.pl\/#organization","name":"EMER Polska","url":"https:\/\/emerpolska.pl\/","logo":{"@type":"ImageObject","inLanguage":"pl-PL","@id":"https:\/\/emerpolska.pl\/#\/schema\/logo\/image\/","url":"https:\/\/emerpolska.pl\/wp-content\/uploads\/2025\/07\/logo.jpg","contentUrl":"https:\/\/emerpolska.pl\/wp-content\/uploads\/2025\/07\/logo.jpg","width":1021,"height":362,"caption":"EMER Polska"},"image":{"@id":"https:\/\/emerpolska.pl\/#\/schema\/logo\/image\/"}}]}},"_links":{"self":[{"href":"https:\/\/emerpolska.pl\/index.php\/wp-json\/wp\/v2\/product\/1092","targetHints":{"allow":["GET"]}}],"collection":[{"href":"https:\/\/emerpolska.pl\/index.php\/wp-json\/wp\/v2\/product"}],"about":[{"href":"https:\/\/emerpolska.pl\/index.php\/wp-json\/wp\/v2\/types\/product"}],"replies":[{"embeddable":true,"href":"https:\/\/emerpolska.pl\/index.php\/wp-json\/wp\/v2\/comments?post=1092"}],"wp:featuredmedia":[{"embeddable":true,"href":"https:\/\/emerpolska.pl\/index.php\/wp-json\/wp\/v2\/media\/1493"}],"wp:attachment":[{"href":"https:\/\/emerpolska.pl\/index.php\/wp-json\/wp\/v2\/media?parent=1092"}],"wp:term":[{"taxonomy":"product_brand","embeddable":true,"href":"https:\/\/emerpolska.pl\/index.php\/wp-json\/wp\/v2\/product_brand?post=1092"},{"taxonomy":"product_cat","embeddable":true,"href":"https:\/\/emerpolska.pl\/index.php\/wp-json\/wp\/v2\/product_cat?post=1092"},{"taxonomy":"product_tag","embeddable":true,"href":"https:\/\/emerpolska.pl\/index.php\/wp-json\/wp\/v2\/product_tag?post=1092"}],"curies":[{"name":"wp","href":"https:\/\/api.w.org\/{rel}","templated":true}]}}