{"id":1134,"date":"2025-07-24T23:22:32","date_gmt":"2025-07-24T21:22:32","guid":{"rendered":"https:\/\/emerpolska.pl\/index.php\/produkt\/zawor-zwrotny-klapowy-do-plynow-g3-4-pn3\/"},"modified":"2025-07-24T23:22:32","modified_gmt":"2025-07-24T21:22:32","slug":"zawor-zwrotny-klapowy-do-plynow-g3-4-pn3","status":"publish","type":"product","link":"https:\/\/emerpolska.pl\/index.php\/produkt\/zawor-zwrotny-klapowy-do-plynow-g3-4-pn3\/","title":{"rendered":"Zaw\u00f3r zwrotny klapowy do p\u0142yn\u00f3w G3\/4 PN3"},"content":{"rendered":"<p>{&#8222;sections&#8221;:[{&#8222;items&#8221;:[{&#8222;type&#8221;:&#8221;TEXT&#8221;,&#8221;content&#8221;:&#8221;<\/p>\n<h1>Zaw\u00f3r zwrotny<\/h1>\n<p>Materia\u0142y: Obudowa: Mosi\u0105dz, uszczelka: NBR (wykonanie z uszczelnieniem mi\u0119kkim)<\/p>\n<p>Zakres temperatury: 0\u00b0C do maks. +90\u00b0C<\/p>\n<p>Obszar zastosowania: Woda (nie para), czynniki neutralne nieagresywne, p\u0142ynne, oleje mineralne<\/p>\n<p>Uwaga: Tylko do czynnik\u00f3w p\u0142ynnych. Klapa zamyka si\u0119 grawitacyjnie, dlatego mo\u017cliwy tylko monta\u017c poziomy!<\/p>\n<p>D\u0142ugo\u015b\u0107 (H) 60 mm<\/p>\n<p>Wykonanie uszczelnienie metal\/metal<\/p>\n<p>Ci\u015bnienie nominalne (PN) 12 Bar<\/p>\n<p>Rodzaj metaliczna uszczelniaj\u0105ca<\/p>\n<p>D\u0142ugo\u015b\u0107 ca\u0142kowita 52 mm<\/p>\n<p>Gwint G 3\/4<\/p>\n<p>&#8222;},{&#8222;type&#8221;:&#8221;IMAGE&#8221;,&#8221;url&#8221;:&#8221;https:\/\/a.allegroimg.com\/original\/1194dd\/8730162a41fbbc0596974532eccd&#8221;}]},{&#8222;items&#8221;:[{&#8222;type&#8221;:&#8221;IMAGE&#8221;,&#8221;url&#8221;:&#8221;https:\/\/a.allegroimg.com\/original\/11ea93\/4b521ec1400eb31f1441459f4659&#8243;}]},{&#8222;items&#8221;:[{&#8222;type&#8221;:&#8221;IMAGE&#8221;,&#8221;url&#8221;:&#8221;https:\/\/a.allegroimg.com\/original\/11e58e\/f6628eb6496b9dd83da525567c2a&#8221;}]}]}<\/p>\n","protected":false},"excerpt":{"rendered":"<p>{&#8222;sections&#8221;:[{&#8222;items&#8221;:[{&#8222;type&#8221;:&#8221;TEXT&#8221;,&#8221;content&#8221;:&#8221; Zaw\u00f3r zwrotny Materia\u0142y: Obudowa: Mosi\u0105dz, uszczelka: NBR (wykonanie z uszczelnieniem mi\u0119kkim) Zakres temperatury: 0\u00b0C do maks. +90\u00b0C Obszar zastosowania: Woda (nie para), czynniki neutralne nieagresywne, p\u0142ynne, oleje mineralne Uwaga: Tylko do czynnik\u00f3w p\u0142ynnych. Klapa zamyka si\u0119 grawitacyjnie, dlatego mo\u017cliwy tylko monta\u017c poziomy! D\u0142ugo\u015b\u0107 (H) 60 mm Wykonanie uszczelnienie metal\/metal Ci\u015bnienie nominalne (PN) 12 Bar [&hellip;]<\/p>\n","protected":false},"featured_media":0,"comment_status":"open","ping_status":"closed","template":"","meta":[],"product_brand":[55],"product_cat":[48],"product_tag":[],"class_list":{"0":"post-1134","1":"product","2":"type-product","3":"status-publish","5":"product_brand-aircom","6":"product_cat-pneumatyka-121447","8":"first","9":"instock","10":"taxable","11":"shipping-taxable","12":"purchasable","13":"product-type-simple"},"yoast_head":"<!-- This site is optimized with the Yoast SEO plugin v27.0 - https:\/\/yoast.com\/product\/yoast-seo-wordpress\/ -->\n<title>Zaw\u00f3r zwrotny klapowy do p\u0142yn\u00f3w G3\/4 PN3 - EMER Polska<\/title>\n<meta name=\"robots\" content=\"index, follow, max-snippet:-1, max-image-preview:large, max-video-preview:-1\" \/>\n<link rel=\"canonical\" href=\"https:\/\/emerpolska.pl\/index.php\/produkt\/zawor-zwrotny-klapowy-do-plynow-g3-4-pn3\/\" \/>\n<meta property=\"og:locale\" content=\"pl_PL\" \/>\n<meta property=\"og:type\" content=\"article\" \/>\n<meta property=\"og:title\" content=\"Zaw\u00f3r zwrotny klapowy do p\u0142yn\u00f3w G3\/4 PN3 - EMER Polska\" \/>\n<meta property=\"og:description\" content=\"{&#8222;sections&#8221;:[{&#8222;items&#8221;:[{&#8222;type&#8221;:&#8221;TEXT&#8221;,&#8221;content&#8221;:&#8221; Zaw\u00f3r zwrotny Materia\u0142y: Obudowa: Mosi\u0105dz, uszczelka: NBR (wykonanie z uszczelnieniem mi\u0119kkim) Zakres temperatury: 0\u00b0C do maks. +90\u00b0C Obszar zastosowania: Woda (nie para), czynniki neutralne nieagresywne, p\u0142ynne, oleje mineralne Uwaga: Tylko do czynnik\u00f3w p\u0142ynnych. Klapa zamyka si\u0119 grawitacyjnie, dlatego mo\u017cliwy tylko monta\u017c poziomy! D\u0142ugo\u015b\u0107 (H) 60 mm Wykonanie uszczelnienie metal\/metal Ci\u015bnienie nominalne (PN) 12 Bar [&hellip;]\" \/>\n<meta property=\"og:url\" content=\"https:\/\/emerpolska.pl\/index.php\/produkt\/zawor-zwrotny-klapowy-do-plynow-g3-4-pn3\/\" \/>\n<meta property=\"og:site_name\" content=\"EMER Polska\" \/>\n<meta name=\"twitter:card\" content=\"summary_large_image\" \/>\n<meta name=\"twitter:label1\" content=\"Szacowany czas czytania\" \/>\n\t<meta name=\"twitter:data1\" content=\"1 minuta\" \/>\n<script type=\"application\/ld+json\" class=\"yoast-schema-graph\">{\"@context\":\"https:\/\/schema.org\",\"@graph\":[{\"@type\":\"WebPage\",\"@id\":\"https:\/\/emerpolska.pl\/index.php\/produkt\/zawor-zwrotny-klapowy-do-plynow-g3-4-pn3\/\",\"url\":\"https:\/\/emerpolska.pl\/index.php\/produkt\/zawor-zwrotny-klapowy-do-plynow-g3-4-pn3\/\",\"name\":\"Zaw\u00f3r zwrotny klapowy do p\u0142yn\u00f3w G3\/4 PN3 - EMER Polska\",\"isPartOf\":{\"@id\":\"https:\/\/emerpolska.pl\/#website\"},\"datePublished\":\"2025-07-24T21:22:32+00:00\",\"breadcrumb\":{\"@id\":\"https:\/\/emerpolska.pl\/index.php\/produkt\/zawor-zwrotny-klapowy-do-plynow-g3-4-pn3\/#breadcrumb\"},\"inLanguage\":\"pl-PL\",\"potentialAction\":[{\"@type\":\"ReadAction\",\"target\":[\"https:\/\/emerpolska.pl\/index.php\/produkt\/zawor-zwrotny-klapowy-do-plynow-g3-4-pn3\/\"]}]},{\"@type\":\"BreadcrumbList\",\"@id\":\"https:\/\/emerpolska.pl\/index.php\/produkt\/zawor-zwrotny-klapowy-do-plynow-g3-4-pn3\/#breadcrumb\",\"itemListElement\":[{\"@type\":\"ListItem\",\"position\":1,\"name\":\"Strona g\u0142\u00f3wna\",\"item\":\"https:\/\/emerpolska.pl\/\"},{\"@type\":\"ListItem\",\"position\":2,\"name\":\"Jeste\u015bmy w przygotowaniu. Ju\u017c wkr\u00f3tce.\",\"item\":\"https:\/\/emerpolska.pl\/index.php\/shop\/\"},{\"@type\":\"ListItem\",\"position\":3,\"name\":\"Zaw\u00f3r zwrotny klapowy do p\u0142yn\u00f3w G3\/4 PN3\"}]},{\"@type\":\"WebSite\",\"@id\":\"https:\/\/emerpolska.pl\/#website\",\"url\":\"https:\/\/emerpolska.pl\/\",\"name\":\"EMER Polska\",\"description\":\"Centrum Pneumatyki i Automatyki\",\"publisher\":{\"@id\":\"https:\/\/emerpolska.pl\/#organization\"},\"potentialAction\":[{\"@type\":\"SearchAction\",\"target\":{\"@type\":\"EntryPoint\",\"urlTemplate\":\"https:\/\/emerpolska.pl\/?s={search_term_string}\"},\"query-input\":{\"@type\":\"PropertyValueSpecification\",\"valueRequired\":true,\"valueName\":\"search_term_string\"}}],\"inLanguage\":\"pl-PL\"},{\"@type\":\"Organization\",\"@id\":\"https:\/\/emerpolska.pl\/#organization\",\"name\":\"EMER Polska\",\"url\":\"https:\/\/emerpolska.pl\/\",\"logo\":{\"@type\":\"ImageObject\",\"inLanguage\":\"pl-PL\",\"@id\":\"https:\/\/emerpolska.pl\/#\/schema\/logo\/image\/\",\"url\":\"https:\/\/emerpolska.pl\/wp-content\/uploads\/2025\/07\/logo.jpg\",\"contentUrl\":\"https:\/\/emerpolska.pl\/wp-content\/uploads\/2025\/07\/logo.jpg\",\"width\":1021,\"height\":362,\"caption\":\"EMER Polska\"},\"image\":{\"@id\":\"https:\/\/emerpolska.pl\/#\/schema\/logo\/image\/\"}}]}<\/script>\n<!-- \/ Yoast SEO plugin. -->","yoast_head_json":{"title":"Zaw\u00f3r zwrotny klapowy do p\u0142yn\u00f3w G3\/4 PN3 - EMER Polska","robots":{"index":"index","follow":"follow","max-snippet":"max-snippet:-1","max-image-preview":"max-image-preview:large","max-video-preview":"max-video-preview:-1"},"canonical":"https:\/\/emerpolska.pl\/index.php\/produkt\/zawor-zwrotny-klapowy-do-plynow-g3-4-pn3\/","og_locale":"pl_PL","og_type":"article","og_title":"Zaw\u00f3r zwrotny klapowy do p\u0142yn\u00f3w G3\/4 PN3 - EMER Polska","og_description":"{&#8222;sections&#8221;:[{&#8222;items&#8221;:[{&#8222;type&#8221;:&#8221;TEXT&#8221;,&#8221;content&#8221;:&#8221; Zaw\u00f3r zwrotny Materia\u0142y: Obudowa: Mosi\u0105dz, uszczelka: NBR (wykonanie z uszczelnieniem mi\u0119kkim) Zakres temperatury: 0\u00b0C do maks. +90\u00b0C Obszar zastosowania: Woda (nie para), czynniki neutralne nieagresywne, p\u0142ynne, oleje mineralne Uwaga: Tylko do czynnik\u00f3w p\u0142ynnych. Klapa zamyka si\u0119 grawitacyjnie, dlatego mo\u017cliwy tylko monta\u017c poziomy! D\u0142ugo\u015b\u0107 (H) 60 mm Wykonanie uszczelnienie metal\/metal Ci\u015bnienie nominalne (PN) 12 Bar [&hellip;]","og_url":"https:\/\/emerpolska.pl\/index.php\/produkt\/zawor-zwrotny-klapowy-do-plynow-g3-4-pn3\/","og_site_name":"EMER Polska","twitter_card":"summary_large_image","twitter_misc":{"Szacowany czas czytania":"1 minuta"},"schema":{"@context":"https:\/\/schema.org","@graph":[{"@type":"WebPage","@id":"https:\/\/emerpolska.pl\/index.php\/produkt\/zawor-zwrotny-klapowy-do-plynow-g3-4-pn3\/","url":"https:\/\/emerpolska.pl\/index.php\/produkt\/zawor-zwrotny-klapowy-do-plynow-g3-4-pn3\/","name":"Zaw\u00f3r zwrotny klapowy do p\u0142yn\u00f3w G3\/4 PN3 - EMER Polska","isPartOf":{"@id":"https:\/\/emerpolska.pl\/#website"},"datePublished":"2025-07-24T21:22:32+00:00","breadcrumb":{"@id":"https:\/\/emerpolska.pl\/index.php\/produkt\/zawor-zwrotny-klapowy-do-plynow-g3-4-pn3\/#breadcrumb"},"inLanguage":"pl-PL","potentialAction":[{"@type":"ReadAction","target":["https:\/\/emerpolska.pl\/index.php\/produkt\/zawor-zwrotny-klapowy-do-plynow-g3-4-pn3\/"]}]},{"@type":"BreadcrumbList","@id":"https:\/\/emerpolska.pl\/index.php\/produkt\/zawor-zwrotny-klapowy-do-plynow-g3-4-pn3\/#breadcrumb","itemListElement":[{"@type":"ListItem","position":1,"name":"Strona g\u0142\u00f3wna","item":"https:\/\/emerpolska.pl\/"},{"@type":"ListItem","position":2,"name":"Jeste\u015bmy w przygotowaniu. Ju\u017c wkr\u00f3tce.","item":"https:\/\/emerpolska.pl\/index.php\/shop\/"},{"@type":"ListItem","position":3,"name":"Zaw\u00f3r zwrotny klapowy do p\u0142yn\u00f3w G3\/4 PN3"}]},{"@type":"WebSite","@id":"https:\/\/emerpolska.pl\/#website","url":"https:\/\/emerpolska.pl\/","name":"EMER Polska","description":"Centrum Pneumatyki i Automatyki","publisher":{"@id":"https:\/\/emerpolska.pl\/#organization"},"potentialAction":[{"@type":"SearchAction","target":{"@type":"EntryPoint","urlTemplate":"https:\/\/emerpolska.pl\/?s={search_term_string}"},"query-input":{"@type":"PropertyValueSpecification","valueRequired":true,"valueName":"search_term_string"}}],"inLanguage":"pl-PL"},{"@type":"Organization","@id":"https:\/\/emerpolska.pl\/#organization","name":"EMER Polska","url":"https:\/\/emerpolska.pl\/","logo":{"@type":"ImageObject","inLanguage":"pl-PL","@id":"https:\/\/emerpolska.pl\/#\/schema\/logo\/image\/","url":"https:\/\/emerpolska.pl\/wp-content\/uploads\/2025\/07\/logo.jpg","contentUrl":"https:\/\/emerpolska.pl\/wp-content\/uploads\/2025\/07\/logo.jpg","width":1021,"height":362,"caption":"EMER Polska"},"image":{"@id":"https:\/\/emerpolska.pl\/#\/schema\/logo\/image\/"}}]}},"_links":{"self":[{"href":"https:\/\/emerpolska.pl\/index.php\/wp-json\/wp\/v2\/product\/1134","targetHints":{"allow":["GET"]}}],"collection":[{"href":"https:\/\/emerpolska.pl\/index.php\/wp-json\/wp\/v2\/product"}],"about":[{"href":"https:\/\/emerpolska.pl\/index.php\/wp-json\/wp\/v2\/types\/product"}],"replies":[{"embeddable":true,"href":"https:\/\/emerpolska.pl\/index.php\/wp-json\/wp\/v2\/comments?post=1134"}],"wp:attachment":[{"href":"https:\/\/emerpolska.pl\/index.php\/wp-json\/wp\/v2\/media?parent=1134"}],"wp:term":[{"taxonomy":"product_brand","embeddable":true,"href":"https:\/\/emerpolska.pl\/index.php\/wp-json\/wp\/v2\/product_brand?post=1134"},{"taxonomy":"product_cat","embeddable":true,"href":"https:\/\/emerpolska.pl\/index.php\/wp-json\/wp\/v2\/product_cat?post=1134"},{"taxonomy":"product_tag","embeddable":true,"href":"https:\/\/emerpolska.pl\/index.php\/wp-json\/wp\/v2\/product_tag?post=1134"}],"curies":[{"name":"wp","href":"https:\/\/api.w.org\/{rel}","templated":true}]}}