{"id":1197,"date":"2025-07-24T23:23:00","date_gmt":"2025-07-24T21:23:00","guid":{"rendered":"https:\/\/emerpolska.pl\/index.php\/produkt\/zlaczka-katowa-wtykowa-dluga-12-3-8-oring\/"},"modified":"2025-07-24T23:23:00","modified_gmt":"2025-07-24T21:23:00","slug":"zlaczka-katowa-wtykowa-dluga-12-3-8-oring","status":"publish","type":"product","link":"https:\/\/emerpolska.pl\/index.php\/produkt\/zlaczka-katowa-wtykowa-dluga-12-3-8-oring\/","title":{"rendered":"Z\u0142\u0105czka k\u0105towa wtykowa d\u0142uga 12-3\/8 (oring)"},"content":{"rendered":"<p>{&#8222;sections&#8221;:[{&#8222;items&#8221;:[{&#8222;type&#8221;:&#8221;TEXT&#8221;,&#8221;content&#8221;:&#8221;<\/p>\n<h1>Z\u0141\u0104CZKA K\u0104TOWA<\/h1>\n<p><b>Materia\u0142y<\/b><b>: <\/b>Korpus: mosi\u0105dz niklowany \/ PA 66 (z\u0142\u0105czka wtykowa M3: stal niklowana lub PA66), pier\u015bcie\u0144 wciskowy do demonta\u017cu przewodu: PA 66, uszczelnienie: NBR, stal nierdzewna, pier\u015bcie\u0144 zaciskaj\u0105cy przew\u00f3d: ZnDC ocynkowany (w czasie monta\u017cu s\u0105 stosowane wy\u0142\u0105cznie uszczelnienia i smary bez silikonu)<\/p>\n<p><b>Zalecane temperatury pracy:<\/b>-20\u00b0 C do maks. + 80\u00b0 C<\/p>\n<p><b>Zalecane ci\u015bnienie robocze:<\/b>-0,95 do 20 bar\u00f3w<\/p>\n<p><b>Media robocze: <\/b>Spr\u0119\u017cone powietrze, gazy oboj\u0119tne, woda (woda do temperatury maksymalnie 60\u00b0 C)<\/p>\n<p><b>Zalety: <\/b>Du\u017ca r\u00f3\u017cnorodno\u015b\u0107 produkt\u00f3w, wysoka szczelno\u015b\u0107, z\u0142\u0105czki wtykowe dost\u0119pne z gwintem sto\u017ckowym, pokryte PTFE lub z gwintem calowym walcowym z pier\u015bcieniem O-ring.<\/p>\n<p>&#8211; \u015arednica D 12 mm<\/p>\n<p>&#8211; Gwint 3\/8<\/p>\n<p>&#8222;},{&#8222;type&#8221;:&#8221;IMAGE&#8221;,&#8221;url&#8221;:&#8221;https:\/\/a.allegroimg.com\/original\/11695c\/95e1a43d4a1fb00c67a4777f4188&#8243;}]}]}<\/p>\n","protected":false},"excerpt":{"rendered":"<p>{&#8222;sections&#8221;:[{&#8222;items&#8221;:[{&#8222;type&#8221;:&#8221;TEXT&#8221;,&#8221;content&#8221;:&#8221; Z\u0141\u0104CZKA K\u0104TOWA Materia\u0142y: Korpus: mosi\u0105dz niklowany \/ PA 66 (z\u0142\u0105czka wtykowa M3: stal niklowana lub PA66), pier\u015bcie\u0144 wciskowy do demonta\u017cu przewodu: PA 66, uszczelnienie: NBR, stal nierdzewna, pier\u015bcie\u0144 zaciskaj\u0105cy przew\u00f3d: ZnDC ocynkowany (w czasie monta\u017cu s\u0105 stosowane wy\u0142\u0105cznie uszczelnienia i smary bez silikonu) Zalecane temperatury pracy:-20\u00b0 C do maks. + 80\u00b0 C Zalecane ci\u015bnienie [&hellip;]<\/p>\n","protected":false},"featured_media":0,"comment_status":"open","ping_status":"closed","template":"","meta":[],"product_brand":[53],"product_cat":[48],"product_tag":[],"class_list":{"0":"post-1197","1":"product","2":"type-product","3":"status-publish","5":"product_brand-air","6":"product_cat-pneumatyka-121447","8":"first","9":"instock","10":"taxable","11":"shipping-taxable","12":"purchasable","13":"product-type-simple"},"yoast_head":"<!-- This site is optimized with the Yoast SEO plugin v27.0 - https:\/\/yoast.com\/product\/yoast-seo-wordpress\/ -->\n<title>Z\u0142\u0105czka k\u0105towa wtykowa d\u0142uga 12-3\/8 (oring) - EMER Polska<\/title>\n<meta name=\"robots\" content=\"index, follow, max-snippet:-1, max-image-preview:large, max-video-preview:-1\" \/>\n<link rel=\"canonical\" href=\"https:\/\/emerpolska.pl\/index.php\/produkt\/zlaczka-katowa-wtykowa-dluga-12-3-8-oring\/\" \/>\n<meta property=\"og:locale\" content=\"pl_PL\" \/>\n<meta property=\"og:type\" content=\"article\" \/>\n<meta property=\"og:title\" content=\"Z\u0142\u0105czka k\u0105towa wtykowa d\u0142uga 12-3\/8 (oring) - EMER Polska\" \/>\n<meta property=\"og:description\" content=\"{&#8222;sections&#8221;:[{&#8222;items&#8221;:[{&#8222;type&#8221;:&#8221;TEXT&#8221;,&#8221;content&#8221;:&#8221; Z\u0141\u0104CZKA K\u0104TOWA Materia\u0142y: Korpus: mosi\u0105dz niklowany \/ PA 66 (z\u0142\u0105czka wtykowa M3: stal niklowana lub PA66), pier\u015bcie\u0144 wciskowy do demonta\u017cu przewodu: PA 66, uszczelnienie: NBR, stal nierdzewna, pier\u015bcie\u0144 zaciskaj\u0105cy przew\u00f3d: ZnDC ocynkowany (w czasie monta\u017cu s\u0105 stosowane wy\u0142\u0105cznie uszczelnienia i smary bez silikonu) Zalecane temperatury pracy:-20\u00b0 C do maks. + 80\u00b0 C Zalecane ci\u015bnienie [&hellip;]\" \/>\n<meta property=\"og:url\" content=\"https:\/\/emerpolska.pl\/index.php\/produkt\/zlaczka-katowa-wtykowa-dluga-12-3-8-oring\/\" \/>\n<meta property=\"og:site_name\" content=\"EMER Polska\" \/>\n<meta name=\"twitter:card\" content=\"summary_large_image\" \/>\n<meta name=\"twitter:label1\" content=\"Szacowany czas czytania\" \/>\n\t<meta name=\"twitter:data1\" content=\"1 minuta\" \/>\n<script type=\"application\/ld+json\" class=\"yoast-schema-graph\">{\"@context\":\"https:\/\/schema.org\",\"@graph\":[{\"@type\":\"WebPage\",\"@id\":\"https:\/\/emerpolska.pl\/index.php\/produkt\/zlaczka-katowa-wtykowa-dluga-12-3-8-oring\/\",\"url\":\"https:\/\/emerpolska.pl\/index.php\/produkt\/zlaczka-katowa-wtykowa-dluga-12-3-8-oring\/\",\"name\":\"Z\u0142\u0105czka k\u0105towa wtykowa d\u0142uga 12-3\/8 (oring) - EMER Polska\",\"isPartOf\":{\"@id\":\"https:\/\/emerpolska.pl\/#website\"},\"datePublished\":\"2025-07-24T21:23:00+00:00\",\"breadcrumb\":{\"@id\":\"https:\/\/emerpolska.pl\/index.php\/produkt\/zlaczka-katowa-wtykowa-dluga-12-3-8-oring\/#breadcrumb\"},\"inLanguage\":\"pl-PL\",\"potentialAction\":[{\"@type\":\"ReadAction\",\"target\":[\"https:\/\/emerpolska.pl\/index.php\/produkt\/zlaczka-katowa-wtykowa-dluga-12-3-8-oring\/\"]}]},{\"@type\":\"BreadcrumbList\",\"@id\":\"https:\/\/emerpolska.pl\/index.php\/produkt\/zlaczka-katowa-wtykowa-dluga-12-3-8-oring\/#breadcrumb\",\"itemListElement\":[{\"@type\":\"ListItem\",\"position\":1,\"name\":\"Strona g\u0142\u00f3wna\",\"item\":\"https:\/\/emerpolska.pl\/\"},{\"@type\":\"ListItem\",\"position\":2,\"name\":\"Jeste\u015bmy w przygotowaniu. Ju\u017c wkr\u00f3tce.\",\"item\":\"https:\/\/emerpolska.pl\/index.php\/shop\/\"},{\"@type\":\"ListItem\",\"position\":3,\"name\":\"Z\u0142\u0105czka k\u0105towa wtykowa d\u0142uga 12-3\/8 (oring)\"}]},{\"@type\":\"WebSite\",\"@id\":\"https:\/\/emerpolska.pl\/#website\",\"url\":\"https:\/\/emerpolska.pl\/\",\"name\":\"EMER Polska\",\"description\":\"Centrum Pneumatyki i Automatyki\",\"publisher\":{\"@id\":\"https:\/\/emerpolska.pl\/#organization\"},\"potentialAction\":[{\"@type\":\"SearchAction\",\"target\":{\"@type\":\"EntryPoint\",\"urlTemplate\":\"https:\/\/emerpolska.pl\/?s={search_term_string}\"},\"query-input\":{\"@type\":\"PropertyValueSpecification\",\"valueRequired\":true,\"valueName\":\"search_term_string\"}}],\"inLanguage\":\"pl-PL\"},{\"@type\":\"Organization\",\"@id\":\"https:\/\/emerpolska.pl\/#organization\",\"name\":\"EMER Polska\",\"url\":\"https:\/\/emerpolska.pl\/\",\"logo\":{\"@type\":\"ImageObject\",\"inLanguage\":\"pl-PL\",\"@id\":\"https:\/\/emerpolska.pl\/#\/schema\/logo\/image\/\",\"url\":\"https:\/\/emerpolska.pl\/wp-content\/uploads\/2025\/07\/logo.jpg\",\"contentUrl\":\"https:\/\/emerpolska.pl\/wp-content\/uploads\/2025\/07\/logo.jpg\",\"width\":1021,\"height\":362,\"caption\":\"EMER Polska\"},\"image\":{\"@id\":\"https:\/\/emerpolska.pl\/#\/schema\/logo\/image\/\"}}]}<\/script>\n<!-- \/ Yoast SEO plugin. -->","yoast_head_json":{"title":"Z\u0142\u0105czka k\u0105towa wtykowa d\u0142uga 12-3\/8 (oring) - EMER Polska","robots":{"index":"index","follow":"follow","max-snippet":"max-snippet:-1","max-image-preview":"max-image-preview:large","max-video-preview":"max-video-preview:-1"},"canonical":"https:\/\/emerpolska.pl\/index.php\/produkt\/zlaczka-katowa-wtykowa-dluga-12-3-8-oring\/","og_locale":"pl_PL","og_type":"article","og_title":"Z\u0142\u0105czka k\u0105towa wtykowa d\u0142uga 12-3\/8 (oring) - EMER Polska","og_description":"{&#8222;sections&#8221;:[{&#8222;items&#8221;:[{&#8222;type&#8221;:&#8221;TEXT&#8221;,&#8221;content&#8221;:&#8221; Z\u0141\u0104CZKA K\u0104TOWA Materia\u0142y: Korpus: mosi\u0105dz niklowany \/ PA 66 (z\u0142\u0105czka wtykowa M3: stal niklowana lub PA66), pier\u015bcie\u0144 wciskowy do demonta\u017cu przewodu: PA 66, uszczelnienie: NBR, stal nierdzewna, pier\u015bcie\u0144 zaciskaj\u0105cy przew\u00f3d: ZnDC ocynkowany (w czasie monta\u017cu s\u0105 stosowane wy\u0142\u0105cznie uszczelnienia i smary bez silikonu) Zalecane temperatury pracy:-20\u00b0 C do maks. + 80\u00b0 C Zalecane ci\u015bnienie [&hellip;]","og_url":"https:\/\/emerpolska.pl\/index.php\/produkt\/zlaczka-katowa-wtykowa-dluga-12-3-8-oring\/","og_site_name":"EMER Polska","twitter_card":"summary_large_image","twitter_misc":{"Szacowany czas czytania":"1 minuta"},"schema":{"@context":"https:\/\/schema.org","@graph":[{"@type":"WebPage","@id":"https:\/\/emerpolska.pl\/index.php\/produkt\/zlaczka-katowa-wtykowa-dluga-12-3-8-oring\/","url":"https:\/\/emerpolska.pl\/index.php\/produkt\/zlaczka-katowa-wtykowa-dluga-12-3-8-oring\/","name":"Z\u0142\u0105czka k\u0105towa wtykowa d\u0142uga 12-3\/8 (oring) - EMER Polska","isPartOf":{"@id":"https:\/\/emerpolska.pl\/#website"},"datePublished":"2025-07-24T21:23:00+00:00","breadcrumb":{"@id":"https:\/\/emerpolska.pl\/index.php\/produkt\/zlaczka-katowa-wtykowa-dluga-12-3-8-oring\/#breadcrumb"},"inLanguage":"pl-PL","potentialAction":[{"@type":"ReadAction","target":["https:\/\/emerpolska.pl\/index.php\/produkt\/zlaczka-katowa-wtykowa-dluga-12-3-8-oring\/"]}]},{"@type":"BreadcrumbList","@id":"https:\/\/emerpolska.pl\/index.php\/produkt\/zlaczka-katowa-wtykowa-dluga-12-3-8-oring\/#breadcrumb","itemListElement":[{"@type":"ListItem","position":1,"name":"Strona g\u0142\u00f3wna","item":"https:\/\/emerpolska.pl\/"},{"@type":"ListItem","position":2,"name":"Jeste\u015bmy w przygotowaniu. Ju\u017c wkr\u00f3tce.","item":"https:\/\/emerpolska.pl\/index.php\/shop\/"},{"@type":"ListItem","position":3,"name":"Z\u0142\u0105czka k\u0105towa wtykowa d\u0142uga 12-3\/8 (oring)"}]},{"@type":"WebSite","@id":"https:\/\/emerpolska.pl\/#website","url":"https:\/\/emerpolska.pl\/","name":"EMER Polska","description":"Centrum Pneumatyki i Automatyki","publisher":{"@id":"https:\/\/emerpolska.pl\/#organization"},"potentialAction":[{"@type":"SearchAction","target":{"@type":"EntryPoint","urlTemplate":"https:\/\/emerpolska.pl\/?s={search_term_string}"},"query-input":{"@type":"PropertyValueSpecification","valueRequired":true,"valueName":"search_term_string"}}],"inLanguage":"pl-PL"},{"@type":"Organization","@id":"https:\/\/emerpolska.pl\/#organization","name":"EMER Polska","url":"https:\/\/emerpolska.pl\/","logo":{"@type":"ImageObject","inLanguage":"pl-PL","@id":"https:\/\/emerpolska.pl\/#\/schema\/logo\/image\/","url":"https:\/\/emerpolska.pl\/wp-content\/uploads\/2025\/07\/logo.jpg","contentUrl":"https:\/\/emerpolska.pl\/wp-content\/uploads\/2025\/07\/logo.jpg","width":1021,"height":362,"caption":"EMER Polska"},"image":{"@id":"https:\/\/emerpolska.pl\/#\/schema\/logo\/image\/"}}]}},"_links":{"self":[{"href":"https:\/\/emerpolska.pl\/index.php\/wp-json\/wp\/v2\/product\/1197","targetHints":{"allow":["GET"]}}],"collection":[{"href":"https:\/\/emerpolska.pl\/index.php\/wp-json\/wp\/v2\/product"}],"about":[{"href":"https:\/\/emerpolska.pl\/index.php\/wp-json\/wp\/v2\/types\/product"}],"replies":[{"embeddable":true,"href":"https:\/\/emerpolska.pl\/index.php\/wp-json\/wp\/v2\/comments?post=1197"}],"wp:attachment":[{"href":"https:\/\/emerpolska.pl\/index.php\/wp-json\/wp\/v2\/media?parent=1197"}],"wp:term":[{"taxonomy":"product_brand","embeddable":true,"href":"https:\/\/emerpolska.pl\/index.php\/wp-json\/wp\/v2\/product_brand?post=1197"},{"taxonomy":"product_cat","embeddable":true,"href":"https:\/\/emerpolska.pl\/index.php\/wp-json\/wp\/v2\/product_cat?post=1197"},{"taxonomy":"product_tag","embeddable":true,"href":"https:\/\/emerpolska.pl\/index.php\/wp-json\/wp\/v2\/product_tag?post=1197"}],"curies":[{"name":"wp","href":"https:\/\/api.w.org\/{rel}","templated":true}]}}