{"id":1202,"date":"2025-07-24T23:23:20","date_gmt":"2025-07-24T21:23:20","guid":{"rendered":"https:\/\/emerpolska.pl\/index.php\/produkt\/czujnik-cisnienia-1-10-bar-no-1-4-42v-nierdzewka\/"},"modified":"2025-07-28T12:55:12","modified_gmt":"2025-07-28T10:55:12","slug":"czujnik-cisnienia-1-10-bar-no-1-4-42v-nierdzewka","status":"publish","type":"product","link":"https:\/\/emerpolska.pl\/index.php\/produkt\/czujnik-cisnienia-1-10-bar-no-1-4-42v-nierdzewka\/","title":{"rendered":"Czujnik ci\u015bnienia 1-10 bar NO 1\/4 42V nierdzewka"},"content":{"rendered":"<p>&nbsp;<\/p>\n<h1>Czujnik ci\u015bnienia<\/h1>\n<p>Materia\u0142y: Korpus: stal nierdzewna , membrana: NBR<\/p>\n<p>Zakres temperatury: -25\u00b0C do maks. +85\u00b0C<\/p>\n<p>R\u00f3\u017cnica prze\u0142\u0105czenia zwrotnego: 15 &#8211; 20% (wy\u0142\u0105cznik pr\u00f3\u017cniowy 15 &#8211; 25%)<\/p>\n<p>Stopie\u0144 ochrony: IP 65 (zaciski IP 00)<\/p>\n<p>Przy\u0142\u0105cze kablowe: wtyk plaski 2 x 6,3 x 0,8 (zestyk prze\u0142\u0105czny: 3 x 6,3 x 0,8)<\/p>\n<p>Medium robocze: olej hydrauliczny, emulsja olejowa, powietrze (warunkowo nadaje si\u0119 tak\u017ce do wody)<\/p>\n<p>Napi\u0119cie robocze od 0 do 42 V (AC\/DC)<\/p>\n<p>Zabezpieczenie przed nadci\u015bnieniem do 20 bar<\/p>\n<p>Tworzywo stal nierdzewna<\/p>\n<p>Typ prze\u0142\u0105cznika zestyk rozwierny NO<\/p>\n<p>Moc prze\u0142\u0105czania maks. 5000 mA (AC\/DC)<\/p>\n<p>Zakres regulacji 1-10 bar<\/p>\n<p>Rodzaj gwintu G<\/p>\n<p>Gwint zewn\u0119trzny 1\/4<\/p>\n<p>Waga 0,065 kg<\/p>\n<p>H 49 mm<\/p>\n<p>Wersja wy\u0142\u0105cznik ci\u015bnieniowy<\/p>\n<p>&nbsp;<\/p>\n","protected":false},"excerpt":{"rendered":"<p>&nbsp; Czujnik ci\u015bnienia Materia\u0142y: Korpus: stal nierdzewna , membrana: NBR Zakres temperatury: -25\u00b0C do maks. +85\u00b0C R\u00f3\u017cnica prze\u0142\u0105czenia zwrotnego: 15 &#8211; 20% (wy\u0142\u0105cznik pr\u00f3\u017cniowy 15 &#8211; 25%) Stopie\u0144 ochrony: IP 65 (zaciski IP 00) Przy\u0142\u0105cze kablowe: wtyk plaski 2 x 6,3 x 0,8 (zestyk prze\u0142\u0105czny: 3 x 6,3 x 0,8) Medium robocze: olej hydrauliczny, emulsja [&hellip;]<\/p>\n","protected":false},"featured_media":1481,"comment_status":"closed","ping_status":"closed","template":"","meta":[],"product_brand":[55],"product_cat":[48],"product_tag":[],"class_list":{"0":"post-1202","1":"product","2":"type-product","3":"status-publish","4":"has-post-thumbnail","6":"product_brand-aircom","7":"product_cat-pneumatyka-121447","9":"first","10":"instock","11":"taxable","12":"shipping-taxable","13":"purchasable","14":"product-type-simple"},"yoast_head":"<!-- This site is optimized with the Yoast SEO plugin v27.0 - https:\/\/yoast.com\/product\/yoast-seo-wordpress\/ -->\n<title>Czujnik ci\u015bnienia 1-10 bar NO 1\/4 42V nierdzewka - EMER Polska<\/title>\n<meta name=\"robots\" content=\"index, follow, max-snippet:-1, max-image-preview:large, max-video-preview:-1\" \/>\n<link rel=\"canonical\" href=\"https:\/\/emerpolska.pl\/index.php\/produkt\/czujnik-cisnienia-1-10-bar-no-1-4-42v-nierdzewka\/\" \/>\n<meta property=\"og:locale\" content=\"pl_PL\" \/>\n<meta property=\"og:type\" content=\"article\" \/>\n<meta property=\"og:title\" content=\"Czujnik ci\u015bnienia 1-10 bar NO 1\/4 42V nierdzewka - EMER Polska\" \/>\n<meta property=\"og:description\" content=\"&nbsp; Czujnik ci\u015bnienia Materia\u0142y: Korpus: stal nierdzewna , membrana: NBR Zakres temperatury: -25\u00b0C do maks. +85\u00b0C R\u00f3\u017cnica prze\u0142\u0105czenia zwrotnego: 15 &#8211; 20% (wy\u0142\u0105cznik pr\u00f3\u017cniowy 15 &#8211; 25%) Stopie\u0144 ochrony: IP 65 (zaciski IP 00) Przy\u0142\u0105cze kablowe: wtyk plaski 2 x 6,3 x 0,8 (zestyk prze\u0142\u0105czny: 3 x 6,3 x 0,8) Medium robocze: olej hydrauliczny, emulsja [&hellip;]\" \/>\n<meta property=\"og:url\" content=\"https:\/\/emerpolska.pl\/index.php\/produkt\/czujnik-cisnienia-1-10-bar-no-1-4-42v-nierdzewka\/\" \/>\n<meta property=\"og:site_name\" content=\"EMER Polska\" \/>\n<meta property=\"article:modified_time\" content=\"2025-07-28T10:55:12+00:00\" \/>\n<meta property=\"og:image\" content=\"https:\/\/emerpolska.pl\/wp-content\/uploads\/2025\/07\/140.jpg\" \/>\n\t<meta property=\"og:image:width\" content=\"458\" \/>\n\t<meta property=\"og:image:height\" content=\"458\" \/>\n\t<meta property=\"og:image:type\" content=\"image\/jpeg\" \/>\n<meta name=\"twitter:card\" content=\"summary_large_image\" \/>\n<meta name=\"twitter:label1\" content=\"Szacowany czas czytania\" \/>\n\t<meta name=\"twitter:data1\" content=\"1 minuta\" \/>\n<script type=\"application\/ld+json\" class=\"yoast-schema-graph\">{\"@context\":\"https:\/\/schema.org\",\"@graph\":[{\"@type\":\"WebPage\",\"@id\":\"https:\/\/emerpolska.pl\/index.php\/produkt\/czujnik-cisnienia-1-10-bar-no-1-4-42v-nierdzewka\/\",\"url\":\"https:\/\/emerpolska.pl\/index.php\/produkt\/czujnik-cisnienia-1-10-bar-no-1-4-42v-nierdzewka\/\",\"name\":\"Czujnik ci\u015bnienia 1-10 bar NO 1\/4 42V nierdzewka - EMER Polska\",\"isPartOf\":{\"@id\":\"https:\/\/emerpolska.pl\/#website\"},\"primaryImageOfPage\":{\"@id\":\"https:\/\/emerpolska.pl\/index.php\/produkt\/czujnik-cisnienia-1-10-bar-no-1-4-42v-nierdzewka\/#primaryimage\"},\"image\":{\"@id\":\"https:\/\/emerpolska.pl\/index.php\/produkt\/czujnik-cisnienia-1-10-bar-no-1-4-42v-nierdzewka\/#primaryimage\"},\"thumbnailUrl\":\"https:\/\/emerpolska.pl\/wp-content\/uploads\/2025\/07\/140.jpg\",\"datePublished\":\"2025-07-24T21:23:20+00:00\",\"dateModified\":\"2025-07-28T10:55:12+00:00\",\"breadcrumb\":{\"@id\":\"https:\/\/emerpolska.pl\/index.php\/produkt\/czujnik-cisnienia-1-10-bar-no-1-4-42v-nierdzewka\/#breadcrumb\"},\"inLanguage\":\"pl-PL\",\"potentialAction\":[{\"@type\":\"ReadAction\",\"target\":[\"https:\/\/emerpolska.pl\/index.php\/produkt\/czujnik-cisnienia-1-10-bar-no-1-4-42v-nierdzewka\/\"]}]},{\"@type\":\"ImageObject\",\"inLanguage\":\"pl-PL\",\"@id\":\"https:\/\/emerpolska.pl\/index.php\/produkt\/czujnik-cisnienia-1-10-bar-no-1-4-42v-nierdzewka\/#primaryimage\",\"url\":\"https:\/\/emerpolska.pl\/wp-content\/uploads\/2025\/07\/140.jpg\",\"contentUrl\":\"https:\/\/emerpolska.pl\/wp-content\/uploads\/2025\/07\/140.jpg\",\"width\":458,\"height\":458},{\"@type\":\"BreadcrumbList\",\"@id\":\"https:\/\/emerpolska.pl\/index.php\/produkt\/czujnik-cisnienia-1-10-bar-no-1-4-42v-nierdzewka\/#breadcrumb\",\"itemListElement\":[{\"@type\":\"ListItem\",\"position\":1,\"name\":\"Strona g\u0142\u00f3wna\",\"item\":\"https:\/\/emerpolska.pl\/\"},{\"@type\":\"ListItem\",\"position\":2,\"name\":\"Jeste\u015bmy w przygotowaniu. Ju\u017c wkr\u00f3tce.\",\"item\":\"https:\/\/emerpolska.pl\/index.php\/shop\/\"},{\"@type\":\"ListItem\",\"position\":3,\"name\":\"Czujnik ci\u015bnienia 1-10 bar NO 1\/4 42V nierdzewka\"}]},{\"@type\":\"WebSite\",\"@id\":\"https:\/\/emerpolska.pl\/#website\",\"url\":\"https:\/\/emerpolska.pl\/\",\"name\":\"EMER Polska\",\"description\":\"Centrum Pneumatyki i Automatyki\",\"publisher\":{\"@id\":\"https:\/\/emerpolska.pl\/#organization\"},\"potentialAction\":[{\"@type\":\"SearchAction\",\"target\":{\"@type\":\"EntryPoint\",\"urlTemplate\":\"https:\/\/emerpolska.pl\/?s={search_term_string}\"},\"query-input\":{\"@type\":\"PropertyValueSpecification\",\"valueRequired\":true,\"valueName\":\"search_term_string\"}}],\"inLanguage\":\"pl-PL\"},{\"@type\":\"Organization\",\"@id\":\"https:\/\/emerpolska.pl\/#organization\",\"name\":\"EMER Polska\",\"url\":\"https:\/\/emerpolska.pl\/\",\"logo\":{\"@type\":\"ImageObject\",\"inLanguage\":\"pl-PL\",\"@id\":\"https:\/\/emerpolska.pl\/#\/schema\/logo\/image\/\",\"url\":\"https:\/\/emerpolska.pl\/wp-content\/uploads\/2025\/07\/logo.jpg\",\"contentUrl\":\"https:\/\/emerpolska.pl\/wp-content\/uploads\/2025\/07\/logo.jpg\",\"width\":1021,\"height\":362,\"caption\":\"EMER Polska\"},\"image\":{\"@id\":\"https:\/\/emerpolska.pl\/#\/schema\/logo\/image\/\"}}]}<\/script>\n<!-- \/ Yoast SEO plugin. -->","yoast_head_json":{"title":"Czujnik ci\u015bnienia 1-10 bar NO 1\/4 42V nierdzewka - EMER Polska","robots":{"index":"index","follow":"follow","max-snippet":"max-snippet:-1","max-image-preview":"max-image-preview:large","max-video-preview":"max-video-preview:-1"},"canonical":"https:\/\/emerpolska.pl\/index.php\/produkt\/czujnik-cisnienia-1-10-bar-no-1-4-42v-nierdzewka\/","og_locale":"pl_PL","og_type":"article","og_title":"Czujnik ci\u015bnienia 1-10 bar NO 1\/4 42V nierdzewka - EMER Polska","og_description":"&nbsp; Czujnik ci\u015bnienia Materia\u0142y: Korpus: stal nierdzewna , membrana: NBR Zakres temperatury: -25\u00b0C do maks. +85\u00b0C R\u00f3\u017cnica prze\u0142\u0105czenia zwrotnego: 15 &#8211; 20% (wy\u0142\u0105cznik pr\u00f3\u017cniowy 15 &#8211; 25%) Stopie\u0144 ochrony: IP 65 (zaciski IP 00) Przy\u0142\u0105cze kablowe: wtyk plaski 2 x 6,3 x 0,8 (zestyk prze\u0142\u0105czny: 3 x 6,3 x 0,8) Medium robocze: olej hydrauliczny, emulsja [&hellip;]","og_url":"https:\/\/emerpolska.pl\/index.php\/produkt\/czujnik-cisnienia-1-10-bar-no-1-4-42v-nierdzewka\/","og_site_name":"EMER Polska","article_modified_time":"2025-07-28T10:55:12+00:00","og_image":[{"width":458,"height":458,"url":"https:\/\/emerpolska.pl\/wp-content\/uploads\/2025\/07\/140.jpg","type":"image\/jpeg"}],"twitter_card":"summary_large_image","twitter_misc":{"Szacowany czas czytania":"1 minuta"},"schema":{"@context":"https:\/\/schema.org","@graph":[{"@type":"WebPage","@id":"https:\/\/emerpolska.pl\/index.php\/produkt\/czujnik-cisnienia-1-10-bar-no-1-4-42v-nierdzewka\/","url":"https:\/\/emerpolska.pl\/index.php\/produkt\/czujnik-cisnienia-1-10-bar-no-1-4-42v-nierdzewka\/","name":"Czujnik ci\u015bnienia 1-10 bar NO 1\/4 42V nierdzewka - EMER Polska","isPartOf":{"@id":"https:\/\/emerpolska.pl\/#website"},"primaryImageOfPage":{"@id":"https:\/\/emerpolska.pl\/index.php\/produkt\/czujnik-cisnienia-1-10-bar-no-1-4-42v-nierdzewka\/#primaryimage"},"image":{"@id":"https:\/\/emerpolska.pl\/index.php\/produkt\/czujnik-cisnienia-1-10-bar-no-1-4-42v-nierdzewka\/#primaryimage"},"thumbnailUrl":"https:\/\/emerpolska.pl\/wp-content\/uploads\/2025\/07\/140.jpg","datePublished":"2025-07-24T21:23:20+00:00","dateModified":"2025-07-28T10:55:12+00:00","breadcrumb":{"@id":"https:\/\/emerpolska.pl\/index.php\/produkt\/czujnik-cisnienia-1-10-bar-no-1-4-42v-nierdzewka\/#breadcrumb"},"inLanguage":"pl-PL","potentialAction":[{"@type":"ReadAction","target":["https:\/\/emerpolska.pl\/index.php\/produkt\/czujnik-cisnienia-1-10-bar-no-1-4-42v-nierdzewka\/"]}]},{"@type":"ImageObject","inLanguage":"pl-PL","@id":"https:\/\/emerpolska.pl\/index.php\/produkt\/czujnik-cisnienia-1-10-bar-no-1-4-42v-nierdzewka\/#primaryimage","url":"https:\/\/emerpolska.pl\/wp-content\/uploads\/2025\/07\/140.jpg","contentUrl":"https:\/\/emerpolska.pl\/wp-content\/uploads\/2025\/07\/140.jpg","width":458,"height":458},{"@type":"BreadcrumbList","@id":"https:\/\/emerpolska.pl\/index.php\/produkt\/czujnik-cisnienia-1-10-bar-no-1-4-42v-nierdzewka\/#breadcrumb","itemListElement":[{"@type":"ListItem","position":1,"name":"Strona g\u0142\u00f3wna","item":"https:\/\/emerpolska.pl\/"},{"@type":"ListItem","position":2,"name":"Jeste\u015bmy w przygotowaniu. Ju\u017c wkr\u00f3tce.","item":"https:\/\/emerpolska.pl\/index.php\/shop\/"},{"@type":"ListItem","position":3,"name":"Czujnik ci\u015bnienia 1-10 bar NO 1\/4 42V nierdzewka"}]},{"@type":"WebSite","@id":"https:\/\/emerpolska.pl\/#website","url":"https:\/\/emerpolska.pl\/","name":"EMER Polska","description":"Centrum Pneumatyki i Automatyki","publisher":{"@id":"https:\/\/emerpolska.pl\/#organization"},"potentialAction":[{"@type":"SearchAction","target":{"@type":"EntryPoint","urlTemplate":"https:\/\/emerpolska.pl\/?s={search_term_string}"},"query-input":{"@type":"PropertyValueSpecification","valueRequired":true,"valueName":"search_term_string"}}],"inLanguage":"pl-PL"},{"@type":"Organization","@id":"https:\/\/emerpolska.pl\/#organization","name":"EMER Polska","url":"https:\/\/emerpolska.pl\/","logo":{"@type":"ImageObject","inLanguage":"pl-PL","@id":"https:\/\/emerpolska.pl\/#\/schema\/logo\/image\/","url":"https:\/\/emerpolska.pl\/wp-content\/uploads\/2025\/07\/logo.jpg","contentUrl":"https:\/\/emerpolska.pl\/wp-content\/uploads\/2025\/07\/logo.jpg","width":1021,"height":362,"caption":"EMER Polska"},"image":{"@id":"https:\/\/emerpolska.pl\/#\/schema\/logo\/image\/"}}]}},"_links":{"self":[{"href":"https:\/\/emerpolska.pl\/index.php\/wp-json\/wp\/v2\/product\/1202","targetHints":{"allow":["GET"]}}],"collection":[{"href":"https:\/\/emerpolska.pl\/index.php\/wp-json\/wp\/v2\/product"}],"about":[{"href":"https:\/\/emerpolska.pl\/index.php\/wp-json\/wp\/v2\/types\/product"}],"replies":[{"embeddable":true,"href":"https:\/\/emerpolska.pl\/index.php\/wp-json\/wp\/v2\/comments?post=1202"}],"wp:featuredmedia":[{"embeddable":true,"href":"https:\/\/emerpolska.pl\/index.php\/wp-json\/wp\/v2\/media\/1481"}],"wp:attachment":[{"href":"https:\/\/emerpolska.pl\/index.php\/wp-json\/wp\/v2\/media?parent=1202"}],"wp:term":[{"taxonomy":"product_brand","embeddable":true,"href":"https:\/\/emerpolska.pl\/index.php\/wp-json\/wp\/v2\/product_brand?post=1202"},{"taxonomy":"product_cat","embeddable":true,"href":"https:\/\/emerpolska.pl\/index.php\/wp-json\/wp\/v2\/product_cat?post=1202"},{"taxonomy":"product_tag","embeddable":true,"href":"https:\/\/emerpolska.pl\/index.php\/wp-json\/wp\/v2\/product_tag?post=1202"}],"curies":[{"name":"wp","href":"https:\/\/api.w.org\/{rel}","templated":true}]}}