{"id":1205,"date":"2025-07-24T23:23:21","date_gmt":"2025-07-24T21:23:21","guid":{"rendered":"https:\/\/emerpolska.pl\/index.php\/produkt\/obrotowy-czujnik-cisnienia-03-2-1-4-250v-nc-no\/"},"modified":"2025-07-24T23:23:21","modified_gmt":"2025-07-24T21:23:21","slug":"obrotowy-czujnik-cisnienia-03-2-1-4-250v-nc-no","status":"publish","type":"product","link":"https:\/\/emerpolska.pl\/index.php\/produkt\/obrotowy-czujnik-cisnienia-03-2-1-4-250v-nc-no\/","title":{"rendered":"Obrotowy czujnik ci\u015bnienia 0,3-2 1\/4 250V NC\/NO"},"content":{"rendered":"<p>{&#8222;sections&#8221;:[{&#8222;items&#8221;:[{&#8222;type&#8221;:&#8221;TEXT&#8221;,&#8221;content&#8221;:&#8221;<\/p>\n<h1>Czujnik ci\u015bnienia<\/h1>\n<p>Materia\u0142y: Korpus: Stal ocynkowana (wy\u0142\u0105cznik pr\u00f3\u017aniowy: aluminium), membrana  NBR<\/p>\n<p>Zakres temperatury: -25\u00b0C do maks. +85\u00b0C<\/p>\n<p>R\u00f3\u017cnica prze\u0142\u0105czenia zwrotnego: 15 &#8211; 25 %<\/p>\n<p>Stopie\u0144 ochrony: IP 65, przy\u0142\u0105cze wtyczka k\u0105towa DIN 43560 \/ EN 175301-803 (wielko\u015b\u0107 3, 4-bieg.)<\/p>\n<p>Typ prze\u0142\u0105cznika: Zestyk prze\u0142\u0105czny NC\/NO<\/p>\n<p>Czynniki: Olej hydrauliczny, emulsja olejowa, powietrze, warunkowo tak\u017ce woda<\/p>\n<p>Wersja wy\u0142\u0105cznik ci\u015bnieniowy<\/p>\n<p>Zabezpieczenie przed nadci\u015bnieniem do 5 bar<\/p>\n<p>Tworzywo stal ocynkowana<\/p>\n<p>Moc prze\u0142\u0105czania 250 V \/ 5 A<\/p>\n<p>Zakres regulacji 0,3 do 2 bar<\/p>\n<p>Rodzaj gwintu G<\/p>\n<p>Gwint zewn\u0119trzny 1\/4<\/p>\n<p>&#8222;},{&#8222;type&#8221;:&#8221;IMAGE&#8221;,&#8221;url&#8221;:&#8221;https:\/\/a.allegroimg.com\/original\/11ef0f\/84efccda4fa39e96eeb6d469af42&#8243;}]},{&#8222;items&#8221;:[{&#8222;type&#8221;:&#8221;IMAGE&#8221;,&#8221;url&#8221;:&#8221;https:\/\/a.allegroimg.com\/original\/11fcbc\/50855fb6447b8eaec90e06fe0c99&#8243;}]}]}<\/p>\n","protected":false},"excerpt":{"rendered":"<p>{&#8222;sections&#8221;:[{&#8222;items&#8221;:[{&#8222;type&#8221;:&#8221;TEXT&#8221;,&#8221;content&#8221;:&#8221; Czujnik ci\u015bnienia Materia\u0142y: Korpus: Stal ocynkowana (wy\u0142\u0105cznik pr\u00f3\u017aniowy: aluminium), membrana NBR Zakres temperatury: -25\u00b0C do maks. +85\u00b0C R\u00f3\u017cnica prze\u0142\u0105czenia zwrotnego: 15 &#8211; 25 % Stopie\u0144 ochrony: IP 65, przy\u0142\u0105cze wtyczka k\u0105towa DIN 43560 \/ EN 175301-803 (wielko\u015b\u0107 3, 4-bieg.) Typ prze\u0142\u0105cznika: Zestyk prze\u0142\u0105czny NC\/NO Czynniki: Olej hydrauliczny, emulsja olejowa, powietrze, warunkowo tak\u017ce woda Wersja [&hellip;]<\/p>\n","protected":false},"featured_media":0,"comment_status":"open","ping_status":"closed","template":"","meta":[],"product_brand":[55],"product_cat":[48],"product_tag":[],"class_list":{"0":"post-1205","1":"product","2":"type-product","3":"status-publish","5":"product_brand-aircom","6":"product_cat-pneumatyka-121447","8":"first","9":"instock","10":"taxable","11":"shipping-taxable","12":"purchasable","13":"product-type-simple"},"yoast_head":"<!-- This site is optimized with the Yoast SEO plugin v27.0 - https:\/\/yoast.com\/product\/yoast-seo-wordpress\/ -->\n<title>Obrotowy czujnik ci\u015bnienia 0,3-2 1\/4 250V NC\/NO - EMER Polska<\/title>\n<meta name=\"robots\" content=\"index, follow, max-snippet:-1, max-image-preview:large, max-video-preview:-1\" \/>\n<link rel=\"canonical\" href=\"https:\/\/emerpolska.pl\/index.php\/produkt\/obrotowy-czujnik-cisnienia-03-2-1-4-250v-nc-no\/\" \/>\n<meta property=\"og:locale\" content=\"pl_PL\" \/>\n<meta property=\"og:type\" content=\"article\" \/>\n<meta property=\"og:title\" content=\"Obrotowy czujnik ci\u015bnienia 0,3-2 1\/4 250V NC\/NO - EMER Polska\" \/>\n<meta property=\"og:description\" content=\"{&#8222;sections&#8221;:[{&#8222;items&#8221;:[{&#8222;type&#8221;:&#8221;TEXT&#8221;,&#8221;content&#8221;:&#8221; Czujnik ci\u015bnienia Materia\u0142y: Korpus: Stal ocynkowana (wy\u0142\u0105cznik pr\u00f3\u017aniowy: aluminium), membrana NBR Zakres temperatury: -25\u00b0C do maks. +85\u00b0C R\u00f3\u017cnica prze\u0142\u0105czenia zwrotnego: 15 &#8211; 25 % Stopie\u0144 ochrony: IP 65, przy\u0142\u0105cze wtyczka k\u0105towa DIN 43560 \/ EN 175301-803 (wielko\u015b\u0107 3, 4-bieg.) Typ prze\u0142\u0105cznika: Zestyk prze\u0142\u0105czny NC\/NO Czynniki: Olej hydrauliczny, emulsja olejowa, powietrze, warunkowo tak\u017ce woda Wersja [&hellip;]\" \/>\n<meta property=\"og:url\" content=\"https:\/\/emerpolska.pl\/index.php\/produkt\/obrotowy-czujnik-cisnienia-03-2-1-4-250v-nc-no\/\" \/>\n<meta property=\"og:site_name\" content=\"EMER Polska\" \/>\n<meta name=\"twitter:card\" content=\"summary_large_image\" \/>\n<meta name=\"twitter:label1\" content=\"Szacowany czas czytania\" \/>\n\t<meta name=\"twitter:data1\" content=\"1 minuta\" \/>\n<script type=\"application\/ld+json\" class=\"yoast-schema-graph\">{\"@context\":\"https:\/\/schema.org\",\"@graph\":[{\"@type\":\"WebPage\",\"@id\":\"https:\/\/emerpolska.pl\/index.php\/produkt\/obrotowy-czujnik-cisnienia-03-2-1-4-250v-nc-no\/\",\"url\":\"https:\/\/emerpolska.pl\/index.php\/produkt\/obrotowy-czujnik-cisnienia-03-2-1-4-250v-nc-no\/\",\"name\":\"Obrotowy czujnik ci\u015bnienia 0,3-2 1\/4 250V NC\/NO - EMER Polska\",\"isPartOf\":{\"@id\":\"https:\/\/emerpolska.pl\/#website\"},\"datePublished\":\"2025-07-24T21:23:21+00:00\",\"breadcrumb\":{\"@id\":\"https:\/\/emerpolska.pl\/index.php\/produkt\/obrotowy-czujnik-cisnienia-03-2-1-4-250v-nc-no\/#breadcrumb\"},\"inLanguage\":\"pl-PL\",\"potentialAction\":[{\"@type\":\"ReadAction\",\"target\":[\"https:\/\/emerpolska.pl\/index.php\/produkt\/obrotowy-czujnik-cisnienia-03-2-1-4-250v-nc-no\/\"]}]},{\"@type\":\"BreadcrumbList\",\"@id\":\"https:\/\/emerpolska.pl\/index.php\/produkt\/obrotowy-czujnik-cisnienia-03-2-1-4-250v-nc-no\/#breadcrumb\",\"itemListElement\":[{\"@type\":\"ListItem\",\"position\":1,\"name\":\"Strona g\u0142\u00f3wna\",\"item\":\"https:\/\/emerpolska.pl\/\"},{\"@type\":\"ListItem\",\"position\":2,\"name\":\"Jeste\u015bmy w przygotowaniu. Ju\u017c wkr\u00f3tce.\",\"item\":\"https:\/\/emerpolska.pl\/index.php\/shop\/\"},{\"@type\":\"ListItem\",\"position\":3,\"name\":\"Obrotowy czujnik ci\u015bnienia 0,3-2 1\/4 250V NC\/NO\"}]},{\"@type\":\"WebSite\",\"@id\":\"https:\/\/emerpolska.pl\/#website\",\"url\":\"https:\/\/emerpolska.pl\/\",\"name\":\"EMER Polska\",\"description\":\"Centrum Pneumatyki i Automatyki\",\"publisher\":{\"@id\":\"https:\/\/emerpolska.pl\/#organization\"},\"potentialAction\":[{\"@type\":\"SearchAction\",\"target\":{\"@type\":\"EntryPoint\",\"urlTemplate\":\"https:\/\/emerpolska.pl\/?s={search_term_string}\"},\"query-input\":{\"@type\":\"PropertyValueSpecification\",\"valueRequired\":true,\"valueName\":\"search_term_string\"}}],\"inLanguage\":\"pl-PL\"},{\"@type\":\"Organization\",\"@id\":\"https:\/\/emerpolska.pl\/#organization\",\"name\":\"EMER Polska\",\"url\":\"https:\/\/emerpolska.pl\/\",\"logo\":{\"@type\":\"ImageObject\",\"inLanguage\":\"pl-PL\",\"@id\":\"https:\/\/emerpolska.pl\/#\/schema\/logo\/image\/\",\"url\":\"https:\/\/emerpolska.pl\/wp-content\/uploads\/2025\/07\/logo.jpg\",\"contentUrl\":\"https:\/\/emerpolska.pl\/wp-content\/uploads\/2025\/07\/logo.jpg\",\"width\":1021,\"height\":362,\"caption\":\"EMER Polska\"},\"image\":{\"@id\":\"https:\/\/emerpolska.pl\/#\/schema\/logo\/image\/\"}}]}<\/script>\n<!-- \/ Yoast SEO plugin. -->","yoast_head_json":{"title":"Obrotowy czujnik ci\u015bnienia 0,3-2 1\/4 250V NC\/NO - EMER Polska","robots":{"index":"index","follow":"follow","max-snippet":"max-snippet:-1","max-image-preview":"max-image-preview:large","max-video-preview":"max-video-preview:-1"},"canonical":"https:\/\/emerpolska.pl\/index.php\/produkt\/obrotowy-czujnik-cisnienia-03-2-1-4-250v-nc-no\/","og_locale":"pl_PL","og_type":"article","og_title":"Obrotowy czujnik ci\u015bnienia 0,3-2 1\/4 250V NC\/NO - EMER Polska","og_description":"{&#8222;sections&#8221;:[{&#8222;items&#8221;:[{&#8222;type&#8221;:&#8221;TEXT&#8221;,&#8221;content&#8221;:&#8221; Czujnik ci\u015bnienia Materia\u0142y: Korpus: Stal ocynkowana (wy\u0142\u0105cznik pr\u00f3\u017aniowy: aluminium), membrana NBR Zakres temperatury: -25\u00b0C do maks. +85\u00b0C R\u00f3\u017cnica prze\u0142\u0105czenia zwrotnego: 15 &#8211; 25 % Stopie\u0144 ochrony: IP 65, przy\u0142\u0105cze wtyczka k\u0105towa DIN 43560 \/ EN 175301-803 (wielko\u015b\u0107 3, 4-bieg.) Typ prze\u0142\u0105cznika: Zestyk prze\u0142\u0105czny NC\/NO Czynniki: Olej hydrauliczny, emulsja olejowa, powietrze, warunkowo tak\u017ce woda Wersja [&hellip;]","og_url":"https:\/\/emerpolska.pl\/index.php\/produkt\/obrotowy-czujnik-cisnienia-03-2-1-4-250v-nc-no\/","og_site_name":"EMER Polska","twitter_card":"summary_large_image","twitter_misc":{"Szacowany czas czytania":"1 minuta"},"schema":{"@context":"https:\/\/schema.org","@graph":[{"@type":"WebPage","@id":"https:\/\/emerpolska.pl\/index.php\/produkt\/obrotowy-czujnik-cisnienia-03-2-1-4-250v-nc-no\/","url":"https:\/\/emerpolska.pl\/index.php\/produkt\/obrotowy-czujnik-cisnienia-03-2-1-4-250v-nc-no\/","name":"Obrotowy czujnik ci\u015bnienia 0,3-2 1\/4 250V NC\/NO - EMER Polska","isPartOf":{"@id":"https:\/\/emerpolska.pl\/#website"},"datePublished":"2025-07-24T21:23:21+00:00","breadcrumb":{"@id":"https:\/\/emerpolska.pl\/index.php\/produkt\/obrotowy-czujnik-cisnienia-03-2-1-4-250v-nc-no\/#breadcrumb"},"inLanguage":"pl-PL","potentialAction":[{"@type":"ReadAction","target":["https:\/\/emerpolska.pl\/index.php\/produkt\/obrotowy-czujnik-cisnienia-03-2-1-4-250v-nc-no\/"]}]},{"@type":"BreadcrumbList","@id":"https:\/\/emerpolska.pl\/index.php\/produkt\/obrotowy-czujnik-cisnienia-03-2-1-4-250v-nc-no\/#breadcrumb","itemListElement":[{"@type":"ListItem","position":1,"name":"Strona g\u0142\u00f3wna","item":"https:\/\/emerpolska.pl\/"},{"@type":"ListItem","position":2,"name":"Jeste\u015bmy w przygotowaniu. Ju\u017c wkr\u00f3tce.","item":"https:\/\/emerpolska.pl\/index.php\/shop\/"},{"@type":"ListItem","position":3,"name":"Obrotowy czujnik ci\u015bnienia 0,3-2 1\/4 250V NC\/NO"}]},{"@type":"WebSite","@id":"https:\/\/emerpolska.pl\/#website","url":"https:\/\/emerpolska.pl\/","name":"EMER Polska","description":"Centrum Pneumatyki i Automatyki","publisher":{"@id":"https:\/\/emerpolska.pl\/#organization"},"potentialAction":[{"@type":"SearchAction","target":{"@type":"EntryPoint","urlTemplate":"https:\/\/emerpolska.pl\/?s={search_term_string}"},"query-input":{"@type":"PropertyValueSpecification","valueRequired":true,"valueName":"search_term_string"}}],"inLanguage":"pl-PL"},{"@type":"Organization","@id":"https:\/\/emerpolska.pl\/#organization","name":"EMER Polska","url":"https:\/\/emerpolska.pl\/","logo":{"@type":"ImageObject","inLanguage":"pl-PL","@id":"https:\/\/emerpolska.pl\/#\/schema\/logo\/image\/","url":"https:\/\/emerpolska.pl\/wp-content\/uploads\/2025\/07\/logo.jpg","contentUrl":"https:\/\/emerpolska.pl\/wp-content\/uploads\/2025\/07\/logo.jpg","width":1021,"height":362,"caption":"EMER Polska"},"image":{"@id":"https:\/\/emerpolska.pl\/#\/schema\/logo\/image\/"}}]}},"_links":{"self":[{"href":"https:\/\/emerpolska.pl\/index.php\/wp-json\/wp\/v2\/product\/1205","targetHints":{"allow":["GET"]}}],"collection":[{"href":"https:\/\/emerpolska.pl\/index.php\/wp-json\/wp\/v2\/product"}],"about":[{"href":"https:\/\/emerpolska.pl\/index.php\/wp-json\/wp\/v2\/types\/product"}],"replies":[{"embeddable":true,"href":"https:\/\/emerpolska.pl\/index.php\/wp-json\/wp\/v2\/comments?post=1205"}],"wp:attachment":[{"href":"https:\/\/emerpolska.pl\/index.php\/wp-json\/wp\/v2\/media?parent=1205"}],"wp:term":[{"taxonomy":"product_brand","embeddable":true,"href":"https:\/\/emerpolska.pl\/index.php\/wp-json\/wp\/v2\/product_brand?post=1205"},{"taxonomy":"product_cat","embeddable":true,"href":"https:\/\/emerpolska.pl\/index.php\/wp-json\/wp\/v2\/product_cat?post=1205"},{"taxonomy":"product_tag","embeddable":true,"href":"https:\/\/emerpolska.pl\/index.php\/wp-json\/wp\/v2\/product_tag?post=1205"}],"curies":[{"name":"wp","href":"https:\/\/api.w.org\/{rel}","templated":true}]}}