{"id":1273,"date":"2025-07-24T23:23:55","date_gmt":"2025-07-24T21:23:55","guid":{"rendered":"https:\/\/emerpolska.pl\/index.php\/produkt\/trojnik-wtykowy-t-r1-2-10-gw-zew-teflon\/"},"modified":"2025-07-25T03:03:46","modified_gmt":"2025-07-25T01:03:46","slug":"trojnik-wtykowy-t-r1-2-10-gw-zew-teflon","status":"publish","type":"product","link":"https:\/\/emerpolska.pl\/index.php\/produkt\/trojnik-wtykowy-t-r1-2-10-gw-zew-teflon\/","title":{"rendered":"Audyt energetyczny przed monta\u017cem Stacji \u0141adowania"},"content":{"rendered":"<p>Podstawowa us\u0142uga Audytu Energetycznego.<\/p>\n<p>W wyniku wykonania tej us\u0142ugi (w miejscu instalacji \/ siedzibie klienta) mo\u017cemy zweryfikowa\u0107 mo\u017cliwo\u015b\u0107 i warunki instalacyjne dla planowanego monta\u017cu Stacji \u0141adowania.<\/p>\n","protected":false},"excerpt":{"rendered":"<p>Podstawowa us\u0142uga Audytu Energetycznego.<\/p>\n","protected":false},"featured_media":1379,"comment_status":"closed","ping_status":"closed","template":"","meta":[],"product_brand":[53],"product_cat":[72,71],"product_tag":[],"class_list":{"0":"post-1273","1":"product","2":"type-product","3":"status-publish","4":"has-post-thumbnail","6":"product_brand-air","7":"product_cat-kompaktowe-stacje-ladowania-wallboxy","8":"product_cat-profesjonalne-stacje-ladowania","10":"first","11":"instock","12":"virtual","13":"taxable","14":"purchasable","15":"product-type-simple"},"yoast_head":"<!-- This site is optimized with the Yoast SEO plugin v27.0 - https:\/\/yoast.com\/product\/yoast-seo-wordpress\/ -->\n<title>Audyt energetyczny przed monta\u017cem Stacji \u0141adowania - EMER Polska<\/title>\n<meta name=\"robots\" content=\"index, follow, max-snippet:-1, max-image-preview:large, max-video-preview:-1\" \/>\n<link rel=\"canonical\" href=\"https:\/\/emerpolska.pl\/index.php\/produkt\/trojnik-wtykowy-t-r1-2-10-gw-zew-teflon\/\" \/>\n<meta property=\"og:locale\" content=\"pl_PL\" \/>\n<meta property=\"og:type\" content=\"article\" \/>\n<meta property=\"og:title\" content=\"Audyt energetyczny przed monta\u017cem Stacji \u0141adowania - EMER Polska\" \/>\n<meta property=\"og:description\" content=\"Podstawowa us\u0142uga Audytu Energetycznego.\" \/>\n<meta property=\"og:url\" content=\"https:\/\/emerpolska.pl\/index.php\/produkt\/trojnik-wtykowy-t-r1-2-10-gw-zew-teflon\/\" \/>\n<meta property=\"og:site_name\" content=\"EMER Polska\" \/>\n<meta property=\"article:modified_time\" content=\"2025-07-25T01:03:46+00:00\" \/>\n<meta property=\"og:image\" content=\"https:\/\/emerpolska.pl\/wp-content\/uploads\/2025\/07\/Rozdzielnia_z_sensorem_Enegic_3Fazy_model.png\" \/>\n\t<meta property=\"og:image:width\" content=\"1920\" \/>\n\t<meta property=\"og:image:height\" content=\"1080\" \/>\n\t<meta property=\"og:image:type\" content=\"image\/png\" \/>\n<meta name=\"twitter:card\" content=\"summary_large_image\" \/>\n<meta name=\"twitter:label1\" content=\"Szacowany czas czytania\" \/>\n\t<meta name=\"twitter:data1\" content=\"1 minuta\" \/>\n<script type=\"application\/ld+json\" class=\"yoast-schema-graph\">{\"@context\":\"https:\/\/schema.org\",\"@graph\":[{\"@type\":\"WebPage\",\"@id\":\"https:\/\/emerpolska.pl\/index.php\/produkt\/trojnik-wtykowy-t-r1-2-10-gw-zew-teflon\/\",\"url\":\"https:\/\/emerpolska.pl\/index.php\/produkt\/trojnik-wtykowy-t-r1-2-10-gw-zew-teflon\/\",\"name\":\"Audyt energetyczny przed monta\u017cem Stacji \u0141adowania - EMER Polska\",\"isPartOf\":{\"@id\":\"https:\/\/emerpolska.pl\/#website\"},\"primaryImageOfPage\":{\"@id\":\"https:\/\/emerpolska.pl\/index.php\/produkt\/trojnik-wtykowy-t-r1-2-10-gw-zew-teflon\/#primaryimage\"},\"image\":{\"@id\":\"https:\/\/emerpolska.pl\/index.php\/produkt\/trojnik-wtykowy-t-r1-2-10-gw-zew-teflon\/#primaryimage\"},\"thumbnailUrl\":\"https:\/\/emerpolska.pl\/wp-content\/uploads\/2025\/07\/Rozdzielnia_z_sensorem_Enegic_3Fazy_model.png\",\"datePublished\":\"2025-07-24T21:23:55+00:00\",\"dateModified\":\"2025-07-25T01:03:46+00:00\",\"breadcrumb\":{\"@id\":\"https:\/\/emerpolska.pl\/index.php\/produkt\/trojnik-wtykowy-t-r1-2-10-gw-zew-teflon\/#breadcrumb\"},\"inLanguage\":\"pl-PL\",\"potentialAction\":[{\"@type\":\"ReadAction\",\"target\":[\"https:\/\/emerpolska.pl\/index.php\/produkt\/trojnik-wtykowy-t-r1-2-10-gw-zew-teflon\/\"]}]},{\"@type\":\"ImageObject\",\"inLanguage\":\"pl-PL\",\"@id\":\"https:\/\/emerpolska.pl\/index.php\/produkt\/trojnik-wtykowy-t-r1-2-10-gw-zew-teflon\/#primaryimage\",\"url\":\"https:\/\/emerpolska.pl\/wp-content\/uploads\/2025\/07\/Rozdzielnia_z_sensorem_Enegic_3Fazy_model.png\",\"contentUrl\":\"https:\/\/emerpolska.pl\/wp-content\/uploads\/2025\/07\/Rozdzielnia_z_sensorem_Enegic_3Fazy_model.png\",\"width\":1920,\"height\":1080},{\"@type\":\"BreadcrumbList\",\"@id\":\"https:\/\/emerpolska.pl\/index.php\/produkt\/trojnik-wtykowy-t-r1-2-10-gw-zew-teflon\/#breadcrumb\",\"itemListElement\":[{\"@type\":\"ListItem\",\"position\":1,\"name\":\"Strona g\u0142\u00f3wna\",\"item\":\"https:\/\/emerpolska.pl\/\"},{\"@type\":\"ListItem\",\"position\":2,\"name\":\"Jeste\u015bmy w przygotowaniu. Ju\u017c wkr\u00f3tce.\",\"item\":\"https:\/\/emerpolska.pl\/index.php\/shop\/\"},{\"@type\":\"ListItem\",\"position\":3,\"name\":\"Audyt energetyczny przed monta\u017cem Stacji \u0141adowania\"}]},{\"@type\":\"WebSite\",\"@id\":\"https:\/\/emerpolska.pl\/#website\",\"url\":\"https:\/\/emerpolska.pl\/\",\"name\":\"EMER Polska\",\"description\":\"Centrum Pneumatyki i Automatyki\",\"publisher\":{\"@id\":\"https:\/\/emerpolska.pl\/#organization\"},\"potentialAction\":[{\"@type\":\"SearchAction\",\"target\":{\"@type\":\"EntryPoint\",\"urlTemplate\":\"https:\/\/emerpolska.pl\/?s={search_term_string}\"},\"query-input\":{\"@type\":\"PropertyValueSpecification\",\"valueRequired\":true,\"valueName\":\"search_term_string\"}}],\"inLanguage\":\"pl-PL\"},{\"@type\":\"Organization\",\"@id\":\"https:\/\/emerpolska.pl\/#organization\",\"name\":\"EMER Polska\",\"url\":\"https:\/\/emerpolska.pl\/\",\"logo\":{\"@type\":\"ImageObject\",\"inLanguage\":\"pl-PL\",\"@id\":\"https:\/\/emerpolska.pl\/#\/schema\/logo\/image\/\",\"url\":\"https:\/\/emerpolska.pl\/wp-content\/uploads\/2025\/07\/logo.jpg\",\"contentUrl\":\"https:\/\/emerpolska.pl\/wp-content\/uploads\/2025\/07\/logo.jpg\",\"width\":1021,\"height\":362,\"caption\":\"EMER Polska\"},\"image\":{\"@id\":\"https:\/\/emerpolska.pl\/#\/schema\/logo\/image\/\"}}]}<\/script>\n<!-- \/ Yoast SEO plugin. -->","yoast_head_json":{"title":"Audyt energetyczny przed monta\u017cem Stacji \u0141adowania - EMER Polska","robots":{"index":"index","follow":"follow","max-snippet":"max-snippet:-1","max-image-preview":"max-image-preview:large","max-video-preview":"max-video-preview:-1"},"canonical":"https:\/\/emerpolska.pl\/index.php\/produkt\/trojnik-wtykowy-t-r1-2-10-gw-zew-teflon\/","og_locale":"pl_PL","og_type":"article","og_title":"Audyt energetyczny przed monta\u017cem Stacji \u0141adowania - EMER Polska","og_description":"Podstawowa us\u0142uga Audytu Energetycznego.","og_url":"https:\/\/emerpolska.pl\/index.php\/produkt\/trojnik-wtykowy-t-r1-2-10-gw-zew-teflon\/","og_site_name":"EMER Polska","article_modified_time":"2025-07-25T01:03:46+00:00","og_image":[{"width":1920,"height":1080,"url":"https:\/\/emerpolska.pl\/wp-content\/uploads\/2025\/07\/Rozdzielnia_z_sensorem_Enegic_3Fazy_model.png","type":"image\/png"}],"twitter_card":"summary_large_image","twitter_misc":{"Szacowany czas czytania":"1 minuta"},"schema":{"@context":"https:\/\/schema.org","@graph":[{"@type":"WebPage","@id":"https:\/\/emerpolska.pl\/index.php\/produkt\/trojnik-wtykowy-t-r1-2-10-gw-zew-teflon\/","url":"https:\/\/emerpolska.pl\/index.php\/produkt\/trojnik-wtykowy-t-r1-2-10-gw-zew-teflon\/","name":"Audyt energetyczny przed monta\u017cem Stacji \u0141adowania - EMER Polska","isPartOf":{"@id":"https:\/\/emerpolska.pl\/#website"},"primaryImageOfPage":{"@id":"https:\/\/emerpolska.pl\/index.php\/produkt\/trojnik-wtykowy-t-r1-2-10-gw-zew-teflon\/#primaryimage"},"image":{"@id":"https:\/\/emerpolska.pl\/index.php\/produkt\/trojnik-wtykowy-t-r1-2-10-gw-zew-teflon\/#primaryimage"},"thumbnailUrl":"https:\/\/emerpolska.pl\/wp-content\/uploads\/2025\/07\/Rozdzielnia_z_sensorem_Enegic_3Fazy_model.png","datePublished":"2025-07-24T21:23:55+00:00","dateModified":"2025-07-25T01:03:46+00:00","breadcrumb":{"@id":"https:\/\/emerpolska.pl\/index.php\/produkt\/trojnik-wtykowy-t-r1-2-10-gw-zew-teflon\/#breadcrumb"},"inLanguage":"pl-PL","potentialAction":[{"@type":"ReadAction","target":["https:\/\/emerpolska.pl\/index.php\/produkt\/trojnik-wtykowy-t-r1-2-10-gw-zew-teflon\/"]}]},{"@type":"ImageObject","inLanguage":"pl-PL","@id":"https:\/\/emerpolska.pl\/index.php\/produkt\/trojnik-wtykowy-t-r1-2-10-gw-zew-teflon\/#primaryimage","url":"https:\/\/emerpolska.pl\/wp-content\/uploads\/2025\/07\/Rozdzielnia_z_sensorem_Enegic_3Fazy_model.png","contentUrl":"https:\/\/emerpolska.pl\/wp-content\/uploads\/2025\/07\/Rozdzielnia_z_sensorem_Enegic_3Fazy_model.png","width":1920,"height":1080},{"@type":"BreadcrumbList","@id":"https:\/\/emerpolska.pl\/index.php\/produkt\/trojnik-wtykowy-t-r1-2-10-gw-zew-teflon\/#breadcrumb","itemListElement":[{"@type":"ListItem","position":1,"name":"Strona g\u0142\u00f3wna","item":"https:\/\/emerpolska.pl\/"},{"@type":"ListItem","position":2,"name":"Jeste\u015bmy w przygotowaniu. Ju\u017c wkr\u00f3tce.","item":"https:\/\/emerpolska.pl\/index.php\/shop\/"},{"@type":"ListItem","position":3,"name":"Audyt energetyczny przed monta\u017cem Stacji \u0141adowania"}]},{"@type":"WebSite","@id":"https:\/\/emerpolska.pl\/#website","url":"https:\/\/emerpolska.pl\/","name":"EMER Polska","description":"Centrum Pneumatyki i Automatyki","publisher":{"@id":"https:\/\/emerpolska.pl\/#organization"},"potentialAction":[{"@type":"SearchAction","target":{"@type":"EntryPoint","urlTemplate":"https:\/\/emerpolska.pl\/?s={search_term_string}"},"query-input":{"@type":"PropertyValueSpecification","valueRequired":true,"valueName":"search_term_string"}}],"inLanguage":"pl-PL"},{"@type":"Organization","@id":"https:\/\/emerpolska.pl\/#organization","name":"EMER Polska","url":"https:\/\/emerpolska.pl\/","logo":{"@type":"ImageObject","inLanguage":"pl-PL","@id":"https:\/\/emerpolska.pl\/#\/schema\/logo\/image\/","url":"https:\/\/emerpolska.pl\/wp-content\/uploads\/2025\/07\/logo.jpg","contentUrl":"https:\/\/emerpolska.pl\/wp-content\/uploads\/2025\/07\/logo.jpg","width":1021,"height":362,"caption":"EMER Polska"},"image":{"@id":"https:\/\/emerpolska.pl\/#\/schema\/logo\/image\/"}}]}},"_links":{"self":[{"href":"https:\/\/emerpolska.pl\/index.php\/wp-json\/wp\/v2\/product\/1273","targetHints":{"allow":["GET"]}}],"collection":[{"href":"https:\/\/emerpolska.pl\/index.php\/wp-json\/wp\/v2\/product"}],"about":[{"href":"https:\/\/emerpolska.pl\/index.php\/wp-json\/wp\/v2\/types\/product"}],"replies":[{"embeddable":true,"href":"https:\/\/emerpolska.pl\/index.php\/wp-json\/wp\/v2\/comments?post=1273"}],"wp:featuredmedia":[{"embeddable":true,"href":"https:\/\/emerpolska.pl\/index.php\/wp-json\/wp\/v2\/media\/1379"}],"wp:attachment":[{"href":"https:\/\/emerpolska.pl\/index.php\/wp-json\/wp\/v2\/media?parent=1273"}],"wp:term":[{"taxonomy":"product_brand","embeddable":true,"href":"https:\/\/emerpolska.pl\/index.php\/wp-json\/wp\/v2\/product_brand?post=1273"},{"taxonomy":"product_cat","embeddable":true,"href":"https:\/\/emerpolska.pl\/index.php\/wp-json\/wp\/v2\/product_cat?post=1273"},{"taxonomy":"product_tag","embeddable":true,"href":"https:\/\/emerpolska.pl\/index.php\/wp-json\/wp\/v2\/product_tag?post=1273"}],"curies":[{"name":"wp","href":"https:\/\/api.w.org\/{rel}","templated":true}]}}