{"id":1313,"date":"2025-07-24T23:24:28","date_gmt":"2025-07-24T21:24:28","guid":{"rendered":"https:\/\/emerpolska.pl\/index.php\/produkt\/przewod-silikonowy-1x2-mm-bezbarwny\/"},"modified":"2025-07-24T23:24:28","modified_gmt":"2025-07-24T21:24:28","slug":"przewod-silikonowy-1x2-mm-bezbarwny","status":"publish","type":"product","link":"https:\/\/emerpolska.pl\/index.php\/produkt\/przewod-silikonowy-1x2-mm-bezbarwny\/","title":{"rendered":"Przew\u00f3d silikonowy, 1&#215;2 mm, bezbarwny"},"content":{"rendered":"<p>{&#8222;sections&#8221;:[{&#8222;items&#8221;:[{&#8222;type&#8221;:&#8221;TEXT&#8221;,&#8221;content&#8221;:&#8221;<\/p>\n<h1>Przew\u00f3d silikonowy<\/h1>\n<p>Wykonanie: przezroczysta, twardo\u015b\u0107 Shore 60\u00b0 (\u00b1 5\u00b0), talkowany, bez wk\u0142adki tkanej, material zgodny z FDA 21 CFR 177.2600<\/p>\n<p>Zakres temperatury: -60\u00b0C do maks. +200\u00b0C, sterylizowanie para do +135\u00b0C<\/p>\n<p>Zakres ci\u015bnienia: Do bezci\u015bnieniowego przesy\u0142u cieczy i gaz\u00f3w<\/p>\n<p><b>D\u0142ugo\u015b\u0107 rolki: 25 m<\/b><\/p>\n<p>\u015arednica w\u0119\u017ca wewn. x zewn. 1 x 2 mm<\/p>\n<p><b>Cena z 1 m<\/b><\/p>\n<p>&#8222;},{&#8222;type&#8221;:&#8221;IMAGE&#8221;,&#8221;url&#8221;:&#8221;https:\/\/a.allegroimg.com\/original\/11931a\/5ed2e5e44b8493eba5f334b1f86e&#8221;}]}]}<\/p>\n","protected":false},"excerpt":{"rendered":"<p>{&#8222;sections&#8221;:[{&#8222;items&#8221;:[{&#8222;type&#8221;:&#8221;TEXT&#8221;,&#8221;content&#8221;:&#8221; Przew\u00f3d silikonowy Wykonanie: przezroczysta, twardo\u015b\u0107 Shore 60\u00b0 (\u00b1 5\u00b0), talkowany, bez wk\u0142adki tkanej, material zgodny z FDA 21 CFR 177.2600 Zakres temperatury: -60\u00b0C do maks. +200\u00b0C, sterylizowanie para do +135\u00b0C Zakres ci\u015bnienia: Do bezci\u015bnieniowego przesy\u0142u cieczy i gaz\u00f3w D\u0142ugo\u015b\u0107 rolki: 25 m \u015arednica w\u0119\u017ca wewn. x zewn. 1 x 2 mm Cena z 1 [&hellip;]<\/p>\n","protected":false},"featured_media":0,"comment_status":"open","ping_status":"closed","template":"","meta":[],"product_brand":[53],"product_cat":[48],"product_tag":[],"class_list":{"0":"post-1313","1":"product","2":"type-product","3":"status-publish","5":"product_brand-air","6":"product_cat-pneumatyka-121447","8":"first","9":"instock","10":"taxable","11":"shipping-taxable","12":"purchasable","13":"product-type-simple"},"yoast_head":"<!-- This site is optimized with the Yoast SEO plugin v27.0 - https:\/\/yoast.com\/product\/yoast-seo-wordpress\/ -->\n<title>Przew\u00f3d silikonowy, 1x2 mm, bezbarwny - EMER Polska<\/title>\n<meta name=\"robots\" content=\"index, follow, max-snippet:-1, max-image-preview:large, max-video-preview:-1\" \/>\n<link rel=\"canonical\" href=\"https:\/\/emerpolska.pl\/index.php\/produkt\/przewod-silikonowy-1x2-mm-bezbarwny\/\" \/>\n<meta property=\"og:locale\" content=\"pl_PL\" \/>\n<meta property=\"og:type\" content=\"article\" \/>\n<meta property=\"og:title\" content=\"Przew\u00f3d silikonowy, 1x2 mm, bezbarwny - EMER Polska\" \/>\n<meta property=\"og:description\" content=\"{&#8222;sections&#8221;:[{&#8222;items&#8221;:[{&#8222;type&#8221;:&#8221;TEXT&#8221;,&#8221;content&#8221;:&#8221; Przew\u00f3d silikonowy Wykonanie: przezroczysta, twardo\u015b\u0107 Shore 60\u00b0 (\u00b1 5\u00b0), talkowany, bez wk\u0142adki tkanej, material zgodny z FDA 21 CFR 177.2600 Zakres temperatury: -60\u00b0C do maks. +200\u00b0C, sterylizowanie para do +135\u00b0C Zakres ci\u015bnienia: Do bezci\u015bnieniowego przesy\u0142u cieczy i gaz\u00f3w D\u0142ugo\u015b\u0107 rolki: 25 m \u015arednica w\u0119\u017ca wewn. x zewn. 1 x 2 mm Cena z 1 [&hellip;]\" \/>\n<meta property=\"og:url\" content=\"https:\/\/emerpolska.pl\/index.php\/produkt\/przewod-silikonowy-1x2-mm-bezbarwny\/\" \/>\n<meta property=\"og:site_name\" content=\"EMER Polska\" \/>\n<meta name=\"twitter:card\" content=\"summary_large_image\" \/>\n<script type=\"application\/ld+json\" class=\"yoast-schema-graph\">{\"@context\":\"https:\/\/schema.org\",\"@graph\":[{\"@type\":\"WebPage\",\"@id\":\"https:\/\/emerpolska.pl\/index.php\/produkt\/przewod-silikonowy-1x2-mm-bezbarwny\/\",\"url\":\"https:\/\/emerpolska.pl\/index.php\/produkt\/przewod-silikonowy-1x2-mm-bezbarwny\/\",\"name\":\"Przew\u00f3d silikonowy, 1x2 mm, bezbarwny - EMER Polska\",\"isPartOf\":{\"@id\":\"https:\/\/emerpolska.pl\/#website\"},\"datePublished\":\"2025-07-24T21:24:28+00:00\",\"breadcrumb\":{\"@id\":\"https:\/\/emerpolska.pl\/index.php\/produkt\/przewod-silikonowy-1x2-mm-bezbarwny\/#breadcrumb\"},\"inLanguage\":\"pl-PL\",\"potentialAction\":[{\"@type\":\"ReadAction\",\"target\":[\"https:\/\/emerpolska.pl\/index.php\/produkt\/przewod-silikonowy-1x2-mm-bezbarwny\/\"]}]},{\"@type\":\"BreadcrumbList\",\"@id\":\"https:\/\/emerpolska.pl\/index.php\/produkt\/przewod-silikonowy-1x2-mm-bezbarwny\/#breadcrumb\",\"itemListElement\":[{\"@type\":\"ListItem\",\"position\":1,\"name\":\"Strona g\u0142\u00f3wna\",\"item\":\"https:\/\/emerpolska.pl\/\"},{\"@type\":\"ListItem\",\"position\":2,\"name\":\"Jeste\u015bmy w przygotowaniu. Ju\u017c wkr\u00f3tce.\",\"item\":\"https:\/\/emerpolska.pl\/index.php\/shop\/\"},{\"@type\":\"ListItem\",\"position\":3,\"name\":\"Przew\u00f3d silikonowy, 1&#215;2 mm, bezbarwny\"}]},{\"@type\":\"WebSite\",\"@id\":\"https:\/\/emerpolska.pl\/#website\",\"url\":\"https:\/\/emerpolska.pl\/\",\"name\":\"EMER Polska\",\"description\":\"Centrum Pneumatyki i Automatyki\",\"publisher\":{\"@id\":\"https:\/\/emerpolska.pl\/#organization\"},\"potentialAction\":[{\"@type\":\"SearchAction\",\"target\":{\"@type\":\"EntryPoint\",\"urlTemplate\":\"https:\/\/emerpolska.pl\/?s={search_term_string}\"},\"query-input\":{\"@type\":\"PropertyValueSpecification\",\"valueRequired\":true,\"valueName\":\"search_term_string\"}}],\"inLanguage\":\"pl-PL\"},{\"@type\":\"Organization\",\"@id\":\"https:\/\/emerpolska.pl\/#organization\",\"name\":\"EMER Polska\",\"url\":\"https:\/\/emerpolska.pl\/\",\"logo\":{\"@type\":\"ImageObject\",\"inLanguage\":\"pl-PL\",\"@id\":\"https:\/\/emerpolska.pl\/#\/schema\/logo\/image\/\",\"url\":\"https:\/\/emerpolska.pl\/wp-content\/uploads\/2025\/07\/logo.jpg\",\"contentUrl\":\"https:\/\/emerpolska.pl\/wp-content\/uploads\/2025\/07\/logo.jpg\",\"width\":1021,\"height\":362,\"caption\":\"EMER Polska\"},\"image\":{\"@id\":\"https:\/\/emerpolska.pl\/#\/schema\/logo\/image\/\"}}]}<\/script>\n<!-- \/ Yoast SEO plugin. -->","yoast_head_json":{"title":"Przew\u00f3d silikonowy, 1x2 mm, bezbarwny - EMER Polska","robots":{"index":"index","follow":"follow","max-snippet":"max-snippet:-1","max-image-preview":"max-image-preview:large","max-video-preview":"max-video-preview:-1"},"canonical":"https:\/\/emerpolska.pl\/index.php\/produkt\/przewod-silikonowy-1x2-mm-bezbarwny\/","og_locale":"pl_PL","og_type":"article","og_title":"Przew\u00f3d silikonowy, 1x2 mm, bezbarwny - EMER Polska","og_description":"{&#8222;sections&#8221;:[{&#8222;items&#8221;:[{&#8222;type&#8221;:&#8221;TEXT&#8221;,&#8221;content&#8221;:&#8221; Przew\u00f3d silikonowy Wykonanie: przezroczysta, twardo\u015b\u0107 Shore 60\u00b0 (\u00b1 5\u00b0), talkowany, bez wk\u0142adki tkanej, material zgodny z FDA 21 CFR 177.2600 Zakres temperatury: -60\u00b0C do maks. +200\u00b0C, sterylizowanie para do +135\u00b0C Zakres ci\u015bnienia: Do bezci\u015bnieniowego przesy\u0142u cieczy i gaz\u00f3w D\u0142ugo\u015b\u0107 rolki: 25 m \u015arednica w\u0119\u017ca wewn. x zewn. 1 x 2 mm Cena z 1 [&hellip;]","og_url":"https:\/\/emerpolska.pl\/index.php\/produkt\/przewod-silikonowy-1x2-mm-bezbarwny\/","og_site_name":"EMER Polska","twitter_card":"summary_large_image","schema":{"@context":"https:\/\/schema.org","@graph":[{"@type":"WebPage","@id":"https:\/\/emerpolska.pl\/index.php\/produkt\/przewod-silikonowy-1x2-mm-bezbarwny\/","url":"https:\/\/emerpolska.pl\/index.php\/produkt\/przewod-silikonowy-1x2-mm-bezbarwny\/","name":"Przew\u00f3d silikonowy, 1x2 mm, bezbarwny - EMER Polska","isPartOf":{"@id":"https:\/\/emerpolska.pl\/#website"},"datePublished":"2025-07-24T21:24:28+00:00","breadcrumb":{"@id":"https:\/\/emerpolska.pl\/index.php\/produkt\/przewod-silikonowy-1x2-mm-bezbarwny\/#breadcrumb"},"inLanguage":"pl-PL","potentialAction":[{"@type":"ReadAction","target":["https:\/\/emerpolska.pl\/index.php\/produkt\/przewod-silikonowy-1x2-mm-bezbarwny\/"]}]},{"@type":"BreadcrumbList","@id":"https:\/\/emerpolska.pl\/index.php\/produkt\/przewod-silikonowy-1x2-mm-bezbarwny\/#breadcrumb","itemListElement":[{"@type":"ListItem","position":1,"name":"Strona g\u0142\u00f3wna","item":"https:\/\/emerpolska.pl\/"},{"@type":"ListItem","position":2,"name":"Jeste\u015bmy w przygotowaniu. Ju\u017c wkr\u00f3tce.","item":"https:\/\/emerpolska.pl\/index.php\/shop\/"},{"@type":"ListItem","position":3,"name":"Przew\u00f3d silikonowy, 1&#215;2 mm, bezbarwny"}]},{"@type":"WebSite","@id":"https:\/\/emerpolska.pl\/#website","url":"https:\/\/emerpolska.pl\/","name":"EMER Polska","description":"Centrum Pneumatyki i Automatyki","publisher":{"@id":"https:\/\/emerpolska.pl\/#organization"},"potentialAction":[{"@type":"SearchAction","target":{"@type":"EntryPoint","urlTemplate":"https:\/\/emerpolska.pl\/?s={search_term_string}"},"query-input":{"@type":"PropertyValueSpecification","valueRequired":true,"valueName":"search_term_string"}}],"inLanguage":"pl-PL"},{"@type":"Organization","@id":"https:\/\/emerpolska.pl\/#organization","name":"EMER Polska","url":"https:\/\/emerpolska.pl\/","logo":{"@type":"ImageObject","inLanguage":"pl-PL","@id":"https:\/\/emerpolska.pl\/#\/schema\/logo\/image\/","url":"https:\/\/emerpolska.pl\/wp-content\/uploads\/2025\/07\/logo.jpg","contentUrl":"https:\/\/emerpolska.pl\/wp-content\/uploads\/2025\/07\/logo.jpg","width":1021,"height":362,"caption":"EMER Polska"},"image":{"@id":"https:\/\/emerpolska.pl\/#\/schema\/logo\/image\/"}}]}},"_links":{"self":[{"href":"https:\/\/emerpolska.pl\/index.php\/wp-json\/wp\/v2\/product\/1313","targetHints":{"allow":["GET"]}}],"collection":[{"href":"https:\/\/emerpolska.pl\/index.php\/wp-json\/wp\/v2\/product"}],"about":[{"href":"https:\/\/emerpolska.pl\/index.php\/wp-json\/wp\/v2\/types\/product"}],"replies":[{"embeddable":true,"href":"https:\/\/emerpolska.pl\/index.php\/wp-json\/wp\/v2\/comments?post=1313"}],"wp:attachment":[{"href":"https:\/\/emerpolska.pl\/index.php\/wp-json\/wp\/v2\/media?parent=1313"}],"wp:term":[{"taxonomy":"product_brand","embeddable":true,"href":"https:\/\/emerpolska.pl\/index.php\/wp-json\/wp\/v2\/product_brand?post=1313"},{"taxonomy":"product_cat","embeddable":true,"href":"https:\/\/emerpolska.pl\/index.php\/wp-json\/wp\/v2\/product_cat?post=1313"},{"taxonomy":"product_tag","embeddable":true,"href":"https:\/\/emerpolska.pl\/index.php\/wp-json\/wp\/v2\/product_tag?post=1313"}],"curies":[{"name":"wp","href":"https:\/\/api.w.org\/{rel}","templated":true}]}}