{"id":1318,"date":"2025-07-24T23:24:30","date_gmt":"2025-07-24T21:24:30","guid":{"rendered":"https:\/\/emerpolska.pl\/index.php\/produkt\/przewod-silikonowy-3x5-mm-bezbarwny\/"},"modified":"2025-07-28T10:51:57","modified_gmt":"2025-07-28T08:51:57","slug":"przewod-silikonowy-3x5-mm-bezbarwny","status":"publish","type":"product","link":"https:\/\/emerpolska.pl\/index.php\/produkt\/przewod-silikonowy-3x5-mm-bezbarwny\/","title":{"rendered":"Przew\u00f3d silikonowy, 3&#215;5 mm, bezbarwny"},"content":{"rendered":"<p>&nbsp;<\/p>\n<h1>Przew\u00f3d silikonowy<\/h1>\n<p>Wykonanie: przezroczysta, twardo\u015b\u0107 Shore 60\u00b0 (\u00b1 5\u00b0), talkowany, bez wk\u0142adki tkanej, material zgodny z FDA 21 CFR 177.2600<\/p>\n<p>Zakres temperatury: -60\u00b0C do maks. +200\u00b0C, sterylizowanie para do +135\u00b0C<\/p>\n<p>Zakres ci\u015bnienia: Do bezci\u015bnieniowego przesy\u0142u cieczy i gaz\u00f3w<\/p>\n<p><b>D\u0142ugo\u015b\u0107 rolki: 25 m<\/b><\/p>\n<p>\u015arednica w\u0119\u017ca wewn. x zewn. 3 x 5 mm<\/p>\n<p><b>Cena z 1 m<\/b><\/p>\n<p>&nbsp;<\/p>\n","protected":false},"excerpt":{"rendered":"<p>&nbsp; Przew\u00f3d silikonowy Wykonanie: przezroczysta, twardo\u015b\u0107 Shore 60\u00b0 (\u00b1 5\u00b0), talkowany, bez wk\u0142adki tkanej, material zgodny z FDA 21 CFR 177.2600 Zakres temperatury: -60\u00b0C do maks. +200\u00b0C, sterylizowanie para do +135\u00b0C Zakres ci\u015bnienia: Do bezci\u015bnieniowego przesy\u0142u cieczy i gaz\u00f3w D\u0142ugo\u015b\u0107 rolki: 25 m \u015arednica w\u0119\u017ca wewn. x zewn. 3 x 5 mm Cena z 1 [&hellip;]<\/p>\n","protected":false},"featured_media":1471,"comment_status":"closed","ping_status":"closed","template":"","meta":[],"product_brand":[53],"product_cat":[48],"product_tag":[],"class_list":{"0":"post-1318","1":"product","2":"type-product","3":"status-publish","4":"has-post-thumbnail","6":"product_brand-air","7":"product_cat-pneumatyka-121447","9":"first","10":"instock","11":"taxable","12":"shipping-taxable","13":"purchasable","14":"product-type-simple"},"yoast_head":"<!-- This site is optimized with the Yoast SEO plugin v27.0 - https:\/\/yoast.com\/product\/yoast-seo-wordpress\/ -->\n<title>Przew\u00f3d silikonowy, 3x5 mm, bezbarwny - EMER Polska<\/title>\n<meta name=\"robots\" content=\"index, follow, max-snippet:-1, max-image-preview:large, max-video-preview:-1\" \/>\n<link rel=\"canonical\" href=\"https:\/\/emerpolska.pl\/index.php\/produkt\/przewod-silikonowy-3x5-mm-bezbarwny\/\" \/>\n<meta property=\"og:locale\" content=\"pl_PL\" \/>\n<meta property=\"og:type\" content=\"article\" \/>\n<meta property=\"og:title\" content=\"Przew\u00f3d silikonowy, 3x5 mm, bezbarwny - EMER Polska\" \/>\n<meta property=\"og:description\" content=\"&nbsp; Przew\u00f3d silikonowy Wykonanie: przezroczysta, twardo\u015b\u0107 Shore 60\u00b0 (\u00b1 5\u00b0), talkowany, bez wk\u0142adki tkanej, material zgodny z FDA 21 CFR 177.2600 Zakres temperatury: -60\u00b0C do maks. +200\u00b0C, sterylizowanie para do +135\u00b0C Zakres ci\u015bnienia: Do bezci\u015bnieniowego przesy\u0142u cieczy i gaz\u00f3w D\u0142ugo\u015b\u0107 rolki: 25 m \u015arednica w\u0119\u017ca wewn. x zewn. 3 x 5 mm Cena z 1 [&hellip;]\" \/>\n<meta property=\"og:url\" content=\"https:\/\/emerpolska.pl\/index.php\/produkt\/przewod-silikonowy-3x5-mm-bezbarwny\/\" \/>\n<meta property=\"og:site_name\" content=\"EMER Polska\" \/>\n<meta property=\"article:modified_time\" content=\"2025-07-28T08:51:57+00:00\" \/>\n<meta property=\"og:image\" content=\"https:\/\/emerpolska.pl\/wp-content\/uploads\/2025\/07\/Silikon.jpg\" \/>\n\t<meta property=\"og:image:width\" content=\"800\" \/>\n\t<meta property=\"og:image:height\" content=\"640\" \/>\n\t<meta property=\"og:image:type\" content=\"image\/jpeg\" \/>\n<meta name=\"twitter:card\" content=\"summary_large_image\" \/>\n<meta name=\"twitter:label1\" content=\"Szacowany czas czytania\" \/>\n\t<meta name=\"twitter:data1\" content=\"1 minuta\" \/>\n<script type=\"application\/ld+json\" class=\"yoast-schema-graph\">{\"@context\":\"https:\/\/schema.org\",\"@graph\":[{\"@type\":\"WebPage\",\"@id\":\"https:\/\/emerpolska.pl\/index.php\/produkt\/przewod-silikonowy-3x5-mm-bezbarwny\/\",\"url\":\"https:\/\/emerpolska.pl\/index.php\/produkt\/przewod-silikonowy-3x5-mm-bezbarwny\/\",\"name\":\"Przew\u00f3d silikonowy, 3x5 mm, bezbarwny - EMER Polska\",\"isPartOf\":{\"@id\":\"https:\/\/emerpolska.pl\/#website\"},\"primaryImageOfPage\":{\"@id\":\"https:\/\/emerpolska.pl\/index.php\/produkt\/przewod-silikonowy-3x5-mm-bezbarwny\/#primaryimage\"},\"image\":{\"@id\":\"https:\/\/emerpolska.pl\/index.php\/produkt\/przewod-silikonowy-3x5-mm-bezbarwny\/#primaryimage\"},\"thumbnailUrl\":\"https:\/\/emerpolska.pl\/wp-content\/uploads\/2025\/07\/Silikon.jpg\",\"datePublished\":\"2025-07-24T21:24:30+00:00\",\"dateModified\":\"2025-07-28T08:51:57+00:00\",\"breadcrumb\":{\"@id\":\"https:\/\/emerpolska.pl\/index.php\/produkt\/przewod-silikonowy-3x5-mm-bezbarwny\/#breadcrumb\"},\"inLanguage\":\"pl-PL\",\"potentialAction\":[{\"@type\":\"ReadAction\",\"target\":[\"https:\/\/emerpolska.pl\/index.php\/produkt\/przewod-silikonowy-3x5-mm-bezbarwny\/\"]}]},{\"@type\":\"ImageObject\",\"inLanguage\":\"pl-PL\",\"@id\":\"https:\/\/emerpolska.pl\/index.php\/produkt\/przewod-silikonowy-3x5-mm-bezbarwny\/#primaryimage\",\"url\":\"https:\/\/emerpolska.pl\/wp-content\/uploads\/2025\/07\/Silikon.jpg\",\"contentUrl\":\"https:\/\/emerpolska.pl\/wp-content\/uploads\/2025\/07\/Silikon.jpg\",\"width\":800,\"height\":640},{\"@type\":\"BreadcrumbList\",\"@id\":\"https:\/\/emerpolska.pl\/index.php\/produkt\/przewod-silikonowy-3x5-mm-bezbarwny\/#breadcrumb\",\"itemListElement\":[{\"@type\":\"ListItem\",\"position\":1,\"name\":\"Strona g\u0142\u00f3wna\",\"item\":\"https:\/\/emerpolska.pl\/\"},{\"@type\":\"ListItem\",\"position\":2,\"name\":\"Jeste\u015bmy w przygotowaniu. Ju\u017c wkr\u00f3tce.\",\"item\":\"https:\/\/emerpolska.pl\/index.php\/shop\/\"},{\"@type\":\"ListItem\",\"position\":3,\"name\":\"Przew\u00f3d silikonowy, 3&#215;5 mm, bezbarwny\"}]},{\"@type\":\"WebSite\",\"@id\":\"https:\/\/emerpolska.pl\/#website\",\"url\":\"https:\/\/emerpolska.pl\/\",\"name\":\"EMER Polska\",\"description\":\"Centrum Pneumatyki i Automatyki\",\"publisher\":{\"@id\":\"https:\/\/emerpolska.pl\/#organization\"},\"potentialAction\":[{\"@type\":\"SearchAction\",\"target\":{\"@type\":\"EntryPoint\",\"urlTemplate\":\"https:\/\/emerpolska.pl\/?s={search_term_string}\"},\"query-input\":{\"@type\":\"PropertyValueSpecification\",\"valueRequired\":true,\"valueName\":\"search_term_string\"}}],\"inLanguage\":\"pl-PL\"},{\"@type\":\"Organization\",\"@id\":\"https:\/\/emerpolska.pl\/#organization\",\"name\":\"EMER Polska\",\"url\":\"https:\/\/emerpolska.pl\/\",\"logo\":{\"@type\":\"ImageObject\",\"inLanguage\":\"pl-PL\",\"@id\":\"https:\/\/emerpolska.pl\/#\/schema\/logo\/image\/\",\"url\":\"https:\/\/emerpolska.pl\/wp-content\/uploads\/2025\/07\/logo.jpg\",\"contentUrl\":\"https:\/\/emerpolska.pl\/wp-content\/uploads\/2025\/07\/logo.jpg\",\"width\":1021,\"height\":362,\"caption\":\"EMER Polska\"},\"image\":{\"@id\":\"https:\/\/emerpolska.pl\/#\/schema\/logo\/image\/\"}}]}<\/script>\n<!-- \/ Yoast SEO plugin. -->","yoast_head_json":{"title":"Przew\u00f3d silikonowy, 3x5 mm, bezbarwny - EMER Polska","robots":{"index":"index","follow":"follow","max-snippet":"max-snippet:-1","max-image-preview":"max-image-preview:large","max-video-preview":"max-video-preview:-1"},"canonical":"https:\/\/emerpolska.pl\/index.php\/produkt\/przewod-silikonowy-3x5-mm-bezbarwny\/","og_locale":"pl_PL","og_type":"article","og_title":"Przew\u00f3d silikonowy, 3x5 mm, bezbarwny - EMER Polska","og_description":"&nbsp; Przew\u00f3d silikonowy Wykonanie: przezroczysta, twardo\u015b\u0107 Shore 60\u00b0 (\u00b1 5\u00b0), talkowany, bez wk\u0142adki tkanej, material zgodny z FDA 21 CFR 177.2600 Zakres temperatury: -60\u00b0C do maks. +200\u00b0C, sterylizowanie para do +135\u00b0C Zakres ci\u015bnienia: Do bezci\u015bnieniowego przesy\u0142u cieczy i gaz\u00f3w D\u0142ugo\u015b\u0107 rolki: 25 m \u015arednica w\u0119\u017ca wewn. x zewn. 3 x 5 mm Cena z 1 [&hellip;]","og_url":"https:\/\/emerpolska.pl\/index.php\/produkt\/przewod-silikonowy-3x5-mm-bezbarwny\/","og_site_name":"EMER Polska","article_modified_time":"2025-07-28T08:51:57+00:00","og_image":[{"width":800,"height":640,"url":"https:\/\/emerpolska.pl\/wp-content\/uploads\/2025\/07\/Silikon.jpg","type":"image\/jpeg"}],"twitter_card":"summary_large_image","twitter_misc":{"Szacowany czas czytania":"1 minuta"},"schema":{"@context":"https:\/\/schema.org","@graph":[{"@type":"WebPage","@id":"https:\/\/emerpolska.pl\/index.php\/produkt\/przewod-silikonowy-3x5-mm-bezbarwny\/","url":"https:\/\/emerpolska.pl\/index.php\/produkt\/przewod-silikonowy-3x5-mm-bezbarwny\/","name":"Przew\u00f3d silikonowy, 3x5 mm, bezbarwny - EMER Polska","isPartOf":{"@id":"https:\/\/emerpolska.pl\/#website"},"primaryImageOfPage":{"@id":"https:\/\/emerpolska.pl\/index.php\/produkt\/przewod-silikonowy-3x5-mm-bezbarwny\/#primaryimage"},"image":{"@id":"https:\/\/emerpolska.pl\/index.php\/produkt\/przewod-silikonowy-3x5-mm-bezbarwny\/#primaryimage"},"thumbnailUrl":"https:\/\/emerpolska.pl\/wp-content\/uploads\/2025\/07\/Silikon.jpg","datePublished":"2025-07-24T21:24:30+00:00","dateModified":"2025-07-28T08:51:57+00:00","breadcrumb":{"@id":"https:\/\/emerpolska.pl\/index.php\/produkt\/przewod-silikonowy-3x5-mm-bezbarwny\/#breadcrumb"},"inLanguage":"pl-PL","potentialAction":[{"@type":"ReadAction","target":["https:\/\/emerpolska.pl\/index.php\/produkt\/przewod-silikonowy-3x5-mm-bezbarwny\/"]}]},{"@type":"ImageObject","inLanguage":"pl-PL","@id":"https:\/\/emerpolska.pl\/index.php\/produkt\/przewod-silikonowy-3x5-mm-bezbarwny\/#primaryimage","url":"https:\/\/emerpolska.pl\/wp-content\/uploads\/2025\/07\/Silikon.jpg","contentUrl":"https:\/\/emerpolska.pl\/wp-content\/uploads\/2025\/07\/Silikon.jpg","width":800,"height":640},{"@type":"BreadcrumbList","@id":"https:\/\/emerpolska.pl\/index.php\/produkt\/przewod-silikonowy-3x5-mm-bezbarwny\/#breadcrumb","itemListElement":[{"@type":"ListItem","position":1,"name":"Strona g\u0142\u00f3wna","item":"https:\/\/emerpolska.pl\/"},{"@type":"ListItem","position":2,"name":"Jeste\u015bmy w przygotowaniu. Ju\u017c wkr\u00f3tce.","item":"https:\/\/emerpolska.pl\/index.php\/shop\/"},{"@type":"ListItem","position":3,"name":"Przew\u00f3d silikonowy, 3&#215;5 mm, bezbarwny"}]},{"@type":"WebSite","@id":"https:\/\/emerpolska.pl\/#website","url":"https:\/\/emerpolska.pl\/","name":"EMER Polska","description":"Centrum Pneumatyki i Automatyki","publisher":{"@id":"https:\/\/emerpolska.pl\/#organization"},"potentialAction":[{"@type":"SearchAction","target":{"@type":"EntryPoint","urlTemplate":"https:\/\/emerpolska.pl\/?s={search_term_string}"},"query-input":{"@type":"PropertyValueSpecification","valueRequired":true,"valueName":"search_term_string"}}],"inLanguage":"pl-PL"},{"@type":"Organization","@id":"https:\/\/emerpolska.pl\/#organization","name":"EMER Polska","url":"https:\/\/emerpolska.pl\/","logo":{"@type":"ImageObject","inLanguage":"pl-PL","@id":"https:\/\/emerpolska.pl\/#\/schema\/logo\/image\/","url":"https:\/\/emerpolska.pl\/wp-content\/uploads\/2025\/07\/logo.jpg","contentUrl":"https:\/\/emerpolska.pl\/wp-content\/uploads\/2025\/07\/logo.jpg","width":1021,"height":362,"caption":"EMER Polska"},"image":{"@id":"https:\/\/emerpolska.pl\/#\/schema\/logo\/image\/"}}]}},"_links":{"self":[{"href":"https:\/\/emerpolska.pl\/index.php\/wp-json\/wp\/v2\/product\/1318","targetHints":{"allow":["GET"]}}],"collection":[{"href":"https:\/\/emerpolska.pl\/index.php\/wp-json\/wp\/v2\/product"}],"about":[{"href":"https:\/\/emerpolska.pl\/index.php\/wp-json\/wp\/v2\/types\/product"}],"replies":[{"embeddable":true,"href":"https:\/\/emerpolska.pl\/index.php\/wp-json\/wp\/v2\/comments?post=1318"}],"wp:featuredmedia":[{"embeddable":true,"href":"https:\/\/emerpolska.pl\/index.php\/wp-json\/wp\/v2\/media\/1471"}],"wp:attachment":[{"href":"https:\/\/emerpolska.pl\/index.php\/wp-json\/wp\/v2\/media?parent=1318"}],"wp:term":[{"taxonomy":"product_brand","embeddable":true,"href":"https:\/\/emerpolska.pl\/index.php\/wp-json\/wp\/v2\/product_brand?post=1318"},{"taxonomy":"product_cat","embeddable":true,"href":"https:\/\/emerpolska.pl\/index.php\/wp-json\/wp\/v2\/product_cat?post=1318"},{"taxonomy":"product_tag","embeddable":true,"href":"https:\/\/emerpolska.pl\/index.php\/wp-json\/wp\/v2\/product_tag?post=1318"}],"curies":[{"name":"wp","href":"https:\/\/api.w.org\/{rel}","templated":true}]}}