{"id":1330,"date":"2025-07-25T02:13:12","date_gmt":"2025-07-25T00:13:12","guid":{"rendered":"https:\/\/emerpolska.pl\/?post_type=product&#038;p=1330"},"modified":"2025-07-25T02:13:25","modified_gmt":"2025-07-25T00:13:25","slug":"zaptec-chill","status":"publish","type":"product","link":"https:\/\/emerpolska.pl\/index.php\/produkt\/zaptec-chill\/","title":{"rendered":"Zaptec Chill"},"content":{"rendered":"","protected":false},"excerpt":{"rendered":"<p>Zaptec <strong>Chill<\/strong> to solidny i trwa\u0142y <strong>uchwyt do kabli \u0142adowania<\/strong>, zaprojektowany do wieszania nawet najci\u0119\u017cszych z nich.<\/p>\n<p>Elegancko uzupe\u0142nia stacj\u0119 \u0142adowania Zaptec i dobrze wygl\u0105da na ka\u017cdej powierzchni. Dyskretnie wtapia si\u0119 w otoczenie \u2013 czy to na elewacji zewn\u0119trznej, czy te\u017c w gara\u017cu.<\/p>\n<p><strong>Mie\u015bci 3-4 p\u0119tle 3-fazowego kabla \u0142adowania o pr\u0105dzie 32 A<\/strong>, czyli utrzyma ponad 5 kg kabel.<\/p>\n<p>&nbsp;<\/p>\n<p>Karta Katalogowa Zaptec Chill: <a href=\"https:\/\/elveh.pl\/wp-content\/uploads\/2021\/11\/ZAPTEC-CHILL-Karta-Katalogowa-ELVEH-04112021.pdf\">Karta Katalogowa<\/a><\/p>\n","protected":false},"featured_media":1356,"comment_status":"closed","ping_status":"closed","template":"","meta":[],"product_brand":[],"product_cat":[73],"product_tag":[74,75],"class_list":{"0":"post-1330","1":"product","2":"type-product","3":"status-publish","4":"has-post-thumbnail","6":"product_cat-akcesoria","7":"product_tag-akcesoria","8":"product_tag-zaptec","10":"first","11":"instock","12":"taxable","13":"shipping-taxable","14":"purchasable","15":"product-type-simple"},"yoast_head":"<!-- This site is optimized with the Yoast SEO plugin v27.0 - https:\/\/yoast.com\/product\/yoast-seo-wordpress\/ -->\n<title>Zaptec Chill - EMER Polska<\/title>\n<meta name=\"robots\" content=\"index, follow, max-snippet:-1, max-image-preview:large, max-video-preview:-1\" \/>\n<link rel=\"canonical\" href=\"https:\/\/emerpolska.pl\/index.php\/produkt\/zaptec-chill\/\" \/>\n<meta property=\"og:locale\" content=\"pl_PL\" \/>\n<meta property=\"og:type\" content=\"article\" \/>\n<meta property=\"og:title\" content=\"Zaptec Chill - EMER Polska\" \/>\n<meta property=\"og:description\" content=\"Zaptec Chill to solidny i trwa\u0142y uchwyt do kabli \u0142adowania, zaprojektowany do wieszania nawet najci\u0119\u017cszych z nich.  Elegancko uzupe\u0142nia stacj\u0119 \u0142adowania Zaptec i dobrze wygl\u0105da na ka\u017cdej powierzchni. Dyskretnie wtapia si\u0119 w otoczenie \u2013 czy to na elewacji zewn\u0119trznej, czy te\u017c w gara\u017cu.  Mie\u015bci 3-4 p\u0119tle 3-fazowego kabla \u0142adowania o pr\u0105dzie 32 A, czyli utrzyma ponad 5 kg kabel.  &nbsp;  Karta Katalogowa Zaptec Chill: Karta Katalogowa\" \/>\n<meta property=\"og:url\" content=\"https:\/\/emerpolska.pl\/index.php\/produkt\/zaptec-chill\/\" \/>\n<meta property=\"og:site_name\" content=\"EMER Polska\" \/>\n<meta property=\"article:modified_time\" content=\"2025-07-25T00:13:25+00:00\" \/>\n<meta name=\"twitter:card\" content=\"summary_large_image\" \/>\n<script type=\"application\/ld+json\" class=\"yoast-schema-graph\">{\"@context\":\"https:\/\/schema.org\",\"@graph\":[{\"@type\":\"WebPage\",\"@id\":\"https:\/\/emerpolska.pl\/index.php\/produkt\/zaptec-chill\/\",\"url\":\"https:\/\/emerpolska.pl\/index.php\/produkt\/zaptec-chill\/\",\"name\":\"Zaptec Chill - EMER Polska\",\"isPartOf\":{\"@id\":\"https:\/\/emerpolska.pl\/#website\"},\"primaryImageOfPage\":{\"@id\":\"https:\/\/emerpolska.pl\/index.php\/produkt\/zaptec-chill\/#primaryimage\"},\"image\":{\"@id\":\"https:\/\/emerpolska.pl\/index.php\/produkt\/zaptec-chill\/#primaryimage\"},\"thumbnailUrl\":\"https:\/\/emerpolska.pl\/wp-content\/uploads\/2025\/07\/Zaptec-Chill-ELVEH-1-Organizer-Kabla-Ladowania-Wallbox.png\",\"datePublished\":\"2025-07-25T00:13:12+00:00\",\"dateModified\":\"2025-07-25T00:13:25+00:00\",\"breadcrumb\":{\"@id\":\"https:\/\/emerpolska.pl\/index.php\/produkt\/zaptec-chill\/#breadcrumb\"},\"inLanguage\":\"pl-PL\",\"potentialAction\":[{\"@type\":\"ReadAction\",\"target\":[\"https:\/\/emerpolska.pl\/index.php\/produkt\/zaptec-chill\/\"]}]},{\"@type\":\"ImageObject\",\"inLanguage\":\"pl-PL\",\"@id\":\"https:\/\/emerpolska.pl\/index.php\/produkt\/zaptec-chill\/#primaryimage\",\"url\":\"https:\/\/emerpolska.pl\/wp-content\/uploads\/2025\/07\/Zaptec-Chill-ELVEH-1-Organizer-Kabla-Ladowania-Wallbox.png\",\"contentUrl\":\"https:\/\/emerpolska.pl\/wp-content\/uploads\/2025\/07\/Zaptec-Chill-ELVEH-1-Organizer-Kabla-Ladowania-Wallbox.png\",\"width\":1200,\"height\":1200},{\"@type\":\"BreadcrumbList\",\"@id\":\"https:\/\/emerpolska.pl\/index.php\/produkt\/zaptec-chill\/#breadcrumb\",\"itemListElement\":[{\"@type\":\"ListItem\",\"position\":1,\"name\":\"Strona g\u0142\u00f3wna\",\"item\":\"https:\/\/emerpolska.pl\/\"},{\"@type\":\"ListItem\",\"position\":2,\"name\":\"Jeste\u015bmy w przygotowaniu. Ju\u017c wkr\u00f3tce.\",\"item\":\"https:\/\/emerpolska.pl\/index.php\/shop\/\"},{\"@type\":\"ListItem\",\"position\":3,\"name\":\"Zaptec Chill\"}]},{\"@type\":\"WebSite\",\"@id\":\"https:\/\/emerpolska.pl\/#website\",\"url\":\"https:\/\/emerpolska.pl\/\",\"name\":\"EMER Polska\",\"description\":\"Centrum Pneumatyki i Automatyki\",\"publisher\":{\"@id\":\"https:\/\/emerpolska.pl\/#organization\"},\"potentialAction\":[{\"@type\":\"SearchAction\",\"target\":{\"@type\":\"EntryPoint\",\"urlTemplate\":\"https:\/\/emerpolska.pl\/?s={search_term_string}\"},\"query-input\":{\"@type\":\"PropertyValueSpecification\",\"valueRequired\":true,\"valueName\":\"search_term_string\"}}],\"inLanguage\":\"pl-PL\"},{\"@type\":\"Organization\",\"@id\":\"https:\/\/emerpolska.pl\/#organization\",\"name\":\"EMER Polska\",\"url\":\"https:\/\/emerpolska.pl\/\",\"logo\":{\"@type\":\"ImageObject\",\"inLanguage\":\"pl-PL\",\"@id\":\"https:\/\/emerpolska.pl\/#\/schema\/logo\/image\/\",\"url\":\"https:\/\/emerpolska.pl\/wp-content\/uploads\/2025\/07\/logo.jpg\",\"contentUrl\":\"https:\/\/emerpolska.pl\/wp-content\/uploads\/2025\/07\/logo.jpg\",\"width\":1021,\"height\":362,\"caption\":\"EMER Polska\"},\"image\":{\"@id\":\"https:\/\/emerpolska.pl\/#\/schema\/logo\/image\/\"}}]}<\/script>\n<!-- \/ Yoast SEO plugin. -->","yoast_head_json":{"title":"Zaptec Chill - EMER Polska","robots":{"index":"index","follow":"follow","max-snippet":"max-snippet:-1","max-image-preview":"max-image-preview:large","max-video-preview":"max-video-preview:-1"},"canonical":"https:\/\/emerpolska.pl\/index.php\/produkt\/zaptec-chill\/","og_locale":"pl_PL","og_type":"article","og_title":"Zaptec Chill - EMER Polska","og_description":"Zaptec Chill to solidny i trwa\u0142y uchwyt do kabli \u0142adowania, zaprojektowany do wieszania nawet najci\u0119\u017cszych z nich.  Elegancko uzupe\u0142nia stacj\u0119 \u0142adowania Zaptec i dobrze wygl\u0105da na ka\u017cdej powierzchni. Dyskretnie wtapia si\u0119 w otoczenie \u2013 czy to na elewacji zewn\u0119trznej, czy te\u017c w gara\u017cu.  Mie\u015bci 3-4 p\u0119tle 3-fazowego kabla \u0142adowania o pr\u0105dzie 32 A, czyli utrzyma ponad 5 kg kabel.  &nbsp;  Karta Katalogowa Zaptec Chill: Karta Katalogowa","og_url":"https:\/\/emerpolska.pl\/index.php\/produkt\/zaptec-chill\/","og_site_name":"EMER Polska","article_modified_time":"2025-07-25T00:13:25+00:00","twitter_card":"summary_large_image","schema":{"@context":"https:\/\/schema.org","@graph":[{"@type":"WebPage","@id":"https:\/\/emerpolska.pl\/index.php\/produkt\/zaptec-chill\/","url":"https:\/\/emerpolska.pl\/index.php\/produkt\/zaptec-chill\/","name":"Zaptec Chill - EMER Polska","isPartOf":{"@id":"https:\/\/emerpolska.pl\/#website"},"primaryImageOfPage":{"@id":"https:\/\/emerpolska.pl\/index.php\/produkt\/zaptec-chill\/#primaryimage"},"image":{"@id":"https:\/\/emerpolska.pl\/index.php\/produkt\/zaptec-chill\/#primaryimage"},"thumbnailUrl":"https:\/\/emerpolska.pl\/wp-content\/uploads\/2025\/07\/Zaptec-Chill-ELVEH-1-Organizer-Kabla-Ladowania-Wallbox.png","datePublished":"2025-07-25T00:13:12+00:00","dateModified":"2025-07-25T00:13:25+00:00","breadcrumb":{"@id":"https:\/\/emerpolska.pl\/index.php\/produkt\/zaptec-chill\/#breadcrumb"},"inLanguage":"pl-PL","potentialAction":[{"@type":"ReadAction","target":["https:\/\/emerpolska.pl\/index.php\/produkt\/zaptec-chill\/"]}]},{"@type":"ImageObject","inLanguage":"pl-PL","@id":"https:\/\/emerpolska.pl\/index.php\/produkt\/zaptec-chill\/#primaryimage","url":"https:\/\/emerpolska.pl\/wp-content\/uploads\/2025\/07\/Zaptec-Chill-ELVEH-1-Organizer-Kabla-Ladowania-Wallbox.png","contentUrl":"https:\/\/emerpolska.pl\/wp-content\/uploads\/2025\/07\/Zaptec-Chill-ELVEH-1-Organizer-Kabla-Ladowania-Wallbox.png","width":1200,"height":1200},{"@type":"BreadcrumbList","@id":"https:\/\/emerpolska.pl\/index.php\/produkt\/zaptec-chill\/#breadcrumb","itemListElement":[{"@type":"ListItem","position":1,"name":"Strona g\u0142\u00f3wna","item":"https:\/\/emerpolska.pl\/"},{"@type":"ListItem","position":2,"name":"Jeste\u015bmy w przygotowaniu. Ju\u017c wkr\u00f3tce.","item":"https:\/\/emerpolska.pl\/index.php\/shop\/"},{"@type":"ListItem","position":3,"name":"Zaptec Chill"}]},{"@type":"WebSite","@id":"https:\/\/emerpolska.pl\/#website","url":"https:\/\/emerpolska.pl\/","name":"EMER Polska","description":"Centrum Pneumatyki i Automatyki","publisher":{"@id":"https:\/\/emerpolska.pl\/#organization"},"potentialAction":[{"@type":"SearchAction","target":{"@type":"EntryPoint","urlTemplate":"https:\/\/emerpolska.pl\/?s={search_term_string}"},"query-input":{"@type":"PropertyValueSpecification","valueRequired":true,"valueName":"search_term_string"}}],"inLanguage":"pl-PL"},{"@type":"Organization","@id":"https:\/\/emerpolska.pl\/#organization","name":"EMER Polska","url":"https:\/\/emerpolska.pl\/","logo":{"@type":"ImageObject","inLanguage":"pl-PL","@id":"https:\/\/emerpolska.pl\/#\/schema\/logo\/image\/","url":"https:\/\/emerpolska.pl\/wp-content\/uploads\/2025\/07\/logo.jpg","contentUrl":"https:\/\/emerpolska.pl\/wp-content\/uploads\/2025\/07\/logo.jpg","width":1021,"height":362,"caption":"EMER Polska"},"image":{"@id":"https:\/\/emerpolska.pl\/#\/schema\/logo\/image\/"}}]}},"_links":{"self":[{"href":"https:\/\/emerpolska.pl\/index.php\/wp-json\/wp\/v2\/product\/1330","targetHints":{"allow":["GET"]}}],"collection":[{"href":"https:\/\/emerpolska.pl\/index.php\/wp-json\/wp\/v2\/product"}],"about":[{"href":"https:\/\/emerpolska.pl\/index.php\/wp-json\/wp\/v2\/types\/product"}],"replies":[{"embeddable":true,"href":"https:\/\/emerpolska.pl\/index.php\/wp-json\/wp\/v2\/comments?post=1330"}],"wp:featuredmedia":[{"embeddable":true,"href":"https:\/\/emerpolska.pl\/index.php\/wp-json\/wp\/v2\/media\/1356"}],"wp:attachment":[{"href":"https:\/\/emerpolska.pl\/index.php\/wp-json\/wp\/v2\/media?parent=1330"}],"wp:term":[{"taxonomy":"product_brand","embeddable":true,"href":"https:\/\/emerpolska.pl\/index.php\/wp-json\/wp\/v2\/product_brand?post=1330"},{"taxonomy":"product_cat","embeddable":true,"href":"https:\/\/emerpolska.pl\/index.php\/wp-json\/wp\/v2\/product_cat?post=1330"},{"taxonomy":"product_tag","embeddable":true,"href":"https:\/\/emerpolska.pl\/index.php\/wp-json\/wp\/v2\/product_tag?post=1330"}],"curies":[{"name":"wp","href":"https:\/\/api.w.org\/{rel}","templated":true}]}}