{"id":730,"date":"2025-07-24T23:18:31","date_gmt":"2025-07-24T21:18:31","guid":{"rendered":"https:\/\/emerpolska.pl\/index.php\/produkt\/zlaczka-na-waz-choinka-lacznik-katowy-9-mm-pom\/"},"modified":"2025-07-24T23:18:31","modified_gmt":"2025-07-24T21:18:31","slug":"zlaczka-na-waz-choinka-lacznik-katowy-9-mm-pom","status":"publish","type":"product","link":"https:\/\/emerpolska.pl\/index.php\/produkt\/zlaczka-na-waz-choinka-lacznik-katowy-9-mm-pom\/","title":{"rendered":"Z\u0142\u0105czka na w\u0105\u017c choinka \u0142\u0105cznik k\u0105towy 9 mm POM"},"content":{"rendered":"<p>{&#8222;sections&#8221;:[{&#8222;items&#8221;:[{&#8222;type&#8221;:&#8221;TEXT&#8221;,&#8221;content&#8221;:&#8221;<\/p>\n<h1>Z\u0142\u0105cze choinka POM<\/h1>\n<p>Z\u0142\u0105czka choinka do powietrza to jedna z najcz\u0119\u015bciej stosowany w pneumatyce. W ofercie posiadamy wszystkie typy z\u0142\u0105czy w technice spr\u0119\u017conego powietrza.<\/p>\n<p>&#8211; \u015brednica w\u0119\u017ca: 9 mm<\/p>\n<p>&#8211; materia\u0142: POM<\/p>\n<p>&#8211; Zakres temperatury: POM*: 0\u00b0C do maks. +80\u00b0C,<\/p>\n<p>*Odporne na w\u0119glowodory, benzyn\u0119, olej nap\u0119dowy, oleje, smary, w\u0119glowodory chlorowane, lugi i roztwory soli (neutralne). Nieodporne na kwasy, substancje utleniaj\u0105ce, fenole, gliceryn\u0119 i glikol.<\/p>\n<p>&#8222;},{&#8222;type&#8221;:&#8221;IMAGE&#8221;,&#8221;url&#8221;:&#8221;https:\/\/a.allegroimg.com\/original\/1170e0\/a51defef4224b52ab8999bb36a94&#8243;}]}]}<\/p>\n","protected":false},"excerpt":{"rendered":"<p>{&#8222;sections&#8221;:[{&#8222;items&#8221;:[{&#8222;type&#8221;:&#8221;TEXT&#8221;,&#8221;content&#8221;:&#8221; Z\u0142\u0105cze choinka POM Z\u0142\u0105czka choinka do powietrza to jedna z najcz\u0119\u015bciej stosowany w pneumatyce. W ofercie posiadamy wszystkie typy z\u0142\u0105czy w technice spr\u0119\u017conego powietrza. &#8211; \u015brednica w\u0119\u017ca: 9 mm &#8211; materia\u0142: POM &#8211; Zakres temperatury: POM*: 0\u00b0C do maks. +80\u00b0C, *Odporne na w\u0119glowodory, benzyn\u0119, olej nap\u0119dowy, oleje, smary, w\u0119glowodory chlorowane, lugi i roztwory soli [&hellip;]<\/p>\n","protected":false},"featured_media":0,"comment_status":"open","ping_status":"closed","template":"","meta":[],"product_brand":[53],"product_cat":[48],"product_tag":[],"class_list":{"0":"post-730","1":"product","2":"type-product","3":"status-publish","5":"product_brand-air","6":"product_cat-pneumatyka-121447","8":"first","9":"instock","10":"taxable","11":"shipping-taxable","12":"purchasable","13":"product-type-simple"},"yoast_head":"<!-- This site is optimized with the Yoast SEO plugin v27.0 - https:\/\/yoast.com\/product\/yoast-seo-wordpress\/ -->\n<title>Z\u0142\u0105czka na w\u0105\u017c choinka \u0142\u0105cznik k\u0105towy 9 mm POM - EMER Polska<\/title>\n<meta name=\"robots\" content=\"index, follow, max-snippet:-1, max-image-preview:large, max-video-preview:-1\" \/>\n<link rel=\"canonical\" href=\"https:\/\/emerpolska.pl\/index.php\/produkt\/zlaczka-na-waz-choinka-lacznik-katowy-9-mm-pom\/\" \/>\n<meta property=\"og:locale\" content=\"pl_PL\" \/>\n<meta property=\"og:type\" content=\"article\" \/>\n<meta property=\"og:title\" content=\"Z\u0142\u0105czka na w\u0105\u017c choinka \u0142\u0105cznik k\u0105towy 9 mm POM - EMER Polska\" \/>\n<meta property=\"og:description\" content=\"{&#8222;sections&#8221;:[{&#8222;items&#8221;:[{&#8222;type&#8221;:&#8221;TEXT&#8221;,&#8221;content&#8221;:&#8221; Z\u0142\u0105cze choinka POM Z\u0142\u0105czka choinka do powietrza to jedna z najcz\u0119\u015bciej stosowany w pneumatyce. W ofercie posiadamy wszystkie typy z\u0142\u0105czy w technice spr\u0119\u017conego powietrza. &#8211; \u015brednica w\u0119\u017ca: 9 mm &#8211; materia\u0142: POM &#8211; Zakres temperatury: POM*: 0\u00b0C do maks. +80\u00b0C, *Odporne na w\u0119glowodory, benzyn\u0119, olej nap\u0119dowy, oleje, smary, w\u0119glowodory chlorowane, lugi i roztwory soli [&hellip;]\" \/>\n<meta property=\"og:url\" content=\"https:\/\/emerpolska.pl\/index.php\/produkt\/zlaczka-na-waz-choinka-lacznik-katowy-9-mm-pom\/\" \/>\n<meta property=\"og:site_name\" content=\"EMER Polska\" \/>\n<meta name=\"twitter:card\" content=\"summary_large_image\" \/>\n<script type=\"application\/ld+json\" class=\"yoast-schema-graph\">{\"@context\":\"https:\/\/schema.org\",\"@graph\":[{\"@type\":\"WebPage\",\"@id\":\"https:\/\/emerpolska.pl\/index.php\/produkt\/zlaczka-na-waz-choinka-lacznik-katowy-9-mm-pom\/\",\"url\":\"https:\/\/emerpolska.pl\/index.php\/produkt\/zlaczka-na-waz-choinka-lacznik-katowy-9-mm-pom\/\",\"name\":\"Z\u0142\u0105czka na w\u0105\u017c choinka \u0142\u0105cznik k\u0105towy 9 mm POM - EMER Polska\",\"isPartOf\":{\"@id\":\"https:\/\/emerpolska.pl\/#website\"},\"datePublished\":\"2025-07-24T21:18:31+00:00\",\"breadcrumb\":{\"@id\":\"https:\/\/emerpolska.pl\/index.php\/produkt\/zlaczka-na-waz-choinka-lacznik-katowy-9-mm-pom\/#breadcrumb\"},\"inLanguage\":\"pl-PL\",\"potentialAction\":[{\"@type\":\"ReadAction\",\"target\":[\"https:\/\/emerpolska.pl\/index.php\/produkt\/zlaczka-na-waz-choinka-lacznik-katowy-9-mm-pom\/\"]}]},{\"@type\":\"BreadcrumbList\",\"@id\":\"https:\/\/emerpolska.pl\/index.php\/produkt\/zlaczka-na-waz-choinka-lacznik-katowy-9-mm-pom\/#breadcrumb\",\"itemListElement\":[{\"@type\":\"ListItem\",\"position\":1,\"name\":\"Strona g\u0142\u00f3wna\",\"item\":\"https:\/\/emerpolska.pl\/\"},{\"@type\":\"ListItem\",\"position\":2,\"name\":\"Jeste\u015bmy w przygotowaniu. Ju\u017c wkr\u00f3tce.\",\"item\":\"https:\/\/emerpolska.pl\/index.php\/shop\/\"},{\"@type\":\"ListItem\",\"position\":3,\"name\":\"Z\u0142\u0105czka na w\u0105\u017c choinka \u0142\u0105cznik k\u0105towy 9 mm POM\"}]},{\"@type\":\"WebSite\",\"@id\":\"https:\/\/emerpolska.pl\/#website\",\"url\":\"https:\/\/emerpolska.pl\/\",\"name\":\"EMER Polska\",\"description\":\"Centrum Pneumatyki i Automatyki\",\"publisher\":{\"@id\":\"https:\/\/emerpolska.pl\/#organization\"},\"potentialAction\":[{\"@type\":\"SearchAction\",\"target\":{\"@type\":\"EntryPoint\",\"urlTemplate\":\"https:\/\/emerpolska.pl\/?s={search_term_string}\"},\"query-input\":{\"@type\":\"PropertyValueSpecification\",\"valueRequired\":true,\"valueName\":\"search_term_string\"}}],\"inLanguage\":\"pl-PL\"},{\"@type\":\"Organization\",\"@id\":\"https:\/\/emerpolska.pl\/#organization\",\"name\":\"EMER Polska\",\"url\":\"https:\/\/emerpolska.pl\/\",\"logo\":{\"@type\":\"ImageObject\",\"inLanguage\":\"pl-PL\",\"@id\":\"https:\/\/emerpolska.pl\/#\/schema\/logo\/image\/\",\"url\":\"https:\/\/emerpolska.pl\/wp-content\/uploads\/2025\/07\/logo.jpg\",\"contentUrl\":\"https:\/\/emerpolska.pl\/wp-content\/uploads\/2025\/07\/logo.jpg\",\"width\":1021,\"height\":362,\"caption\":\"EMER Polska\"},\"image\":{\"@id\":\"https:\/\/emerpolska.pl\/#\/schema\/logo\/image\/\"}}]}<\/script>\n<!-- \/ Yoast SEO plugin. -->","yoast_head_json":{"title":"Z\u0142\u0105czka na w\u0105\u017c choinka \u0142\u0105cznik k\u0105towy 9 mm POM - EMER Polska","robots":{"index":"index","follow":"follow","max-snippet":"max-snippet:-1","max-image-preview":"max-image-preview:large","max-video-preview":"max-video-preview:-1"},"canonical":"https:\/\/emerpolska.pl\/index.php\/produkt\/zlaczka-na-waz-choinka-lacznik-katowy-9-mm-pom\/","og_locale":"pl_PL","og_type":"article","og_title":"Z\u0142\u0105czka na w\u0105\u017c choinka \u0142\u0105cznik k\u0105towy 9 mm POM - EMER Polska","og_description":"{&#8222;sections&#8221;:[{&#8222;items&#8221;:[{&#8222;type&#8221;:&#8221;TEXT&#8221;,&#8221;content&#8221;:&#8221; Z\u0142\u0105cze choinka POM Z\u0142\u0105czka choinka do powietrza to jedna z najcz\u0119\u015bciej stosowany w pneumatyce. W ofercie posiadamy wszystkie typy z\u0142\u0105czy w technice spr\u0119\u017conego powietrza. &#8211; \u015brednica w\u0119\u017ca: 9 mm &#8211; materia\u0142: POM &#8211; Zakres temperatury: POM*: 0\u00b0C do maks. +80\u00b0C, *Odporne na w\u0119glowodory, benzyn\u0119, olej nap\u0119dowy, oleje, smary, w\u0119glowodory chlorowane, lugi i roztwory soli [&hellip;]","og_url":"https:\/\/emerpolska.pl\/index.php\/produkt\/zlaczka-na-waz-choinka-lacznik-katowy-9-mm-pom\/","og_site_name":"EMER Polska","twitter_card":"summary_large_image","schema":{"@context":"https:\/\/schema.org","@graph":[{"@type":"WebPage","@id":"https:\/\/emerpolska.pl\/index.php\/produkt\/zlaczka-na-waz-choinka-lacznik-katowy-9-mm-pom\/","url":"https:\/\/emerpolska.pl\/index.php\/produkt\/zlaczka-na-waz-choinka-lacznik-katowy-9-mm-pom\/","name":"Z\u0142\u0105czka na w\u0105\u017c choinka \u0142\u0105cznik k\u0105towy 9 mm POM - EMER Polska","isPartOf":{"@id":"https:\/\/emerpolska.pl\/#website"},"datePublished":"2025-07-24T21:18:31+00:00","breadcrumb":{"@id":"https:\/\/emerpolska.pl\/index.php\/produkt\/zlaczka-na-waz-choinka-lacznik-katowy-9-mm-pom\/#breadcrumb"},"inLanguage":"pl-PL","potentialAction":[{"@type":"ReadAction","target":["https:\/\/emerpolska.pl\/index.php\/produkt\/zlaczka-na-waz-choinka-lacznik-katowy-9-mm-pom\/"]}]},{"@type":"BreadcrumbList","@id":"https:\/\/emerpolska.pl\/index.php\/produkt\/zlaczka-na-waz-choinka-lacznik-katowy-9-mm-pom\/#breadcrumb","itemListElement":[{"@type":"ListItem","position":1,"name":"Strona g\u0142\u00f3wna","item":"https:\/\/emerpolska.pl\/"},{"@type":"ListItem","position":2,"name":"Jeste\u015bmy w przygotowaniu. Ju\u017c wkr\u00f3tce.","item":"https:\/\/emerpolska.pl\/index.php\/shop\/"},{"@type":"ListItem","position":3,"name":"Z\u0142\u0105czka na w\u0105\u017c choinka \u0142\u0105cznik k\u0105towy 9 mm POM"}]},{"@type":"WebSite","@id":"https:\/\/emerpolska.pl\/#website","url":"https:\/\/emerpolska.pl\/","name":"EMER Polska","description":"Centrum Pneumatyki i Automatyki","publisher":{"@id":"https:\/\/emerpolska.pl\/#organization"},"potentialAction":[{"@type":"SearchAction","target":{"@type":"EntryPoint","urlTemplate":"https:\/\/emerpolska.pl\/?s={search_term_string}"},"query-input":{"@type":"PropertyValueSpecification","valueRequired":true,"valueName":"search_term_string"}}],"inLanguage":"pl-PL"},{"@type":"Organization","@id":"https:\/\/emerpolska.pl\/#organization","name":"EMER Polska","url":"https:\/\/emerpolska.pl\/","logo":{"@type":"ImageObject","inLanguage":"pl-PL","@id":"https:\/\/emerpolska.pl\/#\/schema\/logo\/image\/","url":"https:\/\/emerpolska.pl\/wp-content\/uploads\/2025\/07\/logo.jpg","contentUrl":"https:\/\/emerpolska.pl\/wp-content\/uploads\/2025\/07\/logo.jpg","width":1021,"height":362,"caption":"EMER Polska"},"image":{"@id":"https:\/\/emerpolska.pl\/#\/schema\/logo\/image\/"}}]}},"_links":{"self":[{"href":"https:\/\/emerpolska.pl\/index.php\/wp-json\/wp\/v2\/product\/730","targetHints":{"allow":["GET"]}}],"collection":[{"href":"https:\/\/emerpolska.pl\/index.php\/wp-json\/wp\/v2\/product"}],"about":[{"href":"https:\/\/emerpolska.pl\/index.php\/wp-json\/wp\/v2\/types\/product"}],"replies":[{"embeddable":true,"href":"https:\/\/emerpolska.pl\/index.php\/wp-json\/wp\/v2\/comments?post=730"}],"wp:attachment":[{"href":"https:\/\/emerpolska.pl\/index.php\/wp-json\/wp\/v2\/media?parent=730"}],"wp:term":[{"taxonomy":"product_brand","embeddable":true,"href":"https:\/\/emerpolska.pl\/index.php\/wp-json\/wp\/v2\/product_brand?post=730"},{"taxonomy":"product_cat","embeddable":true,"href":"https:\/\/emerpolska.pl\/index.php\/wp-json\/wp\/v2\/product_cat?post=730"},{"taxonomy":"product_tag","embeddable":true,"href":"https:\/\/emerpolska.pl\/index.php\/wp-json\/wp\/v2\/product_tag?post=730"}],"curies":[{"name":"wp","href":"https:\/\/api.w.org\/{rel}","templated":true}]}}