{"id":735,"date":"2025-07-24T23:18:33","date_gmt":"2025-07-24T21:18:33","guid":{"rendered":"https:\/\/emerpolska.pl\/index.php\/produkt\/manometr-glicerynowy-pionowy-d63-0-600-bar\/"},"modified":"2025-07-24T23:18:33","modified_gmt":"2025-07-24T21:18:33","slug":"manometr-glicerynowy-pionowy-d63-0-600-bar","status":"publish","type":"product","link":"https:\/\/emerpolska.pl\/index.php\/produkt\/manometr-glicerynowy-pionowy-d63-0-600-bar\/","title":{"rendered":"Manometr glicerynowy pionowy D63, 0 &#8211; 600 bar"},"content":{"rendered":"<p>{&#8222;sections&#8221;:[{&#8222;items&#8221;:[{&#8222;type&#8221;:&#8221;TEXT&#8221;,&#8221;content&#8221;:&#8221;<\/p>\n<h1>Manometr glicerynowy<\/h1>\n<p>Manometry maj\u0105 zastosowanie w pneumatyce i hydraulice do pomiaru ci\u015bnienia. Stosujemy przy du\u017cych obci\u0105\u017ceniach ci\u015bnienia i wibracjach. Stosowane do gaz\u00f3w i cieczy.<\/p>\n<p>Zakres ci\u015bnie\u0144: 0-600 bar<\/p>\n<p>Podzia\u0142ka: 20 bar<\/p>\n<p>\u015arednica: 63 mm<\/p>\n<p>Materia\u0142y:<\/p>\n<p>&#8211; obudowa 1.4301,<\/p>\n<p>&#8211; system pomiarowy stop miedzi<\/p>\n<p>&#8211; przy\u0142\u0105cze: mosi\u0105dz,<\/p>\n<p>&#8211; wziernik: poliw\u0119glan<\/p>\n<p>Przy\u0142\u0105cze gwintowane: G 1\/4&#8243;*<\/p>\n<p>Klasa: 1.6<\/p>\n<p>Zakres temperatury:<\/p>\n<p>&#8211; Otoczenie: -20\u00b0C do maks. +60\u00b0C,<\/p>\n<p>&#8211; Materia\u0142 pomiarowy: maks. +60\u00b0C<\/p>\n<p>Tarcza zegarowa:<\/p>\n<p>&#8211; Skala zewn\u0119trzna (czarna), wskazanie w bar,<\/p>\n<p>&#8211; Skala wewn\u0119trzna (czerwona), wskazanie w PSI<\/p>\n<p>Stopie\u0144 ochrony: IP 65<\/p>\n<p>&#8222;},{&#8222;type&#8221;:&#8221;IMAGE&#8221;,&#8221;url&#8221;:&#8221;https:\/\/a.allegroimg.com\/original\/110011\/52c76b534efb9ee3d160f305ec8b&#8221;}]}]}<\/p>\n","protected":false},"excerpt":{"rendered":"<p>{&#8222;sections&#8221;:[{&#8222;items&#8221;:[{&#8222;type&#8221;:&#8221;TEXT&#8221;,&#8221;content&#8221;:&#8221; Manometr glicerynowy Manometry maj\u0105 zastosowanie w pneumatyce i hydraulice do pomiaru ci\u015bnienia. Stosujemy przy du\u017cych obci\u0105\u017ceniach ci\u015bnienia i wibracjach. Stosowane do gaz\u00f3w i cieczy. Zakres ci\u015bnie\u0144: 0-600 bar Podzia\u0142ka: 20 bar \u015arednica: 63 mm Materia\u0142y: &#8211; obudowa 1.4301, &#8211; system pomiarowy stop miedzi &#8211; przy\u0142\u0105cze: mosi\u0105dz, &#8211; wziernik: poliw\u0119glan Przy\u0142\u0105cze gwintowane: G 1\/4&#8243;* Klasa: [&hellip;]<\/p>\n","protected":false},"featured_media":0,"comment_status":"open","ping_status":"closed","template":"","meta":[],"product_brand":[53],"product_cat":[48],"product_tag":[],"class_list":{"0":"post-735","1":"product","2":"type-product","3":"status-publish","5":"product_brand-air","6":"product_cat-pneumatyka-121447","8":"first","9":"instock","10":"taxable","11":"shipping-taxable","12":"purchasable","13":"product-type-simple"},"yoast_head":"<!-- This site is optimized with the Yoast SEO plugin v27.0 - https:\/\/yoast.com\/product\/yoast-seo-wordpress\/ -->\n<title>Manometr glicerynowy pionowy D63, 0 - 600 bar - EMER Polska<\/title>\n<meta name=\"robots\" content=\"index, follow, max-snippet:-1, max-image-preview:large, max-video-preview:-1\" \/>\n<link rel=\"canonical\" href=\"https:\/\/emerpolska.pl\/index.php\/produkt\/manometr-glicerynowy-pionowy-d63-0-600-bar\/\" \/>\n<meta property=\"og:locale\" content=\"pl_PL\" \/>\n<meta property=\"og:type\" content=\"article\" \/>\n<meta property=\"og:title\" content=\"Manometr glicerynowy pionowy D63, 0 - 600 bar - EMER Polska\" \/>\n<meta property=\"og:description\" content=\"{&#8222;sections&#8221;:[{&#8222;items&#8221;:[{&#8222;type&#8221;:&#8221;TEXT&#8221;,&#8221;content&#8221;:&#8221; Manometr glicerynowy Manometry maj\u0105 zastosowanie w pneumatyce i hydraulice do pomiaru ci\u015bnienia. Stosujemy przy du\u017cych obci\u0105\u017ceniach ci\u015bnienia i wibracjach. Stosowane do gaz\u00f3w i cieczy. Zakres ci\u015bnie\u0144: 0-600 bar Podzia\u0142ka: 20 bar \u015arednica: 63 mm Materia\u0142y: &#8211; obudowa 1.4301, &#8211; system pomiarowy stop miedzi &#8211; przy\u0142\u0105cze: mosi\u0105dz, &#8211; wziernik: poliw\u0119glan Przy\u0142\u0105cze gwintowane: G 1\/4&#8243;* Klasa: [&hellip;]\" \/>\n<meta property=\"og:url\" content=\"https:\/\/emerpolska.pl\/index.php\/produkt\/manometr-glicerynowy-pionowy-d63-0-600-bar\/\" \/>\n<meta property=\"og:site_name\" content=\"EMER Polska\" \/>\n<meta name=\"twitter:card\" content=\"summary_large_image\" \/>\n<meta name=\"twitter:label1\" content=\"Szacowany czas czytania\" \/>\n\t<meta name=\"twitter:data1\" content=\"1 minuta\" \/>\n<script type=\"application\/ld+json\" class=\"yoast-schema-graph\">{\"@context\":\"https:\/\/schema.org\",\"@graph\":[{\"@type\":\"WebPage\",\"@id\":\"https:\/\/emerpolska.pl\/index.php\/produkt\/manometr-glicerynowy-pionowy-d63-0-600-bar\/\",\"url\":\"https:\/\/emerpolska.pl\/index.php\/produkt\/manometr-glicerynowy-pionowy-d63-0-600-bar\/\",\"name\":\"Manometr glicerynowy pionowy D63, 0 - 600 bar - EMER Polska\",\"isPartOf\":{\"@id\":\"https:\/\/emerpolska.pl\/#website\"},\"datePublished\":\"2025-07-24T21:18:33+00:00\",\"breadcrumb\":{\"@id\":\"https:\/\/emerpolska.pl\/index.php\/produkt\/manometr-glicerynowy-pionowy-d63-0-600-bar\/#breadcrumb\"},\"inLanguage\":\"pl-PL\",\"potentialAction\":[{\"@type\":\"ReadAction\",\"target\":[\"https:\/\/emerpolska.pl\/index.php\/produkt\/manometr-glicerynowy-pionowy-d63-0-600-bar\/\"]}]},{\"@type\":\"BreadcrumbList\",\"@id\":\"https:\/\/emerpolska.pl\/index.php\/produkt\/manometr-glicerynowy-pionowy-d63-0-600-bar\/#breadcrumb\",\"itemListElement\":[{\"@type\":\"ListItem\",\"position\":1,\"name\":\"Strona g\u0142\u00f3wna\",\"item\":\"https:\/\/emerpolska.pl\/\"},{\"@type\":\"ListItem\",\"position\":2,\"name\":\"Jeste\u015bmy w przygotowaniu. Ju\u017c wkr\u00f3tce.\",\"item\":\"https:\/\/emerpolska.pl\/index.php\/shop\/\"},{\"@type\":\"ListItem\",\"position\":3,\"name\":\"Manometr glicerynowy pionowy D63, 0 &#8211; 600 bar\"}]},{\"@type\":\"WebSite\",\"@id\":\"https:\/\/emerpolska.pl\/#website\",\"url\":\"https:\/\/emerpolska.pl\/\",\"name\":\"EMER Polska\",\"description\":\"Centrum Pneumatyki i Automatyki\",\"publisher\":{\"@id\":\"https:\/\/emerpolska.pl\/#organization\"},\"potentialAction\":[{\"@type\":\"SearchAction\",\"target\":{\"@type\":\"EntryPoint\",\"urlTemplate\":\"https:\/\/emerpolska.pl\/?s={search_term_string}\"},\"query-input\":{\"@type\":\"PropertyValueSpecification\",\"valueRequired\":true,\"valueName\":\"search_term_string\"}}],\"inLanguage\":\"pl-PL\"},{\"@type\":\"Organization\",\"@id\":\"https:\/\/emerpolska.pl\/#organization\",\"name\":\"EMER Polska\",\"url\":\"https:\/\/emerpolska.pl\/\",\"logo\":{\"@type\":\"ImageObject\",\"inLanguage\":\"pl-PL\",\"@id\":\"https:\/\/emerpolska.pl\/#\/schema\/logo\/image\/\",\"url\":\"https:\/\/emerpolska.pl\/wp-content\/uploads\/2025\/07\/logo.jpg\",\"contentUrl\":\"https:\/\/emerpolska.pl\/wp-content\/uploads\/2025\/07\/logo.jpg\",\"width\":1021,\"height\":362,\"caption\":\"EMER Polska\"},\"image\":{\"@id\":\"https:\/\/emerpolska.pl\/#\/schema\/logo\/image\/\"}}]}<\/script>\n<!-- \/ Yoast SEO plugin. -->","yoast_head_json":{"title":"Manometr glicerynowy pionowy D63, 0 - 600 bar - EMER Polska","robots":{"index":"index","follow":"follow","max-snippet":"max-snippet:-1","max-image-preview":"max-image-preview:large","max-video-preview":"max-video-preview:-1"},"canonical":"https:\/\/emerpolska.pl\/index.php\/produkt\/manometr-glicerynowy-pionowy-d63-0-600-bar\/","og_locale":"pl_PL","og_type":"article","og_title":"Manometr glicerynowy pionowy D63, 0 - 600 bar - EMER Polska","og_description":"{&#8222;sections&#8221;:[{&#8222;items&#8221;:[{&#8222;type&#8221;:&#8221;TEXT&#8221;,&#8221;content&#8221;:&#8221; Manometr glicerynowy Manometry maj\u0105 zastosowanie w pneumatyce i hydraulice do pomiaru ci\u015bnienia. Stosujemy przy du\u017cych obci\u0105\u017ceniach ci\u015bnienia i wibracjach. Stosowane do gaz\u00f3w i cieczy. Zakres ci\u015bnie\u0144: 0-600 bar Podzia\u0142ka: 20 bar \u015arednica: 63 mm Materia\u0142y: &#8211; obudowa 1.4301, &#8211; system pomiarowy stop miedzi &#8211; przy\u0142\u0105cze: mosi\u0105dz, &#8211; wziernik: poliw\u0119glan Przy\u0142\u0105cze gwintowane: G 1\/4&#8243;* Klasa: [&hellip;]","og_url":"https:\/\/emerpolska.pl\/index.php\/produkt\/manometr-glicerynowy-pionowy-d63-0-600-bar\/","og_site_name":"EMER Polska","twitter_card":"summary_large_image","twitter_misc":{"Szacowany czas czytania":"1 minuta"},"schema":{"@context":"https:\/\/schema.org","@graph":[{"@type":"WebPage","@id":"https:\/\/emerpolska.pl\/index.php\/produkt\/manometr-glicerynowy-pionowy-d63-0-600-bar\/","url":"https:\/\/emerpolska.pl\/index.php\/produkt\/manometr-glicerynowy-pionowy-d63-0-600-bar\/","name":"Manometr glicerynowy pionowy D63, 0 - 600 bar - EMER Polska","isPartOf":{"@id":"https:\/\/emerpolska.pl\/#website"},"datePublished":"2025-07-24T21:18:33+00:00","breadcrumb":{"@id":"https:\/\/emerpolska.pl\/index.php\/produkt\/manometr-glicerynowy-pionowy-d63-0-600-bar\/#breadcrumb"},"inLanguage":"pl-PL","potentialAction":[{"@type":"ReadAction","target":["https:\/\/emerpolska.pl\/index.php\/produkt\/manometr-glicerynowy-pionowy-d63-0-600-bar\/"]}]},{"@type":"BreadcrumbList","@id":"https:\/\/emerpolska.pl\/index.php\/produkt\/manometr-glicerynowy-pionowy-d63-0-600-bar\/#breadcrumb","itemListElement":[{"@type":"ListItem","position":1,"name":"Strona g\u0142\u00f3wna","item":"https:\/\/emerpolska.pl\/"},{"@type":"ListItem","position":2,"name":"Jeste\u015bmy w przygotowaniu. Ju\u017c wkr\u00f3tce.","item":"https:\/\/emerpolska.pl\/index.php\/shop\/"},{"@type":"ListItem","position":3,"name":"Manometr glicerynowy pionowy D63, 0 &#8211; 600 bar"}]},{"@type":"WebSite","@id":"https:\/\/emerpolska.pl\/#website","url":"https:\/\/emerpolska.pl\/","name":"EMER Polska","description":"Centrum Pneumatyki i Automatyki","publisher":{"@id":"https:\/\/emerpolska.pl\/#organization"},"potentialAction":[{"@type":"SearchAction","target":{"@type":"EntryPoint","urlTemplate":"https:\/\/emerpolska.pl\/?s={search_term_string}"},"query-input":{"@type":"PropertyValueSpecification","valueRequired":true,"valueName":"search_term_string"}}],"inLanguage":"pl-PL"},{"@type":"Organization","@id":"https:\/\/emerpolska.pl\/#organization","name":"EMER Polska","url":"https:\/\/emerpolska.pl\/","logo":{"@type":"ImageObject","inLanguage":"pl-PL","@id":"https:\/\/emerpolska.pl\/#\/schema\/logo\/image\/","url":"https:\/\/emerpolska.pl\/wp-content\/uploads\/2025\/07\/logo.jpg","contentUrl":"https:\/\/emerpolska.pl\/wp-content\/uploads\/2025\/07\/logo.jpg","width":1021,"height":362,"caption":"EMER Polska"},"image":{"@id":"https:\/\/emerpolska.pl\/#\/schema\/logo\/image\/"}}]}},"_links":{"self":[{"href":"https:\/\/emerpolska.pl\/index.php\/wp-json\/wp\/v2\/product\/735","targetHints":{"allow":["GET"]}}],"collection":[{"href":"https:\/\/emerpolska.pl\/index.php\/wp-json\/wp\/v2\/product"}],"about":[{"href":"https:\/\/emerpolska.pl\/index.php\/wp-json\/wp\/v2\/types\/product"}],"replies":[{"embeddable":true,"href":"https:\/\/emerpolska.pl\/index.php\/wp-json\/wp\/v2\/comments?post=735"}],"wp:attachment":[{"href":"https:\/\/emerpolska.pl\/index.php\/wp-json\/wp\/v2\/media?parent=735"}],"wp:term":[{"taxonomy":"product_brand","embeddable":true,"href":"https:\/\/emerpolska.pl\/index.php\/wp-json\/wp\/v2\/product_brand?post=735"},{"taxonomy":"product_cat","embeddable":true,"href":"https:\/\/emerpolska.pl\/index.php\/wp-json\/wp\/v2\/product_cat?post=735"},{"taxonomy":"product_tag","embeddable":true,"href":"https:\/\/emerpolska.pl\/index.php\/wp-json\/wp\/v2\/product_tag?post=735"}],"curies":[{"name":"wp","href":"https:\/\/api.w.org\/{rel}","templated":true}]}}