{"id":751,"date":"2025-07-24T23:18:40","date_gmt":"2025-07-24T21:18:40","guid":{"rendered":"https:\/\/emerpolska.pl\/index.php\/produkt\/termometr-bimetaliczny-poziomy-d63-0-do-80c\/"},"modified":"2025-07-24T23:18:40","modified_gmt":"2025-07-24T21:18:40","slug":"termometr-bimetaliczny-poziomy-d63-0-do-80c","status":"publish","type":"product","link":"https:\/\/emerpolska.pl\/index.php\/produkt\/termometr-bimetaliczny-poziomy-d63-0-do-80c\/","title":{"rendered":"Termometr bimetaliczny poziomy, D63, 0 do +80\u00b0C"},"content":{"rendered":"<p>{&#8222;sections&#8221;:[{&#8222;items&#8221;:[{&#8222;type&#8221;:&#8221;TEXT&#8221;,&#8221;content&#8221;:&#8221;<\/p>\n<h1>Termometr bimetaliczny<\/h1>\n<p>Termometry i akcesoria do termometr\u00f3w s\u0105 rozwi\u0105zaniami do stosowania w nowoczesnych uk\u0142adach automatyki do pomiaru i sygnalizacji temperatury. S\u0105 stosowane we wszystkich bran\u017cach przemys\u0142owych, w procesach technologicznych, maszynach i urz\u0105dzeniach (r\u00f3wnie\u017c pomiarowych). W naszej ofercie s\u0105 r\u00f3wnie\u017c wersje termometr\u00f3w dla przemys\u0142u chemicznego. Posiadamy w ofercie elektroniczne regulatory z regulacj\u0105 2-punktow\u0105 lub 2-PID (z autooptymalizacj\u0105). Dost\u0119pne s\u0105 termometry w wersji pionowej i poziomej<\/p>\n<p>Obudowa: aluminium,<\/p>\n<p>Rura zabezpieczaj\u0105ca: stop miedzi,<\/p>\n<p>Wziernik: szk\u0142o akrylowe<\/p>\n<p>Korekta wskaza\u0144: na trzpieniu zanurzeniowym<\/p>\n<p>Przy\u0142\u0105cze: G 1\/2&#8243;<\/p>\n<p>Trzpie\u0144 zanurzeniowy z rura zabezpieczaj\u0105ca i \u015bruba ustalaj\u0105ca: 12 mm<\/p>\n<p>Klasa: 2.0<\/p>\n<p>Ci\u015bnienie robocze na rurze zabezpieczaj\u0105ce: maks. 6 bar<\/p>\n<p>Wymiary wbudowania: \u00d8 63: B = 23 mm, \u00d8 100: B = 30 mm<\/p>\n<p>Zakres wskaza\u0144: 0 do +80\u00b0C<\/p>\n<p>D\u0142ugo\u015b\u0107 czujki zanurzeniowej L 40 mm<\/p>\n<p>Medium robocze:\u00a0spr\u0119\u017cone powietrze, neutralne gazy, olej hydrauliczny, ciecze inne media robocze<\/p>\n<p>&#8222;},{&#8222;type&#8221;:&#8221;IMAGE&#8221;,&#8221;url&#8221;:&#8221;https:\/\/a.allegroimg.com\/original\/112247\/196ec472471dad5170a0ec94b4dc&#8221;}]},{&#8222;items&#8221;:[{&#8222;type&#8221;:&#8221;IMAGE&#8221;,&#8221;url&#8221;:&#8221;https:\/\/a.allegroimg.com\/original\/11f6b1\/ee6505b9485d994ca3c8a8bf860c&#8221;}]}]}<\/p>\n","protected":false},"excerpt":{"rendered":"<p>{&#8222;sections&#8221;:[{&#8222;items&#8221;:[{&#8222;type&#8221;:&#8221;TEXT&#8221;,&#8221;content&#8221;:&#8221; Termometr bimetaliczny Termometry i akcesoria do termometr\u00f3w s\u0105 rozwi\u0105zaniami do stosowania w nowoczesnych uk\u0142adach automatyki do pomiaru i sygnalizacji temperatury. S\u0105 stosowane we wszystkich bran\u017cach przemys\u0142owych, w procesach technologicznych, maszynach i urz\u0105dzeniach (r\u00f3wnie\u017c pomiarowych). W naszej ofercie s\u0105 r\u00f3wnie\u017c wersje termometr\u00f3w dla przemys\u0142u chemicznego. Posiadamy w ofercie elektroniczne regulatory z regulacj\u0105 2-punktow\u0105 lub 2-PID [&hellip;]<\/p>\n","protected":false},"featured_media":0,"comment_status":"open","ping_status":"closed","template":"","meta":[],"product_brand":[53],"product_cat":[48],"product_tag":[],"class_list":{"0":"post-751","1":"product","2":"type-product","3":"status-publish","5":"product_brand-air","6":"product_cat-pneumatyka-121447","8":"first","9":"instock","10":"taxable","11":"shipping-taxable","12":"purchasable","13":"product-type-simple"},"yoast_head":"<!-- This site is optimized with the Yoast SEO plugin v27.0 - https:\/\/yoast.com\/product\/yoast-seo-wordpress\/ -->\n<title>Termometr bimetaliczny poziomy, D63, 0 do +80\u00b0C - EMER Polska<\/title>\n<meta name=\"robots\" content=\"index, follow, max-snippet:-1, max-image-preview:large, max-video-preview:-1\" \/>\n<link rel=\"canonical\" href=\"https:\/\/emerpolska.pl\/index.php\/produkt\/termometr-bimetaliczny-poziomy-d63-0-do-80c\/\" \/>\n<meta property=\"og:locale\" content=\"pl_PL\" \/>\n<meta property=\"og:type\" content=\"article\" \/>\n<meta property=\"og:title\" content=\"Termometr bimetaliczny poziomy, D63, 0 do +80\u00b0C - EMER Polska\" \/>\n<meta property=\"og:description\" content=\"{&#8222;sections&#8221;:[{&#8222;items&#8221;:[{&#8222;type&#8221;:&#8221;TEXT&#8221;,&#8221;content&#8221;:&#8221; Termometr bimetaliczny Termometry i akcesoria do termometr\u00f3w s\u0105 rozwi\u0105zaniami do stosowania w nowoczesnych uk\u0142adach automatyki do pomiaru i sygnalizacji temperatury. S\u0105 stosowane we wszystkich bran\u017cach przemys\u0142owych, w procesach technologicznych, maszynach i urz\u0105dzeniach (r\u00f3wnie\u017c pomiarowych). W naszej ofercie s\u0105 r\u00f3wnie\u017c wersje termometr\u00f3w dla przemys\u0142u chemicznego. Posiadamy w ofercie elektroniczne regulatory z regulacj\u0105 2-punktow\u0105 lub 2-PID [&hellip;]\" \/>\n<meta property=\"og:url\" content=\"https:\/\/emerpolska.pl\/index.php\/produkt\/termometr-bimetaliczny-poziomy-d63-0-do-80c\/\" \/>\n<meta property=\"og:site_name\" content=\"EMER Polska\" \/>\n<meta name=\"twitter:card\" content=\"summary_large_image\" \/>\n<meta name=\"twitter:label1\" content=\"Szacowany czas czytania\" \/>\n\t<meta name=\"twitter:data1\" content=\"1 minuta\" \/>\n<script type=\"application\/ld+json\" class=\"yoast-schema-graph\">{\"@context\":\"https:\/\/schema.org\",\"@graph\":[{\"@type\":\"WebPage\",\"@id\":\"https:\/\/emerpolska.pl\/index.php\/produkt\/termometr-bimetaliczny-poziomy-d63-0-do-80c\/\",\"url\":\"https:\/\/emerpolska.pl\/index.php\/produkt\/termometr-bimetaliczny-poziomy-d63-0-do-80c\/\",\"name\":\"Termometr bimetaliczny poziomy, D63, 0 do +80\u00b0C - EMER Polska\",\"isPartOf\":{\"@id\":\"https:\/\/emerpolska.pl\/#website\"},\"datePublished\":\"2025-07-24T21:18:40+00:00\",\"breadcrumb\":{\"@id\":\"https:\/\/emerpolska.pl\/index.php\/produkt\/termometr-bimetaliczny-poziomy-d63-0-do-80c\/#breadcrumb\"},\"inLanguage\":\"pl-PL\",\"potentialAction\":[{\"@type\":\"ReadAction\",\"target\":[\"https:\/\/emerpolska.pl\/index.php\/produkt\/termometr-bimetaliczny-poziomy-d63-0-do-80c\/\"]}]},{\"@type\":\"BreadcrumbList\",\"@id\":\"https:\/\/emerpolska.pl\/index.php\/produkt\/termometr-bimetaliczny-poziomy-d63-0-do-80c\/#breadcrumb\",\"itemListElement\":[{\"@type\":\"ListItem\",\"position\":1,\"name\":\"Strona g\u0142\u00f3wna\",\"item\":\"https:\/\/emerpolska.pl\/\"},{\"@type\":\"ListItem\",\"position\":2,\"name\":\"Jeste\u015bmy w przygotowaniu. Ju\u017c wkr\u00f3tce.\",\"item\":\"https:\/\/emerpolska.pl\/index.php\/shop\/\"},{\"@type\":\"ListItem\",\"position\":3,\"name\":\"Termometr bimetaliczny poziomy, D63, 0 do +80\u00b0C\"}]},{\"@type\":\"WebSite\",\"@id\":\"https:\/\/emerpolska.pl\/#website\",\"url\":\"https:\/\/emerpolska.pl\/\",\"name\":\"EMER Polska\",\"description\":\"Centrum Pneumatyki i Automatyki\",\"publisher\":{\"@id\":\"https:\/\/emerpolska.pl\/#organization\"},\"potentialAction\":[{\"@type\":\"SearchAction\",\"target\":{\"@type\":\"EntryPoint\",\"urlTemplate\":\"https:\/\/emerpolska.pl\/?s={search_term_string}\"},\"query-input\":{\"@type\":\"PropertyValueSpecification\",\"valueRequired\":true,\"valueName\":\"search_term_string\"}}],\"inLanguage\":\"pl-PL\"},{\"@type\":\"Organization\",\"@id\":\"https:\/\/emerpolska.pl\/#organization\",\"name\":\"EMER Polska\",\"url\":\"https:\/\/emerpolska.pl\/\",\"logo\":{\"@type\":\"ImageObject\",\"inLanguage\":\"pl-PL\",\"@id\":\"https:\/\/emerpolska.pl\/#\/schema\/logo\/image\/\",\"url\":\"https:\/\/emerpolska.pl\/wp-content\/uploads\/2025\/07\/logo.jpg\",\"contentUrl\":\"https:\/\/emerpolska.pl\/wp-content\/uploads\/2025\/07\/logo.jpg\",\"width\":1021,\"height\":362,\"caption\":\"EMER Polska\"},\"image\":{\"@id\":\"https:\/\/emerpolska.pl\/#\/schema\/logo\/image\/\"}}]}<\/script>\n<!-- \/ Yoast SEO plugin. -->","yoast_head_json":{"title":"Termometr bimetaliczny poziomy, D63, 0 do +80\u00b0C - EMER Polska","robots":{"index":"index","follow":"follow","max-snippet":"max-snippet:-1","max-image-preview":"max-image-preview:large","max-video-preview":"max-video-preview:-1"},"canonical":"https:\/\/emerpolska.pl\/index.php\/produkt\/termometr-bimetaliczny-poziomy-d63-0-do-80c\/","og_locale":"pl_PL","og_type":"article","og_title":"Termometr bimetaliczny poziomy, D63, 0 do +80\u00b0C - EMER Polska","og_description":"{&#8222;sections&#8221;:[{&#8222;items&#8221;:[{&#8222;type&#8221;:&#8221;TEXT&#8221;,&#8221;content&#8221;:&#8221; Termometr bimetaliczny Termometry i akcesoria do termometr\u00f3w s\u0105 rozwi\u0105zaniami do stosowania w nowoczesnych uk\u0142adach automatyki do pomiaru i sygnalizacji temperatury. S\u0105 stosowane we wszystkich bran\u017cach przemys\u0142owych, w procesach technologicznych, maszynach i urz\u0105dzeniach (r\u00f3wnie\u017c pomiarowych). W naszej ofercie s\u0105 r\u00f3wnie\u017c wersje termometr\u00f3w dla przemys\u0142u chemicznego. Posiadamy w ofercie elektroniczne regulatory z regulacj\u0105 2-punktow\u0105 lub 2-PID [&hellip;]","og_url":"https:\/\/emerpolska.pl\/index.php\/produkt\/termometr-bimetaliczny-poziomy-d63-0-do-80c\/","og_site_name":"EMER Polska","twitter_card":"summary_large_image","twitter_misc":{"Szacowany czas czytania":"1 minuta"},"schema":{"@context":"https:\/\/schema.org","@graph":[{"@type":"WebPage","@id":"https:\/\/emerpolska.pl\/index.php\/produkt\/termometr-bimetaliczny-poziomy-d63-0-do-80c\/","url":"https:\/\/emerpolska.pl\/index.php\/produkt\/termometr-bimetaliczny-poziomy-d63-0-do-80c\/","name":"Termometr bimetaliczny poziomy, D63, 0 do +80\u00b0C - EMER Polska","isPartOf":{"@id":"https:\/\/emerpolska.pl\/#website"},"datePublished":"2025-07-24T21:18:40+00:00","breadcrumb":{"@id":"https:\/\/emerpolska.pl\/index.php\/produkt\/termometr-bimetaliczny-poziomy-d63-0-do-80c\/#breadcrumb"},"inLanguage":"pl-PL","potentialAction":[{"@type":"ReadAction","target":["https:\/\/emerpolska.pl\/index.php\/produkt\/termometr-bimetaliczny-poziomy-d63-0-do-80c\/"]}]},{"@type":"BreadcrumbList","@id":"https:\/\/emerpolska.pl\/index.php\/produkt\/termometr-bimetaliczny-poziomy-d63-0-do-80c\/#breadcrumb","itemListElement":[{"@type":"ListItem","position":1,"name":"Strona g\u0142\u00f3wna","item":"https:\/\/emerpolska.pl\/"},{"@type":"ListItem","position":2,"name":"Jeste\u015bmy w przygotowaniu. Ju\u017c wkr\u00f3tce.","item":"https:\/\/emerpolska.pl\/index.php\/shop\/"},{"@type":"ListItem","position":3,"name":"Termometr bimetaliczny poziomy, D63, 0 do +80\u00b0C"}]},{"@type":"WebSite","@id":"https:\/\/emerpolska.pl\/#website","url":"https:\/\/emerpolska.pl\/","name":"EMER Polska","description":"Centrum Pneumatyki i Automatyki","publisher":{"@id":"https:\/\/emerpolska.pl\/#organization"},"potentialAction":[{"@type":"SearchAction","target":{"@type":"EntryPoint","urlTemplate":"https:\/\/emerpolska.pl\/?s={search_term_string}"},"query-input":{"@type":"PropertyValueSpecification","valueRequired":true,"valueName":"search_term_string"}}],"inLanguage":"pl-PL"},{"@type":"Organization","@id":"https:\/\/emerpolska.pl\/#organization","name":"EMER Polska","url":"https:\/\/emerpolska.pl\/","logo":{"@type":"ImageObject","inLanguage":"pl-PL","@id":"https:\/\/emerpolska.pl\/#\/schema\/logo\/image\/","url":"https:\/\/emerpolska.pl\/wp-content\/uploads\/2025\/07\/logo.jpg","contentUrl":"https:\/\/emerpolska.pl\/wp-content\/uploads\/2025\/07\/logo.jpg","width":1021,"height":362,"caption":"EMER Polska"},"image":{"@id":"https:\/\/emerpolska.pl\/#\/schema\/logo\/image\/"}}]}},"_links":{"self":[{"href":"https:\/\/emerpolska.pl\/index.php\/wp-json\/wp\/v2\/product\/751","targetHints":{"allow":["GET"]}}],"collection":[{"href":"https:\/\/emerpolska.pl\/index.php\/wp-json\/wp\/v2\/product"}],"about":[{"href":"https:\/\/emerpolska.pl\/index.php\/wp-json\/wp\/v2\/types\/product"}],"replies":[{"embeddable":true,"href":"https:\/\/emerpolska.pl\/index.php\/wp-json\/wp\/v2\/comments?post=751"}],"wp:attachment":[{"href":"https:\/\/emerpolska.pl\/index.php\/wp-json\/wp\/v2\/media?parent=751"}],"wp:term":[{"taxonomy":"product_brand","embeddable":true,"href":"https:\/\/emerpolska.pl\/index.php\/wp-json\/wp\/v2\/product_brand?post=751"},{"taxonomy":"product_cat","embeddable":true,"href":"https:\/\/emerpolska.pl\/index.php\/wp-json\/wp\/v2\/product_cat?post=751"},{"taxonomy":"product_tag","embeddable":true,"href":"https:\/\/emerpolska.pl\/index.php\/wp-json\/wp\/v2\/product_tag?post=751"}],"curies":[{"name":"wp","href":"https:\/\/api.w.org\/{rel}","templated":true}]}}