{"id":757,"date":"2025-07-24T23:18:44","date_gmt":"2025-07-24T21:18:44","guid":{"rendered":"https:\/\/emerpolska.pl\/index.php\/produkt\/zawor-iglicowy-docinajacy-mosiadz-g3-8-pn-40-bar\/"},"modified":"2025-07-24T23:18:44","modified_gmt":"2025-07-24T21:18:44","slug":"zawor-iglicowy-docinajacy-mosiadz-g3-8-pn-40-bar","status":"publish","type":"product","link":"https:\/\/emerpolska.pl\/index.php\/produkt\/zawor-iglicowy-docinajacy-mosiadz-g3-8-pn-40-bar\/","title":{"rendered":"Zaw\u00f3r iglicowy docinaj\u0105cy mosi\u0105dz G3\/8 PN 40 BAR"},"content":{"rendered":"<p>{&#8222;sections&#8221;:[{&#8222;items&#8221;:[{&#8222;type&#8221;:&#8221;TEXT&#8221;,&#8221;content&#8221;:&#8221;<\/p>\n<h1>Zaw\u00f3r iglicowy<\/h1>\n<p>Materia\u0142y: Obudowa: Mosi\u0105dz zaciskany, uchwyt: Tworzywo sztuczne, uszczelka: NBR, gniazdo zaworu z uszczelnieniem metalicznym<\/p>\n<p>Zakres temperatury: -30\u00b0C do maks. +110\u00b0C<\/p>\n<p>Wykonanie prosty<\/p>\n<p>Rodzaj gwintu G<\/p>\n<p>\u015arednica nominalna &#8222;DN&#8221; 7 mm<\/p>\n<p>L 50 mm<\/p>\n<p>Rodzaj prosty<\/p>\n<p>Gwint 3\/8<\/p>\n<p>Ci\u015bnienie PN\u00a0 40 bar<\/p>\n<p>&#8222;},{&#8222;type&#8221;:&#8221;IMAGE&#8221;,&#8221;url&#8221;:&#8221;https:\/\/a.allegroimg.com\/original\/114866\/9a33c17348a9a330f89ab5450540&#8243;}]}]}<\/p>\n","protected":false},"excerpt":{"rendered":"<p>{&#8222;sections&#8221;:[{&#8222;items&#8221;:[{&#8222;type&#8221;:&#8221;TEXT&#8221;,&#8221;content&#8221;:&#8221; Zaw\u00f3r iglicowy Materia\u0142y: Obudowa: Mosi\u0105dz zaciskany, uchwyt: Tworzywo sztuczne, uszczelka: NBR, gniazdo zaworu z uszczelnieniem metalicznym Zakres temperatury: -30\u00b0C do maks. +110\u00b0C Wykonanie prosty Rodzaj gwintu G \u015arednica nominalna &#8222;DN&#8221; 7 mm L 50 mm Rodzaj prosty Gwint 3\/8 Ci\u015bnienie PN\u00a0 40 bar &#8222;},{&#8222;type&#8221;:&#8221;IMAGE&#8221;,&#8221;url&#8221;:&#8221;https:\/\/a.allegroimg.com\/original\/114866\/9a33c17348a9a330f89ab5450540&#8243;}]}]}<\/p>\n","protected":false},"featured_media":0,"comment_status":"open","ping_status":"closed","template":"","meta":[],"product_brand":[55],"product_cat":[48],"product_tag":[],"class_list":{"0":"post-757","1":"product","2":"type-product","3":"status-publish","5":"product_brand-aircom","6":"product_cat-pneumatyka-121447","8":"first","9":"instock","10":"taxable","11":"shipping-taxable","12":"purchasable","13":"product-type-simple"},"yoast_head":"<!-- This site is optimized with the Yoast SEO plugin v27.0 - https:\/\/yoast.com\/product\/yoast-seo-wordpress\/ -->\n<title>Zaw\u00f3r iglicowy docinaj\u0105cy mosi\u0105dz G3\/8 PN 40 BAR - EMER Polska<\/title>\n<meta name=\"robots\" content=\"index, follow, max-snippet:-1, max-image-preview:large, max-video-preview:-1\" \/>\n<link rel=\"canonical\" href=\"https:\/\/emerpolska.pl\/index.php\/produkt\/zawor-iglicowy-docinajacy-mosiadz-g3-8-pn-40-bar\/\" \/>\n<meta property=\"og:locale\" content=\"pl_PL\" \/>\n<meta property=\"og:type\" content=\"article\" \/>\n<meta property=\"og:title\" content=\"Zaw\u00f3r iglicowy docinaj\u0105cy mosi\u0105dz G3\/8 PN 40 BAR - EMER Polska\" \/>\n<meta property=\"og:description\" content=\"{&#8222;sections&#8221;:[{&#8222;items&#8221;:[{&#8222;type&#8221;:&#8221;TEXT&#8221;,&#8221;content&#8221;:&#8221; Zaw\u00f3r iglicowy Materia\u0142y: Obudowa: Mosi\u0105dz zaciskany, uchwyt: Tworzywo sztuczne, uszczelka: NBR, gniazdo zaworu z uszczelnieniem metalicznym Zakres temperatury: -30\u00b0C do maks. +110\u00b0C Wykonanie prosty Rodzaj gwintu G \u015arednica nominalna &#8222;DN&#8221; 7 mm L 50 mm Rodzaj prosty Gwint 3\/8 Ci\u015bnienie PN\u00a0 40 bar &#8222;},{&#8222;type&#8221;:&#8221;IMAGE&#8221;,&#8221;url&#8221;:&#8221;https:\/\/a.allegroimg.com\/original\/114866\/9a33c17348a9a330f89ab5450540&#8243;}]}]}\" \/>\n<meta property=\"og:url\" content=\"https:\/\/emerpolska.pl\/index.php\/produkt\/zawor-iglicowy-docinajacy-mosiadz-g3-8-pn-40-bar\/\" \/>\n<meta property=\"og:site_name\" content=\"EMER Polska\" \/>\n<meta name=\"twitter:card\" content=\"summary_large_image\" \/>\n<script type=\"application\/ld+json\" class=\"yoast-schema-graph\">{\"@context\":\"https:\/\/schema.org\",\"@graph\":[{\"@type\":\"WebPage\",\"@id\":\"https:\/\/emerpolska.pl\/index.php\/produkt\/zawor-iglicowy-docinajacy-mosiadz-g3-8-pn-40-bar\/\",\"url\":\"https:\/\/emerpolska.pl\/index.php\/produkt\/zawor-iglicowy-docinajacy-mosiadz-g3-8-pn-40-bar\/\",\"name\":\"Zaw\u00f3r iglicowy docinaj\u0105cy mosi\u0105dz G3\/8 PN 40 BAR - EMER Polska\",\"isPartOf\":{\"@id\":\"https:\/\/emerpolska.pl\/#website\"},\"datePublished\":\"2025-07-24T21:18:44+00:00\",\"breadcrumb\":{\"@id\":\"https:\/\/emerpolska.pl\/index.php\/produkt\/zawor-iglicowy-docinajacy-mosiadz-g3-8-pn-40-bar\/#breadcrumb\"},\"inLanguage\":\"pl-PL\",\"potentialAction\":[{\"@type\":\"ReadAction\",\"target\":[\"https:\/\/emerpolska.pl\/index.php\/produkt\/zawor-iglicowy-docinajacy-mosiadz-g3-8-pn-40-bar\/\"]}]},{\"@type\":\"BreadcrumbList\",\"@id\":\"https:\/\/emerpolska.pl\/index.php\/produkt\/zawor-iglicowy-docinajacy-mosiadz-g3-8-pn-40-bar\/#breadcrumb\",\"itemListElement\":[{\"@type\":\"ListItem\",\"position\":1,\"name\":\"Strona g\u0142\u00f3wna\",\"item\":\"https:\/\/emerpolska.pl\/\"},{\"@type\":\"ListItem\",\"position\":2,\"name\":\"Jeste\u015bmy w przygotowaniu. Ju\u017c wkr\u00f3tce.\",\"item\":\"https:\/\/emerpolska.pl\/index.php\/shop\/\"},{\"@type\":\"ListItem\",\"position\":3,\"name\":\"Zaw\u00f3r iglicowy docinaj\u0105cy mosi\u0105dz G3\/8 PN 40 BAR\"}]},{\"@type\":\"WebSite\",\"@id\":\"https:\/\/emerpolska.pl\/#website\",\"url\":\"https:\/\/emerpolska.pl\/\",\"name\":\"EMER Polska\",\"description\":\"Centrum Pneumatyki i Automatyki\",\"publisher\":{\"@id\":\"https:\/\/emerpolska.pl\/#organization\"},\"potentialAction\":[{\"@type\":\"SearchAction\",\"target\":{\"@type\":\"EntryPoint\",\"urlTemplate\":\"https:\/\/emerpolska.pl\/?s={search_term_string}\"},\"query-input\":{\"@type\":\"PropertyValueSpecification\",\"valueRequired\":true,\"valueName\":\"search_term_string\"}}],\"inLanguage\":\"pl-PL\"},{\"@type\":\"Organization\",\"@id\":\"https:\/\/emerpolska.pl\/#organization\",\"name\":\"EMER Polska\",\"url\":\"https:\/\/emerpolska.pl\/\",\"logo\":{\"@type\":\"ImageObject\",\"inLanguage\":\"pl-PL\",\"@id\":\"https:\/\/emerpolska.pl\/#\/schema\/logo\/image\/\",\"url\":\"https:\/\/emerpolska.pl\/wp-content\/uploads\/2025\/07\/logo.jpg\",\"contentUrl\":\"https:\/\/emerpolska.pl\/wp-content\/uploads\/2025\/07\/logo.jpg\",\"width\":1021,\"height\":362,\"caption\":\"EMER Polska\"},\"image\":{\"@id\":\"https:\/\/emerpolska.pl\/#\/schema\/logo\/image\/\"}}]}<\/script>\n<!-- \/ Yoast SEO plugin. -->","yoast_head_json":{"title":"Zaw\u00f3r iglicowy docinaj\u0105cy mosi\u0105dz G3\/8 PN 40 BAR - EMER Polska","robots":{"index":"index","follow":"follow","max-snippet":"max-snippet:-1","max-image-preview":"max-image-preview:large","max-video-preview":"max-video-preview:-1"},"canonical":"https:\/\/emerpolska.pl\/index.php\/produkt\/zawor-iglicowy-docinajacy-mosiadz-g3-8-pn-40-bar\/","og_locale":"pl_PL","og_type":"article","og_title":"Zaw\u00f3r iglicowy docinaj\u0105cy mosi\u0105dz G3\/8 PN 40 BAR - EMER Polska","og_description":"{&#8222;sections&#8221;:[{&#8222;items&#8221;:[{&#8222;type&#8221;:&#8221;TEXT&#8221;,&#8221;content&#8221;:&#8221; Zaw\u00f3r iglicowy Materia\u0142y: Obudowa: Mosi\u0105dz zaciskany, uchwyt: Tworzywo sztuczne, uszczelka: NBR, gniazdo zaworu z uszczelnieniem metalicznym Zakres temperatury: -30\u00b0C do maks. +110\u00b0C Wykonanie prosty Rodzaj gwintu G \u015arednica nominalna &#8222;DN&#8221; 7 mm L 50 mm Rodzaj prosty Gwint 3\/8 Ci\u015bnienie PN\u00a0 40 bar &#8222;},{&#8222;type&#8221;:&#8221;IMAGE&#8221;,&#8221;url&#8221;:&#8221;https:\/\/a.allegroimg.com\/original\/114866\/9a33c17348a9a330f89ab5450540&#8243;}]}]}","og_url":"https:\/\/emerpolska.pl\/index.php\/produkt\/zawor-iglicowy-docinajacy-mosiadz-g3-8-pn-40-bar\/","og_site_name":"EMER Polska","twitter_card":"summary_large_image","schema":{"@context":"https:\/\/schema.org","@graph":[{"@type":"WebPage","@id":"https:\/\/emerpolska.pl\/index.php\/produkt\/zawor-iglicowy-docinajacy-mosiadz-g3-8-pn-40-bar\/","url":"https:\/\/emerpolska.pl\/index.php\/produkt\/zawor-iglicowy-docinajacy-mosiadz-g3-8-pn-40-bar\/","name":"Zaw\u00f3r iglicowy docinaj\u0105cy mosi\u0105dz G3\/8 PN 40 BAR - EMER Polska","isPartOf":{"@id":"https:\/\/emerpolska.pl\/#website"},"datePublished":"2025-07-24T21:18:44+00:00","breadcrumb":{"@id":"https:\/\/emerpolska.pl\/index.php\/produkt\/zawor-iglicowy-docinajacy-mosiadz-g3-8-pn-40-bar\/#breadcrumb"},"inLanguage":"pl-PL","potentialAction":[{"@type":"ReadAction","target":["https:\/\/emerpolska.pl\/index.php\/produkt\/zawor-iglicowy-docinajacy-mosiadz-g3-8-pn-40-bar\/"]}]},{"@type":"BreadcrumbList","@id":"https:\/\/emerpolska.pl\/index.php\/produkt\/zawor-iglicowy-docinajacy-mosiadz-g3-8-pn-40-bar\/#breadcrumb","itemListElement":[{"@type":"ListItem","position":1,"name":"Strona g\u0142\u00f3wna","item":"https:\/\/emerpolska.pl\/"},{"@type":"ListItem","position":2,"name":"Jeste\u015bmy w przygotowaniu. Ju\u017c wkr\u00f3tce.","item":"https:\/\/emerpolska.pl\/index.php\/shop\/"},{"@type":"ListItem","position":3,"name":"Zaw\u00f3r iglicowy docinaj\u0105cy mosi\u0105dz G3\/8 PN 40 BAR"}]},{"@type":"WebSite","@id":"https:\/\/emerpolska.pl\/#website","url":"https:\/\/emerpolska.pl\/","name":"EMER Polska","description":"Centrum Pneumatyki i Automatyki","publisher":{"@id":"https:\/\/emerpolska.pl\/#organization"},"potentialAction":[{"@type":"SearchAction","target":{"@type":"EntryPoint","urlTemplate":"https:\/\/emerpolska.pl\/?s={search_term_string}"},"query-input":{"@type":"PropertyValueSpecification","valueRequired":true,"valueName":"search_term_string"}}],"inLanguage":"pl-PL"},{"@type":"Organization","@id":"https:\/\/emerpolska.pl\/#organization","name":"EMER Polska","url":"https:\/\/emerpolska.pl\/","logo":{"@type":"ImageObject","inLanguage":"pl-PL","@id":"https:\/\/emerpolska.pl\/#\/schema\/logo\/image\/","url":"https:\/\/emerpolska.pl\/wp-content\/uploads\/2025\/07\/logo.jpg","contentUrl":"https:\/\/emerpolska.pl\/wp-content\/uploads\/2025\/07\/logo.jpg","width":1021,"height":362,"caption":"EMER Polska"},"image":{"@id":"https:\/\/emerpolska.pl\/#\/schema\/logo\/image\/"}}]}},"_links":{"self":[{"href":"https:\/\/emerpolska.pl\/index.php\/wp-json\/wp\/v2\/product\/757","targetHints":{"allow":["GET"]}}],"collection":[{"href":"https:\/\/emerpolska.pl\/index.php\/wp-json\/wp\/v2\/product"}],"about":[{"href":"https:\/\/emerpolska.pl\/index.php\/wp-json\/wp\/v2\/types\/product"}],"replies":[{"embeddable":true,"href":"https:\/\/emerpolska.pl\/index.php\/wp-json\/wp\/v2\/comments?post=757"}],"wp:attachment":[{"href":"https:\/\/emerpolska.pl\/index.php\/wp-json\/wp\/v2\/media?parent=757"}],"wp:term":[{"taxonomy":"product_brand","embeddable":true,"href":"https:\/\/emerpolska.pl\/index.php\/wp-json\/wp\/v2\/product_brand?post=757"},{"taxonomy":"product_cat","embeddable":true,"href":"https:\/\/emerpolska.pl\/index.php\/wp-json\/wp\/v2\/product_cat?post=757"},{"taxonomy":"product_tag","embeddable":true,"href":"https:\/\/emerpolska.pl\/index.php\/wp-json\/wp\/v2\/product_tag?post=757"}],"curies":[{"name":"wp","href":"https:\/\/api.w.org\/{rel}","templated":true}]}}