{"id":768,"date":"2025-07-24T23:18:47","date_gmt":"2025-07-24T21:18:47","guid":{"rendered":"https:\/\/emerpolska.pl\/index.php\/produkt\/manometr-osiowy-poziomy-d63-0-do-16-bar-g1-4\/"},"modified":"2025-07-24T23:18:47","modified_gmt":"2025-07-24T21:18:47","slug":"manometr-osiowy-poziomy-d63-0-do-16-bar-g1-4","status":"publish","type":"product","link":"https:\/\/emerpolska.pl\/index.php\/produkt\/manometr-osiowy-poziomy-d63-0-do-16-bar-g1-4\/","title":{"rendered":"Manometr osiowy poziomy D63, 0 do 16 bar G1\/4"},"content":{"rendered":"<p>{&#8222;sections&#8221;:[{&#8222;items&#8221;:[{&#8222;type&#8221;:&#8221;TEXT&#8221;,&#8221;content&#8221;:&#8221;<\/p>\n<h1>Manometr<\/h1>\n<p>Materia\u0142y: Obudowa: Tworzywo sztuczne czarne, przy\u0142\u0105cze i mechanizm wskaz\u00f3wkowy: Mosi\u0105dz, wziernik: Tworzywo sztuczne, krystaliczne<\/p>\n<p>Przy\u0142\u0105cze gwintowane: G 1\/4&#8243;** (\u00d8 40: G 1\/8&#8243;), z tylu centryczny<\/p>\n<p>Klasa: 2.5<\/p>\n<p>Zakres temperatury: Otoczenie: -20\u00b0C do maks. +60\u00b0C, material pomiarowy: maks. +60\u00b0C<\/p>\n<p>Tarcza zegarowa: 1. Skala zewn\u0119trzna (czarna), wskazanie w bar, 2. Skala wewn\u0119trzna (czerwona), wskazanie w PSI<\/p>\n<p>Stopie\u0144 ochrony: IP 42<\/p>\n<p>\u015arednica 63 mm<\/p>\n<p>Zakres wskaza\u0144 0 do 16 bar<\/p>\n<p>Podzia\u0142ka skali 0,5 bar<\/p>\n<p>Gwint 1\/4<\/p>\n<p>Rodzaj gwintu G<\/p>\n<p>&#8222;},{&#8222;type&#8221;:&#8221;IMAGE&#8221;,&#8221;url&#8221;:&#8221;https:\/\/a.allegroimg.com\/original\/111a5a\/63d95b66490bafd5000a74cd21b1&#8243;}]}]}<\/p>\n","protected":false},"excerpt":{"rendered":"<p>{&#8222;sections&#8221;:[{&#8222;items&#8221;:[{&#8222;type&#8221;:&#8221;TEXT&#8221;,&#8221;content&#8221;:&#8221; Manometr Materia\u0142y: Obudowa: Tworzywo sztuczne czarne, przy\u0142\u0105cze i mechanizm wskaz\u00f3wkowy: Mosi\u0105dz, wziernik: Tworzywo sztuczne, krystaliczne Przy\u0142\u0105cze gwintowane: G 1\/4&#8243;** (\u00d8 40: G 1\/8&#8243;), z tylu centryczny Klasa: 2.5 Zakres temperatury: Otoczenie: -20\u00b0C do maks. +60\u00b0C, material pomiarowy: maks. +60\u00b0C Tarcza zegarowa: 1. Skala zewn\u0119trzna (czarna), wskazanie w bar, 2. Skala wewn\u0119trzna (czerwona), wskazanie w [&hellip;]<\/p>\n","protected":false},"featured_media":0,"comment_status":"open","ping_status":"closed","template":"","meta":[],"product_brand":[53],"product_cat":[48],"product_tag":[],"class_list":{"0":"post-768","1":"product","2":"type-product","3":"status-publish","5":"product_brand-air","6":"product_cat-pneumatyka-121447","8":"first","9":"instock","10":"taxable","11":"shipping-taxable","12":"purchasable","13":"product-type-simple"},"yoast_head":"<!-- This site is optimized with the Yoast SEO plugin v27.0 - https:\/\/yoast.com\/product\/yoast-seo-wordpress\/ -->\n<title>Manometr osiowy poziomy D63, 0 do 16 bar G1\/4 - EMER Polska<\/title>\n<meta name=\"robots\" content=\"index, follow, max-snippet:-1, max-image-preview:large, max-video-preview:-1\" \/>\n<link rel=\"canonical\" href=\"https:\/\/emerpolska.pl\/index.php\/produkt\/manometr-osiowy-poziomy-d63-0-do-16-bar-g1-4\/\" \/>\n<meta property=\"og:locale\" content=\"pl_PL\" \/>\n<meta property=\"og:type\" content=\"article\" \/>\n<meta property=\"og:title\" content=\"Manometr osiowy poziomy D63, 0 do 16 bar G1\/4 - EMER Polska\" \/>\n<meta property=\"og:description\" content=\"{&#8222;sections&#8221;:[{&#8222;items&#8221;:[{&#8222;type&#8221;:&#8221;TEXT&#8221;,&#8221;content&#8221;:&#8221; Manometr Materia\u0142y: Obudowa: Tworzywo sztuczne czarne, przy\u0142\u0105cze i mechanizm wskaz\u00f3wkowy: Mosi\u0105dz, wziernik: Tworzywo sztuczne, krystaliczne Przy\u0142\u0105cze gwintowane: G 1\/4&#8243;** (\u00d8 40: G 1\/8&#8243;), z tylu centryczny Klasa: 2.5 Zakres temperatury: Otoczenie: -20\u00b0C do maks. +60\u00b0C, material pomiarowy: maks. +60\u00b0C Tarcza zegarowa: 1. Skala zewn\u0119trzna (czarna), wskazanie w bar, 2. Skala wewn\u0119trzna (czerwona), wskazanie w [&hellip;]\" \/>\n<meta property=\"og:url\" content=\"https:\/\/emerpolska.pl\/index.php\/produkt\/manometr-osiowy-poziomy-d63-0-do-16-bar-g1-4\/\" \/>\n<meta property=\"og:site_name\" content=\"EMER Polska\" \/>\n<meta name=\"twitter:card\" content=\"summary_large_image\" \/>\n<script type=\"application\/ld+json\" class=\"yoast-schema-graph\">{\"@context\":\"https:\/\/schema.org\",\"@graph\":[{\"@type\":\"WebPage\",\"@id\":\"https:\/\/emerpolska.pl\/index.php\/produkt\/manometr-osiowy-poziomy-d63-0-do-16-bar-g1-4\/\",\"url\":\"https:\/\/emerpolska.pl\/index.php\/produkt\/manometr-osiowy-poziomy-d63-0-do-16-bar-g1-4\/\",\"name\":\"Manometr osiowy poziomy D63, 0 do 16 bar G1\/4 - EMER Polska\",\"isPartOf\":{\"@id\":\"https:\/\/emerpolska.pl\/#website\"},\"datePublished\":\"2025-07-24T21:18:47+00:00\",\"breadcrumb\":{\"@id\":\"https:\/\/emerpolska.pl\/index.php\/produkt\/manometr-osiowy-poziomy-d63-0-do-16-bar-g1-4\/#breadcrumb\"},\"inLanguage\":\"pl-PL\",\"potentialAction\":[{\"@type\":\"ReadAction\",\"target\":[\"https:\/\/emerpolska.pl\/index.php\/produkt\/manometr-osiowy-poziomy-d63-0-do-16-bar-g1-4\/\"]}]},{\"@type\":\"BreadcrumbList\",\"@id\":\"https:\/\/emerpolska.pl\/index.php\/produkt\/manometr-osiowy-poziomy-d63-0-do-16-bar-g1-4\/#breadcrumb\",\"itemListElement\":[{\"@type\":\"ListItem\",\"position\":1,\"name\":\"Strona g\u0142\u00f3wna\",\"item\":\"https:\/\/emerpolska.pl\/\"},{\"@type\":\"ListItem\",\"position\":2,\"name\":\"Jeste\u015bmy w przygotowaniu. Ju\u017c wkr\u00f3tce.\",\"item\":\"https:\/\/emerpolska.pl\/index.php\/shop\/\"},{\"@type\":\"ListItem\",\"position\":3,\"name\":\"Manometr osiowy poziomy D63, 0 do 16 bar G1\/4\"}]},{\"@type\":\"WebSite\",\"@id\":\"https:\/\/emerpolska.pl\/#website\",\"url\":\"https:\/\/emerpolska.pl\/\",\"name\":\"EMER Polska\",\"description\":\"Centrum Pneumatyki i Automatyki\",\"publisher\":{\"@id\":\"https:\/\/emerpolska.pl\/#organization\"},\"potentialAction\":[{\"@type\":\"SearchAction\",\"target\":{\"@type\":\"EntryPoint\",\"urlTemplate\":\"https:\/\/emerpolska.pl\/?s={search_term_string}\"},\"query-input\":{\"@type\":\"PropertyValueSpecification\",\"valueRequired\":true,\"valueName\":\"search_term_string\"}}],\"inLanguage\":\"pl-PL\"},{\"@type\":\"Organization\",\"@id\":\"https:\/\/emerpolska.pl\/#organization\",\"name\":\"EMER Polska\",\"url\":\"https:\/\/emerpolska.pl\/\",\"logo\":{\"@type\":\"ImageObject\",\"inLanguage\":\"pl-PL\",\"@id\":\"https:\/\/emerpolska.pl\/#\/schema\/logo\/image\/\",\"url\":\"https:\/\/emerpolska.pl\/wp-content\/uploads\/2025\/07\/logo.jpg\",\"contentUrl\":\"https:\/\/emerpolska.pl\/wp-content\/uploads\/2025\/07\/logo.jpg\",\"width\":1021,\"height\":362,\"caption\":\"EMER Polska\"},\"image\":{\"@id\":\"https:\/\/emerpolska.pl\/#\/schema\/logo\/image\/\"}}]}<\/script>\n<!-- \/ Yoast SEO plugin. -->","yoast_head_json":{"title":"Manometr osiowy poziomy D63, 0 do 16 bar G1\/4 - EMER Polska","robots":{"index":"index","follow":"follow","max-snippet":"max-snippet:-1","max-image-preview":"max-image-preview:large","max-video-preview":"max-video-preview:-1"},"canonical":"https:\/\/emerpolska.pl\/index.php\/produkt\/manometr-osiowy-poziomy-d63-0-do-16-bar-g1-4\/","og_locale":"pl_PL","og_type":"article","og_title":"Manometr osiowy poziomy D63, 0 do 16 bar G1\/4 - EMER Polska","og_description":"{&#8222;sections&#8221;:[{&#8222;items&#8221;:[{&#8222;type&#8221;:&#8221;TEXT&#8221;,&#8221;content&#8221;:&#8221; Manometr Materia\u0142y: Obudowa: Tworzywo sztuczne czarne, przy\u0142\u0105cze i mechanizm wskaz\u00f3wkowy: Mosi\u0105dz, wziernik: Tworzywo sztuczne, krystaliczne Przy\u0142\u0105cze gwintowane: G 1\/4&#8243;** (\u00d8 40: G 1\/8&#8243;), z tylu centryczny Klasa: 2.5 Zakres temperatury: Otoczenie: -20\u00b0C do maks. +60\u00b0C, material pomiarowy: maks. +60\u00b0C Tarcza zegarowa: 1. Skala zewn\u0119trzna (czarna), wskazanie w bar, 2. Skala wewn\u0119trzna (czerwona), wskazanie w [&hellip;]","og_url":"https:\/\/emerpolska.pl\/index.php\/produkt\/manometr-osiowy-poziomy-d63-0-do-16-bar-g1-4\/","og_site_name":"EMER Polska","twitter_card":"summary_large_image","schema":{"@context":"https:\/\/schema.org","@graph":[{"@type":"WebPage","@id":"https:\/\/emerpolska.pl\/index.php\/produkt\/manometr-osiowy-poziomy-d63-0-do-16-bar-g1-4\/","url":"https:\/\/emerpolska.pl\/index.php\/produkt\/manometr-osiowy-poziomy-d63-0-do-16-bar-g1-4\/","name":"Manometr osiowy poziomy D63, 0 do 16 bar G1\/4 - EMER Polska","isPartOf":{"@id":"https:\/\/emerpolska.pl\/#website"},"datePublished":"2025-07-24T21:18:47+00:00","breadcrumb":{"@id":"https:\/\/emerpolska.pl\/index.php\/produkt\/manometr-osiowy-poziomy-d63-0-do-16-bar-g1-4\/#breadcrumb"},"inLanguage":"pl-PL","potentialAction":[{"@type":"ReadAction","target":["https:\/\/emerpolska.pl\/index.php\/produkt\/manometr-osiowy-poziomy-d63-0-do-16-bar-g1-4\/"]}]},{"@type":"BreadcrumbList","@id":"https:\/\/emerpolska.pl\/index.php\/produkt\/manometr-osiowy-poziomy-d63-0-do-16-bar-g1-4\/#breadcrumb","itemListElement":[{"@type":"ListItem","position":1,"name":"Strona g\u0142\u00f3wna","item":"https:\/\/emerpolska.pl\/"},{"@type":"ListItem","position":2,"name":"Jeste\u015bmy w przygotowaniu. Ju\u017c wkr\u00f3tce.","item":"https:\/\/emerpolska.pl\/index.php\/shop\/"},{"@type":"ListItem","position":3,"name":"Manometr osiowy poziomy D63, 0 do 16 bar G1\/4"}]},{"@type":"WebSite","@id":"https:\/\/emerpolska.pl\/#website","url":"https:\/\/emerpolska.pl\/","name":"EMER Polska","description":"Centrum Pneumatyki i Automatyki","publisher":{"@id":"https:\/\/emerpolska.pl\/#organization"},"potentialAction":[{"@type":"SearchAction","target":{"@type":"EntryPoint","urlTemplate":"https:\/\/emerpolska.pl\/?s={search_term_string}"},"query-input":{"@type":"PropertyValueSpecification","valueRequired":true,"valueName":"search_term_string"}}],"inLanguage":"pl-PL"},{"@type":"Organization","@id":"https:\/\/emerpolska.pl\/#organization","name":"EMER Polska","url":"https:\/\/emerpolska.pl\/","logo":{"@type":"ImageObject","inLanguage":"pl-PL","@id":"https:\/\/emerpolska.pl\/#\/schema\/logo\/image\/","url":"https:\/\/emerpolska.pl\/wp-content\/uploads\/2025\/07\/logo.jpg","contentUrl":"https:\/\/emerpolska.pl\/wp-content\/uploads\/2025\/07\/logo.jpg","width":1021,"height":362,"caption":"EMER Polska"},"image":{"@id":"https:\/\/emerpolska.pl\/#\/schema\/logo\/image\/"}}]}},"_links":{"self":[{"href":"https:\/\/emerpolska.pl\/index.php\/wp-json\/wp\/v2\/product\/768","targetHints":{"allow":["GET"]}}],"collection":[{"href":"https:\/\/emerpolska.pl\/index.php\/wp-json\/wp\/v2\/product"}],"about":[{"href":"https:\/\/emerpolska.pl\/index.php\/wp-json\/wp\/v2\/types\/product"}],"replies":[{"embeddable":true,"href":"https:\/\/emerpolska.pl\/index.php\/wp-json\/wp\/v2\/comments?post=768"}],"wp:attachment":[{"href":"https:\/\/emerpolska.pl\/index.php\/wp-json\/wp\/v2\/media?parent=768"}],"wp:term":[{"taxonomy":"product_brand","embeddable":true,"href":"https:\/\/emerpolska.pl\/index.php\/wp-json\/wp\/v2\/product_brand?post=768"},{"taxonomy":"product_cat","embeddable":true,"href":"https:\/\/emerpolska.pl\/index.php\/wp-json\/wp\/v2\/product_cat?post=768"},{"taxonomy":"product_tag","embeddable":true,"href":"https:\/\/emerpolska.pl\/index.php\/wp-json\/wp\/v2\/product_tag?post=768"}],"curies":[{"name":"wp","href":"https:\/\/api.w.org\/{rel}","templated":true}]}}