{"id":781,"date":"2025-07-24T23:18:52","date_gmt":"2025-07-24T21:18:52","guid":{"rendered":"https:\/\/emerpolska.pl\/index.php\/produkt\/manometr-dolny-pionowy-d100-1-do-15-bar-g1-2\/"},"modified":"2025-07-25T03:14:15","modified_gmt":"2025-07-25T01:14:15","slug":"manometr-dolny-pionowy-d100-1-do-15-bar-g1-2","status":"publish","type":"product","link":"https:\/\/emerpolska.pl\/index.php\/produkt\/manometr-dolny-pionowy-d100-1-do-15-bar-g1-2\/","title":{"rendered":"Dodatkowy uchwyt monta\u017cowy dla Zaptec Pro dla Systemu Onepole"},"content":{"rendered":"<p>Dodatkowy uchwyt monta\u017cowy dla stacji Zaptec Pro.<\/p>\n<p>Uchwyt jest cz\u0119\u015bci\u0105 systemu monta\u017cowego OnePole.<\/p>\n<p>Uchwyt mo\u017cna wykorzysta\u0107 do samodzielnego monta\u017cu \u015bciennego.<\/p>\n","protected":false},"excerpt":{"rendered":"<p>Uchwyt wyposa\u017cony w hak do zawieszania kabla do \u0142adowania pojazdu.<\/p>\n","protected":false},"featured_media":1401,"comment_status":"closed","ping_status":"closed","template":"","meta":[],"product_brand":[53],"product_cat":[76],"product_tag":[],"class_list":{"0":"post-781","1":"product","2":"type-product","3":"status-publish","4":"has-post-thumbnail","6":"product_brand-air","7":"product_cat-systemy-montazowe-onepole","8":"product_shipping_class-paczka","10":"first","11":"onbackorder","12":"taxable","13":"shipping-taxable","14":"purchasable","15":"product-type-simple"},"yoast_head":"<!-- This site is optimized with the Yoast SEO plugin v27.0 - https:\/\/yoast.com\/product\/yoast-seo-wordpress\/ -->\n<title>Dodatkowy uchwyt monta\u017cowy dla Zaptec Pro dla Systemu Onepole - EMER Polska<\/title>\n<meta name=\"robots\" content=\"index, follow, max-snippet:-1, max-image-preview:large, max-video-preview:-1\" \/>\n<link rel=\"canonical\" href=\"https:\/\/emerpolska.pl\/index.php\/produkt\/manometr-dolny-pionowy-d100-1-do-15-bar-g1-2\/\" \/>\n<meta property=\"og:locale\" content=\"pl_PL\" \/>\n<meta property=\"og:type\" content=\"article\" \/>\n<meta property=\"og:title\" content=\"Dodatkowy uchwyt monta\u017cowy dla Zaptec Pro dla Systemu Onepole - EMER Polska\" \/>\n<meta property=\"og:description\" content=\"Uchwyt wyposa\u017cony w hak do zawieszania kabla do \u0142adowania pojazdu.\" \/>\n<meta property=\"og:url\" content=\"https:\/\/emerpolska.pl\/index.php\/produkt\/manometr-dolny-pionowy-d100-1-do-15-bar-g1-2\/\" \/>\n<meta property=\"og:site_name\" content=\"EMER Polska\" \/>\n<meta property=\"article:modified_time\" content=\"2025-07-25T01:14:15+00:00\" \/>\n<meta property=\"og:image\" content=\"https:\/\/emerpolska.pl\/wp-content\/uploads\/2025\/07\/ELVEH_ONEPOLE_uchwyt__zaptec_pro_2.png\" \/>\n\t<meta property=\"og:image:width\" content=\"900\" \/>\n\t<meta property=\"og:image:height\" content=\"900\" \/>\n\t<meta property=\"og:image:type\" content=\"image\/png\" \/>\n<meta name=\"twitter:card\" content=\"summary_large_image\" \/>\n<meta name=\"twitter:label1\" content=\"Szacowany czas czytania\" \/>\n\t<meta name=\"twitter:data1\" content=\"1 minuta\" \/>\n<script type=\"application\/ld+json\" class=\"yoast-schema-graph\">{\"@context\":\"https:\/\/schema.org\",\"@graph\":[{\"@type\":\"WebPage\",\"@id\":\"https:\/\/emerpolska.pl\/index.php\/produkt\/manometr-dolny-pionowy-d100-1-do-15-bar-g1-2\/\",\"url\":\"https:\/\/emerpolska.pl\/index.php\/produkt\/manometr-dolny-pionowy-d100-1-do-15-bar-g1-2\/\",\"name\":\"Dodatkowy uchwyt monta\u017cowy dla Zaptec Pro dla Systemu Onepole - EMER Polska\",\"isPartOf\":{\"@id\":\"https:\/\/emerpolska.pl\/#website\"},\"primaryImageOfPage\":{\"@id\":\"https:\/\/emerpolska.pl\/index.php\/produkt\/manometr-dolny-pionowy-d100-1-do-15-bar-g1-2\/#primaryimage\"},\"image\":{\"@id\":\"https:\/\/emerpolska.pl\/index.php\/produkt\/manometr-dolny-pionowy-d100-1-do-15-bar-g1-2\/#primaryimage\"},\"thumbnailUrl\":\"https:\/\/emerpolska.pl\/wp-content\/uploads\/2025\/07\/ELVEH_ONEPOLE_uchwyt__zaptec_pro_2.png\",\"datePublished\":\"2025-07-24T21:18:52+00:00\",\"dateModified\":\"2025-07-25T01:14:15+00:00\",\"breadcrumb\":{\"@id\":\"https:\/\/emerpolska.pl\/index.php\/produkt\/manometr-dolny-pionowy-d100-1-do-15-bar-g1-2\/#breadcrumb\"},\"inLanguage\":\"pl-PL\",\"potentialAction\":[{\"@type\":\"ReadAction\",\"target\":[\"https:\/\/emerpolska.pl\/index.php\/produkt\/manometr-dolny-pionowy-d100-1-do-15-bar-g1-2\/\"]}]},{\"@type\":\"ImageObject\",\"inLanguage\":\"pl-PL\",\"@id\":\"https:\/\/emerpolska.pl\/index.php\/produkt\/manometr-dolny-pionowy-d100-1-do-15-bar-g1-2\/#primaryimage\",\"url\":\"https:\/\/emerpolska.pl\/wp-content\/uploads\/2025\/07\/ELVEH_ONEPOLE_uchwyt__zaptec_pro_2.png\",\"contentUrl\":\"https:\/\/emerpolska.pl\/wp-content\/uploads\/2025\/07\/ELVEH_ONEPOLE_uchwyt__zaptec_pro_2.png\",\"width\":900,\"height\":900},{\"@type\":\"BreadcrumbList\",\"@id\":\"https:\/\/emerpolska.pl\/index.php\/produkt\/manometr-dolny-pionowy-d100-1-do-15-bar-g1-2\/#breadcrumb\",\"itemListElement\":[{\"@type\":\"ListItem\",\"position\":1,\"name\":\"Strona g\u0142\u00f3wna\",\"item\":\"https:\/\/emerpolska.pl\/\"},{\"@type\":\"ListItem\",\"position\":2,\"name\":\"Jeste\u015bmy w przygotowaniu. Ju\u017c wkr\u00f3tce.\",\"item\":\"https:\/\/emerpolska.pl\/index.php\/shop\/\"},{\"@type\":\"ListItem\",\"position\":3,\"name\":\"Dodatkowy uchwyt monta\u017cowy dla Zaptec Pro dla Systemu Onepole\"}]},{\"@type\":\"WebSite\",\"@id\":\"https:\/\/emerpolska.pl\/#website\",\"url\":\"https:\/\/emerpolska.pl\/\",\"name\":\"EMER Polska\",\"description\":\"Centrum Pneumatyki i Automatyki\",\"publisher\":{\"@id\":\"https:\/\/emerpolska.pl\/#organization\"},\"potentialAction\":[{\"@type\":\"SearchAction\",\"target\":{\"@type\":\"EntryPoint\",\"urlTemplate\":\"https:\/\/emerpolska.pl\/?s={search_term_string}\"},\"query-input\":{\"@type\":\"PropertyValueSpecification\",\"valueRequired\":true,\"valueName\":\"search_term_string\"}}],\"inLanguage\":\"pl-PL\"},{\"@type\":\"Organization\",\"@id\":\"https:\/\/emerpolska.pl\/#organization\",\"name\":\"EMER Polska\",\"url\":\"https:\/\/emerpolska.pl\/\",\"logo\":{\"@type\":\"ImageObject\",\"inLanguage\":\"pl-PL\",\"@id\":\"https:\/\/emerpolska.pl\/#\/schema\/logo\/image\/\",\"url\":\"https:\/\/emerpolska.pl\/wp-content\/uploads\/2025\/07\/logo.jpg\",\"contentUrl\":\"https:\/\/emerpolska.pl\/wp-content\/uploads\/2025\/07\/logo.jpg\",\"width\":1021,\"height\":362,\"caption\":\"EMER Polska\"},\"image\":{\"@id\":\"https:\/\/emerpolska.pl\/#\/schema\/logo\/image\/\"}}]}<\/script>\n<!-- \/ Yoast SEO plugin. -->","yoast_head_json":{"title":"Dodatkowy uchwyt monta\u017cowy dla Zaptec Pro dla Systemu Onepole - EMER Polska","robots":{"index":"index","follow":"follow","max-snippet":"max-snippet:-1","max-image-preview":"max-image-preview:large","max-video-preview":"max-video-preview:-1"},"canonical":"https:\/\/emerpolska.pl\/index.php\/produkt\/manometr-dolny-pionowy-d100-1-do-15-bar-g1-2\/","og_locale":"pl_PL","og_type":"article","og_title":"Dodatkowy uchwyt monta\u017cowy dla Zaptec Pro dla Systemu Onepole - EMER Polska","og_description":"Uchwyt wyposa\u017cony w hak do zawieszania kabla do \u0142adowania pojazdu.","og_url":"https:\/\/emerpolska.pl\/index.php\/produkt\/manometr-dolny-pionowy-d100-1-do-15-bar-g1-2\/","og_site_name":"EMER Polska","article_modified_time":"2025-07-25T01:14:15+00:00","og_image":[{"width":900,"height":900,"url":"https:\/\/emerpolska.pl\/wp-content\/uploads\/2025\/07\/ELVEH_ONEPOLE_uchwyt__zaptec_pro_2.png","type":"image\/png"}],"twitter_card":"summary_large_image","twitter_misc":{"Szacowany czas czytania":"1 minuta"},"schema":{"@context":"https:\/\/schema.org","@graph":[{"@type":"WebPage","@id":"https:\/\/emerpolska.pl\/index.php\/produkt\/manometr-dolny-pionowy-d100-1-do-15-bar-g1-2\/","url":"https:\/\/emerpolska.pl\/index.php\/produkt\/manometr-dolny-pionowy-d100-1-do-15-bar-g1-2\/","name":"Dodatkowy uchwyt monta\u017cowy dla Zaptec Pro dla Systemu Onepole - EMER Polska","isPartOf":{"@id":"https:\/\/emerpolska.pl\/#website"},"primaryImageOfPage":{"@id":"https:\/\/emerpolska.pl\/index.php\/produkt\/manometr-dolny-pionowy-d100-1-do-15-bar-g1-2\/#primaryimage"},"image":{"@id":"https:\/\/emerpolska.pl\/index.php\/produkt\/manometr-dolny-pionowy-d100-1-do-15-bar-g1-2\/#primaryimage"},"thumbnailUrl":"https:\/\/emerpolska.pl\/wp-content\/uploads\/2025\/07\/ELVEH_ONEPOLE_uchwyt__zaptec_pro_2.png","datePublished":"2025-07-24T21:18:52+00:00","dateModified":"2025-07-25T01:14:15+00:00","breadcrumb":{"@id":"https:\/\/emerpolska.pl\/index.php\/produkt\/manometr-dolny-pionowy-d100-1-do-15-bar-g1-2\/#breadcrumb"},"inLanguage":"pl-PL","potentialAction":[{"@type":"ReadAction","target":["https:\/\/emerpolska.pl\/index.php\/produkt\/manometr-dolny-pionowy-d100-1-do-15-bar-g1-2\/"]}]},{"@type":"ImageObject","inLanguage":"pl-PL","@id":"https:\/\/emerpolska.pl\/index.php\/produkt\/manometr-dolny-pionowy-d100-1-do-15-bar-g1-2\/#primaryimage","url":"https:\/\/emerpolska.pl\/wp-content\/uploads\/2025\/07\/ELVEH_ONEPOLE_uchwyt__zaptec_pro_2.png","contentUrl":"https:\/\/emerpolska.pl\/wp-content\/uploads\/2025\/07\/ELVEH_ONEPOLE_uchwyt__zaptec_pro_2.png","width":900,"height":900},{"@type":"BreadcrumbList","@id":"https:\/\/emerpolska.pl\/index.php\/produkt\/manometr-dolny-pionowy-d100-1-do-15-bar-g1-2\/#breadcrumb","itemListElement":[{"@type":"ListItem","position":1,"name":"Strona g\u0142\u00f3wna","item":"https:\/\/emerpolska.pl\/"},{"@type":"ListItem","position":2,"name":"Jeste\u015bmy w przygotowaniu. Ju\u017c wkr\u00f3tce.","item":"https:\/\/emerpolska.pl\/index.php\/shop\/"},{"@type":"ListItem","position":3,"name":"Dodatkowy uchwyt monta\u017cowy dla Zaptec Pro dla Systemu Onepole"}]},{"@type":"WebSite","@id":"https:\/\/emerpolska.pl\/#website","url":"https:\/\/emerpolska.pl\/","name":"EMER Polska","description":"Centrum Pneumatyki i Automatyki","publisher":{"@id":"https:\/\/emerpolska.pl\/#organization"},"potentialAction":[{"@type":"SearchAction","target":{"@type":"EntryPoint","urlTemplate":"https:\/\/emerpolska.pl\/?s={search_term_string}"},"query-input":{"@type":"PropertyValueSpecification","valueRequired":true,"valueName":"search_term_string"}}],"inLanguage":"pl-PL"},{"@type":"Organization","@id":"https:\/\/emerpolska.pl\/#organization","name":"EMER Polska","url":"https:\/\/emerpolska.pl\/","logo":{"@type":"ImageObject","inLanguage":"pl-PL","@id":"https:\/\/emerpolska.pl\/#\/schema\/logo\/image\/","url":"https:\/\/emerpolska.pl\/wp-content\/uploads\/2025\/07\/logo.jpg","contentUrl":"https:\/\/emerpolska.pl\/wp-content\/uploads\/2025\/07\/logo.jpg","width":1021,"height":362,"caption":"EMER Polska"},"image":{"@id":"https:\/\/emerpolska.pl\/#\/schema\/logo\/image\/"}}]}},"_links":{"self":[{"href":"https:\/\/emerpolska.pl\/index.php\/wp-json\/wp\/v2\/product\/781","targetHints":{"allow":["GET"]}}],"collection":[{"href":"https:\/\/emerpolska.pl\/index.php\/wp-json\/wp\/v2\/product"}],"about":[{"href":"https:\/\/emerpolska.pl\/index.php\/wp-json\/wp\/v2\/types\/product"}],"replies":[{"embeddable":true,"href":"https:\/\/emerpolska.pl\/index.php\/wp-json\/wp\/v2\/comments?post=781"}],"wp:featuredmedia":[{"embeddable":true,"href":"https:\/\/emerpolska.pl\/index.php\/wp-json\/wp\/v2\/media\/1401"}],"wp:attachment":[{"href":"https:\/\/emerpolska.pl\/index.php\/wp-json\/wp\/v2\/media?parent=781"}],"wp:term":[{"taxonomy":"product_brand","embeddable":true,"href":"https:\/\/emerpolska.pl\/index.php\/wp-json\/wp\/v2\/product_brand?post=781"},{"taxonomy":"product_cat","embeddable":true,"href":"https:\/\/emerpolska.pl\/index.php\/wp-json\/wp\/v2\/product_cat?post=781"},{"taxonomy":"product_tag","embeddable":true,"href":"https:\/\/emerpolska.pl\/index.php\/wp-json\/wp\/v2\/product_tag?post=781"}],"curies":[{"name":"wp","href":"https:\/\/api.w.org\/{rel}","templated":true}]}}