{"id":783,"date":"2025-07-24T23:18:53","date_gmt":"2025-07-24T21:18:53","guid":{"rendered":"https:\/\/emerpolska.pl\/index.php\/produkt\/manometr-dolny-pionowy-d100-0-do-16-bar-g1-2\/"},"modified":"2025-07-25T03:14:15","modified_gmt":"2025-07-25T01:14:15","slug":"manometr-dolny-pionowy-d100-0-do-16-bar-g1-2","status":"publish","type":"product","link":"https:\/\/emerpolska.pl\/index.php\/produkt\/manometr-dolny-pionowy-d100-0-do-16-bar-g1-2\/","title":{"rendered":"Kabel Zaptec 1-Fazowy 32A 7,5m (Type 1-2)"},"content":{"rendered":"<p>Kabel \u0142aduj\u0105cy &#8211; 1 Fazowy &#8211; 32A &#8211; 7,5m Type-1<\/p>\n","protected":false},"excerpt":{"rendered":"<p>Kabel \u0142aduj\u0105cy &#8211; 1 Fazowy &#8211; 32A &#8211; 7,5m Type-1<\/p>\n","protected":false},"featured_media":1405,"comment_status":"closed","ping_status":"closed","template":"","meta":[],"product_brand":[53],"product_cat":[73,72,71],"product_tag":[],"class_list":{"0":"post-783","1":"product","2":"type-product","3":"status-publish","4":"has-post-thumbnail","6":"product_brand-air","7":"product_cat-akcesoria","8":"product_cat-kompaktowe-stacje-ladowania-wallboxy","9":"product_cat-profesjonalne-stacje-ladowania","10":"product_shipping_class-paczka","12":"first","13":"onbackorder","14":"taxable","15":"shipping-taxable","16":"purchasable","17":"product-type-simple"},"yoast_head":"<!-- This site is optimized with the Yoast SEO plugin v27.0 - https:\/\/yoast.com\/product\/yoast-seo-wordpress\/ -->\n<title>Kabel Zaptec 1-Fazowy 32A 7,5m (Type 1-2) - EMER Polska<\/title>\n<meta name=\"robots\" content=\"index, follow, max-snippet:-1, max-image-preview:large, max-video-preview:-1\" \/>\n<link rel=\"canonical\" href=\"https:\/\/emerpolska.pl\/index.php\/produkt\/manometr-dolny-pionowy-d100-0-do-16-bar-g1-2\/\" \/>\n<meta property=\"og:locale\" content=\"pl_PL\" \/>\n<meta property=\"og:type\" content=\"article\" \/>\n<meta property=\"og:title\" content=\"Kabel Zaptec 1-Fazowy 32A 7,5m (Type 1-2) - EMER Polska\" \/>\n<meta property=\"og:description\" content=\"Kabel \u0142aduj\u0105cy - 1 Fazowy - 32A - 7,5m Type-1\" \/>\n<meta property=\"og:url\" content=\"https:\/\/emerpolska.pl\/index.php\/produkt\/manometr-dolny-pionowy-d100-0-do-16-bar-g1-2\/\" \/>\n<meta property=\"og:site_name\" content=\"EMER Polska\" \/>\n<meta property=\"article:modified_time\" content=\"2025-07-25T01:14:15+00:00\" \/>\n<meta name=\"twitter:card\" content=\"summary_large_image\" \/>\n<script type=\"application\/ld+json\" class=\"yoast-schema-graph\">{\"@context\":\"https:\/\/schema.org\",\"@graph\":[{\"@type\":\"WebPage\",\"@id\":\"https:\/\/emerpolska.pl\/index.php\/produkt\/manometr-dolny-pionowy-d100-0-do-16-bar-g1-2\/\",\"url\":\"https:\/\/emerpolska.pl\/index.php\/produkt\/manometr-dolny-pionowy-d100-0-do-16-bar-g1-2\/\",\"name\":\"Kabel Zaptec 1-Fazowy 32A 7,5m (Type 1-2) - EMER Polska\",\"isPartOf\":{\"@id\":\"https:\/\/emerpolska.pl\/#website\"},\"primaryImageOfPage\":{\"@id\":\"https:\/\/emerpolska.pl\/index.php\/produkt\/manometr-dolny-pionowy-d100-0-do-16-bar-g1-2\/#primaryimage\"},\"image\":{\"@id\":\"https:\/\/emerpolska.pl\/index.php\/produkt\/manometr-dolny-pionowy-d100-0-do-16-bar-g1-2\/#primaryimage\"},\"thumbnailUrl\":\"https:\/\/emerpolska.pl\/wp-content\/uploads\/2025\/07\/Kabel_Ladowania_Type_1_1F_Wallbox_Zaptec_Elveh_1.png\",\"datePublished\":\"2025-07-24T21:18:53+00:00\",\"dateModified\":\"2025-07-25T01:14:15+00:00\",\"breadcrumb\":{\"@id\":\"https:\/\/emerpolska.pl\/index.php\/produkt\/manometr-dolny-pionowy-d100-0-do-16-bar-g1-2\/#breadcrumb\"},\"inLanguage\":\"pl-PL\",\"potentialAction\":[{\"@type\":\"ReadAction\",\"target\":[\"https:\/\/emerpolska.pl\/index.php\/produkt\/manometr-dolny-pionowy-d100-0-do-16-bar-g1-2\/\"]}]},{\"@type\":\"ImageObject\",\"inLanguage\":\"pl-PL\",\"@id\":\"https:\/\/emerpolska.pl\/index.php\/produkt\/manometr-dolny-pionowy-d100-0-do-16-bar-g1-2\/#primaryimage\",\"url\":\"https:\/\/emerpolska.pl\/wp-content\/uploads\/2025\/07\/Kabel_Ladowania_Type_1_1F_Wallbox_Zaptec_Elveh_1.png\",\"contentUrl\":\"https:\/\/emerpolska.pl\/wp-content\/uploads\/2025\/07\/Kabel_Ladowania_Type_1_1F_Wallbox_Zaptec_Elveh_1.png\",\"width\":2500,\"height\":2500},{\"@type\":\"BreadcrumbList\",\"@id\":\"https:\/\/emerpolska.pl\/index.php\/produkt\/manometr-dolny-pionowy-d100-0-do-16-bar-g1-2\/#breadcrumb\",\"itemListElement\":[{\"@type\":\"ListItem\",\"position\":1,\"name\":\"Strona g\u0142\u00f3wna\",\"item\":\"https:\/\/emerpolska.pl\/\"},{\"@type\":\"ListItem\",\"position\":2,\"name\":\"Jeste\u015bmy w przygotowaniu. Ju\u017c wkr\u00f3tce.\",\"item\":\"https:\/\/emerpolska.pl\/index.php\/shop\/\"},{\"@type\":\"ListItem\",\"position\":3,\"name\":\"Kabel Zaptec 1-Fazowy 32A 7,5m (Type 1-2)\"}]},{\"@type\":\"WebSite\",\"@id\":\"https:\/\/emerpolska.pl\/#website\",\"url\":\"https:\/\/emerpolska.pl\/\",\"name\":\"EMER Polska\",\"description\":\"Centrum Pneumatyki i Automatyki\",\"publisher\":{\"@id\":\"https:\/\/emerpolska.pl\/#organization\"},\"potentialAction\":[{\"@type\":\"SearchAction\",\"target\":{\"@type\":\"EntryPoint\",\"urlTemplate\":\"https:\/\/emerpolska.pl\/?s={search_term_string}\"},\"query-input\":{\"@type\":\"PropertyValueSpecification\",\"valueRequired\":true,\"valueName\":\"search_term_string\"}}],\"inLanguage\":\"pl-PL\"},{\"@type\":\"Organization\",\"@id\":\"https:\/\/emerpolska.pl\/#organization\",\"name\":\"EMER Polska\",\"url\":\"https:\/\/emerpolska.pl\/\",\"logo\":{\"@type\":\"ImageObject\",\"inLanguage\":\"pl-PL\",\"@id\":\"https:\/\/emerpolska.pl\/#\/schema\/logo\/image\/\",\"url\":\"https:\/\/emerpolska.pl\/wp-content\/uploads\/2025\/07\/logo.jpg\",\"contentUrl\":\"https:\/\/emerpolska.pl\/wp-content\/uploads\/2025\/07\/logo.jpg\",\"width\":1021,\"height\":362,\"caption\":\"EMER Polska\"},\"image\":{\"@id\":\"https:\/\/emerpolska.pl\/#\/schema\/logo\/image\/\"}}]}<\/script>\n<!-- \/ Yoast SEO plugin. -->","yoast_head_json":{"title":"Kabel Zaptec 1-Fazowy 32A 7,5m (Type 1-2) - EMER Polska","robots":{"index":"index","follow":"follow","max-snippet":"max-snippet:-1","max-image-preview":"max-image-preview:large","max-video-preview":"max-video-preview:-1"},"canonical":"https:\/\/emerpolska.pl\/index.php\/produkt\/manometr-dolny-pionowy-d100-0-do-16-bar-g1-2\/","og_locale":"pl_PL","og_type":"article","og_title":"Kabel Zaptec 1-Fazowy 32A 7,5m (Type 1-2) - EMER Polska","og_description":"Kabel \u0142aduj\u0105cy - 1 Fazowy - 32A - 7,5m Type-1","og_url":"https:\/\/emerpolska.pl\/index.php\/produkt\/manometr-dolny-pionowy-d100-0-do-16-bar-g1-2\/","og_site_name":"EMER Polska","article_modified_time":"2025-07-25T01:14:15+00:00","twitter_card":"summary_large_image","schema":{"@context":"https:\/\/schema.org","@graph":[{"@type":"WebPage","@id":"https:\/\/emerpolska.pl\/index.php\/produkt\/manometr-dolny-pionowy-d100-0-do-16-bar-g1-2\/","url":"https:\/\/emerpolska.pl\/index.php\/produkt\/manometr-dolny-pionowy-d100-0-do-16-bar-g1-2\/","name":"Kabel Zaptec 1-Fazowy 32A 7,5m (Type 1-2) - EMER Polska","isPartOf":{"@id":"https:\/\/emerpolska.pl\/#website"},"primaryImageOfPage":{"@id":"https:\/\/emerpolska.pl\/index.php\/produkt\/manometr-dolny-pionowy-d100-0-do-16-bar-g1-2\/#primaryimage"},"image":{"@id":"https:\/\/emerpolska.pl\/index.php\/produkt\/manometr-dolny-pionowy-d100-0-do-16-bar-g1-2\/#primaryimage"},"thumbnailUrl":"https:\/\/emerpolska.pl\/wp-content\/uploads\/2025\/07\/Kabel_Ladowania_Type_1_1F_Wallbox_Zaptec_Elveh_1.png","datePublished":"2025-07-24T21:18:53+00:00","dateModified":"2025-07-25T01:14:15+00:00","breadcrumb":{"@id":"https:\/\/emerpolska.pl\/index.php\/produkt\/manometr-dolny-pionowy-d100-0-do-16-bar-g1-2\/#breadcrumb"},"inLanguage":"pl-PL","potentialAction":[{"@type":"ReadAction","target":["https:\/\/emerpolska.pl\/index.php\/produkt\/manometr-dolny-pionowy-d100-0-do-16-bar-g1-2\/"]}]},{"@type":"ImageObject","inLanguage":"pl-PL","@id":"https:\/\/emerpolska.pl\/index.php\/produkt\/manometr-dolny-pionowy-d100-0-do-16-bar-g1-2\/#primaryimage","url":"https:\/\/emerpolska.pl\/wp-content\/uploads\/2025\/07\/Kabel_Ladowania_Type_1_1F_Wallbox_Zaptec_Elveh_1.png","contentUrl":"https:\/\/emerpolska.pl\/wp-content\/uploads\/2025\/07\/Kabel_Ladowania_Type_1_1F_Wallbox_Zaptec_Elveh_1.png","width":2500,"height":2500},{"@type":"BreadcrumbList","@id":"https:\/\/emerpolska.pl\/index.php\/produkt\/manometr-dolny-pionowy-d100-0-do-16-bar-g1-2\/#breadcrumb","itemListElement":[{"@type":"ListItem","position":1,"name":"Strona g\u0142\u00f3wna","item":"https:\/\/emerpolska.pl\/"},{"@type":"ListItem","position":2,"name":"Jeste\u015bmy w przygotowaniu. Ju\u017c wkr\u00f3tce.","item":"https:\/\/emerpolska.pl\/index.php\/shop\/"},{"@type":"ListItem","position":3,"name":"Kabel Zaptec 1-Fazowy 32A 7,5m (Type 1-2)"}]},{"@type":"WebSite","@id":"https:\/\/emerpolska.pl\/#website","url":"https:\/\/emerpolska.pl\/","name":"EMER Polska","description":"Centrum Pneumatyki i Automatyki","publisher":{"@id":"https:\/\/emerpolska.pl\/#organization"},"potentialAction":[{"@type":"SearchAction","target":{"@type":"EntryPoint","urlTemplate":"https:\/\/emerpolska.pl\/?s={search_term_string}"},"query-input":{"@type":"PropertyValueSpecification","valueRequired":true,"valueName":"search_term_string"}}],"inLanguage":"pl-PL"},{"@type":"Organization","@id":"https:\/\/emerpolska.pl\/#organization","name":"EMER Polska","url":"https:\/\/emerpolska.pl\/","logo":{"@type":"ImageObject","inLanguage":"pl-PL","@id":"https:\/\/emerpolska.pl\/#\/schema\/logo\/image\/","url":"https:\/\/emerpolska.pl\/wp-content\/uploads\/2025\/07\/logo.jpg","contentUrl":"https:\/\/emerpolska.pl\/wp-content\/uploads\/2025\/07\/logo.jpg","width":1021,"height":362,"caption":"EMER Polska"},"image":{"@id":"https:\/\/emerpolska.pl\/#\/schema\/logo\/image\/"}}]}},"_links":{"self":[{"href":"https:\/\/emerpolska.pl\/index.php\/wp-json\/wp\/v2\/product\/783","targetHints":{"allow":["GET"]}}],"collection":[{"href":"https:\/\/emerpolska.pl\/index.php\/wp-json\/wp\/v2\/product"}],"about":[{"href":"https:\/\/emerpolska.pl\/index.php\/wp-json\/wp\/v2\/types\/product"}],"replies":[{"embeddable":true,"href":"https:\/\/emerpolska.pl\/index.php\/wp-json\/wp\/v2\/comments?post=783"}],"wp:featuredmedia":[{"embeddable":true,"href":"https:\/\/emerpolska.pl\/index.php\/wp-json\/wp\/v2\/media\/1405"}],"wp:attachment":[{"href":"https:\/\/emerpolska.pl\/index.php\/wp-json\/wp\/v2\/media?parent=783"}],"wp:term":[{"taxonomy":"product_brand","embeddable":true,"href":"https:\/\/emerpolska.pl\/index.php\/wp-json\/wp\/v2\/product_brand?post=783"},{"taxonomy":"product_cat","embeddable":true,"href":"https:\/\/emerpolska.pl\/index.php\/wp-json\/wp\/v2\/product_cat?post=783"},{"taxonomy":"product_tag","embeddable":true,"href":"https:\/\/emerpolska.pl\/index.php\/wp-json\/wp\/v2\/product_tag?post=783"}],"curies":[{"name":"wp","href":"https:\/\/api.w.org\/{rel}","templated":true}]}}