{"id":813,"date":"2025-07-24T23:19:19","date_gmt":"2025-07-24T21:19:19","guid":{"rendered":"https:\/\/emerpolska.pl\/index.php\/produkt\/zlaczka-grodziowa-3-8-1-2-16-bar-mosiadz-niklowany\/"},"modified":"2025-07-24T23:19:19","modified_gmt":"2025-07-24T21:19:19","slug":"zlaczka-grodziowa-3-8-1-2-16-bar-mosiadz-niklowany","status":"publish","type":"product","link":"https:\/\/emerpolska.pl\/index.php\/produkt\/zlaczka-grodziowa-3-8-1-2-16-bar-mosiadz-niklowany\/","title":{"rendered":"Z\u0142\u0105czka grodziowa 3\/8-1\/2 16 bar mosi\u0105dz niklowany"},"content":{"rendered":"<p>{&#8222;sections&#8221;:[{&#8222;items&#8221;:[{&#8222;type&#8221;:&#8221;TEXT&#8221;,&#8221;content&#8221;:&#8221;<\/p>\n<h1>Z\u0142\u0105czka grodziowa<\/h1>\n<p>Gwint zewn\u0119trzny 1\/2<\/p>\n<p>Rodzaj gwintu G<\/p>\n<p>Ci\u015bnienie nominalne (PN) 16 bar<\/p>\n<p>\u015arednica (Emax) 16 mm<\/p>\n<p>Tworzywo mosi\u0105dz niklowany<\/p>\n<p>Gwint wewn. 3\/8<\/p>\n<p>Gwint grodzi A G 1\/2<\/p>\n<p>&#8222;},{&#8222;type&#8221;:&#8221;IMAGE&#8221;,&#8221;url&#8221;:&#8221;https:\/\/a.allegroimg.com\/original\/11bded\/859c822d4e24951a2f6a63f53b59&#8243;}]}]}<\/p>\n","protected":false},"excerpt":{"rendered":"<p>{&#8222;sections&#8221;:[{&#8222;items&#8221;:[{&#8222;type&#8221;:&#8221;TEXT&#8221;,&#8221;content&#8221;:&#8221; Z\u0142\u0105czka grodziowa Gwint zewn\u0119trzny 1\/2 Rodzaj gwintu G Ci\u015bnienie nominalne (PN) 16 bar \u015arednica (Emax) 16 mm Tworzywo mosi\u0105dz niklowany Gwint wewn. 3\/8 Gwint grodzi A G 1\/2 &#8222;},{&#8222;type&#8221;:&#8221;IMAGE&#8221;,&#8221;url&#8221;:&#8221;https:\/\/a.allegroimg.com\/original\/11bded\/859c822d4e24951a2f6a63f53b59&#8243;}]}]}<\/p>\n","protected":false},"featured_media":0,"comment_status":"open","ping_status":"closed","template":"","meta":[],"product_brand":[55],"product_cat":[48],"product_tag":[],"class_list":{"0":"post-813","1":"product","2":"type-product","3":"status-publish","5":"product_brand-aircom","6":"product_cat-pneumatyka-121447","8":"first","9":"instock","10":"taxable","11":"shipping-taxable","12":"purchasable","13":"product-type-simple"},"yoast_head":"<!-- This site is optimized with the Yoast SEO plugin v27.0 - https:\/\/yoast.com\/product\/yoast-seo-wordpress\/ -->\n<title>Z\u0142\u0105czka grodziowa 3\/8-1\/2 16 bar mosi\u0105dz niklowany - EMER Polska<\/title>\n<meta name=\"robots\" content=\"index, follow, max-snippet:-1, max-image-preview:large, max-video-preview:-1\" \/>\n<link rel=\"canonical\" href=\"https:\/\/emerpolska.pl\/index.php\/produkt\/zlaczka-grodziowa-3-8-1-2-16-bar-mosiadz-niklowany\/\" \/>\n<meta property=\"og:locale\" content=\"pl_PL\" \/>\n<meta property=\"og:type\" content=\"article\" \/>\n<meta property=\"og:title\" content=\"Z\u0142\u0105czka grodziowa 3\/8-1\/2 16 bar mosi\u0105dz niklowany - EMER Polska\" \/>\n<meta property=\"og:description\" content=\"{&#8222;sections&#8221;:[{&#8222;items&#8221;:[{&#8222;type&#8221;:&#8221;TEXT&#8221;,&#8221;content&#8221;:&#8221; Z\u0142\u0105czka grodziowa Gwint zewn\u0119trzny 1\/2 Rodzaj gwintu G Ci\u015bnienie nominalne (PN) 16 bar \u015arednica (Emax) 16 mm Tworzywo mosi\u0105dz niklowany Gwint wewn. 3\/8 Gwint grodzi A G 1\/2 &#8222;},{&#8222;type&#8221;:&#8221;IMAGE&#8221;,&#8221;url&#8221;:&#8221;https:\/\/a.allegroimg.com\/original\/11bded\/859c822d4e24951a2f6a63f53b59&#8243;}]}]}\" \/>\n<meta property=\"og:url\" content=\"https:\/\/emerpolska.pl\/index.php\/produkt\/zlaczka-grodziowa-3-8-1-2-16-bar-mosiadz-niklowany\/\" \/>\n<meta property=\"og:site_name\" content=\"EMER Polska\" \/>\n<meta name=\"twitter:card\" content=\"summary_large_image\" \/>\n<script type=\"application\/ld+json\" class=\"yoast-schema-graph\">{\"@context\":\"https:\/\/schema.org\",\"@graph\":[{\"@type\":\"WebPage\",\"@id\":\"https:\/\/emerpolska.pl\/index.php\/produkt\/zlaczka-grodziowa-3-8-1-2-16-bar-mosiadz-niklowany\/\",\"url\":\"https:\/\/emerpolska.pl\/index.php\/produkt\/zlaczka-grodziowa-3-8-1-2-16-bar-mosiadz-niklowany\/\",\"name\":\"Z\u0142\u0105czka grodziowa 3\/8-1\/2 16 bar mosi\u0105dz niklowany - EMER Polska\",\"isPartOf\":{\"@id\":\"https:\/\/emerpolska.pl\/#website\"},\"datePublished\":\"2025-07-24T21:19:19+00:00\",\"breadcrumb\":{\"@id\":\"https:\/\/emerpolska.pl\/index.php\/produkt\/zlaczka-grodziowa-3-8-1-2-16-bar-mosiadz-niklowany\/#breadcrumb\"},\"inLanguage\":\"pl-PL\",\"potentialAction\":[{\"@type\":\"ReadAction\",\"target\":[\"https:\/\/emerpolska.pl\/index.php\/produkt\/zlaczka-grodziowa-3-8-1-2-16-bar-mosiadz-niklowany\/\"]}]},{\"@type\":\"BreadcrumbList\",\"@id\":\"https:\/\/emerpolska.pl\/index.php\/produkt\/zlaczka-grodziowa-3-8-1-2-16-bar-mosiadz-niklowany\/#breadcrumb\",\"itemListElement\":[{\"@type\":\"ListItem\",\"position\":1,\"name\":\"Strona g\u0142\u00f3wna\",\"item\":\"https:\/\/emerpolska.pl\/\"},{\"@type\":\"ListItem\",\"position\":2,\"name\":\"Jeste\u015bmy w przygotowaniu. Ju\u017c wkr\u00f3tce.\",\"item\":\"https:\/\/emerpolska.pl\/index.php\/shop\/\"},{\"@type\":\"ListItem\",\"position\":3,\"name\":\"Z\u0142\u0105czka grodziowa 3\/8-1\/2 16 bar mosi\u0105dz niklowany\"}]},{\"@type\":\"WebSite\",\"@id\":\"https:\/\/emerpolska.pl\/#website\",\"url\":\"https:\/\/emerpolska.pl\/\",\"name\":\"EMER Polska\",\"description\":\"Centrum Pneumatyki i Automatyki\",\"publisher\":{\"@id\":\"https:\/\/emerpolska.pl\/#organization\"},\"potentialAction\":[{\"@type\":\"SearchAction\",\"target\":{\"@type\":\"EntryPoint\",\"urlTemplate\":\"https:\/\/emerpolska.pl\/?s={search_term_string}\"},\"query-input\":{\"@type\":\"PropertyValueSpecification\",\"valueRequired\":true,\"valueName\":\"search_term_string\"}}],\"inLanguage\":\"pl-PL\"},{\"@type\":\"Organization\",\"@id\":\"https:\/\/emerpolska.pl\/#organization\",\"name\":\"EMER Polska\",\"url\":\"https:\/\/emerpolska.pl\/\",\"logo\":{\"@type\":\"ImageObject\",\"inLanguage\":\"pl-PL\",\"@id\":\"https:\/\/emerpolska.pl\/#\/schema\/logo\/image\/\",\"url\":\"https:\/\/emerpolska.pl\/wp-content\/uploads\/2025\/07\/logo.jpg\",\"contentUrl\":\"https:\/\/emerpolska.pl\/wp-content\/uploads\/2025\/07\/logo.jpg\",\"width\":1021,\"height\":362,\"caption\":\"EMER Polska\"},\"image\":{\"@id\":\"https:\/\/emerpolska.pl\/#\/schema\/logo\/image\/\"}}]}<\/script>\n<!-- \/ Yoast SEO plugin. -->","yoast_head_json":{"title":"Z\u0142\u0105czka grodziowa 3\/8-1\/2 16 bar mosi\u0105dz niklowany - EMER Polska","robots":{"index":"index","follow":"follow","max-snippet":"max-snippet:-1","max-image-preview":"max-image-preview:large","max-video-preview":"max-video-preview:-1"},"canonical":"https:\/\/emerpolska.pl\/index.php\/produkt\/zlaczka-grodziowa-3-8-1-2-16-bar-mosiadz-niklowany\/","og_locale":"pl_PL","og_type":"article","og_title":"Z\u0142\u0105czka grodziowa 3\/8-1\/2 16 bar mosi\u0105dz niklowany - EMER Polska","og_description":"{&#8222;sections&#8221;:[{&#8222;items&#8221;:[{&#8222;type&#8221;:&#8221;TEXT&#8221;,&#8221;content&#8221;:&#8221; Z\u0142\u0105czka grodziowa Gwint zewn\u0119trzny 1\/2 Rodzaj gwintu G Ci\u015bnienie nominalne (PN) 16 bar \u015arednica (Emax) 16 mm Tworzywo mosi\u0105dz niklowany Gwint wewn. 3\/8 Gwint grodzi A G 1\/2 &#8222;},{&#8222;type&#8221;:&#8221;IMAGE&#8221;,&#8221;url&#8221;:&#8221;https:\/\/a.allegroimg.com\/original\/11bded\/859c822d4e24951a2f6a63f53b59&#8243;}]}]}","og_url":"https:\/\/emerpolska.pl\/index.php\/produkt\/zlaczka-grodziowa-3-8-1-2-16-bar-mosiadz-niklowany\/","og_site_name":"EMER Polska","twitter_card":"summary_large_image","schema":{"@context":"https:\/\/schema.org","@graph":[{"@type":"WebPage","@id":"https:\/\/emerpolska.pl\/index.php\/produkt\/zlaczka-grodziowa-3-8-1-2-16-bar-mosiadz-niklowany\/","url":"https:\/\/emerpolska.pl\/index.php\/produkt\/zlaczka-grodziowa-3-8-1-2-16-bar-mosiadz-niklowany\/","name":"Z\u0142\u0105czka grodziowa 3\/8-1\/2 16 bar mosi\u0105dz niklowany - EMER Polska","isPartOf":{"@id":"https:\/\/emerpolska.pl\/#website"},"datePublished":"2025-07-24T21:19:19+00:00","breadcrumb":{"@id":"https:\/\/emerpolska.pl\/index.php\/produkt\/zlaczka-grodziowa-3-8-1-2-16-bar-mosiadz-niklowany\/#breadcrumb"},"inLanguage":"pl-PL","potentialAction":[{"@type":"ReadAction","target":["https:\/\/emerpolska.pl\/index.php\/produkt\/zlaczka-grodziowa-3-8-1-2-16-bar-mosiadz-niklowany\/"]}]},{"@type":"BreadcrumbList","@id":"https:\/\/emerpolska.pl\/index.php\/produkt\/zlaczka-grodziowa-3-8-1-2-16-bar-mosiadz-niklowany\/#breadcrumb","itemListElement":[{"@type":"ListItem","position":1,"name":"Strona g\u0142\u00f3wna","item":"https:\/\/emerpolska.pl\/"},{"@type":"ListItem","position":2,"name":"Jeste\u015bmy w przygotowaniu. Ju\u017c wkr\u00f3tce.","item":"https:\/\/emerpolska.pl\/index.php\/shop\/"},{"@type":"ListItem","position":3,"name":"Z\u0142\u0105czka grodziowa 3\/8-1\/2 16 bar mosi\u0105dz niklowany"}]},{"@type":"WebSite","@id":"https:\/\/emerpolska.pl\/#website","url":"https:\/\/emerpolska.pl\/","name":"EMER Polska","description":"Centrum Pneumatyki i Automatyki","publisher":{"@id":"https:\/\/emerpolska.pl\/#organization"},"potentialAction":[{"@type":"SearchAction","target":{"@type":"EntryPoint","urlTemplate":"https:\/\/emerpolska.pl\/?s={search_term_string}"},"query-input":{"@type":"PropertyValueSpecification","valueRequired":true,"valueName":"search_term_string"}}],"inLanguage":"pl-PL"},{"@type":"Organization","@id":"https:\/\/emerpolska.pl\/#organization","name":"EMER Polska","url":"https:\/\/emerpolska.pl\/","logo":{"@type":"ImageObject","inLanguage":"pl-PL","@id":"https:\/\/emerpolska.pl\/#\/schema\/logo\/image\/","url":"https:\/\/emerpolska.pl\/wp-content\/uploads\/2025\/07\/logo.jpg","contentUrl":"https:\/\/emerpolska.pl\/wp-content\/uploads\/2025\/07\/logo.jpg","width":1021,"height":362,"caption":"EMER Polska"},"image":{"@id":"https:\/\/emerpolska.pl\/#\/schema\/logo\/image\/"}}]}},"_links":{"self":[{"href":"https:\/\/emerpolska.pl\/index.php\/wp-json\/wp\/v2\/product\/813","targetHints":{"allow":["GET"]}}],"collection":[{"href":"https:\/\/emerpolska.pl\/index.php\/wp-json\/wp\/v2\/product"}],"about":[{"href":"https:\/\/emerpolska.pl\/index.php\/wp-json\/wp\/v2\/types\/product"}],"replies":[{"embeddable":true,"href":"https:\/\/emerpolska.pl\/index.php\/wp-json\/wp\/v2\/comments?post=813"}],"wp:attachment":[{"href":"https:\/\/emerpolska.pl\/index.php\/wp-json\/wp\/v2\/media?parent=813"}],"wp:term":[{"taxonomy":"product_brand","embeddable":true,"href":"https:\/\/emerpolska.pl\/index.php\/wp-json\/wp\/v2\/product_brand?post=813"},{"taxonomy":"product_cat","embeddable":true,"href":"https:\/\/emerpolska.pl\/index.php\/wp-json\/wp\/v2\/product_cat?post=813"},{"taxonomy":"product_tag","embeddable":true,"href":"https:\/\/emerpolska.pl\/index.php\/wp-json\/wp\/v2\/product_tag?post=813"}],"curies":[{"name":"wp","href":"https:\/\/api.w.org\/{rel}","templated":true}]}}