{"id":815,"date":"2025-07-24T23:19:19","date_gmt":"2025-07-24T21:19:19","guid":{"rendered":"https:\/\/emerpolska.pl\/index.php\/produkt\/amortyzator-przemyslowy-hydrauliczny-mc75m3-ace\/"},"modified":"2025-07-28T10:40:08","modified_gmt":"2025-07-28T08:40:08","slug":"amortyzator-przemyslowy-hydrauliczny-mc75m3-ace","status":"publish","type":"product","link":"https:\/\/emerpolska.pl\/index.php\/produkt\/amortyzator-przemyslowy-hydrauliczny-mc75m3-ace\/","title":{"rendered":"AMORTYZATOR PRZEMYS\u0141OWY HYDRAULICZNY MC75M3 ACE"},"content":{"rendered":"<p>&nbsp;<\/p>\n<h1>AMORTYZATOR PRZEMYS\u0141OWY HYDRAULICZNY MC75M3 ACE<\/h1>\n<p>&nbsp;<\/p>\n<h1>Amortyzator przemys\u0142owy<\/h1>\n<p>Amortyzatory miniaturowe serii MC to idealne rozwi\u0105zanie w grupie tzw.\u00a0 &#8222;ma\u0142ych&#8221;. Nie wymagaj\u0105 konserwacji. Najwi\u0119ksz\u0105 ich zalet\u0105 jest\u00a0wykonanie ze stali nierdzewnej. \u017bywotno\u015b\u0107 25 mln cykli.<\/p>\n<p>Kod produktu: MC75M3<\/p>\n<ul>\n<li>skok, 10, mm<\/li>\n<li>Gwint, M12x1,<\/li>\n<li>Energia\/skok, 9, Nm<\/li>\n<li>Energia\/godzina, 28 200, Nm<\/li>\n<li>Masa efektywna, 0.3 \u2013 72 kg, kg<\/li>\n<li>Maksymalne obci\u0105\u017cenie osiowe, 2, \u00b0<\/li>\n<li>Temperatura pracy, -10 do +66, \u00b0C<\/li>\n<\/ul>\n<p>&nbsp;<\/p>\n","protected":false},"excerpt":{"rendered":"<p>&nbsp; AMORTYZATOR PRZEMYS\u0141OWY HYDRAULICZNY MC75M3 ACE &nbsp; Amortyzator przemys\u0142owy Amortyzatory miniaturowe serii MC to idealne rozwi\u0105zanie w grupie tzw.\u00a0 &#8222;ma\u0142ych&#8221;. Nie wymagaj\u0105 konserwacji. Najwi\u0119ksz\u0105 ich zalet\u0105 jest\u00a0wykonanie ze stali nierdzewnej. \u017bywotno\u015b\u0107 25 mln cykli. Kod produktu: MC75M3 skok, 10, mm Gwint, M12x1, Energia\/skok, 9, Nm Energia\/godzina, 28 200, Nm Masa efektywna, 0.3 \u2013 72 kg, [&hellip;]<\/p>\n","protected":false},"featured_media":1467,"comment_status":"closed","ping_status":"closed","template":"","meta":[],"product_brand":[54],"product_cat":[48],"product_tag":[],"class_list":{"0":"post-815","1":"product","2":"type-product","3":"status-publish","4":"has-post-thumbnail","6":"product_brand-ace","7":"product_cat-pneumatyka-121447","9":"first","10":"instock","11":"taxable","12":"shipping-taxable","13":"purchasable","14":"product-type-simple"},"yoast_head":"<!-- This site is optimized with the Yoast SEO plugin v27.0 - https:\/\/yoast.com\/product\/yoast-seo-wordpress\/ -->\n<title>AMORTYZATOR PRZEMYS\u0141OWY HYDRAULICZNY MC75M3 ACE - EMER Polska<\/title>\n<meta name=\"robots\" content=\"index, follow, max-snippet:-1, max-image-preview:large, max-video-preview:-1\" \/>\n<link rel=\"canonical\" href=\"https:\/\/emerpolska.pl\/index.php\/produkt\/amortyzator-przemyslowy-hydrauliczny-mc75m3-ace\/\" \/>\n<meta property=\"og:locale\" content=\"pl_PL\" \/>\n<meta property=\"og:type\" content=\"article\" \/>\n<meta property=\"og:title\" content=\"AMORTYZATOR PRZEMYS\u0141OWY HYDRAULICZNY MC75M3 ACE - EMER Polska\" \/>\n<meta property=\"og:description\" content=\"&nbsp; AMORTYZATOR PRZEMYS\u0141OWY HYDRAULICZNY MC75M3 ACE &nbsp; Amortyzator przemys\u0142owy Amortyzatory miniaturowe serii MC to idealne rozwi\u0105zanie w grupie tzw.\u00a0 &#8222;ma\u0142ych&#8221;. Nie wymagaj\u0105 konserwacji. Najwi\u0119ksz\u0105 ich zalet\u0105 jest\u00a0wykonanie ze stali nierdzewnej. \u017bywotno\u015b\u0107 25 mln cykli. Kod produktu: MC75M3 skok, 10, mm Gwint, M12x1, Energia\/skok, 9, Nm Energia\/godzina, 28 200, Nm Masa efektywna, 0.3 \u2013 72 kg, [&hellip;]\" \/>\n<meta property=\"og:url\" content=\"https:\/\/emerpolska.pl\/index.php\/produkt\/amortyzator-przemyslowy-hydrauliczny-mc75m3-ace\/\" \/>\n<meta property=\"og:site_name\" content=\"EMER Polska\" \/>\n<meta property=\"article:modified_time\" content=\"2025-07-28T08:40:08+00:00\" \/>\n<meta property=\"og:image\" content=\"https:\/\/emerpolska.pl\/wp-content\/uploads\/2025\/07\/5a017ec326b8d568254722.jpeg\" \/>\n\t<meta property=\"og:image:width\" content=\"400\" \/>\n\t<meta property=\"og:image:height\" content=\"281\" \/>\n\t<meta property=\"og:image:type\" content=\"image\/jpeg\" \/>\n<meta name=\"twitter:card\" content=\"summary_large_image\" \/>\n<meta name=\"twitter:label1\" content=\"Szacowany czas czytania\" \/>\n\t<meta name=\"twitter:data1\" content=\"1 minuta\" \/>\n<script type=\"application\/ld+json\" class=\"yoast-schema-graph\">{\"@context\":\"https:\/\/schema.org\",\"@graph\":[{\"@type\":\"WebPage\",\"@id\":\"https:\/\/emerpolska.pl\/index.php\/produkt\/amortyzator-przemyslowy-hydrauliczny-mc75m3-ace\/\",\"url\":\"https:\/\/emerpolska.pl\/index.php\/produkt\/amortyzator-przemyslowy-hydrauliczny-mc75m3-ace\/\",\"name\":\"AMORTYZATOR PRZEMYS\u0141OWY HYDRAULICZNY MC75M3 ACE - EMER Polska\",\"isPartOf\":{\"@id\":\"https:\/\/emerpolska.pl\/#website\"},\"primaryImageOfPage\":{\"@id\":\"https:\/\/emerpolska.pl\/index.php\/produkt\/amortyzator-przemyslowy-hydrauliczny-mc75m3-ace\/#primaryimage\"},\"image\":{\"@id\":\"https:\/\/emerpolska.pl\/index.php\/produkt\/amortyzator-przemyslowy-hydrauliczny-mc75m3-ace\/#primaryimage\"},\"thumbnailUrl\":\"https:\/\/emerpolska.pl\/wp-content\/uploads\/2025\/07\/5a017ec326b8d568254722.jpeg\",\"datePublished\":\"2025-07-24T21:19:19+00:00\",\"dateModified\":\"2025-07-28T08:40:08+00:00\",\"breadcrumb\":{\"@id\":\"https:\/\/emerpolska.pl\/index.php\/produkt\/amortyzator-przemyslowy-hydrauliczny-mc75m3-ace\/#breadcrumb\"},\"inLanguage\":\"pl-PL\",\"potentialAction\":[{\"@type\":\"ReadAction\",\"target\":[\"https:\/\/emerpolska.pl\/index.php\/produkt\/amortyzator-przemyslowy-hydrauliczny-mc75m3-ace\/\"]}]},{\"@type\":\"ImageObject\",\"inLanguage\":\"pl-PL\",\"@id\":\"https:\/\/emerpolska.pl\/index.php\/produkt\/amortyzator-przemyslowy-hydrauliczny-mc75m3-ace\/#primaryimage\",\"url\":\"https:\/\/emerpolska.pl\/wp-content\/uploads\/2025\/07\/5a017ec326b8d568254722.jpeg\",\"contentUrl\":\"https:\/\/emerpolska.pl\/wp-content\/uploads\/2025\/07\/5a017ec326b8d568254722.jpeg\",\"width\":400,\"height\":281},{\"@type\":\"BreadcrumbList\",\"@id\":\"https:\/\/emerpolska.pl\/index.php\/produkt\/amortyzator-przemyslowy-hydrauliczny-mc75m3-ace\/#breadcrumb\",\"itemListElement\":[{\"@type\":\"ListItem\",\"position\":1,\"name\":\"Strona g\u0142\u00f3wna\",\"item\":\"https:\/\/emerpolska.pl\/\"},{\"@type\":\"ListItem\",\"position\":2,\"name\":\"Jeste\u015bmy w przygotowaniu. Ju\u017c wkr\u00f3tce.\",\"item\":\"https:\/\/emerpolska.pl\/index.php\/shop\/\"},{\"@type\":\"ListItem\",\"position\":3,\"name\":\"AMORTYZATOR PRZEMYS\u0141OWY HYDRAULICZNY MC75M3 ACE\"}]},{\"@type\":\"WebSite\",\"@id\":\"https:\/\/emerpolska.pl\/#website\",\"url\":\"https:\/\/emerpolska.pl\/\",\"name\":\"EMER Polska\",\"description\":\"Centrum Pneumatyki i Automatyki\",\"publisher\":{\"@id\":\"https:\/\/emerpolska.pl\/#organization\"},\"potentialAction\":[{\"@type\":\"SearchAction\",\"target\":{\"@type\":\"EntryPoint\",\"urlTemplate\":\"https:\/\/emerpolska.pl\/?s={search_term_string}\"},\"query-input\":{\"@type\":\"PropertyValueSpecification\",\"valueRequired\":true,\"valueName\":\"search_term_string\"}}],\"inLanguage\":\"pl-PL\"},{\"@type\":\"Organization\",\"@id\":\"https:\/\/emerpolska.pl\/#organization\",\"name\":\"EMER Polska\",\"url\":\"https:\/\/emerpolska.pl\/\",\"logo\":{\"@type\":\"ImageObject\",\"inLanguage\":\"pl-PL\",\"@id\":\"https:\/\/emerpolska.pl\/#\/schema\/logo\/image\/\",\"url\":\"https:\/\/emerpolska.pl\/wp-content\/uploads\/2025\/07\/logo.jpg\",\"contentUrl\":\"https:\/\/emerpolska.pl\/wp-content\/uploads\/2025\/07\/logo.jpg\",\"width\":1021,\"height\":362,\"caption\":\"EMER Polska\"},\"image\":{\"@id\":\"https:\/\/emerpolska.pl\/#\/schema\/logo\/image\/\"}}]}<\/script>\n<!-- \/ Yoast SEO plugin. -->","yoast_head_json":{"title":"AMORTYZATOR PRZEMYS\u0141OWY HYDRAULICZNY MC75M3 ACE - EMER Polska","robots":{"index":"index","follow":"follow","max-snippet":"max-snippet:-1","max-image-preview":"max-image-preview:large","max-video-preview":"max-video-preview:-1"},"canonical":"https:\/\/emerpolska.pl\/index.php\/produkt\/amortyzator-przemyslowy-hydrauliczny-mc75m3-ace\/","og_locale":"pl_PL","og_type":"article","og_title":"AMORTYZATOR PRZEMYS\u0141OWY HYDRAULICZNY MC75M3 ACE - EMER Polska","og_description":"&nbsp; AMORTYZATOR PRZEMYS\u0141OWY HYDRAULICZNY MC75M3 ACE &nbsp; Amortyzator przemys\u0142owy Amortyzatory miniaturowe serii MC to idealne rozwi\u0105zanie w grupie tzw.\u00a0 &#8222;ma\u0142ych&#8221;. Nie wymagaj\u0105 konserwacji. Najwi\u0119ksz\u0105 ich zalet\u0105 jest\u00a0wykonanie ze stali nierdzewnej. \u017bywotno\u015b\u0107 25 mln cykli. Kod produktu: MC75M3 skok, 10, mm Gwint, M12x1, Energia\/skok, 9, Nm Energia\/godzina, 28 200, Nm Masa efektywna, 0.3 \u2013 72 kg, [&hellip;]","og_url":"https:\/\/emerpolska.pl\/index.php\/produkt\/amortyzator-przemyslowy-hydrauliczny-mc75m3-ace\/","og_site_name":"EMER Polska","article_modified_time":"2025-07-28T08:40:08+00:00","og_image":[{"width":400,"height":281,"url":"https:\/\/emerpolska.pl\/wp-content\/uploads\/2025\/07\/5a017ec326b8d568254722.jpeg","type":"image\/jpeg"}],"twitter_card":"summary_large_image","twitter_misc":{"Szacowany czas czytania":"1 minuta"},"schema":{"@context":"https:\/\/schema.org","@graph":[{"@type":"WebPage","@id":"https:\/\/emerpolska.pl\/index.php\/produkt\/amortyzator-przemyslowy-hydrauliczny-mc75m3-ace\/","url":"https:\/\/emerpolska.pl\/index.php\/produkt\/amortyzator-przemyslowy-hydrauliczny-mc75m3-ace\/","name":"AMORTYZATOR PRZEMYS\u0141OWY HYDRAULICZNY MC75M3 ACE - EMER Polska","isPartOf":{"@id":"https:\/\/emerpolska.pl\/#website"},"primaryImageOfPage":{"@id":"https:\/\/emerpolska.pl\/index.php\/produkt\/amortyzator-przemyslowy-hydrauliczny-mc75m3-ace\/#primaryimage"},"image":{"@id":"https:\/\/emerpolska.pl\/index.php\/produkt\/amortyzator-przemyslowy-hydrauliczny-mc75m3-ace\/#primaryimage"},"thumbnailUrl":"https:\/\/emerpolska.pl\/wp-content\/uploads\/2025\/07\/5a017ec326b8d568254722.jpeg","datePublished":"2025-07-24T21:19:19+00:00","dateModified":"2025-07-28T08:40:08+00:00","breadcrumb":{"@id":"https:\/\/emerpolska.pl\/index.php\/produkt\/amortyzator-przemyslowy-hydrauliczny-mc75m3-ace\/#breadcrumb"},"inLanguage":"pl-PL","potentialAction":[{"@type":"ReadAction","target":["https:\/\/emerpolska.pl\/index.php\/produkt\/amortyzator-przemyslowy-hydrauliczny-mc75m3-ace\/"]}]},{"@type":"ImageObject","inLanguage":"pl-PL","@id":"https:\/\/emerpolska.pl\/index.php\/produkt\/amortyzator-przemyslowy-hydrauliczny-mc75m3-ace\/#primaryimage","url":"https:\/\/emerpolska.pl\/wp-content\/uploads\/2025\/07\/5a017ec326b8d568254722.jpeg","contentUrl":"https:\/\/emerpolska.pl\/wp-content\/uploads\/2025\/07\/5a017ec326b8d568254722.jpeg","width":400,"height":281},{"@type":"BreadcrumbList","@id":"https:\/\/emerpolska.pl\/index.php\/produkt\/amortyzator-przemyslowy-hydrauliczny-mc75m3-ace\/#breadcrumb","itemListElement":[{"@type":"ListItem","position":1,"name":"Strona g\u0142\u00f3wna","item":"https:\/\/emerpolska.pl\/"},{"@type":"ListItem","position":2,"name":"Jeste\u015bmy w przygotowaniu. Ju\u017c wkr\u00f3tce.","item":"https:\/\/emerpolska.pl\/index.php\/shop\/"},{"@type":"ListItem","position":3,"name":"AMORTYZATOR PRZEMYS\u0141OWY HYDRAULICZNY MC75M3 ACE"}]},{"@type":"WebSite","@id":"https:\/\/emerpolska.pl\/#website","url":"https:\/\/emerpolska.pl\/","name":"EMER Polska","description":"Centrum Pneumatyki i Automatyki","publisher":{"@id":"https:\/\/emerpolska.pl\/#organization"},"potentialAction":[{"@type":"SearchAction","target":{"@type":"EntryPoint","urlTemplate":"https:\/\/emerpolska.pl\/?s={search_term_string}"},"query-input":{"@type":"PropertyValueSpecification","valueRequired":true,"valueName":"search_term_string"}}],"inLanguage":"pl-PL"},{"@type":"Organization","@id":"https:\/\/emerpolska.pl\/#organization","name":"EMER Polska","url":"https:\/\/emerpolska.pl\/","logo":{"@type":"ImageObject","inLanguage":"pl-PL","@id":"https:\/\/emerpolska.pl\/#\/schema\/logo\/image\/","url":"https:\/\/emerpolska.pl\/wp-content\/uploads\/2025\/07\/logo.jpg","contentUrl":"https:\/\/emerpolska.pl\/wp-content\/uploads\/2025\/07\/logo.jpg","width":1021,"height":362,"caption":"EMER Polska"},"image":{"@id":"https:\/\/emerpolska.pl\/#\/schema\/logo\/image\/"}}]}},"_links":{"self":[{"href":"https:\/\/emerpolska.pl\/index.php\/wp-json\/wp\/v2\/product\/815","targetHints":{"allow":["GET"]}}],"collection":[{"href":"https:\/\/emerpolska.pl\/index.php\/wp-json\/wp\/v2\/product"}],"about":[{"href":"https:\/\/emerpolska.pl\/index.php\/wp-json\/wp\/v2\/types\/product"}],"replies":[{"embeddable":true,"href":"https:\/\/emerpolska.pl\/index.php\/wp-json\/wp\/v2\/comments?post=815"}],"wp:featuredmedia":[{"embeddable":true,"href":"https:\/\/emerpolska.pl\/index.php\/wp-json\/wp\/v2\/media\/1467"}],"wp:attachment":[{"href":"https:\/\/emerpolska.pl\/index.php\/wp-json\/wp\/v2\/media?parent=815"}],"wp:term":[{"taxonomy":"product_brand","embeddable":true,"href":"https:\/\/emerpolska.pl\/index.php\/wp-json\/wp\/v2\/product_brand?post=815"},{"taxonomy":"product_cat","embeddable":true,"href":"https:\/\/emerpolska.pl\/index.php\/wp-json\/wp\/v2\/product_cat?post=815"},{"taxonomy":"product_tag","embeddable":true,"href":"https:\/\/emerpolska.pl\/index.php\/wp-json\/wp\/v2\/product_tag?post=815"}],"curies":[{"name":"wp","href":"https:\/\/api.w.org\/{rel}","templated":true}]}}