{"id":822,"date":"2025-07-24T23:19:23","date_gmt":"2025-07-24T21:19:23","guid":{"rendered":"https:\/\/emerpolska.pl\/index.php\/produkt\/waz-spiralny-przewod-pneumatyczny-12-x-8-mm-l-15-m\/"},"modified":"2025-07-24T23:19:23","modified_gmt":"2025-07-24T21:19:23","slug":"waz-spiralny-przewod-pneumatyczny-12-x-8-mm-l-15-m","status":"publish","type":"product","link":"https:\/\/emerpolska.pl\/index.php\/produkt\/waz-spiralny-przewod-pneumatyczny-12-x-8-mm-l-15-m\/","title":{"rendered":"W\u0105\u017c spiralny przew\u00f3d pneumatyczny 12 x 8 mm L-15 m"},"content":{"rendered":"<p>{&#8222;sections&#8221;:[{&#8222;items&#8221;:[{&#8222;type&#8221;:&#8221;TEXT&#8221;,&#8221;content&#8221;:&#8221;<\/p>\n<h1>PRZEW\u00d3D SPIRALNY PNEUMATYCZNY<\/h1>\n<p>&#8211; \u015brednica zewn\u0119trzna 12 mm<\/p>\n<p>&#8211; \u015brednica wewn\u0119trzna 8 mm<\/p>\n<p>&#8211; d\u0142ugo\u015b\u0107 ca\u0142kowita 15 m<\/p>\n<p>&#8211; kolor niebieski<\/p>\n<p>&#8211; materia\u0142 poliuretan<\/p>\n<p>&#8211; zakuty w szybkoz\u0142\u0105cza<\/p>\n<p>&#8211; zastosowanie do powietrza<\/p>\n<p>&#8222;},{&#8222;type&#8221;:&#8221;IMAGE&#8221;,&#8221;url&#8221;:&#8221;https:\/\/a.allegroimg.com\/original\/112f69\/249e45584138a8f4e68cc437543b&#8221;}]}]}<\/p>\n","protected":false},"excerpt":{"rendered":"<p>{&#8222;sections&#8221;:[{&#8222;items&#8221;:[{&#8222;type&#8221;:&#8221;TEXT&#8221;,&#8221;content&#8221;:&#8221; PRZEW\u00d3D SPIRALNY PNEUMATYCZNY &#8211; \u015brednica zewn\u0119trzna 12 mm &#8211; \u015brednica wewn\u0119trzna 8 mm &#8211; d\u0142ugo\u015b\u0107 ca\u0142kowita 15 m &#8211; kolor niebieski &#8211; materia\u0142 poliuretan &#8211; zakuty w szybkoz\u0142\u0105cza &#8211; zastosowanie do powietrza &#8222;},{&#8222;type&#8221;:&#8221;IMAGE&#8221;,&#8221;url&#8221;:&#8221;https:\/\/a.allegroimg.com\/original\/112f69\/249e45584138a8f4e68cc437543b&#8221;}]}]}<\/p>\n","protected":false},"featured_media":0,"comment_status":"open","ping_status":"closed","template":"","meta":[],"product_brand":[60],"product_cat":[48],"product_tag":[],"class_list":{"0":"post-822","1":"product","2":"type-product","3":"status-publish","5":"product_brand-inny","6":"product_cat-pneumatyka-121447","8":"first","9":"instock","10":"taxable","11":"shipping-taxable","12":"purchasable","13":"product-type-simple"},"yoast_head":"<!-- This site is optimized with the Yoast SEO plugin v27.0 - https:\/\/yoast.com\/product\/yoast-seo-wordpress\/ -->\n<title>W\u0105\u017c spiralny przew\u00f3d pneumatyczny 12 x 8 mm L-15 m - EMER Polska<\/title>\n<meta name=\"robots\" content=\"index, follow, max-snippet:-1, max-image-preview:large, max-video-preview:-1\" \/>\n<link rel=\"canonical\" href=\"https:\/\/emerpolska.pl\/index.php\/produkt\/waz-spiralny-przewod-pneumatyczny-12-x-8-mm-l-15-m\/\" \/>\n<meta property=\"og:locale\" content=\"pl_PL\" \/>\n<meta property=\"og:type\" content=\"article\" \/>\n<meta property=\"og:title\" content=\"W\u0105\u017c spiralny przew\u00f3d pneumatyczny 12 x 8 mm L-15 m - EMER Polska\" \/>\n<meta property=\"og:description\" content=\"{&#8222;sections&#8221;:[{&#8222;items&#8221;:[{&#8222;type&#8221;:&#8221;TEXT&#8221;,&#8221;content&#8221;:&#8221; PRZEW\u00d3D SPIRALNY PNEUMATYCZNY &#8211; \u015brednica zewn\u0119trzna 12 mm &#8211; \u015brednica wewn\u0119trzna 8 mm &#8211; d\u0142ugo\u015b\u0107 ca\u0142kowita 15 m &#8211; kolor niebieski &#8211; materia\u0142 poliuretan &#8211; zakuty w szybkoz\u0142\u0105cza &#8211; zastosowanie do powietrza &#8222;},{&#8222;type&#8221;:&#8221;IMAGE&#8221;,&#8221;url&#8221;:&#8221;https:\/\/a.allegroimg.com\/original\/112f69\/249e45584138a8f4e68cc437543b&#8221;}]}]}\" \/>\n<meta property=\"og:url\" content=\"https:\/\/emerpolska.pl\/index.php\/produkt\/waz-spiralny-przewod-pneumatyczny-12-x-8-mm-l-15-m\/\" \/>\n<meta property=\"og:site_name\" content=\"EMER Polska\" \/>\n<meta name=\"twitter:card\" content=\"summary_large_image\" \/>\n<script type=\"application\/ld+json\" class=\"yoast-schema-graph\">{\"@context\":\"https:\/\/schema.org\",\"@graph\":[{\"@type\":\"WebPage\",\"@id\":\"https:\/\/emerpolska.pl\/index.php\/produkt\/waz-spiralny-przewod-pneumatyczny-12-x-8-mm-l-15-m\/\",\"url\":\"https:\/\/emerpolska.pl\/index.php\/produkt\/waz-spiralny-przewod-pneumatyczny-12-x-8-mm-l-15-m\/\",\"name\":\"W\u0105\u017c spiralny przew\u00f3d pneumatyczny 12 x 8 mm L-15 m - EMER Polska\",\"isPartOf\":{\"@id\":\"https:\/\/emerpolska.pl\/#website\"},\"datePublished\":\"2025-07-24T21:19:23+00:00\",\"breadcrumb\":{\"@id\":\"https:\/\/emerpolska.pl\/index.php\/produkt\/waz-spiralny-przewod-pneumatyczny-12-x-8-mm-l-15-m\/#breadcrumb\"},\"inLanguage\":\"pl-PL\",\"potentialAction\":[{\"@type\":\"ReadAction\",\"target\":[\"https:\/\/emerpolska.pl\/index.php\/produkt\/waz-spiralny-przewod-pneumatyczny-12-x-8-mm-l-15-m\/\"]}]},{\"@type\":\"BreadcrumbList\",\"@id\":\"https:\/\/emerpolska.pl\/index.php\/produkt\/waz-spiralny-przewod-pneumatyczny-12-x-8-mm-l-15-m\/#breadcrumb\",\"itemListElement\":[{\"@type\":\"ListItem\",\"position\":1,\"name\":\"Strona g\u0142\u00f3wna\",\"item\":\"https:\/\/emerpolska.pl\/\"},{\"@type\":\"ListItem\",\"position\":2,\"name\":\"Jeste\u015bmy w przygotowaniu. Ju\u017c wkr\u00f3tce.\",\"item\":\"https:\/\/emerpolska.pl\/index.php\/shop\/\"},{\"@type\":\"ListItem\",\"position\":3,\"name\":\"W\u0105\u017c spiralny przew\u00f3d pneumatyczny 12 x 8 mm L-15 m\"}]},{\"@type\":\"WebSite\",\"@id\":\"https:\/\/emerpolska.pl\/#website\",\"url\":\"https:\/\/emerpolska.pl\/\",\"name\":\"EMER Polska\",\"description\":\"Centrum Pneumatyki i Automatyki\",\"publisher\":{\"@id\":\"https:\/\/emerpolska.pl\/#organization\"},\"potentialAction\":[{\"@type\":\"SearchAction\",\"target\":{\"@type\":\"EntryPoint\",\"urlTemplate\":\"https:\/\/emerpolska.pl\/?s={search_term_string}\"},\"query-input\":{\"@type\":\"PropertyValueSpecification\",\"valueRequired\":true,\"valueName\":\"search_term_string\"}}],\"inLanguage\":\"pl-PL\"},{\"@type\":\"Organization\",\"@id\":\"https:\/\/emerpolska.pl\/#organization\",\"name\":\"EMER Polska\",\"url\":\"https:\/\/emerpolska.pl\/\",\"logo\":{\"@type\":\"ImageObject\",\"inLanguage\":\"pl-PL\",\"@id\":\"https:\/\/emerpolska.pl\/#\/schema\/logo\/image\/\",\"url\":\"https:\/\/emerpolska.pl\/wp-content\/uploads\/2025\/07\/logo.jpg\",\"contentUrl\":\"https:\/\/emerpolska.pl\/wp-content\/uploads\/2025\/07\/logo.jpg\",\"width\":1021,\"height\":362,\"caption\":\"EMER Polska\"},\"image\":{\"@id\":\"https:\/\/emerpolska.pl\/#\/schema\/logo\/image\/\"}}]}<\/script>\n<!-- \/ Yoast SEO plugin. -->","yoast_head_json":{"title":"W\u0105\u017c spiralny przew\u00f3d pneumatyczny 12 x 8 mm L-15 m - EMER Polska","robots":{"index":"index","follow":"follow","max-snippet":"max-snippet:-1","max-image-preview":"max-image-preview:large","max-video-preview":"max-video-preview:-1"},"canonical":"https:\/\/emerpolska.pl\/index.php\/produkt\/waz-spiralny-przewod-pneumatyczny-12-x-8-mm-l-15-m\/","og_locale":"pl_PL","og_type":"article","og_title":"W\u0105\u017c spiralny przew\u00f3d pneumatyczny 12 x 8 mm L-15 m - EMER Polska","og_description":"{&#8222;sections&#8221;:[{&#8222;items&#8221;:[{&#8222;type&#8221;:&#8221;TEXT&#8221;,&#8221;content&#8221;:&#8221; PRZEW\u00d3D SPIRALNY PNEUMATYCZNY &#8211; \u015brednica zewn\u0119trzna 12 mm &#8211; \u015brednica wewn\u0119trzna 8 mm &#8211; d\u0142ugo\u015b\u0107 ca\u0142kowita 15 m &#8211; kolor niebieski &#8211; materia\u0142 poliuretan &#8211; zakuty w szybkoz\u0142\u0105cza &#8211; zastosowanie do powietrza &#8222;},{&#8222;type&#8221;:&#8221;IMAGE&#8221;,&#8221;url&#8221;:&#8221;https:\/\/a.allegroimg.com\/original\/112f69\/249e45584138a8f4e68cc437543b&#8221;}]}]}","og_url":"https:\/\/emerpolska.pl\/index.php\/produkt\/waz-spiralny-przewod-pneumatyczny-12-x-8-mm-l-15-m\/","og_site_name":"EMER Polska","twitter_card":"summary_large_image","schema":{"@context":"https:\/\/schema.org","@graph":[{"@type":"WebPage","@id":"https:\/\/emerpolska.pl\/index.php\/produkt\/waz-spiralny-przewod-pneumatyczny-12-x-8-mm-l-15-m\/","url":"https:\/\/emerpolska.pl\/index.php\/produkt\/waz-spiralny-przewod-pneumatyczny-12-x-8-mm-l-15-m\/","name":"W\u0105\u017c spiralny przew\u00f3d pneumatyczny 12 x 8 mm L-15 m - EMER Polska","isPartOf":{"@id":"https:\/\/emerpolska.pl\/#website"},"datePublished":"2025-07-24T21:19:23+00:00","breadcrumb":{"@id":"https:\/\/emerpolska.pl\/index.php\/produkt\/waz-spiralny-przewod-pneumatyczny-12-x-8-mm-l-15-m\/#breadcrumb"},"inLanguage":"pl-PL","potentialAction":[{"@type":"ReadAction","target":["https:\/\/emerpolska.pl\/index.php\/produkt\/waz-spiralny-przewod-pneumatyczny-12-x-8-mm-l-15-m\/"]}]},{"@type":"BreadcrumbList","@id":"https:\/\/emerpolska.pl\/index.php\/produkt\/waz-spiralny-przewod-pneumatyczny-12-x-8-mm-l-15-m\/#breadcrumb","itemListElement":[{"@type":"ListItem","position":1,"name":"Strona g\u0142\u00f3wna","item":"https:\/\/emerpolska.pl\/"},{"@type":"ListItem","position":2,"name":"Jeste\u015bmy w przygotowaniu. Ju\u017c wkr\u00f3tce.","item":"https:\/\/emerpolska.pl\/index.php\/shop\/"},{"@type":"ListItem","position":3,"name":"W\u0105\u017c spiralny przew\u00f3d pneumatyczny 12 x 8 mm L-15 m"}]},{"@type":"WebSite","@id":"https:\/\/emerpolska.pl\/#website","url":"https:\/\/emerpolska.pl\/","name":"EMER Polska","description":"Centrum Pneumatyki i Automatyki","publisher":{"@id":"https:\/\/emerpolska.pl\/#organization"},"potentialAction":[{"@type":"SearchAction","target":{"@type":"EntryPoint","urlTemplate":"https:\/\/emerpolska.pl\/?s={search_term_string}"},"query-input":{"@type":"PropertyValueSpecification","valueRequired":true,"valueName":"search_term_string"}}],"inLanguage":"pl-PL"},{"@type":"Organization","@id":"https:\/\/emerpolska.pl\/#organization","name":"EMER Polska","url":"https:\/\/emerpolska.pl\/","logo":{"@type":"ImageObject","inLanguage":"pl-PL","@id":"https:\/\/emerpolska.pl\/#\/schema\/logo\/image\/","url":"https:\/\/emerpolska.pl\/wp-content\/uploads\/2025\/07\/logo.jpg","contentUrl":"https:\/\/emerpolska.pl\/wp-content\/uploads\/2025\/07\/logo.jpg","width":1021,"height":362,"caption":"EMER Polska"},"image":{"@id":"https:\/\/emerpolska.pl\/#\/schema\/logo\/image\/"}}]}},"_links":{"self":[{"href":"https:\/\/emerpolska.pl\/index.php\/wp-json\/wp\/v2\/product\/822","targetHints":{"allow":["GET"]}}],"collection":[{"href":"https:\/\/emerpolska.pl\/index.php\/wp-json\/wp\/v2\/product"}],"about":[{"href":"https:\/\/emerpolska.pl\/index.php\/wp-json\/wp\/v2\/types\/product"}],"replies":[{"embeddable":true,"href":"https:\/\/emerpolska.pl\/index.php\/wp-json\/wp\/v2\/comments?post=822"}],"wp:attachment":[{"href":"https:\/\/emerpolska.pl\/index.php\/wp-json\/wp\/v2\/media?parent=822"}],"wp:term":[{"taxonomy":"product_brand","embeddable":true,"href":"https:\/\/emerpolska.pl\/index.php\/wp-json\/wp\/v2\/product_brand?post=822"},{"taxonomy":"product_cat","embeddable":true,"href":"https:\/\/emerpolska.pl\/index.php\/wp-json\/wp\/v2\/product_cat?post=822"},{"taxonomy":"product_tag","embeddable":true,"href":"https:\/\/emerpolska.pl\/index.php\/wp-json\/wp\/v2\/product_tag?post=822"}],"curies":[{"name":"wp","href":"https:\/\/api.w.org\/{rel}","templated":true}]}}