{"id":857,"date":"2025-07-24T23:19:38","date_gmt":"2025-07-24T21:19:38","guid":{"rendered":"https:\/\/emerpolska.pl\/index.php\/produkt\/elektrozawor-camozzi-5-2-nc1-4-354-015-02\/"},"modified":"2025-07-31T12:15:25","modified_gmt":"2025-07-31T10:15:25","slug":"elektrozawor-camozzi-5-2-nc1-4-354-015-02","status":"publish","type":"product","link":"https:\/\/emerpolska.pl\/index.php\/produkt\/elektrozawor-camozzi-5-2-nc1-4-354-015-02\/","title":{"rendered":"Elektrozaw\u00f3r camozzi 5\/2 NC1\/4&#8243; 354-015-02"},"content":{"rendered":"<p>&nbsp;<\/p>\n<h1>Elektrozaw\u00f3r do pneumatyki 5\/2<\/h1>\n<p>Elektrozawory camozzi to jedne z cz\u0119\u015bciej stosowanych w pneumatyce. W ofercie posiadamy wszystkie mo\u017cliwe wersj\u0119. Produkt marki camozzi wyprodukowany we W\u0142oszech. Zawory cechuj\u0105 si\u0119 wysokimi przep\u0142ywami oraz d\u0142ug\u0105 \u017cywotno\u015bci\u0105.<\/p>\n<p>&#8211; zaw\u00f3r 354-015-02<\/p>\n<p>&#8211; monostabilny powr\u00f3t spr\u0119\u017cyna mechaniczna<\/p>\n<p>&#8211; Normalnie zamkni\u0119ty<\/p>\n<p>&#8211; sterowany napi\u0119ciem 230 VAC, 24 VDC i inne na zapytanie (brak cewki)<\/p>\n<p>&#8211; zastosowanie do powietrza<\/p>\n<p>&#8211; temperatura -20 + 60 C<\/p>\n<p>&#8211; zakres ci\u015bnienia 2-10 bar<\/p>\n<p>&#8211; przy\u0142\u0105cza 1\/4&#8243;<\/p>\n<p>&#8211; przep\u0142yw 1300 l\/minut\u0119<\/p>\n<p>&#8211; konstrukcja: t\u0142oczkowa<\/p>\n<p>&#8211; materia\u0142: korpus \u2013 aluminium<\/p>\n<p>&#8211; t\u0142ok \u2013 stal nierdzewna<\/p>\n<p>&#8211; uszczelnienie \u2013 NBR<\/p>\n<p>&nbsp;<\/p>\n","protected":false},"excerpt":{"rendered":"<p>&nbsp; Elektrozaw\u00f3r do pneumatyki 5\/2 Elektrozawory camozzi to jedne z cz\u0119\u015bciej stosowanych w pneumatyce. W ofercie posiadamy wszystkie mo\u017cliwe wersj\u0119. Produkt marki camozzi wyprodukowany we W\u0142oszech. Zawory cechuj\u0105 si\u0119 wysokimi przep\u0142ywami oraz d\u0142ug\u0105 \u017cywotno\u015bci\u0105. &#8211; zaw\u00f3r 354-015-02 &#8211; monostabilny powr\u00f3t spr\u0119\u017cyna mechaniczna &#8211; Normalnie zamkni\u0119ty &#8211; sterowany napi\u0119ciem 230 VAC, 24 VDC i inne na [&hellip;]<\/p>\n","protected":false},"featured_media":1502,"comment_status":"closed","ping_status":"closed","template":"","meta":[],"product_brand":[60],"product_cat":[48],"product_tag":[],"class_list":{"0":"post-857","1":"product","2":"type-product","3":"status-publish","4":"has-post-thumbnail","6":"product_brand-inny","7":"product_cat-pneumatyka-121447","9":"first","10":"instock","11":"taxable","12":"shipping-taxable","13":"purchasable","14":"product-type-simple"},"yoast_head":"<!-- This site is optimized with the Yoast SEO plugin v27.0 - https:\/\/yoast.com\/product\/yoast-seo-wordpress\/ -->\n<title>Elektrozaw\u00f3r camozzi 5\/2 NC1\/4&quot; 354-015-02 - EMER Polska<\/title>\n<meta name=\"robots\" content=\"index, follow, max-snippet:-1, max-image-preview:large, max-video-preview:-1\" \/>\n<link rel=\"canonical\" href=\"https:\/\/emerpolska.pl\/index.php\/produkt\/elektrozawor-camozzi-5-2-nc1-4-354-015-02\/\" \/>\n<meta property=\"og:locale\" content=\"pl_PL\" \/>\n<meta property=\"og:type\" content=\"article\" \/>\n<meta property=\"og:title\" content=\"Elektrozaw\u00f3r camozzi 5\/2 NC1\/4&quot; 354-015-02 - EMER Polska\" \/>\n<meta property=\"og:description\" content=\"&nbsp; Elektrozaw\u00f3r do pneumatyki 5\/2 Elektrozawory camozzi to jedne z cz\u0119\u015bciej stosowanych w pneumatyce. W ofercie posiadamy wszystkie mo\u017cliwe wersj\u0119. Produkt marki camozzi wyprodukowany we W\u0142oszech. Zawory cechuj\u0105 si\u0119 wysokimi przep\u0142ywami oraz d\u0142ug\u0105 \u017cywotno\u015bci\u0105. &#8211; zaw\u00f3r 354-015-02 &#8211; monostabilny powr\u00f3t spr\u0119\u017cyna mechaniczna &#8211; Normalnie zamkni\u0119ty &#8211; sterowany napi\u0119ciem 230 VAC, 24 VDC i inne na [&hellip;]\" \/>\n<meta property=\"og:url\" content=\"https:\/\/emerpolska.pl\/index.php\/produkt\/elektrozawor-camozzi-5-2-nc1-4-354-015-02\/\" \/>\n<meta property=\"og:site_name\" content=\"EMER Polska\" \/>\n<meta property=\"article:modified_time\" content=\"2025-07-31T10:15:25+00:00\" \/>\n<meta property=\"og:image\" content=\"https:\/\/emerpolska.pl\/wp-content\/uploads\/2025\/07\/CAM-354-015-02.png\" \/>\n\t<meta property=\"og:image:width\" content=\"800\" \/>\n\t<meta property=\"og:image:height\" content=\"1400\" \/>\n\t<meta property=\"og:image:type\" content=\"image\/png\" \/>\n<meta name=\"twitter:card\" content=\"summary_large_image\" \/>\n<meta name=\"twitter:label1\" content=\"Szacowany czas czytania\" \/>\n\t<meta name=\"twitter:data1\" content=\"1 minuta\" \/>\n<script type=\"application\/ld+json\" class=\"yoast-schema-graph\">{\"@context\":\"https:\/\/schema.org\",\"@graph\":[{\"@type\":\"WebPage\",\"@id\":\"https:\/\/emerpolska.pl\/index.php\/produkt\/elektrozawor-camozzi-5-2-nc1-4-354-015-02\/\",\"url\":\"https:\/\/emerpolska.pl\/index.php\/produkt\/elektrozawor-camozzi-5-2-nc1-4-354-015-02\/\",\"name\":\"Elektrozaw\u00f3r camozzi 5\/2 NC1\/4\\\" 354-015-02 - EMER Polska\",\"isPartOf\":{\"@id\":\"https:\/\/emerpolska.pl\/#website\"},\"primaryImageOfPage\":{\"@id\":\"https:\/\/emerpolska.pl\/index.php\/produkt\/elektrozawor-camozzi-5-2-nc1-4-354-015-02\/#primaryimage\"},\"image\":{\"@id\":\"https:\/\/emerpolska.pl\/index.php\/produkt\/elektrozawor-camozzi-5-2-nc1-4-354-015-02\/#primaryimage\"},\"thumbnailUrl\":\"https:\/\/emerpolska.pl\/wp-content\/uploads\/2025\/07\/CAM-354-015-02.png\",\"datePublished\":\"2025-07-24T21:19:38+00:00\",\"dateModified\":\"2025-07-31T10:15:25+00:00\",\"breadcrumb\":{\"@id\":\"https:\/\/emerpolska.pl\/index.php\/produkt\/elektrozawor-camozzi-5-2-nc1-4-354-015-02\/#breadcrumb\"},\"inLanguage\":\"pl-PL\",\"potentialAction\":[{\"@type\":\"ReadAction\",\"target\":[\"https:\/\/emerpolska.pl\/index.php\/produkt\/elektrozawor-camozzi-5-2-nc1-4-354-015-02\/\"]}]},{\"@type\":\"ImageObject\",\"inLanguage\":\"pl-PL\",\"@id\":\"https:\/\/emerpolska.pl\/index.php\/produkt\/elektrozawor-camozzi-5-2-nc1-4-354-015-02\/#primaryimage\",\"url\":\"https:\/\/emerpolska.pl\/wp-content\/uploads\/2025\/07\/CAM-354-015-02.png\",\"contentUrl\":\"https:\/\/emerpolska.pl\/wp-content\/uploads\/2025\/07\/CAM-354-015-02.png\",\"width\":800,\"height\":1400},{\"@type\":\"BreadcrumbList\",\"@id\":\"https:\/\/emerpolska.pl\/index.php\/produkt\/elektrozawor-camozzi-5-2-nc1-4-354-015-02\/#breadcrumb\",\"itemListElement\":[{\"@type\":\"ListItem\",\"position\":1,\"name\":\"Strona g\u0142\u00f3wna\",\"item\":\"https:\/\/emerpolska.pl\/\"},{\"@type\":\"ListItem\",\"position\":2,\"name\":\"Jeste\u015bmy w przygotowaniu. Ju\u017c wkr\u00f3tce.\",\"item\":\"https:\/\/emerpolska.pl\/index.php\/shop\/\"},{\"@type\":\"ListItem\",\"position\":3,\"name\":\"Elektrozaw\u00f3r camozzi 5\/2 NC1\/4&#8243; 354-015-02\"}]},{\"@type\":\"WebSite\",\"@id\":\"https:\/\/emerpolska.pl\/#website\",\"url\":\"https:\/\/emerpolska.pl\/\",\"name\":\"EMER Polska\",\"description\":\"Centrum Pneumatyki i Automatyki\",\"publisher\":{\"@id\":\"https:\/\/emerpolska.pl\/#organization\"},\"potentialAction\":[{\"@type\":\"SearchAction\",\"target\":{\"@type\":\"EntryPoint\",\"urlTemplate\":\"https:\/\/emerpolska.pl\/?s={search_term_string}\"},\"query-input\":{\"@type\":\"PropertyValueSpecification\",\"valueRequired\":true,\"valueName\":\"search_term_string\"}}],\"inLanguage\":\"pl-PL\"},{\"@type\":\"Organization\",\"@id\":\"https:\/\/emerpolska.pl\/#organization\",\"name\":\"EMER Polska\",\"url\":\"https:\/\/emerpolska.pl\/\",\"logo\":{\"@type\":\"ImageObject\",\"inLanguage\":\"pl-PL\",\"@id\":\"https:\/\/emerpolska.pl\/#\/schema\/logo\/image\/\",\"url\":\"https:\/\/emerpolska.pl\/wp-content\/uploads\/2025\/07\/logo.jpg\",\"contentUrl\":\"https:\/\/emerpolska.pl\/wp-content\/uploads\/2025\/07\/logo.jpg\",\"width\":1021,\"height\":362,\"caption\":\"EMER Polska\"},\"image\":{\"@id\":\"https:\/\/emerpolska.pl\/#\/schema\/logo\/image\/\"}}]}<\/script>\n<!-- \/ Yoast SEO plugin. -->","yoast_head_json":{"title":"Elektrozaw\u00f3r camozzi 5\/2 NC1\/4\" 354-015-02 - EMER Polska","robots":{"index":"index","follow":"follow","max-snippet":"max-snippet:-1","max-image-preview":"max-image-preview:large","max-video-preview":"max-video-preview:-1"},"canonical":"https:\/\/emerpolska.pl\/index.php\/produkt\/elektrozawor-camozzi-5-2-nc1-4-354-015-02\/","og_locale":"pl_PL","og_type":"article","og_title":"Elektrozaw\u00f3r camozzi 5\/2 NC1\/4\" 354-015-02 - EMER Polska","og_description":"&nbsp; Elektrozaw\u00f3r do pneumatyki 5\/2 Elektrozawory camozzi to jedne z cz\u0119\u015bciej stosowanych w pneumatyce. W ofercie posiadamy wszystkie mo\u017cliwe wersj\u0119. Produkt marki camozzi wyprodukowany we W\u0142oszech. Zawory cechuj\u0105 si\u0119 wysokimi przep\u0142ywami oraz d\u0142ug\u0105 \u017cywotno\u015bci\u0105. &#8211; zaw\u00f3r 354-015-02 &#8211; monostabilny powr\u00f3t spr\u0119\u017cyna mechaniczna &#8211; Normalnie zamkni\u0119ty &#8211; sterowany napi\u0119ciem 230 VAC, 24 VDC i inne na [&hellip;]","og_url":"https:\/\/emerpolska.pl\/index.php\/produkt\/elektrozawor-camozzi-5-2-nc1-4-354-015-02\/","og_site_name":"EMER Polska","article_modified_time":"2025-07-31T10:15:25+00:00","og_image":[{"width":800,"height":1400,"url":"https:\/\/emerpolska.pl\/wp-content\/uploads\/2025\/07\/CAM-354-015-02.png","type":"image\/png"}],"twitter_card":"summary_large_image","twitter_misc":{"Szacowany czas czytania":"1 minuta"},"schema":{"@context":"https:\/\/schema.org","@graph":[{"@type":"WebPage","@id":"https:\/\/emerpolska.pl\/index.php\/produkt\/elektrozawor-camozzi-5-2-nc1-4-354-015-02\/","url":"https:\/\/emerpolska.pl\/index.php\/produkt\/elektrozawor-camozzi-5-2-nc1-4-354-015-02\/","name":"Elektrozaw\u00f3r camozzi 5\/2 NC1\/4\" 354-015-02 - EMER Polska","isPartOf":{"@id":"https:\/\/emerpolska.pl\/#website"},"primaryImageOfPage":{"@id":"https:\/\/emerpolska.pl\/index.php\/produkt\/elektrozawor-camozzi-5-2-nc1-4-354-015-02\/#primaryimage"},"image":{"@id":"https:\/\/emerpolska.pl\/index.php\/produkt\/elektrozawor-camozzi-5-2-nc1-4-354-015-02\/#primaryimage"},"thumbnailUrl":"https:\/\/emerpolska.pl\/wp-content\/uploads\/2025\/07\/CAM-354-015-02.png","datePublished":"2025-07-24T21:19:38+00:00","dateModified":"2025-07-31T10:15:25+00:00","breadcrumb":{"@id":"https:\/\/emerpolska.pl\/index.php\/produkt\/elektrozawor-camozzi-5-2-nc1-4-354-015-02\/#breadcrumb"},"inLanguage":"pl-PL","potentialAction":[{"@type":"ReadAction","target":["https:\/\/emerpolska.pl\/index.php\/produkt\/elektrozawor-camozzi-5-2-nc1-4-354-015-02\/"]}]},{"@type":"ImageObject","inLanguage":"pl-PL","@id":"https:\/\/emerpolska.pl\/index.php\/produkt\/elektrozawor-camozzi-5-2-nc1-4-354-015-02\/#primaryimage","url":"https:\/\/emerpolska.pl\/wp-content\/uploads\/2025\/07\/CAM-354-015-02.png","contentUrl":"https:\/\/emerpolska.pl\/wp-content\/uploads\/2025\/07\/CAM-354-015-02.png","width":800,"height":1400},{"@type":"BreadcrumbList","@id":"https:\/\/emerpolska.pl\/index.php\/produkt\/elektrozawor-camozzi-5-2-nc1-4-354-015-02\/#breadcrumb","itemListElement":[{"@type":"ListItem","position":1,"name":"Strona g\u0142\u00f3wna","item":"https:\/\/emerpolska.pl\/"},{"@type":"ListItem","position":2,"name":"Jeste\u015bmy w przygotowaniu. Ju\u017c wkr\u00f3tce.","item":"https:\/\/emerpolska.pl\/index.php\/shop\/"},{"@type":"ListItem","position":3,"name":"Elektrozaw\u00f3r camozzi 5\/2 NC1\/4&#8243; 354-015-02"}]},{"@type":"WebSite","@id":"https:\/\/emerpolska.pl\/#website","url":"https:\/\/emerpolska.pl\/","name":"EMER Polska","description":"Centrum Pneumatyki i Automatyki","publisher":{"@id":"https:\/\/emerpolska.pl\/#organization"},"potentialAction":[{"@type":"SearchAction","target":{"@type":"EntryPoint","urlTemplate":"https:\/\/emerpolska.pl\/?s={search_term_string}"},"query-input":{"@type":"PropertyValueSpecification","valueRequired":true,"valueName":"search_term_string"}}],"inLanguage":"pl-PL"},{"@type":"Organization","@id":"https:\/\/emerpolska.pl\/#organization","name":"EMER Polska","url":"https:\/\/emerpolska.pl\/","logo":{"@type":"ImageObject","inLanguage":"pl-PL","@id":"https:\/\/emerpolska.pl\/#\/schema\/logo\/image\/","url":"https:\/\/emerpolska.pl\/wp-content\/uploads\/2025\/07\/logo.jpg","contentUrl":"https:\/\/emerpolska.pl\/wp-content\/uploads\/2025\/07\/logo.jpg","width":1021,"height":362,"caption":"EMER Polska"},"image":{"@id":"https:\/\/emerpolska.pl\/#\/schema\/logo\/image\/"}}]}},"_links":{"self":[{"href":"https:\/\/emerpolska.pl\/index.php\/wp-json\/wp\/v2\/product\/857","targetHints":{"allow":["GET"]}}],"collection":[{"href":"https:\/\/emerpolska.pl\/index.php\/wp-json\/wp\/v2\/product"}],"about":[{"href":"https:\/\/emerpolska.pl\/index.php\/wp-json\/wp\/v2\/types\/product"}],"replies":[{"embeddable":true,"href":"https:\/\/emerpolska.pl\/index.php\/wp-json\/wp\/v2\/comments?post=857"}],"wp:featuredmedia":[{"embeddable":true,"href":"https:\/\/emerpolska.pl\/index.php\/wp-json\/wp\/v2\/media\/1502"}],"wp:attachment":[{"href":"https:\/\/emerpolska.pl\/index.php\/wp-json\/wp\/v2\/media?parent=857"}],"wp:term":[{"taxonomy":"product_brand","embeddable":true,"href":"https:\/\/emerpolska.pl\/index.php\/wp-json\/wp\/v2\/product_brand?post=857"},{"taxonomy":"product_cat","embeddable":true,"href":"https:\/\/emerpolska.pl\/index.php\/wp-json\/wp\/v2\/product_cat?post=857"},{"taxonomy":"product_tag","embeddable":true,"href":"https:\/\/emerpolska.pl\/index.php\/wp-json\/wp\/v2\/product_tag?post=857"}],"curies":[{"name":"wp","href":"https:\/\/api.w.org\/{rel}","templated":true}]}}