{"id":892,"date":"2025-07-24T23:19:53","date_gmt":"2025-07-24T21:19:53","guid":{"rendered":"https:\/\/emerpolska.pl\/index.php\/produkt\/manometr-cyfrowy-do-powietrza-gazow-0-10-bar\/"},"modified":"2025-08-07T13:40:10","modified_gmt":"2025-08-07T11:40:10","slug":"manometr-cyfrowy-do-powietrza-gazow-0-10-bar","status":"publish","type":"product","link":"https:\/\/emerpolska.pl\/index.php\/produkt\/manometr-cyfrowy-do-powietrza-gazow-0-10-bar\/","title":{"rendered":"Manometr cyfrowy do powietrza, gaz\u00f3w 0-10 bar"},"content":{"rendered":"<p>&nbsp;<\/p>\n<h1>Manometr cyfrowy<\/h1>\n<p>Manometry maj\u0105 zastosowanie w pneumatyce do pomiaru ci\u015bnienia.<\/p>\n<p>Model: KP46<\/p>\n<ul>\n<li><b>Wyj\u015bcie Elektryczne:<\/b> PNP<\/li>\n<li><b>Zakres ci\u015bnie\u0144 znamionowych:<\/b> 0 \u00f7 10 bar<\/li>\n<li><b>Zakres ci\u015bnie\u0144 wy\u015bwietlanych:<\/b> 1 \u00f7 10 bar<\/li>\n<li><b>Ci\u015bnienie maksymalne:<\/b> 15 bar<\/li>\n<li><b>Histereza:<\/b> programowalna<\/li>\n<li><b>Rozdzielczo\u015b\u0107:<\/b> 0,01 bar (0,001 MPa; 0,1 psi)<\/li>\n<li><b>Jednostki Pomiarowe:<\/b> bar, MPa, psi<\/li>\n<li><b>Napi\u0119cie zasilania:<\/b> 12-24 VDC \u00b110%<\/li>\n<li><b>Pob\u00f3r mocy:<\/b> \u2264 40 mA<\/li>\n<li><b>Przy\u0142\u0105cze pneumatyczne:<\/b> 1\/8\u2033<\/li>\n<li><b>Temperatura pracy:<\/b> 0 \u00f7 +50 \u00b0C<\/li>\n<li><b>Wy\u015bwietlacz:<\/b> 3 1\/2 cyfry, LED; 2-kolorowy: czerwony\/zielony<\/li>\n<li><b>Cz\u0119stotliwo\u015b\u0107 pr\u00f3bkowania:<\/b> 5 razy \/ sek.<\/li>\n<li><b>Medium:<\/b> spr\u0119\u017cone powietrze, gazy oboj\u0119tne i niepalne<\/li>\n<\/ul>\n<p>&nbsp;<\/p>\n","protected":false},"excerpt":{"rendered":"<p>&nbsp; Manometr cyfrowy Manometry maj\u0105 zastosowanie w pneumatyce do pomiaru ci\u015bnienia. Model: KP46 Wyj\u015bcie Elektryczne: PNP Zakres ci\u015bnie\u0144 znamionowych: 0 \u00f7 10 bar Zakres ci\u015bnie\u0144 wy\u015bwietlanych: 1 \u00f7 10 bar Ci\u015bnienie maksymalne: 15 bar Histereza: programowalna Rozdzielczo\u015b\u0107: 0,01 bar (0,001 MPa; 0,1 psi) Jednostki Pomiarowe: bar, MPa, psi Napi\u0119cie zasilania: 12-24 VDC \u00b110% Pob\u00f3r mocy: [&hellip;]<\/p>\n","protected":false},"featured_media":1527,"comment_status":"closed","ping_status":"closed","template":"","meta":[],"product_brand":[62],"product_cat":[48],"product_tag":[],"class_list":{"0":"post-892","1":"product","2":"type-product","3":"status-publish","4":"has-post-thumbnail","6":"product_brand-tekma","7":"product_cat-pneumatyka-121447","9":"first","10":"instock","11":"taxable","12":"shipping-taxable","13":"purchasable","14":"product-type-simple"},"yoast_head":"<!-- This site is optimized with the Yoast SEO plugin v27.0 - https:\/\/yoast.com\/product\/yoast-seo-wordpress\/ -->\n<title>Manometr cyfrowy do powietrza, gaz\u00f3w 0-10 bar - EMER Polska<\/title>\n<meta name=\"robots\" content=\"index, follow, max-snippet:-1, max-image-preview:large, max-video-preview:-1\" \/>\n<link rel=\"canonical\" href=\"https:\/\/emerpolska.pl\/index.php\/produkt\/manometr-cyfrowy-do-powietrza-gazow-0-10-bar\/\" \/>\n<meta property=\"og:locale\" content=\"pl_PL\" \/>\n<meta property=\"og:type\" content=\"article\" \/>\n<meta property=\"og:title\" content=\"Manometr cyfrowy do powietrza, gaz\u00f3w 0-10 bar - EMER Polska\" \/>\n<meta property=\"og:description\" content=\"&nbsp; Manometr cyfrowy Manometry maj\u0105 zastosowanie w pneumatyce do pomiaru ci\u015bnienia. Model: KP46 Wyj\u015bcie Elektryczne: PNP Zakres ci\u015bnie\u0144 znamionowych: 0 \u00f7 10 bar Zakres ci\u015bnie\u0144 wy\u015bwietlanych: 1 \u00f7 10 bar Ci\u015bnienie maksymalne: 15 bar Histereza: programowalna Rozdzielczo\u015b\u0107: 0,01 bar (0,001 MPa; 0,1 psi) Jednostki Pomiarowe: bar, MPa, psi Napi\u0119cie zasilania: 12-24 VDC \u00b110% Pob\u00f3r mocy: [&hellip;]\" \/>\n<meta property=\"og:url\" content=\"https:\/\/emerpolska.pl\/index.php\/produkt\/manometr-cyfrowy-do-powietrza-gazow-0-10-bar\/\" \/>\n<meta property=\"og:site_name\" content=\"EMER Polska\" \/>\n<meta property=\"article:modified_time\" content=\"2025-08-07T11:40:10+00:00\" \/>\n<meta property=\"og:image\" content=\"https:\/\/emerpolska.pl\/wp-content\/uploads\/2025\/07\/Manomet-Tekma.webp\" \/>\n\t<meta property=\"og:image:width\" content=\"450\" \/>\n\t<meta property=\"og:image:height\" content=\"450\" \/>\n\t<meta property=\"og:image:type\" content=\"image\/webp\" \/>\n<meta name=\"twitter:card\" content=\"summary_large_image\" \/>\n<meta name=\"twitter:label1\" content=\"Szacowany czas czytania\" \/>\n\t<meta name=\"twitter:data1\" content=\"1 minuta\" \/>\n<script type=\"application\/ld+json\" class=\"yoast-schema-graph\">{\"@context\":\"https:\/\/schema.org\",\"@graph\":[{\"@type\":\"WebPage\",\"@id\":\"https:\/\/emerpolska.pl\/index.php\/produkt\/manometr-cyfrowy-do-powietrza-gazow-0-10-bar\/\",\"url\":\"https:\/\/emerpolska.pl\/index.php\/produkt\/manometr-cyfrowy-do-powietrza-gazow-0-10-bar\/\",\"name\":\"Manometr cyfrowy do powietrza, gaz\u00f3w 0-10 bar - EMER Polska\",\"isPartOf\":{\"@id\":\"https:\/\/emerpolska.pl\/#website\"},\"primaryImageOfPage\":{\"@id\":\"https:\/\/emerpolska.pl\/index.php\/produkt\/manometr-cyfrowy-do-powietrza-gazow-0-10-bar\/#primaryimage\"},\"image\":{\"@id\":\"https:\/\/emerpolska.pl\/index.php\/produkt\/manometr-cyfrowy-do-powietrza-gazow-0-10-bar\/#primaryimage\"},\"thumbnailUrl\":\"https:\/\/emerpolska.pl\/wp-content\/uploads\/2025\/07\/Manomet-Tekma.webp\",\"datePublished\":\"2025-07-24T21:19:53+00:00\",\"dateModified\":\"2025-08-07T11:40:10+00:00\",\"breadcrumb\":{\"@id\":\"https:\/\/emerpolska.pl\/index.php\/produkt\/manometr-cyfrowy-do-powietrza-gazow-0-10-bar\/#breadcrumb\"},\"inLanguage\":\"pl-PL\",\"potentialAction\":[{\"@type\":\"ReadAction\",\"target\":[\"https:\/\/emerpolska.pl\/index.php\/produkt\/manometr-cyfrowy-do-powietrza-gazow-0-10-bar\/\"]}]},{\"@type\":\"ImageObject\",\"inLanguage\":\"pl-PL\",\"@id\":\"https:\/\/emerpolska.pl\/index.php\/produkt\/manometr-cyfrowy-do-powietrza-gazow-0-10-bar\/#primaryimage\",\"url\":\"https:\/\/emerpolska.pl\/wp-content\/uploads\/2025\/07\/Manomet-Tekma.webp\",\"contentUrl\":\"https:\/\/emerpolska.pl\/wp-content\/uploads\/2025\/07\/Manomet-Tekma.webp\",\"width\":450,\"height\":450},{\"@type\":\"BreadcrumbList\",\"@id\":\"https:\/\/emerpolska.pl\/index.php\/produkt\/manometr-cyfrowy-do-powietrza-gazow-0-10-bar\/#breadcrumb\",\"itemListElement\":[{\"@type\":\"ListItem\",\"position\":1,\"name\":\"Strona g\u0142\u00f3wna\",\"item\":\"https:\/\/emerpolska.pl\/\"},{\"@type\":\"ListItem\",\"position\":2,\"name\":\"Jeste\u015bmy w przygotowaniu. Ju\u017c wkr\u00f3tce.\",\"item\":\"https:\/\/emerpolska.pl\/index.php\/shop\/\"},{\"@type\":\"ListItem\",\"position\":3,\"name\":\"Manometr cyfrowy do powietrza, gaz\u00f3w 0-10 bar\"}]},{\"@type\":\"WebSite\",\"@id\":\"https:\/\/emerpolska.pl\/#website\",\"url\":\"https:\/\/emerpolska.pl\/\",\"name\":\"EMER Polska\",\"description\":\"Centrum Pneumatyki i Automatyki\",\"publisher\":{\"@id\":\"https:\/\/emerpolska.pl\/#organization\"},\"potentialAction\":[{\"@type\":\"SearchAction\",\"target\":{\"@type\":\"EntryPoint\",\"urlTemplate\":\"https:\/\/emerpolska.pl\/?s={search_term_string}\"},\"query-input\":{\"@type\":\"PropertyValueSpecification\",\"valueRequired\":true,\"valueName\":\"search_term_string\"}}],\"inLanguage\":\"pl-PL\"},{\"@type\":\"Organization\",\"@id\":\"https:\/\/emerpolska.pl\/#organization\",\"name\":\"EMER Polska\",\"url\":\"https:\/\/emerpolska.pl\/\",\"logo\":{\"@type\":\"ImageObject\",\"inLanguage\":\"pl-PL\",\"@id\":\"https:\/\/emerpolska.pl\/#\/schema\/logo\/image\/\",\"url\":\"https:\/\/emerpolska.pl\/wp-content\/uploads\/2025\/07\/logo.jpg\",\"contentUrl\":\"https:\/\/emerpolska.pl\/wp-content\/uploads\/2025\/07\/logo.jpg\",\"width\":1021,\"height\":362,\"caption\":\"EMER Polska\"},\"image\":{\"@id\":\"https:\/\/emerpolska.pl\/#\/schema\/logo\/image\/\"}}]}<\/script>\n<!-- \/ Yoast SEO plugin. -->","yoast_head_json":{"title":"Manometr cyfrowy do powietrza, gaz\u00f3w 0-10 bar - EMER Polska","robots":{"index":"index","follow":"follow","max-snippet":"max-snippet:-1","max-image-preview":"max-image-preview:large","max-video-preview":"max-video-preview:-1"},"canonical":"https:\/\/emerpolska.pl\/index.php\/produkt\/manometr-cyfrowy-do-powietrza-gazow-0-10-bar\/","og_locale":"pl_PL","og_type":"article","og_title":"Manometr cyfrowy do powietrza, gaz\u00f3w 0-10 bar - EMER Polska","og_description":"&nbsp; Manometr cyfrowy Manometry maj\u0105 zastosowanie w pneumatyce do pomiaru ci\u015bnienia. Model: KP46 Wyj\u015bcie Elektryczne: PNP Zakres ci\u015bnie\u0144 znamionowych: 0 \u00f7 10 bar Zakres ci\u015bnie\u0144 wy\u015bwietlanych: 1 \u00f7 10 bar Ci\u015bnienie maksymalne: 15 bar Histereza: programowalna Rozdzielczo\u015b\u0107: 0,01 bar (0,001 MPa; 0,1 psi) Jednostki Pomiarowe: bar, MPa, psi Napi\u0119cie zasilania: 12-24 VDC \u00b110% Pob\u00f3r mocy: [&hellip;]","og_url":"https:\/\/emerpolska.pl\/index.php\/produkt\/manometr-cyfrowy-do-powietrza-gazow-0-10-bar\/","og_site_name":"EMER Polska","article_modified_time":"2025-08-07T11:40:10+00:00","og_image":[{"width":450,"height":450,"url":"https:\/\/emerpolska.pl\/wp-content\/uploads\/2025\/07\/Manomet-Tekma.webp","type":"image\/webp"}],"twitter_card":"summary_large_image","twitter_misc":{"Szacowany czas czytania":"1 minuta"},"schema":{"@context":"https:\/\/schema.org","@graph":[{"@type":"WebPage","@id":"https:\/\/emerpolska.pl\/index.php\/produkt\/manometr-cyfrowy-do-powietrza-gazow-0-10-bar\/","url":"https:\/\/emerpolska.pl\/index.php\/produkt\/manometr-cyfrowy-do-powietrza-gazow-0-10-bar\/","name":"Manometr cyfrowy do powietrza, gaz\u00f3w 0-10 bar - EMER Polska","isPartOf":{"@id":"https:\/\/emerpolska.pl\/#website"},"primaryImageOfPage":{"@id":"https:\/\/emerpolska.pl\/index.php\/produkt\/manometr-cyfrowy-do-powietrza-gazow-0-10-bar\/#primaryimage"},"image":{"@id":"https:\/\/emerpolska.pl\/index.php\/produkt\/manometr-cyfrowy-do-powietrza-gazow-0-10-bar\/#primaryimage"},"thumbnailUrl":"https:\/\/emerpolska.pl\/wp-content\/uploads\/2025\/07\/Manomet-Tekma.webp","datePublished":"2025-07-24T21:19:53+00:00","dateModified":"2025-08-07T11:40:10+00:00","breadcrumb":{"@id":"https:\/\/emerpolska.pl\/index.php\/produkt\/manometr-cyfrowy-do-powietrza-gazow-0-10-bar\/#breadcrumb"},"inLanguage":"pl-PL","potentialAction":[{"@type":"ReadAction","target":["https:\/\/emerpolska.pl\/index.php\/produkt\/manometr-cyfrowy-do-powietrza-gazow-0-10-bar\/"]}]},{"@type":"ImageObject","inLanguage":"pl-PL","@id":"https:\/\/emerpolska.pl\/index.php\/produkt\/manometr-cyfrowy-do-powietrza-gazow-0-10-bar\/#primaryimage","url":"https:\/\/emerpolska.pl\/wp-content\/uploads\/2025\/07\/Manomet-Tekma.webp","contentUrl":"https:\/\/emerpolska.pl\/wp-content\/uploads\/2025\/07\/Manomet-Tekma.webp","width":450,"height":450},{"@type":"BreadcrumbList","@id":"https:\/\/emerpolska.pl\/index.php\/produkt\/manometr-cyfrowy-do-powietrza-gazow-0-10-bar\/#breadcrumb","itemListElement":[{"@type":"ListItem","position":1,"name":"Strona g\u0142\u00f3wna","item":"https:\/\/emerpolska.pl\/"},{"@type":"ListItem","position":2,"name":"Jeste\u015bmy w przygotowaniu. Ju\u017c wkr\u00f3tce.","item":"https:\/\/emerpolska.pl\/index.php\/shop\/"},{"@type":"ListItem","position":3,"name":"Manometr cyfrowy do powietrza, gaz\u00f3w 0-10 bar"}]},{"@type":"WebSite","@id":"https:\/\/emerpolska.pl\/#website","url":"https:\/\/emerpolska.pl\/","name":"EMER Polska","description":"Centrum Pneumatyki i Automatyki","publisher":{"@id":"https:\/\/emerpolska.pl\/#organization"},"potentialAction":[{"@type":"SearchAction","target":{"@type":"EntryPoint","urlTemplate":"https:\/\/emerpolska.pl\/?s={search_term_string}"},"query-input":{"@type":"PropertyValueSpecification","valueRequired":true,"valueName":"search_term_string"}}],"inLanguage":"pl-PL"},{"@type":"Organization","@id":"https:\/\/emerpolska.pl\/#organization","name":"EMER Polska","url":"https:\/\/emerpolska.pl\/","logo":{"@type":"ImageObject","inLanguage":"pl-PL","@id":"https:\/\/emerpolska.pl\/#\/schema\/logo\/image\/","url":"https:\/\/emerpolska.pl\/wp-content\/uploads\/2025\/07\/logo.jpg","contentUrl":"https:\/\/emerpolska.pl\/wp-content\/uploads\/2025\/07\/logo.jpg","width":1021,"height":362,"caption":"EMER Polska"},"image":{"@id":"https:\/\/emerpolska.pl\/#\/schema\/logo\/image\/"}}]}},"_links":{"self":[{"href":"https:\/\/emerpolska.pl\/index.php\/wp-json\/wp\/v2\/product\/892","targetHints":{"allow":["GET"]}}],"collection":[{"href":"https:\/\/emerpolska.pl\/index.php\/wp-json\/wp\/v2\/product"}],"about":[{"href":"https:\/\/emerpolska.pl\/index.php\/wp-json\/wp\/v2\/types\/product"}],"replies":[{"embeddable":true,"href":"https:\/\/emerpolska.pl\/index.php\/wp-json\/wp\/v2\/comments?post=892"}],"wp:featuredmedia":[{"embeddable":true,"href":"https:\/\/emerpolska.pl\/index.php\/wp-json\/wp\/v2\/media\/1527"}],"wp:attachment":[{"href":"https:\/\/emerpolska.pl\/index.php\/wp-json\/wp\/v2\/media?parent=892"}],"wp:term":[{"taxonomy":"product_brand","embeddable":true,"href":"https:\/\/emerpolska.pl\/index.php\/wp-json\/wp\/v2\/product_brand?post=892"},{"taxonomy":"product_cat","embeddable":true,"href":"https:\/\/emerpolska.pl\/index.php\/wp-json\/wp\/v2\/product_cat?post=892"},{"taxonomy":"product_tag","embeddable":true,"href":"https:\/\/emerpolska.pl\/index.php\/wp-json\/wp\/v2\/product_tag?post=892"}],"curies":[{"name":"wp","href":"https:\/\/api.w.org\/{rel}","templated":true}]}}