{"id":894,"date":"2025-07-24T23:19:54","date_gmt":"2025-07-24T21:19:54","guid":{"rendered":"https:\/\/emerpolska.pl\/index.php\/produkt\/elektrozawor-namur-5-2-mono-1-4-24-vdc\/"},"modified":"2025-08-06T11:30:01","modified_gmt":"2025-08-06T09:30:01","slug":"elektrozawor-namur-5-2-mono-1-4-24-vdc","status":"publish","type":"product","link":"https:\/\/emerpolska.pl\/index.php\/produkt\/elektrozawor-namur-5-2-mono-1-4-24-vdc\/","title":{"rendered":"Elektrozaw\u00f3r namur 5\/2 mono 1\/4&#8243; 24 VDC"},"content":{"rendered":"<p>&nbsp;<\/p>\n<h1>Elektrozaw\u00f3r do pneumatyki 5\/2<\/h1>\n<p>Elektrozawory namur to jedne z cz\u0119\u015bciej stosowanych w pneumatyce. W ofercie posiadamy wszystkie mo\u017cliwe wersj\u0119.Zawory cechuj\u0105 si\u0119 wysokimi przep\u0142ywami oraz d\u0142ug\u0105 \u017cywotno\u015bci\u0105.<\/p>\n<p>&#8211; Producent tekma<\/p>\n<p>&#8211; zaw\u00f3r TG2521-08M<\/p>\n<p>&#8211; typ namur 5\/2<\/p>\n<p>&#8211; monostabilny powr\u00f3t spr\u0119\u017cyna mechaniczna<\/p>\n<p>&#8211; sterowany napi\u0119ciem 24 VDC, (cewka i wtyczka w zestawie)<\/p>\n<p>&#8211; temperatura -5 C + 60 C<\/p>\n<p>&#8211; zakres ci\u015bnienia 1,5-8 bar<\/p>\n<p>&#8211; zasilanie 1\/4&#8243;<\/p>\n<p>&#8211; materia\u0142 korpus aluminiowy, t\u0142oczek ze stali nierdzewnej, uszczelnienia NBR<\/p>\n<p>&nbsp;<\/p>\n","protected":false},"excerpt":{"rendered":"<p>&nbsp; Elektrozaw\u00f3r do pneumatyki 5\/2 Elektrozawory namur to jedne z cz\u0119\u015bciej stosowanych w pneumatyce. W ofercie posiadamy wszystkie mo\u017cliwe wersj\u0119.Zawory cechuj\u0105 si\u0119 wysokimi przep\u0142ywami oraz d\u0142ug\u0105 \u017cywotno\u015bci\u0105. &#8211; Producent tekma &#8211; zaw\u00f3r TG2521-08M &#8211; typ namur 5\/2 &#8211; monostabilny powr\u00f3t spr\u0119\u017cyna mechaniczna &#8211; sterowany napi\u0119ciem 24 VDC, (cewka i wtyczka w zestawie) &#8211; temperatura -5 [&hellip;]<\/p>\n","protected":false},"featured_media":1513,"comment_status":"closed","ping_status":"closed","template":"","meta":[],"product_brand":[62],"product_cat":[48],"product_tag":[],"class_list":{"0":"post-894","1":"product","2":"type-product","3":"status-publish","4":"has-post-thumbnail","6":"product_brand-tekma","7":"product_cat-pneumatyka-121447","9":"first","10":"instock","11":"taxable","12":"shipping-taxable","13":"purchasable","14":"product-type-simple"},"yoast_head":"<!-- This site is optimized with the Yoast SEO plugin v27.0 - https:\/\/yoast.com\/product\/yoast-seo-wordpress\/ -->\n<title>Elektrozaw\u00f3r namur 5\/2 mono 1\/4&quot; 24 VDC - EMER Polska<\/title>\n<meta name=\"robots\" content=\"index, follow, max-snippet:-1, max-image-preview:large, max-video-preview:-1\" \/>\n<link rel=\"canonical\" href=\"https:\/\/emerpolska.pl\/index.php\/produkt\/elektrozawor-namur-5-2-mono-1-4-24-vdc\/\" \/>\n<meta property=\"og:locale\" content=\"pl_PL\" \/>\n<meta property=\"og:type\" content=\"article\" \/>\n<meta property=\"og:title\" content=\"Elektrozaw\u00f3r namur 5\/2 mono 1\/4&quot; 24 VDC - EMER Polska\" \/>\n<meta property=\"og:description\" content=\"&nbsp; Elektrozaw\u00f3r do pneumatyki 5\/2 Elektrozawory namur to jedne z cz\u0119\u015bciej stosowanych w pneumatyce. W ofercie posiadamy wszystkie mo\u017cliwe wersj\u0119.Zawory cechuj\u0105 si\u0119 wysokimi przep\u0142ywami oraz d\u0142ug\u0105 \u017cywotno\u015bci\u0105. &#8211; Producent tekma &#8211; zaw\u00f3r TG2521-08M &#8211; typ namur 5\/2 &#8211; monostabilny powr\u00f3t spr\u0119\u017cyna mechaniczna &#8211; sterowany napi\u0119ciem 24 VDC, (cewka i wtyczka w zestawie) &#8211; temperatura -5 [&hellip;]\" \/>\n<meta property=\"og:url\" content=\"https:\/\/emerpolska.pl\/index.php\/produkt\/elektrozawor-namur-5-2-mono-1-4-24-vdc\/\" \/>\n<meta property=\"og:site_name\" content=\"EMER Polska\" \/>\n<meta property=\"article:modified_time\" content=\"2025-08-06T09:30:01+00:00\" \/>\n<meta property=\"og:image\" content=\"https:\/\/emerpolska.pl\/wp-content\/uploads\/2025\/07\/Namur.jpg\" \/>\n\t<meta property=\"og:image:width\" content=\"1200\" \/>\n\t<meta property=\"og:image:height\" content=\"1200\" \/>\n\t<meta property=\"og:image:type\" content=\"image\/jpeg\" \/>\n<meta name=\"twitter:card\" content=\"summary_large_image\" \/>\n<meta name=\"twitter:label1\" content=\"Szacowany czas czytania\" \/>\n\t<meta name=\"twitter:data1\" content=\"1 minuta\" \/>\n<script type=\"application\/ld+json\" class=\"yoast-schema-graph\">{\"@context\":\"https:\/\/schema.org\",\"@graph\":[{\"@type\":\"WebPage\",\"@id\":\"https:\/\/emerpolska.pl\/index.php\/produkt\/elektrozawor-namur-5-2-mono-1-4-24-vdc\/\",\"url\":\"https:\/\/emerpolska.pl\/index.php\/produkt\/elektrozawor-namur-5-2-mono-1-4-24-vdc\/\",\"name\":\"Elektrozaw\u00f3r namur 5\/2 mono 1\/4\\\" 24 VDC - EMER Polska\",\"isPartOf\":{\"@id\":\"https:\/\/emerpolska.pl\/#website\"},\"primaryImageOfPage\":{\"@id\":\"https:\/\/emerpolska.pl\/index.php\/produkt\/elektrozawor-namur-5-2-mono-1-4-24-vdc\/#primaryimage\"},\"image\":{\"@id\":\"https:\/\/emerpolska.pl\/index.php\/produkt\/elektrozawor-namur-5-2-mono-1-4-24-vdc\/#primaryimage\"},\"thumbnailUrl\":\"https:\/\/emerpolska.pl\/wp-content\/uploads\/2025\/07\/Namur.jpg\",\"datePublished\":\"2025-07-24T21:19:54+00:00\",\"dateModified\":\"2025-08-06T09:30:01+00:00\",\"breadcrumb\":{\"@id\":\"https:\/\/emerpolska.pl\/index.php\/produkt\/elektrozawor-namur-5-2-mono-1-4-24-vdc\/#breadcrumb\"},\"inLanguage\":\"pl-PL\",\"potentialAction\":[{\"@type\":\"ReadAction\",\"target\":[\"https:\/\/emerpolska.pl\/index.php\/produkt\/elektrozawor-namur-5-2-mono-1-4-24-vdc\/\"]}]},{\"@type\":\"ImageObject\",\"inLanguage\":\"pl-PL\",\"@id\":\"https:\/\/emerpolska.pl\/index.php\/produkt\/elektrozawor-namur-5-2-mono-1-4-24-vdc\/#primaryimage\",\"url\":\"https:\/\/emerpolska.pl\/wp-content\/uploads\/2025\/07\/Namur.jpg\",\"contentUrl\":\"https:\/\/emerpolska.pl\/wp-content\/uploads\/2025\/07\/Namur.jpg\",\"width\":1200,\"height\":1200},{\"@type\":\"BreadcrumbList\",\"@id\":\"https:\/\/emerpolska.pl\/index.php\/produkt\/elektrozawor-namur-5-2-mono-1-4-24-vdc\/#breadcrumb\",\"itemListElement\":[{\"@type\":\"ListItem\",\"position\":1,\"name\":\"Strona g\u0142\u00f3wna\",\"item\":\"https:\/\/emerpolska.pl\/\"},{\"@type\":\"ListItem\",\"position\":2,\"name\":\"Jeste\u015bmy w przygotowaniu. Ju\u017c wkr\u00f3tce.\",\"item\":\"https:\/\/emerpolska.pl\/index.php\/shop\/\"},{\"@type\":\"ListItem\",\"position\":3,\"name\":\"Elektrozaw\u00f3r namur 5\/2 mono 1\/4&#8243; 24 VDC\"}]},{\"@type\":\"WebSite\",\"@id\":\"https:\/\/emerpolska.pl\/#website\",\"url\":\"https:\/\/emerpolska.pl\/\",\"name\":\"EMER Polska\",\"description\":\"Centrum Pneumatyki i Automatyki\",\"publisher\":{\"@id\":\"https:\/\/emerpolska.pl\/#organization\"},\"potentialAction\":[{\"@type\":\"SearchAction\",\"target\":{\"@type\":\"EntryPoint\",\"urlTemplate\":\"https:\/\/emerpolska.pl\/?s={search_term_string}\"},\"query-input\":{\"@type\":\"PropertyValueSpecification\",\"valueRequired\":true,\"valueName\":\"search_term_string\"}}],\"inLanguage\":\"pl-PL\"},{\"@type\":\"Organization\",\"@id\":\"https:\/\/emerpolska.pl\/#organization\",\"name\":\"EMER Polska\",\"url\":\"https:\/\/emerpolska.pl\/\",\"logo\":{\"@type\":\"ImageObject\",\"inLanguage\":\"pl-PL\",\"@id\":\"https:\/\/emerpolska.pl\/#\/schema\/logo\/image\/\",\"url\":\"https:\/\/emerpolska.pl\/wp-content\/uploads\/2025\/07\/logo.jpg\",\"contentUrl\":\"https:\/\/emerpolska.pl\/wp-content\/uploads\/2025\/07\/logo.jpg\",\"width\":1021,\"height\":362,\"caption\":\"EMER Polska\"},\"image\":{\"@id\":\"https:\/\/emerpolska.pl\/#\/schema\/logo\/image\/\"}}]}<\/script>\n<!-- \/ Yoast SEO plugin. -->","yoast_head_json":{"title":"Elektrozaw\u00f3r namur 5\/2 mono 1\/4\" 24 VDC - EMER Polska","robots":{"index":"index","follow":"follow","max-snippet":"max-snippet:-1","max-image-preview":"max-image-preview:large","max-video-preview":"max-video-preview:-1"},"canonical":"https:\/\/emerpolska.pl\/index.php\/produkt\/elektrozawor-namur-5-2-mono-1-4-24-vdc\/","og_locale":"pl_PL","og_type":"article","og_title":"Elektrozaw\u00f3r namur 5\/2 mono 1\/4\" 24 VDC - EMER Polska","og_description":"&nbsp; Elektrozaw\u00f3r do pneumatyki 5\/2 Elektrozawory namur to jedne z cz\u0119\u015bciej stosowanych w pneumatyce. W ofercie posiadamy wszystkie mo\u017cliwe wersj\u0119.Zawory cechuj\u0105 si\u0119 wysokimi przep\u0142ywami oraz d\u0142ug\u0105 \u017cywotno\u015bci\u0105. &#8211; Producent tekma &#8211; zaw\u00f3r TG2521-08M &#8211; typ namur 5\/2 &#8211; monostabilny powr\u00f3t spr\u0119\u017cyna mechaniczna &#8211; sterowany napi\u0119ciem 24 VDC, (cewka i wtyczka w zestawie) &#8211; temperatura -5 [&hellip;]","og_url":"https:\/\/emerpolska.pl\/index.php\/produkt\/elektrozawor-namur-5-2-mono-1-4-24-vdc\/","og_site_name":"EMER Polska","article_modified_time":"2025-08-06T09:30:01+00:00","og_image":[{"width":1200,"height":1200,"url":"https:\/\/emerpolska.pl\/wp-content\/uploads\/2025\/07\/Namur.jpg","type":"image\/jpeg"}],"twitter_card":"summary_large_image","twitter_misc":{"Szacowany czas czytania":"1 minuta"},"schema":{"@context":"https:\/\/schema.org","@graph":[{"@type":"WebPage","@id":"https:\/\/emerpolska.pl\/index.php\/produkt\/elektrozawor-namur-5-2-mono-1-4-24-vdc\/","url":"https:\/\/emerpolska.pl\/index.php\/produkt\/elektrozawor-namur-5-2-mono-1-4-24-vdc\/","name":"Elektrozaw\u00f3r namur 5\/2 mono 1\/4\" 24 VDC - EMER Polska","isPartOf":{"@id":"https:\/\/emerpolska.pl\/#website"},"primaryImageOfPage":{"@id":"https:\/\/emerpolska.pl\/index.php\/produkt\/elektrozawor-namur-5-2-mono-1-4-24-vdc\/#primaryimage"},"image":{"@id":"https:\/\/emerpolska.pl\/index.php\/produkt\/elektrozawor-namur-5-2-mono-1-4-24-vdc\/#primaryimage"},"thumbnailUrl":"https:\/\/emerpolska.pl\/wp-content\/uploads\/2025\/07\/Namur.jpg","datePublished":"2025-07-24T21:19:54+00:00","dateModified":"2025-08-06T09:30:01+00:00","breadcrumb":{"@id":"https:\/\/emerpolska.pl\/index.php\/produkt\/elektrozawor-namur-5-2-mono-1-4-24-vdc\/#breadcrumb"},"inLanguage":"pl-PL","potentialAction":[{"@type":"ReadAction","target":["https:\/\/emerpolska.pl\/index.php\/produkt\/elektrozawor-namur-5-2-mono-1-4-24-vdc\/"]}]},{"@type":"ImageObject","inLanguage":"pl-PL","@id":"https:\/\/emerpolska.pl\/index.php\/produkt\/elektrozawor-namur-5-2-mono-1-4-24-vdc\/#primaryimage","url":"https:\/\/emerpolska.pl\/wp-content\/uploads\/2025\/07\/Namur.jpg","contentUrl":"https:\/\/emerpolska.pl\/wp-content\/uploads\/2025\/07\/Namur.jpg","width":1200,"height":1200},{"@type":"BreadcrumbList","@id":"https:\/\/emerpolska.pl\/index.php\/produkt\/elektrozawor-namur-5-2-mono-1-4-24-vdc\/#breadcrumb","itemListElement":[{"@type":"ListItem","position":1,"name":"Strona g\u0142\u00f3wna","item":"https:\/\/emerpolska.pl\/"},{"@type":"ListItem","position":2,"name":"Jeste\u015bmy w przygotowaniu. Ju\u017c wkr\u00f3tce.","item":"https:\/\/emerpolska.pl\/index.php\/shop\/"},{"@type":"ListItem","position":3,"name":"Elektrozaw\u00f3r namur 5\/2 mono 1\/4&#8243; 24 VDC"}]},{"@type":"WebSite","@id":"https:\/\/emerpolska.pl\/#website","url":"https:\/\/emerpolska.pl\/","name":"EMER Polska","description":"Centrum Pneumatyki i Automatyki","publisher":{"@id":"https:\/\/emerpolska.pl\/#organization"},"potentialAction":[{"@type":"SearchAction","target":{"@type":"EntryPoint","urlTemplate":"https:\/\/emerpolska.pl\/?s={search_term_string}"},"query-input":{"@type":"PropertyValueSpecification","valueRequired":true,"valueName":"search_term_string"}}],"inLanguage":"pl-PL"},{"@type":"Organization","@id":"https:\/\/emerpolska.pl\/#organization","name":"EMER Polska","url":"https:\/\/emerpolska.pl\/","logo":{"@type":"ImageObject","inLanguage":"pl-PL","@id":"https:\/\/emerpolska.pl\/#\/schema\/logo\/image\/","url":"https:\/\/emerpolska.pl\/wp-content\/uploads\/2025\/07\/logo.jpg","contentUrl":"https:\/\/emerpolska.pl\/wp-content\/uploads\/2025\/07\/logo.jpg","width":1021,"height":362,"caption":"EMER Polska"},"image":{"@id":"https:\/\/emerpolska.pl\/#\/schema\/logo\/image\/"}}]}},"_links":{"self":[{"href":"https:\/\/emerpolska.pl\/index.php\/wp-json\/wp\/v2\/product\/894","targetHints":{"allow":["GET"]}}],"collection":[{"href":"https:\/\/emerpolska.pl\/index.php\/wp-json\/wp\/v2\/product"}],"about":[{"href":"https:\/\/emerpolska.pl\/index.php\/wp-json\/wp\/v2\/types\/product"}],"replies":[{"embeddable":true,"href":"https:\/\/emerpolska.pl\/index.php\/wp-json\/wp\/v2\/comments?post=894"}],"wp:featuredmedia":[{"embeddable":true,"href":"https:\/\/emerpolska.pl\/index.php\/wp-json\/wp\/v2\/media\/1513"}],"wp:attachment":[{"href":"https:\/\/emerpolska.pl\/index.php\/wp-json\/wp\/v2\/media?parent=894"}],"wp:term":[{"taxonomy":"product_brand","embeddable":true,"href":"https:\/\/emerpolska.pl\/index.php\/wp-json\/wp\/v2\/product_brand?post=894"},{"taxonomy":"product_cat","embeddable":true,"href":"https:\/\/emerpolska.pl\/index.php\/wp-json\/wp\/v2\/product_cat?post=894"},{"taxonomy":"product_tag","embeddable":true,"href":"https:\/\/emerpolska.pl\/index.php\/wp-json\/wp\/v2\/product_tag?post=894"}],"curies":[{"name":"wp","href":"https:\/\/api.w.org\/{rel}","templated":true}]}}