{"id":896,"date":"2025-07-24T23:19:55","date_gmt":"2025-07-24T21:19:55","guid":{"rendered":"https:\/\/emerpolska.pl\/index.php\/produkt\/elektrozawor-namur-5-2-pneumax-t514-92-00-35-b05\/"},"modified":"2025-08-06T11:36:57","modified_gmt":"2025-08-06T09:36:57","slug":"elektrozawor-namur-5-2-pneumax-t514-92-00-35-b05","status":"publish","type":"product","link":"https:\/\/emerpolska.pl\/index.php\/produkt\/elektrozawor-namur-5-2-pneumax-t514-92-00-35-b05\/","title":{"rendered":"Elektrozaw\u00f3r namur 5\/2 pneumax T514.92.00.35.B05"},"content":{"rendered":"<p>&nbsp;<\/p>\n<h1>Elektrozaw\u00f3r do pneumatyki 5\/2<\/h1>\n<p>Elektrozawory namur to jedne z cz\u0119\u015bciej stosowanych w pneumatyce. W ofercie posiadamy wszystkie mo\u017cliwe wersj\u0119.Zawory cechuj\u0105 si\u0119 wysokimi przep\u0142ywami oraz d\u0142ug\u0105 \u017cywotno\u015bci\u0105.<\/p>\n<p>&#8211; Producent pneumax<\/p>\n<p>&#8211; zaw\u00f3r <b>T514.92.00.35.B05<\/b><\/p>\n<p>&#8211; typ namur 5\/2<\/p>\n<p>&#8211; bistabilny<\/p>\n<p>&#8211; sterowany napi\u0119ciem 24 VDC, (cewka i wtyczka w zestawie)<\/p>\n<p>&#8211; przep\u0142yw 1100 l\/min<\/p>\n<p>&#8211; temperatura -5 C &#8211; + 50 C<\/p>\n<p>&#8211; ci\u015bnienie pracy 2,5-10 bar<\/p>\n<p>&nbsp;<\/p>\n","protected":false},"excerpt":{"rendered":"<p>&nbsp; Elektrozaw\u00f3r do pneumatyki 5\/2 Elektrozawory namur to jedne z cz\u0119\u015bciej stosowanych w pneumatyce. W ofercie posiadamy wszystkie mo\u017cliwe wersj\u0119.Zawory cechuj\u0105 si\u0119 wysokimi przep\u0142ywami oraz d\u0142ug\u0105 \u017cywotno\u015bci\u0105. &#8211; Producent pneumax &#8211; zaw\u00f3r T514.92.00.35.B05 &#8211; typ namur 5\/2 &#8211; bistabilny &#8211; sterowany napi\u0119ciem 24 VDC, (cewka i wtyczka w zestawie) &#8211; przep\u0142yw 1100 l\/min &#8211; temperatura [&hellip;]<\/p>\n","protected":false},"featured_media":1514,"comment_status":"closed","ping_status":"closed","template":"","meta":[],"product_brand":[60],"product_cat":[48],"product_tag":[],"class_list":{"0":"post-896","1":"product","2":"type-product","3":"status-publish","4":"has-post-thumbnail","6":"product_brand-inny","7":"product_cat-pneumatyka-121447","9":"first","10":"instock","11":"taxable","12":"shipping-taxable","13":"purchasable","14":"product-type-simple"},"yoast_head":"<!-- This site is optimized with the Yoast SEO plugin v27.0 - https:\/\/yoast.com\/product\/yoast-seo-wordpress\/ -->\n<title>Elektrozaw\u00f3r namur 5\/2 pneumax T514.92.00.35.B05 - EMER Polska<\/title>\n<meta name=\"robots\" content=\"index, follow, max-snippet:-1, max-image-preview:large, max-video-preview:-1\" \/>\n<link rel=\"canonical\" href=\"https:\/\/emerpolska.pl\/index.php\/produkt\/elektrozawor-namur-5-2-pneumax-t514-92-00-35-b05\/\" \/>\n<meta property=\"og:locale\" content=\"pl_PL\" \/>\n<meta property=\"og:type\" content=\"article\" \/>\n<meta property=\"og:title\" content=\"Elektrozaw\u00f3r namur 5\/2 pneumax T514.92.00.35.B05 - EMER Polska\" \/>\n<meta property=\"og:description\" content=\"&nbsp; Elektrozaw\u00f3r do pneumatyki 5\/2 Elektrozawory namur to jedne z cz\u0119\u015bciej stosowanych w pneumatyce. W ofercie posiadamy wszystkie mo\u017cliwe wersj\u0119.Zawory cechuj\u0105 si\u0119 wysokimi przep\u0142ywami oraz d\u0142ug\u0105 \u017cywotno\u015bci\u0105. &#8211; Producent pneumax &#8211; zaw\u00f3r T514.92.00.35.B05 &#8211; typ namur 5\/2 &#8211; bistabilny &#8211; sterowany napi\u0119ciem 24 VDC, (cewka i wtyczka w zestawie) &#8211; przep\u0142yw 1100 l\/min &#8211; temperatura [&hellip;]\" \/>\n<meta property=\"og:url\" content=\"https:\/\/emerpolska.pl\/index.php\/produkt\/elektrozawor-namur-5-2-pneumax-t514-92-00-35-b05\/\" \/>\n<meta property=\"og:site_name\" content=\"EMER Polska\" \/>\n<meta property=\"article:modified_time\" content=\"2025-08-06T09:36:57+00:00\" \/>\n<meta property=\"og:image\" content=\"https:\/\/emerpolska.pl\/wp-content\/uploads\/2025\/07\/Pneumax-namur.jpg\" \/>\n\t<meta property=\"og:image:width\" content=\"443\" \/>\n\t<meta property=\"og:image:height\" content=\"443\" \/>\n\t<meta property=\"og:image:type\" content=\"image\/jpeg\" \/>\n<meta name=\"twitter:card\" content=\"summary_large_image\" \/>\n<meta name=\"twitter:label1\" content=\"Szacowany czas czytania\" \/>\n\t<meta name=\"twitter:data1\" content=\"1 minuta\" \/>\n<script type=\"application\/ld+json\" class=\"yoast-schema-graph\">{\"@context\":\"https:\/\/schema.org\",\"@graph\":[{\"@type\":\"WebPage\",\"@id\":\"https:\/\/emerpolska.pl\/index.php\/produkt\/elektrozawor-namur-5-2-pneumax-t514-92-00-35-b05\/\",\"url\":\"https:\/\/emerpolska.pl\/index.php\/produkt\/elektrozawor-namur-5-2-pneumax-t514-92-00-35-b05\/\",\"name\":\"Elektrozaw\u00f3r namur 5\/2 pneumax T514.92.00.35.B05 - EMER Polska\",\"isPartOf\":{\"@id\":\"https:\/\/emerpolska.pl\/#website\"},\"primaryImageOfPage\":{\"@id\":\"https:\/\/emerpolska.pl\/index.php\/produkt\/elektrozawor-namur-5-2-pneumax-t514-92-00-35-b05\/#primaryimage\"},\"image\":{\"@id\":\"https:\/\/emerpolska.pl\/index.php\/produkt\/elektrozawor-namur-5-2-pneumax-t514-92-00-35-b05\/#primaryimage\"},\"thumbnailUrl\":\"https:\/\/emerpolska.pl\/wp-content\/uploads\/2025\/07\/Pneumax-namur.jpg\",\"datePublished\":\"2025-07-24T21:19:55+00:00\",\"dateModified\":\"2025-08-06T09:36:57+00:00\",\"breadcrumb\":{\"@id\":\"https:\/\/emerpolska.pl\/index.php\/produkt\/elektrozawor-namur-5-2-pneumax-t514-92-00-35-b05\/#breadcrumb\"},\"inLanguage\":\"pl-PL\",\"potentialAction\":[{\"@type\":\"ReadAction\",\"target\":[\"https:\/\/emerpolska.pl\/index.php\/produkt\/elektrozawor-namur-5-2-pneumax-t514-92-00-35-b05\/\"]}]},{\"@type\":\"ImageObject\",\"inLanguage\":\"pl-PL\",\"@id\":\"https:\/\/emerpolska.pl\/index.php\/produkt\/elektrozawor-namur-5-2-pneumax-t514-92-00-35-b05\/#primaryimage\",\"url\":\"https:\/\/emerpolska.pl\/wp-content\/uploads\/2025\/07\/Pneumax-namur.jpg\",\"contentUrl\":\"https:\/\/emerpolska.pl\/wp-content\/uploads\/2025\/07\/Pneumax-namur.jpg\",\"width\":443,\"height\":443},{\"@type\":\"BreadcrumbList\",\"@id\":\"https:\/\/emerpolska.pl\/index.php\/produkt\/elektrozawor-namur-5-2-pneumax-t514-92-00-35-b05\/#breadcrumb\",\"itemListElement\":[{\"@type\":\"ListItem\",\"position\":1,\"name\":\"Strona g\u0142\u00f3wna\",\"item\":\"https:\/\/emerpolska.pl\/\"},{\"@type\":\"ListItem\",\"position\":2,\"name\":\"Jeste\u015bmy w przygotowaniu. Ju\u017c wkr\u00f3tce.\",\"item\":\"https:\/\/emerpolska.pl\/index.php\/shop\/\"},{\"@type\":\"ListItem\",\"position\":3,\"name\":\"Elektrozaw\u00f3r namur 5\/2 pneumax T514.92.00.35.B05\"}]},{\"@type\":\"WebSite\",\"@id\":\"https:\/\/emerpolska.pl\/#website\",\"url\":\"https:\/\/emerpolska.pl\/\",\"name\":\"EMER Polska\",\"description\":\"Centrum Pneumatyki i Automatyki\",\"publisher\":{\"@id\":\"https:\/\/emerpolska.pl\/#organization\"},\"potentialAction\":[{\"@type\":\"SearchAction\",\"target\":{\"@type\":\"EntryPoint\",\"urlTemplate\":\"https:\/\/emerpolska.pl\/?s={search_term_string}\"},\"query-input\":{\"@type\":\"PropertyValueSpecification\",\"valueRequired\":true,\"valueName\":\"search_term_string\"}}],\"inLanguage\":\"pl-PL\"},{\"@type\":\"Organization\",\"@id\":\"https:\/\/emerpolska.pl\/#organization\",\"name\":\"EMER Polska\",\"url\":\"https:\/\/emerpolska.pl\/\",\"logo\":{\"@type\":\"ImageObject\",\"inLanguage\":\"pl-PL\",\"@id\":\"https:\/\/emerpolska.pl\/#\/schema\/logo\/image\/\",\"url\":\"https:\/\/emerpolska.pl\/wp-content\/uploads\/2025\/07\/logo.jpg\",\"contentUrl\":\"https:\/\/emerpolska.pl\/wp-content\/uploads\/2025\/07\/logo.jpg\",\"width\":1021,\"height\":362,\"caption\":\"EMER Polska\"},\"image\":{\"@id\":\"https:\/\/emerpolska.pl\/#\/schema\/logo\/image\/\"}}]}<\/script>\n<!-- \/ Yoast SEO plugin. -->","yoast_head_json":{"title":"Elektrozaw\u00f3r namur 5\/2 pneumax T514.92.00.35.B05 - EMER Polska","robots":{"index":"index","follow":"follow","max-snippet":"max-snippet:-1","max-image-preview":"max-image-preview:large","max-video-preview":"max-video-preview:-1"},"canonical":"https:\/\/emerpolska.pl\/index.php\/produkt\/elektrozawor-namur-5-2-pneumax-t514-92-00-35-b05\/","og_locale":"pl_PL","og_type":"article","og_title":"Elektrozaw\u00f3r namur 5\/2 pneumax T514.92.00.35.B05 - EMER Polska","og_description":"&nbsp; Elektrozaw\u00f3r do pneumatyki 5\/2 Elektrozawory namur to jedne z cz\u0119\u015bciej stosowanych w pneumatyce. W ofercie posiadamy wszystkie mo\u017cliwe wersj\u0119.Zawory cechuj\u0105 si\u0119 wysokimi przep\u0142ywami oraz d\u0142ug\u0105 \u017cywotno\u015bci\u0105. &#8211; Producent pneumax &#8211; zaw\u00f3r T514.92.00.35.B05 &#8211; typ namur 5\/2 &#8211; bistabilny &#8211; sterowany napi\u0119ciem 24 VDC, (cewka i wtyczka w zestawie) &#8211; przep\u0142yw 1100 l\/min &#8211; temperatura [&hellip;]","og_url":"https:\/\/emerpolska.pl\/index.php\/produkt\/elektrozawor-namur-5-2-pneumax-t514-92-00-35-b05\/","og_site_name":"EMER Polska","article_modified_time":"2025-08-06T09:36:57+00:00","og_image":[{"width":443,"height":443,"url":"https:\/\/emerpolska.pl\/wp-content\/uploads\/2025\/07\/Pneumax-namur.jpg","type":"image\/jpeg"}],"twitter_card":"summary_large_image","twitter_misc":{"Szacowany czas czytania":"1 minuta"},"schema":{"@context":"https:\/\/schema.org","@graph":[{"@type":"WebPage","@id":"https:\/\/emerpolska.pl\/index.php\/produkt\/elektrozawor-namur-5-2-pneumax-t514-92-00-35-b05\/","url":"https:\/\/emerpolska.pl\/index.php\/produkt\/elektrozawor-namur-5-2-pneumax-t514-92-00-35-b05\/","name":"Elektrozaw\u00f3r namur 5\/2 pneumax T514.92.00.35.B05 - EMER Polska","isPartOf":{"@id":"https:\/\/emerpolska.pl\/#website"},"primaryImageOfPage":{"@id":"https:\/\/emerpolska.pl\/index.php\/produkt\/elektrozawor-namur-5-2-pneumax-t514-92-00-35-b05\/#primaryimage"},"image":{"@id":"https:\/\/emerpolska.pl\/index.php\/produkt\/elektrozawor-namur-5-2-pneumax-t514-92-00-35-b05\/#primaryimage"},"thumbnailUrl":"https:\/\/emerpolska.pl\/wp-content\/uploads\/2025\/07\/Pneumax-namur.jpg","datePublished":"2025-07-24T21:19:55+00:00","dateModified":"2025-08-06T09:36:57+00:00","breadcrumb":{"@id":"https:\/\/emerpolska.pl\/index.php\/produkt\/elektrozawor-namur-5-2-pneumax-t514-92-00-35-b05\/#breadcrumb"},"inLanguage":"pl-PL","potentialAction":[{"@type":"ReadAction","target":["https:\/\/emerpolska.pl\/index.php\/produkt\/elektrozawor-namur-5-2-pneumax-t514-92-00-35-b05\/"]}]},{"@type":"ImageObject","inLanguage":"pl-PL","@id":"https:\/\/emerpolska.pl\/index.php\/produkt\/elektrozawor-namur-5-2-pneumax-t514-92-00-35-b05\/#primaryimage","url":"https:\/\/emerpolska.pl\/wp-content\/uploads\/2025\/07\/Pneumax-namur.jpg","contentUrl":"https:\/\/emerpolska.pl\/wp-content\/uploads\/2025\/07\/Pneumax-namur.jpg","width":443,"height":443},{"@type":"BreadcrumbList","@id":"https:\/\/emerpolska.pl\/index.php\/produkt\/elektrozawor-namur-5-2-pneumax-t514-92-00-35-b05\/#breadcrumb","itemListElement":[{"@type":"ListItem","position":1,"name":"Strona g\u0142\u00f3wna","item":"https:\/\/emerpolska.pl\/"},{"@type":"ListItem","position":2,"name":"Jeste\u015bmy w przygotowaniu. Ju\u017c wkr\u00f3tce.","item":"https:\/\/emerpolska.pl\/index.php\/shop\/"},{"@type":"ListItem","position":3,"name":"Elektrozaw\u00f3r namur 5\/2 pneumax T514.92.00.35.B05"}]},{"@type":"WebSite","@id":"https:\/\/emerpolska.pl\/#website","url":"https:\/\/emerpolska.pl\/","name":"EMER Polska","description":"Centrum Pneumatyki i Automatyki","publisher":{"@id":"https:\/\/emerpolska.pl\/#organization"},"potentialAction":[{"@type":"SearchAction","target":{"@type":"EntryPoint","urlTemplate":"https:\/\/emerpolska.pl\/?s={search_term_string}"},"query-input":{"@type":"PropertyValueSpecification","valueRequired":true,"valueName":"search_term_string"}}],"inLanguage":"pl-PL"},{"@type":"Organization","@id":"https:\/\/emerpolska.pl\/#organization","name":"EMER Polska","url":"https:\/\/emerpolska.pl\/","logo":{"@type":"ImageObject","inLanguage":"pl-PL","@id":"https:\/\/emerpolska.pl\/#\/schema\/logo\/image\/","url":"https:\/\/emerpolska.pl\/wp-content\/uploads\/2025\/07\/logo.jpg","contentUrl":"https:\/\/emerpolska.pl\/wp-content\/uploads\/2025\/07\/logo.jpg","width":1021,"height":362,"caption":"EMER Polska"},"image":{"@id":"https:\/\/emerpolska.pl\/#\/schema\/logo\/image\/"}}]}},"_links":{"self":[{"href":"https:\/\/emerpolska.pl\/index.php\/wp-json\/wp\/v2\/product\/896","targetHints":{"allow":["GET"]}}],"collection":[{"href":"https:\/\/emerpolska.pl\/index.php\/wp-json\/wp\/v2\/product"}],"about":[{"href":"https:\/\/emerpolska.pl\/index.php\/wp-json\/wp\/v2\/types\/product"}],"replies":[{"embeddable":true,"href":"https:\/\/emerpolska.pl\/index.php\/wp-json\/wp\/v2\/comments?post=896"}],"wp:featuredmedia":[{"embeddable":true,"href":"https:\/\/emerpolska.pl\/index.php\/wp-json\/wp\/v2\/media\/1514"}],"wp:attachment":[{"href":"https:\/\/emerpolska.pl\/index.php\/wp-json\/wp\/v2\/media?parent=896"}],"wp:term":[{"taxonomy":"product_brand","embeddable":true,"href":"https:\/\/emerpolska.pl\/index.php\/wp-json\/wp\/v2\/product_brand?post=896"},{"taxonomy":"product_cat","embeddable":true,"href":"https:\/\/emerpolska.pl\/index.php\/wp-json\/wp\/v2\/product_cat?post=896"},{"taxonomy":"product_tag","embeddable":true,"href":"https:\/\/emerpolska.pl\/index.php\/wp-json\/wp\/v2\/product_tag?post=896"}],"curies":[{"name":"wp","href":"https:\/\/api.w.org\/{rel}","templated":true}]}}