{"id":923,"date":"2025-07-24T23:20:24","date_gmt":"2025-07-24T21:20:24","guid":{"rendered":"https:\/\/emerpolska.pl\/index.php\/produkt\/zawor-sterowany-recznie-358-975-1-8-camozzi\/"},"modified":"2025-07-24T23:20:24","modified_gmt":"2025-07-24T21:20:24","slug":"zawor-sterowany-recznie-358-975-1-8-camozzi","status":"publish","type":"product","link":"https:\/\/emerpolska.pl\/index.php\/produkt\/zawor-sterowany-recznie-358-975-1-8-camozzi\/","title":{"rendered":"Zaw\u00f3r sterowany r\u0119cznie 358-975 1\/8 camozzi"},"content":{"rendered":"<p>{&#8222;sections&#8221;:[{&#8222;items&#8221;:[{&#8222;type&#8221;:&#8221;TEXT&#8221;,&#8221;content&#8221;:&#8221;<\/p>\n<h1>Zaw\u00f3r r\u0119czny 5\/2<\/h1>\n<p>Zawory sterowane r\u0119cznie to jedne z cz\u0119\u015bciej stosowanych w pneumatyce. W ofercie posiadamy wszystkie mo\u017cliwe wersj\u0119. Produkt marki Camozzi wyprodukowany we W\u0142oszech. Zawory cechuj\u0105 si\u0119 wysokimi przep\u0142ywami oraz d\u0142ug\u0105 \u017cywotno\u015bci\u0105.<\/p>\n<p>&#8211; zaw\u00f3r camozzi 358-975<\/p>\n<p>&#8211; zaw\u00f3r monostabilny<\/p>\n<p>&#8211; funkcja 5\/2<\/p>\n<p>&#8211; sterowany r\u0119cznie<\/p>\n<p>&#8211; zastosowanie do powietrza<\/p>\n<p>&#8211; temperatura -10 + 60 C<\/p>\n<p>&#8211; ci\u015bnienie pracy -0,9 &#8211; 10 bar<\/p>\n<p>&#8211; przy\u0142\u0105cza 1\/8 &#8222;<\/p>\n<p>&#8211; przep\u0142yw 700 Nl\/min<\/p>\n<p>&#8211; si\u0142a potrzebna do przesterowania 35 N<\/p>\n<p>&#8222;},{&#8222;type&#8221;:&#8221;IMAGE&#8221;,&#8221;url&#8221;:&#8221;https:\/\/a.allegroimg.com\/original\/1163a1\/f37fbb264dbeb6a522a747963c8b&#8221;}]}]}<\/p>\n","protected":false},"excerpt":{"rendered":"<p>{&#8222;sections&#8221;:[{&#8222;items&#8221;:[{&#8222;type&#8221;:&#8221;TEXT&#8221;,&#8221;content&#8221;:&#8221; Zaw\u00f3r r\u0119czny 5\/2 Zawory sterowane r\u0119cznie to jedne z cz\u0119\u015bciej stosowanych w pneumatyce. W ofercie posiadamy wszystkie mo\u017cliwe wersj\u0119. Produkt marki Camozzi wyprodukowany we W\u0142oszech. Zawory cechuj\u0105 si\u0119 wysokimi przep\u0142ywami oraz d\u0142ug\u0105 \u017cywotno\u015bci\u0105. &#8211; zaw\u00f3r camozzi 358-975 &#8211; zaw\u00f3r monostabilny &#8211; funkcja 5\/2 &#8211; sterowany r\u0119cznie &#8211; zastosowanie do powietrza &#8211; temperatura -10 + [&hellip;]<\/p>\n","protected":false},"featured_media":0,"comment_status":"open","ping_status":"closed","template":"","meta":[],"product_brand":[52],"product_cat":[48],"product_tag":[],"class_list":{"0":"post-923","1":"product","2":"type-product","3":"status-publish","5":"product_brand-camozzi","6":"product_cat-pneumatyka-121447","8":"first","9":"instock","10":"taxable","11":"shipping-taxable","12":"purchasable","13":"product-type-simple"},"yoast_head":"<!-- This site is optimized with the Yoast SEO plugin v27.0 - https:\/\/yoast.com\/product\/yoast-seo-wordpress\/ -->\n<title>Zaw\u00f3r sterowany r\u0119cznie 358-975 1\/8 camozzi - EMER Polska<\/title>\n<meta name=\"robots\" content=\"index, follow, max-snippet:-1, max-image-preview:large, max-video-preview:-1\" \/>\n<link rel=\"canonical\" href=\"https:\/\/emerpolska.pl\/index.php\/produkt\/zawor-sterowany-recznie-358-975-1-8-camozzi\/\" \/>\n<meta property=\"og:locale\" content=\"pl_PL\" \/>\n<meta property=\"og:type\" content=\"article\" \/>\n<meta property=\"og:title\" content=\"Zaw\u00f3r sterowany r\u0119cznie 358-975 1\/8 camozzi - EMER Polska\" \/>\n<meta property=\"og:description\" content=\"{&#8222;sections&#8221;:[{&#8222;items&#8221;:[{&#8222;type&#8221;:&#8221;TEXT&#8221;,&#8221;content&#8221;:&#8221; Zaw\u00f3r r\u0119czny 5\/2 Zawory sterowane r\u0119cznie to jedne z cz\u0119\u015bciej stosowanych w pneumatyce. W ofercie posiadamy wszystkie mo\u017cliwe wersj\u0119. Produkt marki Camozzi wyprodukowany we W\u0142oszech. Zawory cechuj\u0105 si\u0119 wysokimi przep\u0142ywami oraz d\u0142ug\u0105 \u017cywotno\u015bci\u0105. &#8211; zaw\u00f3r camozzi 358-975 &#8211; zaw\u00f3r monostabilny &#8211; funkcja 5\/2 &#8211; sterowany r\u0119cznie &#8211; zastosowanie do powietrza &#8211; temperatura -10 + [&hellip;]\" \/>\n<meta property=\"og:url\" content=\"https:\/\/emerpolska.pl\/index.php\/produkt\/zawor-sterowany-recznie-358-975-1-8-camozzi\/\" \/>\n<meta property=\"og:site_name\" content=\"EMER Polska\" \/>\n<meta name=\"twitter:card\" content=\"summary_large_image\" \/>\n<meta name=\"twitter:label1\" content=\"Szacowany czas czytania\" \/>\n\t<meta name=\"twitter:data1\" content=\"1 minuta\" \/>\n<script type=\"application\/ld+json\" class=\"yoast-schema-graph\">{\"@context\":\"https:\/\/schema.org\",\"@graph\":[{\"@type\":\"WebPage\",\"@id\":\"https:\/\/emerpolska.pl\/index.php\/produkt\/zawor-sterowany-recznie-358-975-1-8-camozzi\/\",\"url\":\"https:\/\/emerpolska.pl\/index.php\/produkt\/zawor-sterowany-recznie-358-975-1-8-camozzi\/\",\"name\":\"Zaw\u00f3r sterowany r\u0119cznie 358-975 1\/8 camozzi - EMER Polska\",\"isPartOf\":{\"@id\":\"https:\/\/emerpolska.pl\/#website\"},\"datePublished\":\"2025-07-24T21:20:24+00:00\",\"breadcrumb\":{\"@id\":\"https:\/\/emerpolska.pl\/index.php\/produkt\/zawor-sterowany-recznie-358-975-1-8-camozzi\/#breadcrumb\"},\"inLanguage\":\"pl-PL\",\"potentialAction\":[{\"@type\":\"ReadAction\",\"target\":[\"https:\/\/emerpolska.pl\/index.php\/produkt\/zawor-sterowany-recznie-358-975-1-8-camozzi\/\"]}]},{\"@type\":\"BreadcrumbList\",\"@id\":\"https:\/\/emerpolska.pl\/index.php\/produkt\/zawor-sterowany-recznie-358-975-1-8-camozzi\/#breadcrumb\",\"itemListElement\":[{\"@type\":\"ListItem\",\"position\":1,\"name\":\"Strona g\u0142\u00f3wna\",\"item\":\"https:\/\/emerpolska.pl\/\"},{\"@type\":\"ListItem\",\"position\":2,\"name\":\"Jeste\u015bmy w przygotowaniu. Ju\u017c wkr\u00f3tce.\",\"item\":\"https:\/\/emerpolska.pl\/index.php\/shop\/\"},{\"@type\":\"ListItem\",\"position\":3,\"name\":\"Zaw\u00f3r sterowany r\u0119cznie 358-975 1\/8 camozzi\"}]},{\"@type\":\"WebSite\",\"@id\":\"https:\/\/emerpolska.pl\/#website\",\"url\":\"https:\/\/emerpolska.pl\/\",\"name\":\"EMER Polska\",\"description\":\"Centrum Pneumatyki i Automatyki\",\"publisher\":{\"@id\":\"https:\/\/emerpolska.pl\/#organization\"},\"potentialAction\":[{\"@type\":\"SearchAction\",\"target\":{\"@type\":\"EntryPoint\",\"urlTemplate\":\"https:\/\/emerpolska.pl\/?s={search_term_string}\"},\"query-input\":{\"@type\":\"PropertyValueSpecification\",\"valueRequired\":true,\"valueName\":\"search_term_string\"}}],\"inLanguage\":\"pl-PL\"},{\"@type\":\"Organization\",\"@id\":\"https:\/\/emerpolska.pl\/#organization\",\"name\":\"EMER Polska\",\"url\":\"https:\/\/emerpolska.pl\/\",\"logo\":{\"@type\":\"ImageObject\",\"inLanguage\":\"pl-PL\",\"@id\":\"https:\/\/emerpolska.pl\/#\/schema\/logo\/image\/\",\"url\":\"https:\/\/emerpolska.pl\/wp-content\/uploads\/2025\/07\/logo.jpg\",\"contentUrl\":\"https:\/\/emerpolska.pl\/wp-content\/uploads\/2025\/07\/logo.jpg\",\"width\":1021,\"height\":362,\"caption\":\"EMER Polska\"},\"image\":{\"@id\":\"https:\/\/emerpolska.pl\/#\/schema\/logo\/image\/\"}}]}<\/script>\n<!-- \/ Yoast SEO plugin. -->","yoast_head_json":{"title":"Zaw\u00f3r sterowany r\u0119cznie 358-975 1\/8 camozzi - EMER Polska","robots":{"index":"index","follow":"follow","max-snippet":"max-snippet:-1","max-image-preview":"max-image-preview:large","max-video-preview":"max-video-preview:-1"},"canonical":"https:\/\/emerpolska.pl\/index.php\/produkt\/zawor-sterowany-recznie-358-975-1-8-camozzi\/","og_locale":"pl_PL","og_type":"article","og_title":"Zaw\u00f3r sterowany r\u0119cznie 358-975 1\/8 camozzi - EMER Polska","og_description":"{&#8222;sections&#8221;:[{&#8222;items&#8221;:[{&#8222;type&#8221;:&#8221;TEXT&#8221;,&#8221;content&#8221;:&#8221; Zaw\u00f3r r\u0119czny 5\/2 Zawory sterowane r\u0119cznie to jedne z cz\u0119\u015bciej stosowanych w pneumatyce. W ofercie posiadamy wszystkie mo\u017cliwe wersj\u0119. Produkt marki Camozzi wyprodukowany we W\u0142oszech. Zawory cechuj\u0105 si\u0119 wysokimi przep\u0142ywami oraz d\u0142ug\u0105 \u017cywotno\u015bci\u0105. &#8211; zaw\u00f3r camozzi 358-975 &#8211; zaw\u00f3r monostabilny &#8211; funkcja 5\/2 &#8211; sterowany r\u0119cznie &#8211; zastosowanie do powietrza &#8211; temperatura -10 + [&hellip;]","og_url":"https:\/\/emerpolska.pl\/index.php\/produkt\/zawor-sterowany-recznie-358-975-1-8-camozzi\/","og_site_name":"EMER Polska","twitter_card":"summary_large_image","twitter_misc":{"Szacowany czas czytania":"1 minuta"},"schema":{"@context":"https:\/\/schema.org","@graph":[{"@type":"WebPage","@id":"https:\/\/emerpolska.pl\/index.php\/produkt\/zawor-sterowany-recznie-358-975-1-8-camozzi\/","url":"https:\/\/emerpolska.pl\/index.php\/produkt\/zawor-sterowany-recznie-358-975-1-8-camozzi\/","name":"Zaw\u00f3r sterowany r\u0119cznie 358-975 1\/8 camozzi - EMER Polska","isPartOf":{"@id":"https:\/\/emerpolska.pl\/#website"},"datePublished":"2025-07-24T21:20:24+00:00","breadcrumb":{"@id":"https:\/\/emerpolska.pl\/index.php\/produkt\/zawor-sterowany-recznie-358-975-1-8-camozzi\/#breadcrumb"},"inLanguage":"pl-PL","potentialAction":[{"@type":"ReadAction","target":["https:\/\/emerpolska.pl\/index.php\/produkt\/zawor-sterowany-recznie-358-975-1-8-camozzi\/"]}]},{"@type":"BreadcrumbList","@id":"https:\/\/emerpolska.pl\/index.php\/produkt\/zawor-sterowany-recznie-358-975-1-8-camozzi\/#breadcrumb","itemListElement":[{"@type":"ListItem","position":1,"name":"Strona g\u0142\u00f3wna","item":"https:\/\/emerpolska.pl\/"},{"@type":"ListItem","position":2,"name":"Jeste\u015bmy w przygotowaniu. Ju\u017c wkr\u00f3tce.","item":"https:\/\/emerpolska.pl\/index.php\/shop\/"},{"@type":"ListItem","position":3,"name":"Zaw\u00f3r sterowany r\u0119cznie 358-975 1\/8 camozzi"}]},{"@type":"WebSite","@id":"https:\/\/emerpolska.pl\/#website","url":"https:\/\/emerpolska.pl\/","name":"EMER Polska","description":"Centrum Pneumatyki i Automatyki","publisher":{"@id":"https:\/\/emerpolska.pl\/#organization"},"potentialAction":[{"@type":"SearchAction","target":{"@type":"EntryPoint","urlTemplate":"https:\/\/emerpolska.pl\/?s={search_term_string}"},"query-input":{"@type":"PropertyValueSpecification","valueRequired":true,"valueName":"search_term_string"}}],"inLanguage":"pl-PL"},{"@type":"Organization","@id":"https:\/\/emerpolska.pl\/#organization","name":"EMER Polska","url":"https:\/\/emerpolska.pl\/","logo":{"@type":"ImageObject","inLanguage":"pl-PL","@id":"https:\/\/emerpolska.pl\/#\/schema\/logo\/image\/","url":"https:\/\/emerpolska.pl\/wp-content\/uploads\/2025\/07\/logo.jpg","contentUrl":"https:\/\/emerpolska.pl\/wp-content\/uploads\/2025\/07\/logo.jpg","width":1021,"height":362,"caption":"EMER Polska"},"image":{"@id":"https:\/\/emerpolska.pl\/#\/schema\/logo\/image\/"}}]}},"_links":{"self":[{"href":"https:\/\/emerpolska.pl\/index.php\/wp-json\/wp\/v2\/product\/923","targetHints":{"allow":["GET"]}}],"collection":[{"href":"https:\/\/emerpolska.pl\/index.php\/wp-json\/wp\/v2\/product"}],"about":[{"href":"https:\/\/emerpolska.pl\/index.php\/wp-json\/wp\/v2\/types\/product"}],"replies":[{"embeddable":true,"href":"https:\/\/emerpolska.pl\/index.php\/wp-json\/wp\/v2\/comments?post=923"}],"wp:attachment":[{"href":"https:\/\/emerpolska.pl\/index.php\/wp-json\/wp\/v2\/media?parent=923"}],"wp:term":[{"taxonomy":"product_brand","embeddable":true,"href":"https:\/\/emerpolska.pl\/index.php\/wp-json\/wp\/v2\/product_brand?post=923"},{"taxonomy":"product_cat","embeddable":true,"href":"https:\/\/emerpolska.pl\/index.php\/wp-json\/wp\/v2\/product_cat?post=923"},{"taxonomy":"product_tag","embeddable":true,"href":"https:\/\/emerpolska.pl\/index.php\/wp-json\/wp\/v2\/product_tag?post=923"}],"curies":[{"name":"wp","href":"https:\/\/api.w.org\/{rel}","templated":true}]}}