{"id":940,"date":"2025-07-24T23:20:34","date_gmt":"2025-07-24T21:20:34","guid":{"rendered":"https:\/\/emerpolska.pl\/index.php\/produkt\/czujnik-podcisnienia-1-8-200-950-mbar-42v-no-suco\/"},"modified":"2025-07-29T13:14:37","modified_gmt":"2025-07-29T11:14:37","slug":"czujnik-podcisnienia-1-8-200-950-mbar-42v-no-suco","status":"publish","type":"product","link":"https:\/\/emerpolska.pl\/index.php\/produkt\/czujnik-podcisnienia-1-8-200-950-mbar-42v-no-suco\/","title":{"rendered":"CZUJNIK PODCI\u015aNIENIA 1\/8 200-950 mbar 42V NO SUCO"},"content":{"rendered":"<p>&nbsp;<\/p>\n<h1>Czujnik podci\u015bnienia<\/h1>\n<p>Oferta przedstawia czujnik ci\u015bnienie jednego z najwi\u0119kszych producent\u00f3w na \u015bwiecie. Suco to niemiecka precyzja i wysoka jako\u015b\u0107 w konkurencyjnych cenach. Posiadamy bogat\u0105 ofert\u0119 normalnie otwartych (NO) oraz normalnie zamkni\u0119tych (NC) czujnik\u00f3w ci\u015bnienia o napi\u0119ciu zasilania do 260 V. Klient posiada mo\u017cliwo\u015b\u0107 wyboru dowolnego z czujnik\u00f3w o budowie membranowej lub t\u0142okowej, w zakresie nastawialnych ci\u015bnie\u0144 0-600 bar.<\/p>\n<p>&#8211; Seria: 151<\/p>\n<p>&#8211; Producent: suco<\/p>\n<p>&#8211; Typ styk\u00f3w: NO<\/p>\n<p>&#8211; Zakres nastawy: 200-950 mbar<\/p>\n<p>&#8211; Materia\u0142 obudowy: mosi\u0105dz<\/p>\n<p>&#8211; Przy\u0142\u0105cze gwintowane: 1\/8&#8243; wewn\u0119trzny<\/p>\n<p>&#8211; Materia\u0142 membrany: FKM<\/p>\n<p>&#8211; Tolerancja : 100 mBar<\/p>\n<p>&#8211; Temperatura -40 \u00b0C \u2013 +100 \u00b0C<\/p>\n<p>&#8211; Regulacja nastawy w podanym zakresie M3<\/p>\n<p>&#8211; Napi\u0119cie: 42V<\/p>\n<p>&#8211; Certyfikat: Rohs<\/p>\n<p>&#8211; Stopie\u0144 ochrony: IP65 \/ IP64<\/p>\n<p>&nbsp;<\/p>\n","protected":false},"excerpt":{"rendered":"<p>&nbsp; Czujnik podci\u015bnienia Oferta przedstawia czujnik ci\u015bnienie jednego z najwi\u0119kszych producent\u00f3w na \u015bwiecie. Suco to niemiecka precyzja i wysoka jako\u015b\u0107 w konkurencyjnych cenach. Posiadamy bogat\u0105 ofert\u0119 normalnie otwartych (NO) oraz normalnie zamkni\u0119tych (NC) czujnik\u00f3w ci\u015bnienia o napi\u0119ciu zasilania do 260 V. Klient posiada mo\u017cliwo\u015b\u0107 wyboru dowolnego z czujnik\u00f3w o budowie membranowej lub t\u0142okowej, w zakresie [&hellip;]<\/p>\n","protected":false},"featured_media":1487,"comment_status":"closed","ping_status":"closed","template":"","meta":[],"product_brand":[64],"product_cat":[48],"product_tag":[],"class_list":{"0":"post-940","1":"product","2":"type-product","3":"status-publish","4":"has-post-thumbnail","6":"product_brand-suco","7":"product_cat-pneumatyka-121447","9":"first","10":"instock","11":"taxable","12":"shipping-taxable","13":"purchasable","14":"product-type-simple"},"yoast_head":"<!-- This site is optimized with the Yoast SEO plugin v27.0 - https:\/\/yoast.com\/product\/yoast-seo-wordpress\/ -->\n<title>CZUJNIK PODCI\u015aNIENIA 1\/8 200-950 mbar 42V NO SUCO - EMER Polska<\/title>\n<meta name=\"robots\" content=\"index, follow, max-snippet:-1, max-image-preview:large, max-video-preview:-1\" \/>\n<link rel=\"canonical\" href=\"https:\/\/emerpolska.pl\/index.php\/produkt\/czujnik-podcisnienia-1-8-200-950-mbar-42v-no-suco\/\" \/>\n<meta property=\"og:locale\" content=\"pl_PL\" \/>\n<meta property=\"og:type\" content=\"article\" \/>\n<meta property=\"og:title\" content=\"CZUJNIK PODCI\u015aNIENIA 1\/8 200-950 mbar 42V NO SUCO - EMER Polska\" \/>\n<meta property=\"og:description\" content=\"&nbsp; Czujnik podci\u015bnienia Oferta przedstawia czujnik ci\u015bnienie jednego z najwi\u0119kszych producent\u00f3w na \u015bwiecie. Suco to niemiecka precyzja i wysoka jako\u015b\u0107 w konkurencyjnych cenach. Posiadamy bogat\u0105 ofert\u0119 normalnie otwartych (NO) oraz normalnie zamkni\u0119tych (NC) czujnik\u00f3w ci\u015bnienia o napi\u0119ciu zasilania do 260 V. Klient posiada mo\u017cliwo\u015b\u0107 wyboru dowolnego z czujnik\u00f3w o budowie membranowej lub t\u0142okowej, w zakresie [&hellip;]\" \/>\n<meta property=\"og:url\" content=\"https:\/\/emerpolska.pl\/index.php\/produkt\/czujnik-podcisnienia-1-8-200-950-mbar-42v-no-suco\/\" \/>\n<meta property=\"og:site_name\" content=\"EMER Polska\" \/>\n<meta property=\"article:modified_time\" content=\"2025-07-29T11:14:37+00:00\" \/>\n<meta property=\"og:image\" content=\"https:\/\/emerpolska.pl\/wp-content\/uploads\/2025\/07\/vacuum-switches-scuo.jpg\" \/>\n\t<meta property=\"og:image:width\" content=\"374\" \/>\n\t<meta property=\"og:image:height\" content=\"750\" \/>\n\t<meta property=\"og:image:type\" content=\"image\/jpeg\" \/>\n<meta name=\"twitter:card\" content=\"summary_large_image\" \/>\n<meta name=\"twitter:label1\" content=\"Szacowany czas czytania\" \/>\n\t<meta name=\"twitter:data1\" content=\"1 minuta\" \/>\n<script type=\"application\/ld+json\" class=\"yoast-schema-graph\">{\"@context\":\"https:\/\/schema.org\",\"@graph\":[{\"@type\":\"WebPage\",\"@id\":\"https:\/\/emerpolska.pl\/index.php\/produkt\/czujnik-podcisnienia-1-8-200-950-mbar-42v-no-suco\/\",\"url\":\"https:\/\/emerpolska.pl\/index.php\/produkt\/czujnik-podcisnienia-1-8-200-950-mbar-42v-no-suco\/\",\"name\":\"CZUJNIK PODCI\u015aNIENIA 1\/8 200-950 mbar 42V NO SUCO - EMER Polska\",\"isPartOf\":{\"@id\":\"https:\/\/emerpolska.pl\/#website\"},\"primaryImageOfPage\":{\"@id\":\"https:\/\/emerpolska.pl\/index.php\/produkt\/czujnik-podcisnienia-1-8-200-950-mbar-42v-no-suco\/#primaryimage\"},\"image\":{\"@id\":\"https:\/\/emerpolska.pl\/index.php\/produkt\/czujnik-podcisnienia-1-8-200-950-mbar-42v-no-suco\/#primaryimage\"},\"thumbnailUrl\":\"https:\/\/emerpolska.pl\/wp-content\/uploads\/2025\/07\/vacuum-switches-scuo.jpg\",\"datePublished\":\"2025-07-24T21:20:34+00:00\",\"dateModified\":\"2025-07-29T11:14:37+00:00\",\"breadcrumb\":{\"@id\":\"https:\/\/emerpolska.pl\/index.php\/produkt\/czujnik-podcisnienia-1-8-200-950-mbar-42v-no-suco\/#breadcrumb\"},\"inLanguage\":\"pl-PL\",\"potentialAction\":[{\"@type\":\"ReadAction\",\"target\":[\"https:\/\/emerpolska.pl\/index.php\/produkt\/czujnik-podcisnienia-1-8-200-950-mbar-42v-no-suco\/\"]}]},{\"@type\":\"ImageObject\",\"inLanguage\":\"pl-PL\",\"@id\":\"https:\/\/emerpolska.pl\/index.php\/produkt\/czujnik-podcisnienia-1-8-200-950-mbar-42v-no-suco\/#primaryimage\",\"url\":\"https:\/\/emerpolska.pl\/wp-content\/uploads\/2025\/07\/vacuum-switches-scuo.jpg\",\"contentUrl\":\"https:\/\/emerpolska.pl\/wp-content\/uploads\/2025\/07\/vacuum-switches-scuo.jpg\",\"width\":374,\"height\":750},{\"@type\":\"BreadcrumbList\",\"@id\":\"https:\/\/emerpolska.pl\/index.php\/produkt\/czujnik-podcisnienia-1-8-200-950-mbar-42v-no-suco\/#breadcrumb\",\"itemListElement\":[{\"@type\":\"ListItem\",\"position\":1,\"name\":\"Strona g\u0142\u00f3wna\",\"item\":\"https:\/\/emerpolska.pl\/\"},{\"@type\":\"ListItem\",\"position\":2,\"name\":\"Jeste\u015bmy w przygotowaniu. Ju\u017c wkr\u00f3tce.\",\"item\":\"https:\/\/emerpolska.pl\/index.php\/shop\/\"},{\"@type\":\"ListItem\",\"position\":3,\"name\":\"CZUJNIK PODCI\u015aNIENIA 1\/8 200-950 mbar 42V NO SUCO\"}]},{\"@type\":\"WebSite\",\"@id\":\"https:\/\/emerpolska.pl\/#website\",\"url\":\"https:\/\/emerpolska.pl\/\",\"name\":\"EMER Polska\",\"description\":\"Centrum Pneumatyki i Automatyki\",\"publisher\":{\"@id\":\"https:\/\/emerpolska.pl\/#organization\"},\"potentialAction\":[{\"@type\":\"SearchAction\",\"target\":{\"@type\":\"EntryPoint\",\"urlTemplate\":\"https:\/\/emerpolska.pl\/?s={search_term_string}\"},\"query-input\":{\"@type\":\"PropertyValueSpecification\",\"valueRequired\":true,\"valueName\":\"search_term_string\"}}],\"inLanguage\":\"pl-PL\"},{\"@type\":\"Organization\",\"@id\":\"https:\/\/emerpolska.pl\/#organization\",\"name\":\"EMER Polska\",\"url\":\"https:\/\/emerpolska.pl\/\",\"logo\":{\"@type\":\"ImageObject\",\"inLanguage\":\"pl-PL\",\"@id\":\"https:\/\/emerpolska.pl\/#\/schema\/logo\/image\/\",\"url\":\"https:\/\/emerpolska.pl\/wp-content\/uploads\/2025\/07\/logo.jpg\",\"contentUrl\":\"https:\/\/emerpolska.pl\/wp-content\/uploads\/2025\/07\/logo.jpg\",\"width\":1021,\"height\":362,\"caption\":\"EMER Polska\"},\"image\":{\"@id\":\"https:\/\/emerpolska.pl\/#\/schema\/logo\/image\/\"}}]}<\/script>\n<!-- \/ Yoast SEO plugin. -->","yoast_head_json":{"title":"CZUJNIK PODCI\u015aNIENIA 1\/8 200-950 mbar 42V NO SUCO - EMER Polska","robots":{"index":"index","follow":"follow","max-snippet":"max-snippet:-1","max-image-preview":"max-image-preview:large","max-video-preview":"max-video-preview:-1"},"canonical":"https:\/\/emerpolska.pl\/index.php\/produkt\/czujnik-podcisnienia-1-8-200-950-mbar-42v-no-suco\/","og_locale":"pl_PL","og_type":"article","og_title":"CZUJNIK PODCI\u015aNIENIA 1\/8 200-950 mbar 42V NO SUCO - EMER Polska","og_description":"&nbsp; Czujnik podci\u015bnienia Oferta przedstawia czujnik ci\u015bnienie jednego z najwi\u0119kszych producent\u00f3w na \u015bwiecie. Suco to niemiecka precyzja i wysoka jako\u015b\u0107 w konkurencyjnych cenach. Posiadamy bogat\u0105 ofert\u0119 normalnie otwartych (NO) oraz normalnie zamkni\u0119tych (NC) czujnik\u00f3w ci\u015bnienia o napi\u0119ciu zasilania do 260 V. Klient posiada mo\u017cliwo\u015b\u0107 wyboru dowolnego z czujnik\u00f3w o budowie membranowej lub t\u0142okowej, w zakresie [&hellip;]","og_url":"https:\/\/emerpolska.pl\/index.php\/produkt\/czujnik-podcisnienia-1-8-200-950-mbar-42v-no-suco\/","og_site_name":"EMER Polska","article_modified_time":"2025-07-29T11:14:37+00:00","og_image":[{"width":374,"height":750,"url":"https:\/\/emerpolska.pl\/wp-content\/uploads\/2025\/07\/vacuum-switches-scuo.jpg","type":"image\/jpeg"}],"twitter_card":"summary_large_image","twitter_misc":{"Szacowany czas czytania":"1 minuta"},"schema":{"@context":"https:\/\/schema.org","@graph":[{"@type":"WebPage","@id":"https:\/\/emerpolska.pl\/index.php\/produkt\/czujnik-podcisnienia-1-8-200-950-mbar-42v-no-suco\/","url":"https:\/\/emerpolska.pl\/index.php\/produkt\/czujnik-podcisnienia-1-8-200-950-mbar-42v-no-suco\/","name":"CZUJNIK PODCI\u015aNIENIA 1\/8 200-950 mbar 42V NO SUCO - EMER Polska","isPartOf":{"@id":"https:\/\/emerpolska.pl\/#website"},"primaryImageOfPage":{"@id":"https:\/\/emerpolska.pl\/index.php\/produkt\/czujnik-podcisnienia-1-8-200-950-mbar-42v-no-suco\/#primaryimage"},"image":{"@id":"https:\/\/emerpolska.pl\/index.php\/produkt\/czujnik-podcisnienia-1-8-200-950-mbar-42v-no-suco\/#primaryimage"},"thumbnailUrl":"https:\/\/emerpolska.pl\/wp-content\/uploads\/2025\/07\/vacuum-switches-scuo.jpg","datePublished":"2025-07-24T21:20:34+00:00","dateModified":"2025-07-29T11:14:37+00:00","breadcrumb":{"@id":"https:\/\/emerpolska.pl\/index.php\/produkt\/czujnik-podcisnienia-1-8-200-950-mbar-42v-no-suco\/#breadcrumb"},"inLanguage":"pl-PL","potentialAction":[{"@type":"ReadAction","target":["https:\/\/emerpolska.pl\/index.php\/produkt\/czujnik-podcisnienia-1-8-200-950-mbar-42v-no-suco\/"]}]},{"@type":"ImageObject","inLanguage":"pl-PL","@id":"https:\/\/emerpolska.pl\/index.php\/produkt\/czujnik-podcisnienia-1-8-200-950-mbar-42v-no-suco\/#primaryimage","url":"https:\/\/emerpolska.pl\/wp-content\/uploads\/2025\/07\/vacuum-switches-scuo.jpg","contentUrl":"https:\/\/emerpolska.pl\/wp-content\/uploads\/2025\/07\/vacuum-switches-scuo.jpg","width":374,"height":750},{"@type":"BreadcrumbList","@id":"https:\/\/emerpolska.pl\/index.php\/produkt\/czujnik-podcisnienia-1-8-200-950-mbar-42v-no-suco\/#breadcrumb","itemListElement":[{"@type":"ListItem","position":1,"name":"Strona g\u0142\u00f3wna","item":"https:\/\/emerpolska.pl\/"},{"@type":"ListItem","position":2,"name":"Jeste\u015bmy w przygotowaniu. Ju\u017c wkr\u00f3tce.","item":"https:\/\/emerpolska.pl\/index.php\/shop\/"},{"@type":"ListItem","position":3,"name":"CZUJNIK PODCI\u015aNIENIA 1\/8 200-950 mbar 42V NO SUCO"}]},{"@type":"WebSite","@id":"https:\/\/emerpolska.pl\/#website","url":"https:\/\/emerpolska.pl\/","name":"EMER Polska","description":"Centrum Pneumatyki i Automatyki","publisher":{"@id":"https:\/\/emerpolska.pl\/#organization"},"potentialAction":[{"@type":"SearchAction","target":{"@type":"EntryPoint","urlTemplate":"https:\/\/emerpolska.pl\/?s={search_term_string}"},"query-input":{"@type":"PropertyValueSpecification","valueRequired":true,"valueName":"search_term_string"}}],"inLanguage":"pl-PL"},{"@type":"Organization","@id":"https:\/\/emerpolska.pl\/#organization","name":"EMER Polska","url":"https:\/\/emerpolska.pl\/","logo":{"@type":"ImageObject","inLanguage":"pl-PL","@id":"https:\/\/emerpolska.pl\/#\/schema\/logo\/image\/","url":"https:\/\/emerpolska.pl\/wp-content\/uploads\/2025\/07\/logo.jpg","contentUrl":"https:\/\/emerpolska.pl\/wp-content\/uploads\/2025\/07\/logo.jpg","width":1021,"height":362,"caption":"EMER Polska"},"image":{"@id":"https:\/\/emerpolska.pl\/#\/schema\/logo\/image\/"}}]}},"_links":{"self":[{"href":"https:\/\/emerpolska.pl\/index.php\/wp-json\/wp\/v2\/product\/940","targetHints":{"allow":["GET"]}}],"collection":[{"href":"https:\/\/emerpolska.pl\/index.php\/wp-json\/wp\/v2\/product"}],"about":[{"href":"https:\/\/emerpolska.pl\/index.php\/wp-json\/wp\/v2\/types\/product"}],"replies":[{"embeddable":true,"href":"https:\/\/emerpolska.pl\/index.php\/wp-json\/wp\/v2\/comments?post=940"}],"wp:featuredmedia":[{"embeddable":true,"href":"https:\/\/emerpolska.pl\/index.php\/wp-json\/wp\/v2\/media\/1487"}],"wp:attachment":[{"href":"https:\/\/emerpolska.pl\/index.php\/wp-json\/wp\/v2\/media?parent=940"}],"wp:term":[{"taxonomy":"product_brand","embeddable":true,"href":"https:\/\/emerpolska.pl\/index.php\/wp-json\/wp\/v2\/product_brand?post=940"},{"taxonomy":"product_cat","embeddable":true,"href":"https:\/\/emerpolska.pl\/index.php\/wp-json\/wp\/v2\/product_cat?post=940"},{"taxonomy":"product_tag","embeddable":true,"href":"https:\/\/emerpolska.pl\/index.php\/wp-json\/wp\/v2\/product_tag?post=940"}],"curies":[{"name":"wp","href":"https:\/\/api.w.org\/{rel}","templated":true}]}}