{"id":962,"date":"2025-07-24T23:20:43","date_gmt":"2025-07-24T21:20:43","guid":{"rendered":"https:\/\/emerpolska.pl\/index.php\/produkt\/zawor-skosny-katowy-2-nc-z-silownikiem-aisi316\/"},"modified":"2025-07-24T23:20:43","modified_gmt":"2025-07-24T21:20:43","slug":"zawor-skosny-katowy-2-nc-z-silownikiem-aisi316","status":"publish","type":"product","link":"https:\/\/emerpolska.pl\/index.php\/produkt\/zawor-skosny-katowy-2-nc-z-silownikiem-aisi316\/","title":{"rendered":"Zaw\u00f3r sko\u015bny k\u0105towy 2 NC z si\u0142ownikiem AISI316"},"content":{"rendered":"<p>{&#8222;sections&#8221;:[{&#8222;items&#8221;:[{&#8222;type&#8221;:&#8221;TEXT&#8221;,&#8221;content&#8221;:&#8221;<\/p>\n<h1>Zaw\u00f3r sko\u015bny<\/h1>\n<p>Model: EAV-SS-50-63-A<\/p>\n<p>Przy\u0142\u0105cze: 2&#8243;<\/p>\n<p>Funkcja : NC pojedy\u0144cze dzia\u0142anie.<\/p>\n<p>\u015arednica t\u0142oka: 63 mm<\/p>\n<p>\u015arednica nominalna: 45 mm<\/p>\n<p>Wsp\u00f3\u0142. Kv [m\u00b3\/h] :60,7<\/p>\n<p>Maksymalne ci\u015bnienie robocze: 16 bar<\/p>\n<p>Dopuszczalna r\u00f3\u017cnica ci\u015bnie\u0144: 0-16 bar<\/p>\n<p>Ci\u015bnienie steruj\u0105ce: 3-7 bar<\/p>\n<p>Materia\u0142 korpusu: AISI316,<\/p>\n<p>Materia\u0142 si\u0142ownika: AISI304<\/p>\n<p>Uszczelnienie zaworu: PTFE<\/p>\n<p>Uszczelnienie t\u0142oka: VITON<\/p>\n<p>Temperatura medium: PTFE :-10\u00b0C \u00f7 +180\u00b0C<\/p>\n<p>Temperatura otoczenia: -10\u00b0C \u00f7 +80\u00b0C<\/p>\n<p>Lepko\u015b\u0107 maksymalnie 600 mm2 \/sek.<\/p>\n<p>Medium: woda, ciecze, gazy oboj\u0119tne, para wodna (180\u00b0C), gazy i ciecze o ma\u0142ej agresywno\u015bci<\/p>\n<p>Medium steruj\u0105ce: powietrze, gaz oboj\u0119tny<\/p>\n<p>Pozycja monta\u017cowa: dowolna<\/p>\n<p>&#8222;},{&#8222;type&#8221;:&#8221;IMAGE&#8221;,&#8221;url&#8221;:&#8221;https:\/\/a.allegroimg.com\/original\/11d0ef\/b025bbb54ce0b1b6783a94ab3d98&#8243;}]}]}<\/p>\n","protected":false},"excerpt":{"rendered":"<p>{&#8222;sections&#8221;:[{&#8222;items&#8221;:[{&#8222;type&#8221;:&#8221;TEXT&#8221;,&#8221;content&#8221;:&#8221; Zaw\u00f3r sko\u015bny Model: EAV-SS-50-63-A Przy\u0142\u0105cze: 2&#8243; Funkcja : NC pojedy\u0144cze dzia\u0142anie. \u015arednica t\u0142oka: 63 mm \u015arednica nominalna: 45 mm Wsp\u00f3\u0142. Kv [m\u00b3\/h] :60,7 Maksymalne ci\u015bnienie robocze: 16 bar Dopuszczalna r\u00f3\u017cnica ci\u015bnie\u0144: 0-16 bar Ci\u015bnienie steruj\u0105ce: 3-7 bar Materia\u0142 korpusu: AISI316, Materia\u0142 si\u0142ownika: AISI304 Uszczelnienie zaworu: PTFE Uszczelnienie t\u0142oka: VITON Temperatura medium: PTFE :-10\u00b0C \u00f7 [&hellip;]<\/p>\n","protected":false},"featured_media":0,"comment_status":"open","ping_status":"closed","template":"","meta":[],"product_brand":[62],"product_cat":[48],"product_tag":[],"class_list":{"0":"post-962","1":"product","2":"type-product","3":"status-publish","5":"product_brand-tekma","6":"product_cat-pneumatyka-121447","8":"first","9":"instock","10":"taxable","11":"shipping-taxable","12":"purchasable","13":"product-type-simple"},"yoast_head":"<!-- This site is optimized with the Yoast SEO plugin v27.0 - https:\/\/yoast.com\/product\/yoast-seo-wordpress\/ -->\n<title>Zaw\u00f3r sko\u015bny k\u0105towy 2 NC z si\u0142ownikiem AISI316 - EMER Polska<\/title>\n<meta name=\"robots\" content=\"index, follow, max-snippet:-1, max-image-preview:large, max-video-preview:-1\" \/>\n<link rel=\"canonical\" href=\"https:\/\/emerpolska.pl\/index.php\/produkt\/zawor-skosny-katowy-2-nc-z-silownikiem-aisi316\/\" \/>\n<meta property=\"og:locale\" content=\"pl_PL\" \/>\n<meta property=\"og:type\" content=\"article\" \/>\n<meta property=\"og:title\" content=\"Zaw\u00f3r sko\u015bny k\u0105towy 2 NC z si\u0142ownikiem AISI316 - EMER Polska\" \/>\n<meta property=\"og:description\" content=\"{&#8222;sections&#8221;:[{&#8222;items&#8221;:[{&#8222;type&#8221;:&#8221;TEXT&#8221;,&#8221;content&#8221;:&#8221; Zaw\u00f3r sko\u015bny Model: EAV-SS-50-63-A Przy\u0142\u0105cze: 2&#8243; Funkcja : NC pojedy\u0144cze dzia\u0142anie. \u015arednica t\u0142oka: 63 mm \u015arednica nominalna: 45 mm Wsp\u00f3\u0142. Kv [m\u00b3\/h] :60,7 Maksymalne ci\u015bnienie robocze: 16 bar Dopuszczalna r\u00f3\u017cnica ci\u015bnie\u0144: 0-16 bar Ci\u015bnienie steruj\u0105ce: 3-7 bar Materia\u0142 korpusu: AISI316, Materia\u0142 si\u0142ownika: AISI304 Uszczelnienie zaworu: PTFE Uszczelnienie t\u0142oka: VITON Temperatura medium: PTFE :-10\u00b0C \u00f7 [&hellip;]\" \/>\n<meta property=\"og:url\" content=\"https:\/\/emerpolska.pl\/index.php\/produkt\/zawor-skosny-katowy-2-nc-z-silownikiem-aisi316\/\" \/>\n<meta property=\"og:site_name\" content=\"EMER Polska\" \/>\n<meta name=\"twitter:card\" content=\"summary_large_image\" \/>\n<meta name=\"twitter:label1\" content=\"Szacowany czas czytania\" \/>\n\t<meta name=\"twitter:data1\" content=\"1 minuta\" \/>\n<script type=\"application\/ld+json\" class=\"yoast-schema-graph\">{\"@context\":\"https:\/\/schema.org\",\"@graph\":[{\"@type\":\"WebPage\",\"@id\":\"https:\/\/emerpolska.pl\/index.php\/produkt\/zawor-skosny-katowy-2-nc-z-silownikiem-aisi316\/\",\"url\":\"https:\/\/emerpolska.pl\/index.php\/produkt\/zawor-skosny-katowy-2-nc-z-silownikiem-aisi316\/\",\"name\":\"Zaw\u00f3r sko\u015bny k\u0105towy 2 NC z si\u0142ownikiem AISI316 - EMER Polska\",\"isPartOf\":{\"@id\":\"https:\/\/emerpolska.pl\/#website\"},\"datePublished\":\"2025-07-24T21:20:43+00:00\",\"breadcrumb\":{\"@id\":\"https:\/\/emerpolska.pl\/index.php\/produkt\/zawor-skosny-katowy-2-nc-z-silownikiem-aisi316\/#breadcrumb\"},\"inLanguage\":\"pl-PL\",\"potentialAction\":[{\"@type\":\"ReadAction\",\"target\":[\"https:\/\/emerpolska.pl\/index.php\/produkt\/zawor-skosny-katowy-2-nc-z-silownikiem-aisi316\/\"]}]},{\"@type\":\"BreadcrumbList\",\"@id\":\"https:\/\/emerpolska.pl\/index.php\/produkt\/zawor-skosny-katowy-2-nc-z-silownikiem-aisi316\/#breadcrumb\",\"itemListElement\":[{\"@type\":\"ListItem\",\"position\":1,\"name\":\"Strona g\u0142\u00f3wna\",\"item\":\"https:\/\/emerpolska.pl\/\"},{\"@type\":\"ListItem\",\"position\":2,\"name\":\"Jeste\u015bmy w przygotowaniu. Ju\u017c wkr\u00f3tce.\",\"item\":\"https:\/\/emerpolska.pl\/index.php\/shop\/\"},{\"@type\":\"ListItem\",\"position\":3,\"name\":\"Zaw\u00f3r sko\u015bny k\u0105towy 2 NC z si\u0142ownikiem AISI316\"}]},{\"@type\":\"WebSite\",\"@id\":\"https:\/\/emerpolska.pl\/#website\",\"url\":\"https:\/\/emerpolska.pl\/\",\"name\":\"EMER Polska\",\"description\":\"Centrum Pneumatyki i Automatyki\",\"publisher\":{\"@id\":\"https:\/\/emerpolska.pl\/#organization\"},\"potentialAction\":[{\"@type\":\"SearchAction\",\"target\":{\"@type\":\"EntryPoint\",\"urlTemplate\":\"https:\/\/emerpolska.pl\/?s={search_term_string}\"},\"query-input\":{\"@type\":\"PropertyValueSpecification\",\"valueRequired\":true,\"valueName\":\"search_term_string\"}}],\"inLanguage\":\"pl-PL\"},{\"@type\":\"Organization\",\"@id\":\"https:\/\/emerpolska.pl\/#organization\",\"name\":\"EMER Polska\",\"url\":\"https:\/\/emerpolska.pl\/\",\"logo\":{\"@type\":\"ImageObject\",\"inLanguage\":\"pl-PL\",\"@id\":\"https:\/\/emerpolska.pl\/#\/schema\/logo\/image\/\",\"url\":\"https:\/\/emerpolska.pl\/wp-content\/uploads\/2025\/07\/logo.jpg\",\"contentUrl\":\"https:\/\/emerpolska.pl\/wp-content\/uploads\/2025\/07\/logo.jpg\",\"width\":1021,\"height\":362,\"caption\":\"EMER Polska\"},\"image\":{\"@id\":\"https:\/\/emerpolska.pl\/#\/schema\/logo\/image\/\"}}]}<\/script>\n<!-- \/ Yoast SEO plugin. -->","yoast_head_json":{"title":"Zaw\u00f3r sko\u015bny k\u0105towy 2 NC z si\u0142ownikiem AISI316 - EMER Polska","robots":{"index":"index","follow":"follow","max-snippet":"max-snippet:-1","max-image-preview":"max-image-preview:large","max-video-preview":"max-video-preview:-1"},"canonical":"https:\/\/emerpolska.pl\/index.php\/produkt\/zawor-skosny-katowy-2-nc-z-silownikiem-aisi316\/","og_locale":"pl_PL","og_type":"article","og_title":"Zaw\u00f3r sko\u015bny k\u0105towy 2 NC z si\u0142ownikiem AISI316 - EMER Polska","og_description":"{&#8222;sections&#8221;:[{&#8222;items&#8221;:[{&#8222;type&#8221;:&#8221;TEXT&#8221;,&#8221;content&#8221;:&#8221; Zaw\u00f3r sko\u015bny Model: EAV-SS-50-63-A Przy\u0142\u0105cze: 2&#8243; Funkcja : NC pojedy\u0144cze dzia\u0142anie. \u015arednica t\u0142oka: 63 mm \u015arednica nominalna: 45 mm Wsp\u00f3\u0142. Kv [m\u00b3\/h] :60,7 Maksymalne ci\u015bnienie robocze: 16 bar Dopuszczalna r\u00f3\u017cnica ci\u015bnie\u0144: 0-16 bar Ci\u015bnienie steruj\u0105ce: 3-7 bar Materia\u0142 korpusu: AISI316, Materia\u0142 si\u0142ownika: AISI304 Uszczelnienie zaworu: PTFE Uszczelnienie t\u0142oka: VITON Temperatura medium: PTFE :-10\u00b0C \u00f7 [&hellip;]","og_url":"https:\/\/emerpolska.pl\/index.php\/produkt\/zawor-skosny-katowy-2-nc-z-silownikiem-aisi316\/","og_site_name":"EMER Polska","twitter_card":"summary_large_image","twitter_misc":{"Szacowany czas czytania":"1 minuta"},"schema":{"@context":"https:\/\/schema.org","@graph":[{"@type":"WebPage","@id":"https:\/\/emerpolska.pl\/index.php\/produkt\/zawor-skosny-katowy-2-nc-z-silownikiem-aisi316\/","url":"https:\/\/emerpolska.pl\/index.php\/produkt\/zawor-skosny-katowy-2-nc-z-silownikiem-aisi316\/","name":"Zaw\u00f3r sko\u015bny k\u0105towy 2 NC z si\u0142ownikiem AISI316 - EMER Polska","isPartOf":{"@id":"https:\/\/emerpolska.pl\/#website"},"datePublished":"2025-07-24T21:20:43+00:00","breadcrumb":{"@id":"https:\/\/emerpolska.pl\/index.php\/produkt\/zawor-skosny-katowy-2-nc-z-silownikiem-aisi316\/#breadcrumb"},"inLanguage":"pl-PL","potentialAction":[{"@type":"ReadAction","target":["https:\/\/emerpolska.pl\/index.php\/produkt\/zawor-skosny-katowy-2-nc-z-silownikiem-aisi316\/"]}]},{"@type":"BreadcrumbList","@id":"https:\/\/emerpolska.pl\/index.php\/produkt\/zawor-skosny-katowy-2-nc-z-silownikiem-aisi316\/#breadcrumb","itemListElement":[{"@type":"ListItem","position":1,"name":"Strona g\u0142\u00f3wna","item":"https:\/\/emerpolska.pl\/"},{"@type":"ListItem","position":2,"name":"Jeste\u015bmy w przygotowaniu. Ju\u017c wkr\u00f3tce.","item":"https:\/\/emerpolska.pl\/index.php\/shop\/"},{"@type":"ListItem","position":3,"name":"Zaw\u00f3r sko\u015bny k\u0105towy 2 NC z si\u0142ownikiem AISI316"}]},{"@type":"WebSite","@id":"https:\/\/emerpolska.pl\/#website","url":"https:\/\/emerpolska.pl\/","name":"EMER Polska","description":"Centrum Pneumatyki i Automatyki","publisher":{"@id":"https:\/\/emerpolska.pl\/#organization"},"potentialAction":[{"@type":"SearchAction","target":{"@type":"EntryPoint","urlTemplate":"https:\/\/emerpolska.pl\/?s={search_term_string}"},"query-input":{"@type":"PropertyValueSpecification","valueRequired":true,"valueName":"search_term_string"}}],"inLanguage":"pl-PL"},{"@type":"Organization","@id":"https:\/\/emerpolska.pl\/#organization","name":"EMER Polska","url":"https:\/\/emerpolska.pl\/","logo":{"@type":"ImageObject","inLanguage":"pl-PL","@id":"https:\/\/emerpolska.pl\/#\/schema\/logo\/image\/","url":"https:\/\/emerpolska.pl\/wp-content\/uploads\/2025\/07\/logo.jpg","contentUrl":"https:\/\/emerpolska.pl\/wp-content\/uploads\/2025\/07\/logo.jpg","width":1021,"height":362,"caption":"EMER Polska"},"image":{"@id":"https:\/\/emerpolska.pl\/#\/schema\/logo\/image\/"}}]}},"_links":{"self":[{"href":"https:\/\/emerpolska.pl\/index.php\/wp-json\/wp\/v2\/product\/962","targetHints":{"allow":["GET"]}}],"collection":[{"href":"https:\/\/emerpolska.pl\/index.php\/wp-json\/wp\/v2\/product"}],"about":[{"href":"https:\/\/emerpolska.pl\/index.php\/wp-json\/wp\/v2\/types\/product"}],"replies":[{"embeddable":true,"href":"https:\/\/emerpolska.pl\/index.php\/wp-json\/wp\/v2\/comments?post=962"}],"wp:attachment":[{"href":"https:\/\/emerpolska.pl\/index.php\/wp-json\/wp\/v2\/media?parent=962"}],"wp:term":[{"taxonomy":"product_brand","embeddable":true,"href":"https:\/\/emerpolska.pl\/index.php\/wp-json\/wp\/v2\/product_brand?post=962"},{"taxonomy":"product_cat","embeddable":true,"href":"https:\/\/emerpolska.pl\/index.php\/wp-json\/wp\/v2\/product_cat?post=962"},{"taxonomy":"product_tag","embeddable":true,"href":"https:\/\/emerpolska.pl\/index.php\/wp-json\/wp\/v2\/product_tag?post=962"}],"curies":[{"name":"wp","href":"https:\/\/api.w.org\/{rel}","templated":true}]}}