{"id":975,"date":"2025-07-24T23:20:49","date_gmt":"2025-07-24T21:20:49","guid":{"rendered":"https:\/\/emerpolska.pl\/index.php\/produkt\/zawor-pneumatyczny-3-2-1-4-camozzi-334-035\/"},"modified":"2025-07-24T23:20:49","modified_gmt":"2025-07-24T21:20:49","slug":"zawor-pneumatyczny-3-2-1-4-camozzi-334-035","status":"publish","type":"product","link":"https:\/\/emerpolska.pl\/index.php\/produkt\/zawor-pneumatyczny-3-2-1-4-camozzi-334-035\/","title":{"rendered":"Zaw\u00f3r pneumatyczny 3\/2 1\/4 camozzi 334-035"},"content":{"rendered":"<p>{&#8222;sections&#8221;:[{&#8222;items&#8221;:[{&#8222;type&#8221;:&#8221;TEXT&#8221;,&#8221;content&#8221;:&#8221;<\/p>\n<h1>ZAW\u00d3R 3\/2 1\/4&#8243;<\/h1>\n<p>Zaw\u00f3r pneumatyczny 3\/2 monostabilny  to jeden z najcz\u0119\u015bciej stosowanych w technice spr\u0119\u017conego powietrza. Zawory camozzi charakteryzuj\u0105 si\u0119 dobr\u0105 jako\u015bci\u0105 w bardzo rozs\u0105dnej cenie. Stosuj\u0105c filtrowane powietrze charakteryzuj\u0105 si\u0119 d\u0142ug\u0105 \u017cywotno\u015bci\u0105.<\/p>\n<p>&#8211; producent camozzi: 334-035<\/p>\n<p>&#8211; zaw\u00f3r 3\/2 NC<\/p>\n<p>&#8211; rozmiar przy\u0142\u0105cza powietrza 1\/4&#8243;<\/p>\n<p>&#8211; zastosowanie do powietrza (powietrze filtrowane)<\/p>\n<p>&#8211; zaw\u00f3r monostabilny<\/p>\n<p>&#8211; minimalne ci\u015bnienie sterowania 3 bar<\/p>\n<p>&#8211; ci\u015bnienie pracy -0,9-10 bar<\/p>\n<p>&#8211; przep\u0142yw 1300 l\/m<\/p>\n<p>&#8211; zakres temperatur dla powietrza: 0\u00f7 +60\u00b0C (dla suchego -20\u00b0C)<\/p>\n<p>&#8211; konstrukcja: t\u0142oczkowa<\/p>\n<p>&#8211; materia\u0142: korpus \u2013 aluminium<\/p>\n<p>&#8211; t\u0142ok \u2013 stal nierdzewna<\/p>\n<p>&#8211; uszczelnienie \u2013 NBR<\/p>\n<p>&#8222;},{&#8222;type&#8221;:&#8221;IMAGE&#8221;,&#8221;url&#8221;:&#8221;https:\/\/a.allegroimg.com\/original\/11186a\/ee16d9504f9a91f3244d562af1e3&#8243;}]}]}<\/p>\n","protected":false},"excerpt":{"rendered":"<p>{&#8222;sections&#8221;:[{&#8222;items&#8221;:[{&#8222;type&#8221;:&#8221;TEXT&#8221;,&#8221;content&#8221;:&#8221; ZAW\u00d3R 3\/2 1\/4&#8243; Zaw\u00f3r pneumatyczny 3\/2 monostabilny to jeden z najcz\u0119\u015bciej stosowanych w technice spr\u0119\u017conego powietrza. Zawory camozzi charakteryzuj\u0105 si\u0119 dobr\u0105 jako\u015bci\u0105 w bardzo rozs\u0105dnej cenie. Stosuj\u0105c filtrowane powietrze charakteryzuj\u0105 si\u0119 d\u0142ug\u0105 \u017cywotno\u015bci\u0105. &#8211; producent camozzi: 334-035 &#8211; zaw\u00f3r 3\/2 NC &#8211; rozmiar przy\u0142\u0105cza powietrza 1\/4&#8243; &#8211; zastosowanie do powietrza (powietrze filtrowane) &#8211; zaw\u00f3r [&hellip;]<\/p>\n","protected":false},"featured_media":0,"comment_status":"open","ping_status":"closed","template":"","meta":[],"product_brand":[52],"product_cat":[48],"product_tag":[],"class_list":{"0":"post-975","1":"product","2":"type-product","3":"status-publish","5":"product_brand-camozzi","6":"product_cat-pneumatyka-121447","8":"first","9":"instock","10":"taxable","11":"shipping-taxable","12":"purchasable","13":"product-type-simple"},"yoast_head":"<!-- This site is optimized with the Yoast SEO plugin v27.0 - https:\/\/yoast.com\/product\/yoast-seo-wordpress\/ -->\n<title>Zaw\u00f3r pneumatyczny 3\/2 1\/4 camozzi 334-035 - EMER Polska<\/title>\n<meta name=\"robots\" content=\"index, follow, max-snippet:-1, max-image-preview:large, max-video-preview:-1\" \/>\n<link rel=\"canonical\" href=\"https:\/\/emerpolska.pl\/index.php\/produkt\/zawor-pneumatyczny-3-2-1-4-camozzi-334-035\/\" \/>\n<meta property=\"og:locale\" content=\"pl_PL\" \/>\n<meta property=\"og:type\" content=\"article\" \/>\n<meta property=\"og:title\" content=\"Zaw\u00f3r pneumatyczny 3\/2 1\/4 camozzi 334-035 - EMER Polska\" \/>\n<meta property=\"og:description\" content=\"{&#8222;sections&#8221;:[{&#8222;items&#8221;:[{&#8222;type&#8221;:&#8221;TEXT&#8221;,&#8221;content&#8221;:&#8221; ZAW\u00d3R 3\/2 1\/4&#8243; Zaw\u00f3r pneumatyczny 3\/2 monostabilny to jeden z najcz\u0119\u015bciej stosowanych w technice spr\u0119\u017conego powietrza. Zawory camozzi charakteryzuj\u0105 si\u0119 dobr\u0105 jako\u015bci\u0105 w bardzo rozs\u0105dnej cenie. Stosuj\u0105c filtrowane powietrze charakteryzuj\u0105 si\u0119 d\u0142ug\u0105 \u017cywotno\u015bci\u0105. &#8211; producent camozzi: 334-035 &#8211; zaw\u00f3r 3\/2 NC &#8211; rozmiar przy\u0142\u0105cza powietrza 1\/4&#8243; &#8211; zastosowanie do powietrza (powietrze filtrowane) &#8211; zaw\u00f3r [&hellip;]\" \/>\n<meta property=\"og:url\" content=\"https:\/\/emerpolska.pl\/index.php\/produkt\/zawor-pneumatyczny-3-2-1-4-camozzi-334-035\/\" \/>\n<meta property=\"og:site_name\" content=\"EMER Polska\" \/>\n<meta name=\"twitter:card\" content=\"summary_large_image\" \/>\n<meta name=\"twitter:label1\" content=\"Szacowany czas czytania\" \/>\n\t<meta name=\"twitter:data1\" content=\"1 minuta\" \/>\n<script type=\"application\/ld+json\" class=\"yoast-schema-graph\">{\"@context\":\"https:\/\/schema.org\",\"@graph\":[{\"@type\":\"WebPage\",\"@id\":\"https:\/\/emerpolska.pl\/index.php\/produkt\/zawor-pneumatyczny-3-2-1-4-camozzi-334-035\/\",\"url\":\"https:\/\/emerpolska.pl\/index.php\/produkt\/zawor-pneumatyczny-3-2-1-4-camozzi-334-035\/\",\"name\":\"Zaw\u00f3r pneumatyczny 3\/2 1\/4 camozzi 334-035 - EMER Polska\",\"isPartOf\":{\"@id\":\"https:\/\/emerpolska.pl\/#website\"},\"datePublished\":\"2025-07-24T21:20:49+00:00\",\"breadcrumb\":{\"@id\":\"https:\/\/emerpolska.pl\/index.php\/produkt\/zawor-pneumatyczny-3-2-1-4-camozzi-334-035\/#breadcrumb\"},\"inLanguage\":\"pl-PL\",\"potentialAction\":[{\"@type\":\"ReadAction\",\"target\":[\"https:\/\/emerpolska.pl\/index.php\/produkt\/zawor-pneumatyczny-3-2-1-4-camozzi-334-035\/\"]}]},{\"@type\":\"BreadcrumbList\",\"@id\":\"https:\/\/emerpolska.pl\/index.php\/produkt\/zawor-pneumatyczny-3-2-1-4-camozzi-334-035\/#breadcrumb\",\"itemListElement\":[{\"@type\":\"ListItem\",\"position\":1,\"name\":\"Strona g\u0142\u00f3wna\",\"item\":\"https:\/\/emerpolska.pl\/\"},{\"@type\":\"ListItem\",\"position\":2,\"name\":\"Jeste\u015bmy w przygotowaniu. Ju\u017c wkr\u00f3tce.\",\"item\":\"https:\/\/emerpolska.pl\/index.php\/shop\/\"},{\"@type\":\"ListItem\",\"position\":3,\"name\":\"Zaw\u00f3r pneumatyczny 3\/2 1\/4 camozzi 334-035\"}]},{\"@type\":\"WebSite\",\"@id\":\"https:\/\/emerpolska.pl\/#website\",\"url\":\"https:\/\/emerpolska.pl\/\",\"name\":\"EMER Polska\",\"description\":\"Centrum Pneumatyki i Automatyki\",\"publisher\":{\"@id\":\"https:\/\/emerpolska.pl\/#organization\"},\"potentialAction\":[{\"@type\":\"SearchAction\",\"target\":{\"@type\":\"EntryPoint\",\"urlTemplate\":\"https:\/\/emerpolska.pl\/?s={search_term_string}\"},\"query-input\":{\"@type\":\"PropertyValueSpecification\",\"valueRequired\":true,\"valueName\":\"search_term_string\"}}],\"inLanguage\":\"pl-PL\"},{\"@type\":\"Organization\",\"@id\":\"https:\/\/emerpolska.pl\/#organization\",\"name\":\"EMER Polska\",\"url\":\"https:\/\/emerpolska.pl\/\",\"logo\":{\"@type\":\"ImageObject\",\"inLanguage\":\"pl-PL\",\"@id\":\"https:\/\/emerpolska.pl\/#\/schema\/logo\/image\/\",\"url\":\"https:\/\/emerpolska.pl\/wp-content\/uploads\/2025\/07\/logo.jpg\",\"contentUrl\":\"https:\/\/emerpolska.pl\/wp-content\/uploads\/2025\/07\/logo.jpg\",\"width\":1021,\"height\":362,\"caption\":\"EMER Polska\"},\"image\":{\"@id\":\"https:\/\/emerpolska.pl\/#\/schema\/logo\/image\/\"}}]}<\/script>\n<!-- \/ Yoast SEO plugin. -->","yoast_head_json":{"title":"Zaw\u00f3r pneumatyczny 3\/2 1\/4 camozzi 334-035 - EMER Polska","robots":{"index":"index","follow":"follow","max-snippet":"max-snippet:-1","max-image-preview":"max-image-preview:large","max-video-preview":"max-video-preview:-1"},"canonical":"https:\/\/emerpolska.pl\/index.php\/produkt\/zawor-pneumatyczny-3-2-1-4-camozzi-334-035\/","og_locale":"pl_PL","og_type":"article","og_title":"Zaw\u00f3r pneumatyczny 3\/2 1\/4 camozzi 334-035 - EMER Polska","og_description":"{&#8222;sections&#8221;:[{&#8222;items&#8221;:[{&#8222;type&#8221;:&#8221;TEXT&#8221;,&#8221;content&#8221;:&#8221; ZAW\u00d3R 3\/2 1\/4&#8243; Zaw\u00f3r pneumatyczny 3\/2 monostabilny to jeden z najcz\u0119\u015bciej stosowanych w technice spr\u0119\u017conego powietrza. Zawory camozzi charakteryzuj\u0105 si\u0119 dobr\u0105 jako\u015bci\u0105 w bardzo rozs\u0105dnej cenie. Stosuj\u0105c filtrowane powietrze charakteryzuj\u0105 si\u0119 d\u0142ug\u0105 \u017cywotno\u015bci\u0105. &#8211; producent camozzi: 334-035 &#8211; zaw\u00f3r 3\/2 NC &#8211; rozmiar przy\u0142\u0105cza powietrza 1\/4&#8243; &#8211; zastosowanie do powietrza (powietrze filtrowane) &#8211; zaw\u00f3r [&hellip;]","og_url":"https:\/\/emerpolska.pl\/index.php\/produkt\/zawor-pneumatyczny-3-2-1-4-camozzi-334-035\/","og_site_name":"EMER Polska","twitter_card":"summary_large_image","twitter_misc":{"Szacowany czas czytania":"1 minuta"},"schema":{"@context":"https:\/\/schema.org","@graph":[{"@type":"WebPage","@id":"https:\/\/emerpolska.pl\/index.php\/produkt\/zawor-pneumatyczny-3-2-1-4-camozzi-334-035\/","url":"https:\/\/emerpolska.pl\/index.php\/produkt\/zawor-pneumatyczny-3-2-1-4-camozzi-334-035\/","name":"Zaw\u00f3r pneumatyczny 3\/2 1\/4 camozzi 334-035 - EMER Polska","isPartOf":{"@id":"https:\/\/emerpolska.pl\/#website"},"datePublished":"2025-07-24T21:20:49+00:00","breadcrumb":{"@id":"https:\/\/emerpolska.pl\/index.php\/produkt\/zawor-pneumatyczny-3-2-1-4-camozzi-334-035\/#breadcrumb"},"inLanguage":"pl-PL","potentialAction":[{"@type":"ReadAction","target":["https:\/\/emerpolska.pl\/index.php\/produkt\/zawor-pneumatyczny-3-2-1-4-camozzi-334-035\/"]}]},{"@type":"BreadcrumbList","@id":"https:\/\/emerpolska.pl\/index.php\/produkt\/zawor-pneumatyczny-3-2-1-4-camozzi-334-035\/#breadcrumb","itemListElement":[{"@type":"ListItem","position":1,"name":"Strona g\u0142\u00f3wna","item":"https:\/\/emerpolska.pl\/"},{"@type":"ListItem","position":2,"name":"Jeste\u015bmy w przygotowaniu. Ju\u017c wkr\u00f3tce.","item":"https:\/\/emerpolska.pl\/index.php\/shop\/"},{"@type":"ListItem","position":3,"name":"Zaw\u00f3r pneumatyczny 3\/2 1\/4 camozzi 334-035"}]},{"@type":"WebSite","@id":"https:\/\/emerpolska.pl\/#website","url":"https:\/\/emerpolska.pl\/","name":"EMER Polska","description":"Centrum Pneumatyki i Automatyki","publisher":{"@id":"https:\/\/emerpolska.pl\/#organization"},"potentialAction":[{"@type":"SearchAction","target":{"@type":"EntryPoint","urlTemplate":"https:\/\/emerpolska.pl\/?s={search_term_string}"},"query-input":{"@type":"PropertyValueSpecification","valueRequired":true,"valueName":"search_term_string"}}],"inLanguage":"pl-PL"},{"@type":"Organization","@id":"https:\/\/emerpolska.pl\/#organization","name":"EMER Polska","url":"https:\/\/emerpolska.pl\/","logo":{"@type":"ImageObject","inLanguage":"pl-PL","@id":"https:\/\/emerpolska.pl\/#\/schema\/logo\/image\/","url":"https:\/\/emerpolska.pl\/wp-content\/uploads\/2025\/07\/logo.jpg","contentUrl":"https:\/\/emerpolska.pl\/wp-content\/uploads\/2025\/07\/logo.jpg","width":1021,"height":362,"caption":"EMER Polska"},"image":{"@id":"https:\/\/emerpolska.pl\/#\/schema\/logo\/image\/"}}]}},"_links":{"self":[{"href":"https:\/\/emerpolska.pl\/index.php\/wp-json\/wp\/v2\/product\/975","targetHints":{"allow":["GET"]}}],"collection":[{"href":"https:\/\/emerpolska.pl\/index.php\/wp-json\/wp\/v2\/product"}],"about":[{"href":"https:\/\/emerpolska.pl\/index.php\/wp-json\/wp\/v2\/types\/product"}],"replies":[{"embeddable":true,"href":"https:\/\/emerpolska.pl\/index.php\/wp-json\/wp\/v2\/comments?post=975"}],"wp:attachment":[{"href":"https:\/\/emerpolska.pl\/index.php\/wp-json\/wp\/v2\/media?parent=975"}],"wp:term":[{"taxonomy":"product_brand","embeddable":true,"href":"https:\/\/emerpolska.pl\/index.php\/wp-json\/wp\/v2\/product_brand?post=975"},{"taxonomy":"product_cat","embeddable":true,"href":"https:\/\/emerpolska.pl\/index.php\/wp-json\/wp\/v2\/product_cat?post=975"},{"taxonomy":"product_tag","embeddable":true,"href":"https:\/\/emerpolska.pl\/index.php\/wp-json\/wp\/v2\/product_tag?post=975"}],"curies":[{"name":"wp","href":"https:\/\/api.w.org\/{rel}","templated":true}]}}