{"id":986,"date":"2025-07-24T23:20:53","date_gmt":"2025-07-24T21:20:53","guid":{"rendered":"https:\/\/emerpolska.pl\/index.php\/produkt\/balanser-do-narzedzi-05-kg-15-kg\/"},"modified":"2025-07-28T12:08:14","modified_gmt":"2025-07-28T10:08:14","slug":"balanser-do-narzedzi-05-kg-15-kg","status":"publish","type":"product","link":"https:\/\/emerpolska.pl\/index.php\/produkt\/balanser-do-narzedzi-05-kg-15-kg\/","title":{"rendered":"BALANSER DO NARZ\u0118DZI 0,5 kg- 1,5 kg"},"content":{"rendered":"<p>&nbsp;<\/p>\n<h1>Balanser do narz\u0119dzi<\/h1>\n<p><b>Balansery<\/b> \u2013 to odci\u0105\u017cniki do narz\u0119dzi pneumatycznych i elektronarz\u0119dzi znajduj\u0105ce szerokie zastosowanie na stacjonarnych stanowiskach lini produkcyjnych. Stosowanie tego typu urz\u0105dze\u0144 czyni prac\u0119 l\u017cejsz\u0105 i bezpieczniejsz\u0105 co wp\u0142ywa na zwi\u0119kszenie wydajno\u015bci produkcji w Pa\u0144stwa zak\u0142adzie.<\/p>\n<p>&#8211; obci\u0105\u017cenie 0,5-1,5 kg<\/p>\n<p>&#8211; d\u0142ugo\u015b\u0107 linki oko\u0142o 1800 m<\/p>\n<p>&#8211; obudowa metalowa<\/p>\n<p>&#8211; hak o wysokiej wytrzyma\u0142o\u015bci zaczepu z mo\u017cliwo\u015bci\u0105 obrotu 360\u00b0.<\/p>\n<p>&#8211; szybka i prosta regulacja naci\u0105gu linki w zale\u017cno\u015bci od chwilowych potrzeb<\/p>\n<p>&#8211; ogranicznik do regulacji pola manewru<\/p>\n<p>&#8211; poprawia ergonomi\u0119 pracy.<\/p>\n<p>&nbsp;<\/p>\n","protected":false},"excerpt":{"rendered":"<p>&nbsp; Balanser do narz\u0119dzi Balansery \u2013 to odci\u0105\u017cniki do narz\u0119dzi pneumatycznych i elektronarz\u0119dzi znajduj\u0105ce szerokie zastosowanie na stacjonarnych stanowiskach lini produkcyjnych. Stosowanie tego typu urz\u0105dze\u0144 czyni prac\u0119 l\u017cejsz\u0105 i bezpieczniejsz\u0105 co wp\u0142ywa na zwi\u0119kszenie wydajno\u015bci produkcji w Pa\u0144stwa zak\u0142adzie. &#8211; obci\u0105\u017cenie 0,5-1,5 kg &#8211; d\u0142ugo\u015b\u0107 linki oko\u0142o 1800 m &#8211; obudowa metalowa &#8211; hak o [&hellip;]<\/p>\n","protected":false},"featured_media":1475,"comment_status":"closed","ping_status":"closed","template":"","meta":[],"product_brand":[58],"product_cat":[48],"product_tag":[],"class_list":{"0":"post-986","1":"product","2":"type-product","3":"status-publish","4":"has-post-thumbnail","6":"product_brand-semex","7":"product_cat-pneumatyka-121447","9":"first","10":"instock","11":"taxable","12":"shipping-taxable","13":"purchasable","14":"product-type-simple"},"yoast_head":"<!-- This site is optimized with the Yoast SEO plugin v27.0 - https:\/\/yoast.com\/product\/yoast-seo-wordpress\/ -->\n<title>BALANSER DO NARZ\u0118DZI 0,5 kg- 1,5 kg - EMER Polska<\/title>\n<meta name=\"robots\" content=\"index, follow, max-snippet:-1, max-image-preview:large, max-video-preview:-1\" \/>\n<link rel=\"canonical\" href=\"https:\/\/emerpolska.pl\/index.php\/produkt\/balanser-do-narzedzi-05-kg-15-kg\/\" \/>\n<meta property=\"og:locale\" content=\"pl_PL\" \/>\n<meta property=\"og:type\" content=\"article\" \/>\n<meta property=\"og:title\" content=\"BALANSER DO NARZ\u0118DZI 0,5 kg- 1,5 kg - EMER Polska\" \/>\n<meta property=\"og:description\" content=\"&nbsp; Balanser do narz\u0119dzi Balansery \u2013 to odci\u0105\u017cniki do narz\u0119dzi pneumatycznych i elektronarz\u0119dzi znajduj\u0105ce szerokie zastosowanie na stacjonarnych stanowiskach lini produkcyjnych. Stosowanie tego typu urz\u0105dze\u0144 czyni prac\u0119 l\u017cejsz\u0105 i bezpieczniejsz\u0105 co wp\u0142ywa na zwi\u0119kszenie wydajno\u015bci produkcji w Pa\u0144stwa zak\u0142adzie. &#8211; obci\u0105\u017cenie 0,5-1,5 kg &#8211; d\u0142ugo\u015b\u0107 linki oko\u0142o 1800 m &#8211; obudowa metalowa &#8211; hak o [&hellip;]\" \/>\n<meta property=\"og:url\" content=\"https:\/\/emerpolska.pl\/index.php\/produkt\/balanser-do-narzedzi-05-kg-15-kg\/\" \/>\n<meta property=\"og:site_name\" content=\"EMER Polska\" \/>\n<meta property=\"article:modified_time\" content=\"2025-07-28T10:08:14+00:00\" \/>\n<meta property=\"og:image\" content=\"https:\/\/emerpolska.pl\/wp-content\/uploads\/2025\/07\/Balanser-linkowy-.jpg\" \/>\n\t<meta property=\"og:image:width\" content=\"440\" \/>\n\t<meta property=\"og:image:height\" content=\"600\" \/>\n\t<meta property=\"og:image:type\" content=\"image\/jpeg\" \/>\n<meta name=\"twitter:card\" content=\"summary_large_image\" \/>\n<meta name=\"twitter:label1\" content=\"Szacowany czas czytania\" \/>\n\t<meta name=\"twitter:data1\" content=\"1 minuta\" \/>\n<script type=\"application\/ld+json\" class=\"yoast-schema-graph\">{\"@context\":\"https:\/\/schema.org\",\"@graph\":[{\"@type\":\"WebPage\",\"@id\":\"https:\/\/emerpolska.pl\/index.php\/produkt\/balanser-do-narzedzi-05-kg-15-kg\/\",\"url\":\"https:\/\/emerpolska.pl\/index.php\/produkt\/balanser-do-narzedzi-05-kg-15-kg\/\",\"name\":\"BALANSER DO NARZ\u0118DZI 0,5 kg- 1,5 kg - EMER Polska\",\"isPartOf\":{\"@id\":\"https:\/\/emerpolska.pl\/#website\"},\"primaryImageOfPage\":{\"@id\":\"https:\/\/emerpolska.pl\/index.php\/produkt\/balanser-do-narzedzi-05-kg-15-kg\/#primaryimage\"},\"image\":{\"@id\":\"https:\/\/emerpolska.pl\/index.php\/produkt\/balanser-do-narzedzi-05-kg-15-kg\/#primaryimage\"},\"thumbnailUrl\":\"https:\/\/emerpolska.pl\/wp-content\/uploads\/2025\/07\/Balanser-linkowy-.jpg\",\"datePublished\":\"2025-07-24T21:20:53+00:00\",\"dateModified\":\"2025-07-28T10:08:14+00:00\",\"breadcrumb\":{\"@id\":\"https:\/\/emerpolska.pl\/index.php\/produkt\/balanser-do-narzedzi-05-kg-15-kg\/#breadcrumb\"},\"inLanguage\":\"pl-PL\",\"potentialAction\":[{\"@type\":\"ReadAction\",\"target\":[\"https:\/\/emerpolska.pl\/index.php\/produkt\/balanser-do-narzedzi-05-kg-15-kg\/\"]}]},{\"@type\":\"ImageObject\",\"inLanguage\":\"pl-PL\",\"@id\":\"https:\/\/emerpolska.pl\/index.php\/produkt\/balanser-do-narzedzi-05-kg-15-kg\/#primaryimage\",\"url\":\"https:\/\/emerpolska.pl\/wp-content\/uploads\/2025\/07\/Balanser-linkowy-.jpg\",\"contentUrl\":\"https:\/\/emerpolska.pl\/wp-content\/uploads\/2025\/07\/Balanser-linkowy-.jpg\",\"width\":440,\"height\":600},{\"@type\":\"BreadcrumbList\",\"@id\":\"https:\/\/emerpolska.pl\/index.php\/produkt\/balanser-do-narzedzi-05-kg-15-kg\/#breadcrumb\",\"itemListElement\":[{\"@type\":\"ListItem\",\"position\":1,\"name\":\"Strona g\u0142\u00f3wna\",\"item\":\"https:\/\/emerpolska.pl\/\"},{\"@type\":\"ListItem\",\"position\":2,\"name\":\"Jeste\u015bmy w przygotowaniu. Ju\u017c wkr\u00f3tce.\",\"item\":\"https:\/\/emerpolska.pl\/index.php\/shop\/\"},{\"@type\":\"ListItem\",\"position\":3,\"name\":\"BALANSER DO NARZ\u0118DZI 0,5 kg- 1,5 kg\"}]},{\"@type\":\"WebSite\",\"@id\":\"https:\/\/emerpolska.pl\/#website\",\"url\":\"https:\/\/emerpolska.pl\/\",\"name\":\"EMER Polska\",\"description\":\"Centrum Pneumatyki i Automatyki\",\"publisher\":{\"@id\":\"https:\/\/emerpolska.pl\/#organization\"},\"potentialAction\":[{\"@type\":\"SearchAction\",\"target\":{\"@type\":\"EntryPoint\",\"urlTemplate\":\"https:\/\/emerpolska.pl\/?s={search_term_string}\"},\"query-input\":{\"@type\":\"PropertyValueSpecification\",\"valueRequired\":true,\"valueName\":\"search_term_string\"}}],\"inLanguage\":\"pl-PL\"},{\"@type\":\"Organization\",\"@id\":\"https:\/\/emerpolska.pl\/#organization\",\"name\":\"EMER Polska\",\"url\":\"https:\/\/emerpolska.pl\/\",\"logo\":{\"@type\":\"ImageObject\",\"inLanguage\":\"pl-PL\",\"@id\":\"https:\/\/emerpolska.pl\/#\/schema\/logo\/image\/\",\"url\":\"https:\/\/emerpolska.pl\/wp-content\/uploads\/2025\/07\/logo.jpg\",\"contentUrl\":\"https:\/\/emerpolska.pl\/wp-content\/uploads\/2025\/07\/logo.jpg\",\"width\":1021,\"height\":362,\"caption\":\"EMER Polska\"},\"image\":{\"@id\":\"https:\/\/emerpolska.pl\/#\/schema\/logo\/image\/\"}}]}<\/script>\n<!-- \/ Yoast SEO plugin. -->","yoast_head_json":{"title":"BALANSER DO NARZ\u0118DZI 0,5 kg- 1,5 kg - EMER Polska","robots":{"index":"index","follow":"follow","max-snippet":"max-snippet:-1","max-image-preview":"max-image-preview:large","max-video-preview":"max-video-preview:-1"},"canonical":"https:\/\/emerpolska.pl\/index.php\/produkt\/balanser-do-narzedzi-05-kg-15-kg\/","og_locale":"pl_PL","og_type":"article","og_title":"BALANSER DO NARZ\u0118DZI 0,5 kg- 1,5 kg - EMER Polska","og_description":"&nbsp; Balanser do narz\u0119dzi Balansery \u2013 to odci\u0105\u017cniki do narz\u0119dzi pneumatycznych i elektronarz\u0119dzi znajduj\u0105ce szerokie zastosowanie na stacjonarnych stanowiskach lini produkcyjnych. Stosowanie tego typu urz\u0105dze\u0144 czyni prac\u0119 l\u017cejsz\u0105 i bezpieczniejsz\u0105 co wp\u0142ywa na zwi\u0119kszenie wydajno\u015bci produkcji w Pa\u0144stwa zak\u0142adzie. &#8211; obci\u0105\u017cenie 0,5-1,5 kg &#8211; d\u0142ugo\u015b\u0107 linki oko\u0142o 1800 m &#8211; obudowa metalowa &#8211; hak o [&hellip;]","og_url":"https:\/\/emerpolska.pl\/index.php\/produkt\/balanser-do-narzedzi-05-kg-15-kg\/","og_site_name":"EMER Polska","article_modified_time":"2025-07-28T10:08:14+00:00","og_image":[{"width":440,"height":600,"url":"https:\/\/emerpolska.pl\/wp-content\/uploads\/2025\/07\/Balanser-linkowy-.jpg","type":"image\/jpeg"}],"twitter_card":"summary_large_image","twitter_misc":{"Szacowany czas czytania":"1 minuta"},"schema":{"@context":"https:\/\/schema.org","@graph":[{"@type":"WebPage","@id":"https:\/\/emerpolska.pl\/index.php\/produkt\/balanser-do-narzedzi-05-kg-15-kg\/","url":"https:\/\/emerpolska.pl\/index.php\/produkt\/balanser-do-narzedzi-05-kg-15-kg\/","name":"BALANSER DO NARZ\u0118DZI 0,5 kg- 1,5 kg - EMER Polska","isPartOf":{"@id":"https:\/\/emerpolska.pl\/#website"},"primaryImageOfPage":{"@id":"https:\/\/emerpolska.pl\/index.php\/produkt\/balanser-do-narzedzi-05-kg-15-kg\/#primaryimage"},"image":{"@id":"https:\/\/emerpolska.pl\/index.php\/produkt\/balanser-do-narzedzi-05-kg-15-kg\/#primaryimage"},"thumbnailUrl":"https:\/\/emerpolska.pl\/wp-content\/uploads\/2025\/07\/Balanser-linkowy-.jpg","datePublished":"2025-07-24T21:20:53+00:00","dateModified":"2025-07-28T10:08:14+00:00","breadcrumb":{"@id":"https:\/\/emerpolska.pl\/index.php\/produkt\/balanser-do-narzedzi-05-kg-15-kg\/#breadcrumb"},"inLanguage":"pl-PL","potentialAction":[{"@type":"ReadAction","target":["https:\/\/emerpolska.pl\/index.php\/produkt\/balanser-do-narzedzi-05-kg-15-kg\/"]}]},{"@type":"ImageObject","inLanguage":"pl-PL","@id":"https:\/\/emerpolska.pl\/index.php\/produkt\/balanser-do-narzedzi-05-kg-15-kg\/#primaryimage","url":"https:\/\/emerpolska.pl\/wp-content\/uploads\/2025\/07\/Balanser-linkowy-.jpg","contentUrl":"https:\/\/emerpolska.pl\/wp-content\/uploads\/2025\/07\/Balanser-linkowy-.jpg","width":440,"height":600},{"@type":"BreadcrumbList","@id":"https:\/\/emerpolska.pl\/index.php\/produkt\/balanser-do-narzedzi-05-kg-15-kg\/#breadcrumb","itemListElement":[{"@type":"ListItem","position":1,"name":"Strona g\u0142\u00f3wna","item":"https:\/\/emerpolska.pl\/"},{"@type":"ListItem","position":2,"name":"Jeste\u015bmy w przygotowaniu. Ju\u017c wkr\u00f3tce.","item":"https:\/\/emerpolska.pl\/index.php\/shop\/"},{"@type":"ListItem","position":3,"name":"BALANSER DO NARZ\u0118DZI 0,5 kg- 1,5 kg"}]},{"@type":"WebSite","@id":"https:\/\/emerpolska.pl\/#website","url":"https:\/\/emerpolska.pl\/","name":"EMER Polska","description":"Centrum Pneumatyki i Automatyki","publisher":{"@id":"https:\/\/emerpolska.pl\/#organization"},"potentialAction":[{"@type":"SearchAction","target":{"@type":"EntryPoint","urlTemplate":"https:\/\/emerpolska.pl\/?s={search_term_string}"},"query-input":{"@type":"PropertyValueSpecification","valueRequired":true,"valueName":"search_term_string"}}],"inLanguage":"pl-PL"},{"@type":"Organization","@id":"https:\/\/emerpolska.pl\/#organization","name":"EMER Polska","url":"https:\/\/emerpolska.pl\/","logo":{"@type":"ImageObject","inLanguage":"pl-PL","@id":"https:\/\/emerpolska.pl\/#\/schema\/logo\/image\/","url":"https:\/\/emerpolska.pl\/wp-content\/uploads\/2025\/07\/logo.jpg","contentUrl":"https:\/\/emerpolska.pl\/wp-content\/uploads\/2025\/07\/logo.jpg","width":1021,"height":362,"caption":"EMER Polska"},"image":{"@id":"https:\/\/emerpolska.pl\/#\/schema\/logo\/image\/"}}]}},"_links":{"self":[{"href":"https:\/\/emerpolska.pl\/index.php\/wp-json\/wp\/v2\/product\/986","targetHints":{"allow":["GET"]}}],"collection":[{"href":"https:\/\/emerpolska.pl\/index.php\/wp-json\/wp\/v2\/product"}],"about":[{"href":"https:\/\/emerpolska.pl\/index.php\/wp-json\/wp\/v2\/types\/product"}],"replies":[{"embeddable":true,"href":"https:\/\/emerpolska.pl\/index.php\/wp-json\/wp\/v2\/comments?post=986"}],"wp:featuredmedia":[{"embeddable":true,"href":"https:\/\/emerpolska.pl\/index.php\/wp-json\/wp\/v2\/media\/1475"}],"wp:attachment":[{"href":"https:\/\/emerpolska.pl\/index.php\/wp-json\/wp\/v2\/media?parent=986"}],"wp:term":[{"taxonomy":"product_brand","embeddable":true,"href":"https:\/\/emerpolska.pl\/index.php\/wp-json\/wp\/v2\/product_brand?post=986"},{"taxonomy":"product_cat","embeddable":true,"href":"https:\/\/emerpolska.pl\/index.php\/wp-json\/wp\/v2\/product_cat?post=986"},{"taxonomy":"product_tag","embeddable":true,"href":"https:\/\/emerpolska.pl\/index.php\/wp-json\/wp\/v2\/product_tag?post=986"}],"curies":[{"name":"wp","href":"https:\/\/api.w.org\/{rel}","templated":true}]}}