{"id":990,"date":"2025-07-24T23:20:55","date_gmt":"2025-07-24T21:20:55","guid":{"rendered":"https:\/\/emerpolska.pl\/index.php\/produkt\/korek-zatyczka-1-2-do-powietrza-stal-nierdzewna\/"},"modified":"2025-08-07T13:24:51","modified_gmt":"2025-08-07T11:24:51","slug":"korek-zatyczka-1-2-do-powietrza-stal-nierdzewna","status":"publish","type":"product","link":"https:\/\/emerpolska.pl\/index.php\/produkt\/korek-zatyczka-1-2-do-powietrza-stal-nierdzewna\/","title":{"rendered":"Korek zatyczka 1\/2 do powietrza stal nierdzewna"},"content":{"rendered":"<p>&nbsp;<\/p>\n<h1>KOREK, ZATYCZKA<\/h1>\n<p>&#8211; gwint zewn\u0119trzny 1\/2&#8243;<\/p>\n<p>&#8211; stal nierdzewna<\/p>\n<p>&#8211; zastosowanie do powietrza<\/p>\n<p>&nbsp;<\/p>\n","protected":false},"excerpt":{"rendered":"<p>&nbsp; KOREK, ZATYCZKA &#8211; gwint zewn\u0119trzny 1\/2&#8243; &#8211; stal nierdzewna &#8211; zastosowanie do powietrza &nbsp;<\/p>\n","protected":false},"featured_media":1523,"comment_status":"closed","ping_status":"closed","template":"","meta":[],"product_brand":[58],"product_cat":[48],"product_tag":[],"class_list":{"0":"post-990","1":"product","2":"type-product","3":"status-publish","4":"has-post-thumbnail","6":"product_brand-semex","7":"product_cat-pneumatyka-121447","9":"first","10":"instock","11":"taxable","12":"shipping-taxable","13":"purchasable","14":"product-type-simple"},"yoast_head":"<!-- This site is optimized with the Yoast SEO plugin v27.0 - https:\/\/yoast.com\/product\/yoast-seo-wordpress\/ -->\n<title>Korek zatyczka 1\/2 do powietrza stal nierdzewna - EMER Polska<\/title>\n<meta name=\"robots\" content=\"index, follow, max-snippet:-1, max-image-preview:large, max-video-preview:-1\" \/>\n<link rel=\"canonical\" href=\"https:\/\/emerpolska.pl\/index.php\/produkt\/korek-zatyczka-1-2-do-powietrza-stal-nierdzewna\/\" \/>\n<meta property=\"og:locale\" content=\"pl_PL\" \/>\n<meta property=\"og:type\" content=\"article\" \/>\n<meta property=\"og:title\" content=\"Korek zatyczka 1\/2 do powietrza stal nierdzewna - EMER Polska\" \/>\n<meta property=\"og:description\" content=\"&nbsp; KOREK, ZATYCZKA &#8211; gwint zewn\u0119trzny 1\/2&#8243; &#8211; stal nierdzewna &#8211; zastosowanie do powietrza &nbsp;\" \/>\n<meta property=\"og:url\" content=\"https:\/\/emerpolska.pl\/index.php\/produkt\/korek-zatyczka-1-2-do-powietrza-stal-nierdzewna\/\" \/>\n<meta property=\"og:site_name\" content=\"EMER Polska\" \/>\n<meta property=\"article:modified_time\" content=\"2025-08-07T11:24:51+00:00\" \/>\n<meta property=\"og:image\" content=\"https:\/\/emerpolska.pl\/wp-content\/uploads\/2025\/07\/Korki-nierdzewne-szesciokatne.png\" \/>\n\t<meta property=\"og:image:width\" content=\"1090\" \/>\n\t<meta property=\"og:image:height\" content=\"1002\" \/>\n\t<meta property=\"og:image:type\" content=\"image\/png\" \/>\n<meta name=\"twitter:card\" content=\"summary_large_image\" \/>\n<meta name=\"twitter:label1\" content=\"Szacowany czas czytania\" \/>\n\t<meta name=\"twitter:data1\" content=\"1 minuta\" \/>\n<script type=\"application\/ld+json\" class=\"yoast-schema-graph\">{\"@context\":\"https:\/\/schema.org\",\"@graph\":[{\"@type\":\"WebPage\",\"@id\":\"https:\/\/emerpolska.pl\/index.php\/produkt\/korek-zatyczka-1-2-do-powietrza-stal-nierdzewna\/\",\"url\":\"https:\/\/emerpolska.pl\/index.php\/produkt\/korek-zatyczka-1-2-do-powietrza-stal-nierdzewna\/\",\"name\":\"Korek zatyczka 1\/2 do powietrza stal nierdzewna - EMER Polska\",\"isPartOf\":{\"@id\":\"https:\/\/emerpolska.pl\/#website\"},\"primaryImageOfPage\":{\"@id\":\"https:\/\/emerpolska.pl\/index.php\/produkt\/korek-zatyczka-1-2-do-powietrza-stal-nierdzewna\/#primaryimage\"},\"image\":{\"@id\":\"https:\/\/emerpolska.pl\/index.php\/produkt\/korek-zatyczka-1-2-do-powietrza-stal-nierdzewna\/#primaryimage\"},\"thumbnailUrl\":\"https:\/\/emerpolska.pl\/wp-content\/uploads\/2025\/07\/Korki-nierdzewne-szesciokatne.png\",\"datePublished\":\"2025-07-24T21:20:55+00:00\",\"dateModified\":\"2025-08-07T11:24:51+00:00\",\"breadcrumb\":{\"@id\":\"https:\/\/emerpolska.pl\/index.php\/produkt\/korek-zatyczka-1-2-do-powietrza-stal-nierdzewna\/#breadcrumb\"},\"inLanguage\":\"pl-PL\",\"potentialAction\":[{\"@type\":\"ReadAction\",\"target\":[\"https:\/\/emerpolska.pl\/index.php\/produkt\/korek-zatyczka-1-2-do-powietrza-stal-nierdzewna\/\"]}]},{\"@type\":\"ImageObject\",\"inLanguage\":\"pl-PL\",\"@id\":\"https:\/\/emerpolska.pl\/index.php\/produkt\/korek-zatyczka-1-2-do-powietrza-stal-nierdzewna\/#primaryimage\",\"url\":\"https:\/\/emerpolska.pl\/wp-content\/uploads\/2025\/07\/Korki-nierdzewne-szesciokatne.png\",\"contentUrl\":\"https:\/\/emerpolska.pl\/wp-content\/uploads\/2025\/07\/Korki-nierdzewne-szesciokatne.png\",\"width\":1090,\"height\":1002},{\"@type\":\"BreadcrumbList\",\"@id\":\"https:\/\/emerpolska.pl\/index.php\/produkt\/korek-zatyczka-1-2-do-powietrza-stal-nierdzewna\/#breadcrumb\",\"itemListElement\":[{\"@type\":\"ListItem\",\"position\":1,\"name\":\"Strona g\u0142\u00f3wna\",\"item\":\"https:\/\/emerpolska.pl\/\"},{\"@type\":\"ListItem\",\"position\":2,\"name\":\"Jeste\u015bmy w przygotowaniu. Ju\u017c wkr\u00f3tce.\",\"item\":\"https:\/\/emerpolska.pl\/index.php\/shop\/\"},{\"@type\":\"ListItem\",\"position\":3,\"name\":\"Korek zatyczka 1\/2 do powietrza stal nierdzewna\"}]},{\"@type\":\"WebSite\",\"@id\":\"https:\/\/emerpolska.pl\/#website\",\"url\":\"https:\/\/emerpolska.pl\/\",\"name\":\"EMER Polska\",\"description\":\"Centrum Pneumatyki i Automatyki\",\"publisher\":{\"@id\":\"https:\/\/emerpolska.pl\/#organization\"},\"potentialAction\":[{\"@type\":\"SearchAction\",\"target\":{\"@type\":\"EntryPoint\",\"urlTemplate\":\"https:\/\/emerpolska.pl\/?s={search_term_string}\"},\"query-input\":{\"@type\":\"PropertyValueSpecification\",\"valueRequired\":true,\"valueName\":\"search_term_string\"}}],\"inLanguage\":\"pl-PL\"},{\"@type\":\"Organization\",\"@id\":\"https:\/\/emerpolska.pl\/#organization\",\"name\":\"EMER Polska\",\"url\":\"https:\/\/emerpolska.pl\/\",\"logo\":{\"@type\":\"ImageObject\",\"inLanguage\":\"pl-PL\",\"@id\":\"https:\/\/emerpolska.pl\/#\/schema\/logo\/image\/\",\"url\":\"https:\/\/emerpolska.pl\/wp-content\/uploads\/2025\/07\/logo.jpg\",\"contentUrl\":\"https:\/\/emerpolska.pl\/wp-content\/uploads\/2025\/07\/logo.jpg\",\"width\":1021,\"height\":362,\"caption\":\"EMER Polska\"},\"image\":{\"@id\":\"https:\/\/emerpolska.pl\/#\/schema\/logo\/image\/\"}}]}<\/script>\n<!-- \/ Yoast SEO plugin. -->","yoast_head_json":{"title":"Korek zatyczka 1\/2 do powietrza stal nierdzewna - EMER Polska","robots":{"index":"index","follow":"follow","max-snippet":"max-snippet:-1","max-image-preview":"max-image-preview:large","max-video-preview":"max-video-preview:-1"},"canonical":"https:\/\/emerpolska.pl\/index.php\/produkt\/korek-zatyczka-1-2-do-powietrza-stal-nierdzewna\/","og_locale":"pl_PL","og_type":"article","og_title":"Korek zatyczka 1\/2 do powietrza stal nierdzewna - EMER Polska","og_description":"&nbsp; KOREK, ZATYCZKA &#8211; gwint zewn\u0119trzny 1\/2&#8243; &#8211; stal nierdzewna &#8211; zastosowanie do powietrza &nbsp;","og_url":"https:\/\/emerpolska.pl\/index.php\/produkt\/korek-zatyczka-1-2-do-powietrza-stal-nierdzewna\/","og_site_name":"EMER Polska","article_modified_time":"2025-08-07T11:24:51+00:00","og_image":[{"width":1090,"height":1002,"url":"https:\/\/emerpolska.pl\/wp-content\/uploads\/2025\/07\/Korki-nierdzewne-szesciokatne.png","type":"image\/png"}],"twitter_card":"summary_large_image","twitter_misc":{"Szacowany czas czytania":"1 minuta"},"schema":{"@context":"https:\/\/schema.org","@graph":[{"@type":"WebPage","@id":"https:\/\/emerpolska.pl\/index.php\/produkt\/korek-zatyczka-1-2-do-powietrza-stal-nierdzewna\/","url":"https:\/\/emerpolska.pl\/index.php\/produkt\/korek-zatyczka-1-2-do-powietrza-stal-nierdzewna\/","name":"Korek zatyczka 1\/2 do powietrza stal nierdzewna - EMER Polska","isPartOf":{"@id":"https:\/\/emerpolska.pl\/#website"},"primaryImageOfPage":{"@id":"https:\/\/emerpolska.pl\/index.php\/produkt\/korek-zatyczka-1-2-do-powietrza-stal-nierdzewna\/#primaryimage"},"image":{"@id":"https:\/\/emerpolska.pl\/index.php\/produkt\/korek-zatyczka-1-2-do-powietrza-stal-nierdzewna\/#primaryimage"},"thumbnailUrl":"https:\/\/emerpolska.pl\/wp-content\/uploads\/2025\/07\/Korki-nierdzewne-szesciokatne.png","datePublished":"2025-07-24T21:20:55+00:00","dateModified":"2025-08-07T11:24:51+00:00","breadcrumb":{"@id":"https:\/\/emerpolska.pl\/index.php\/produkt\/korek-zatyczka-1-2-do-powietrza-stal-nierdzewna\/#breadcrumb"},"inLanguage":"pl-PL","potentialAction":[{"@type":"ReadAction","target":["https:\/\/emerpolska.pl\/index.php\/produkt\/korek-zatyczka-1-2-do-powietrza-stal-nierdzewna\/"]}]},{"@type":"ImageObject","inLanguage":"pl-PL","@id":"https:\/\/emerpolska.pl\/index.php\/produkt\/korek-zatyczka-1-2-do-powietrza-stal-nierdzewna\/#primaryimage","url":"https:\/\/emerpolska.pl\/wp-content\/uploads\/2025\/07\/Korki-nierdzewne-szesciokatne.png","contentUrl":"https:\/\/emerpolska.pl\/wp-content\/uploads\/2025\/07\/Korki-nierdzewne-szesciokatne.png","width":1090,"height":1002},{"@type":"BreadcrumbList","@id":"https:\/\/emerpolska.pl\/index.php\/produkt\/korek-zatyczka-1-2-do-powietrza-stal-nierdzewna\/#breadcrumb","itemListElement":[{"@type":"ListItem","position":1,"name":"Strona g\u0142\u00f3wna","item":"https:\/\/emerpolska.pl\/"},{"@type":"ListItem","position":2,"name":"Jeste\u015bmy w przygotowaniu. Ju\u017c wkr\u00f3tce.","item":"https:\/\/emerpolska.pl\/index.php\/shop\/"},{"@type":"ListItem","position":3,"name":"Korek zatyczka 1\/2 do powietrza stal nierdzewna"}]},{"@type":"WebSite","@id":"https:\/\/emerpolska.pl\/#website","url":"https:\/\/emerpolska.pl\/","name":"EMER Polska","description":"Centrum Pneumatyki i Automatyki","publisher":{"@id":"https:\/\/emerpolska.pl\/#organization"},"potentialAction":[{"@type":"SearchAction","target":{"@type":"EntryPoint","urlTemplate":"https:\/\/emerpolska.pl\/?s={search_term_string}"},"query-input":{"@type":"PropertyValueSpecification","valueRequired":true,"valueName":"search_term_string"}}],"inLanguage":"pl-PL"},{"@type":"Organization","@id":"https:\/\/emerpolska.pl\/#organization","name":"EMER Polska","url":"https:\/\/emerpolska.pl\/","logo":{"@type":"ImageObject","inLanguage":"pl-PL","@id":"https:\/\/emerpolska.pl\/#\/schema\/logo\/image\/","url":"https:\/\/emerpolska.pl\/wp-content\/uploads\/2025\/07\/logo.jpg","contentUrl":"https:\/\/emerpolska.pl\/wp-content\/uploads\/2025\/07\/logo.jpg","width":1021,"height":362,"caption":"EMER Polska"},"image":{"@id":"https:\/\/emerpolska.pl\/#\/schema\/logo\/image\/"}}]}},"_links":{"self":[{"href":"https:\/\/emerpolska.pl\/index.php\/wp-json\/wp\/v2\/product\/990","targetHints":{"allow":["GET"]}}],"collection":[{"href":"https:\/\/emerpolska.pl\/index.php\/wp-json\/wp\/v2\/product"}],"about":[{"href":"https:\/\/emerpolska.pl\/index.php\/wp-json\/wp\/v2\/types\/product"}],"replies":[{"embeddable":true,"href":"https:\/\/emerpolska.pl\/index.php\/wp-json\/wp\/v2\/comments?post=990"}],"wp:featuredmedia":[{"embeddable":true,"href":"https:\/\/emerpolska.pl\/index.php\/wp-json\/wp\/v2\/media\/1523"}],"wp:attachment":[{"href":"https:\/\/emerpolska.pl\/index.php\/wp-json\/wp\/v2\/media?parent=990"}],"wp:term":[{"taxonomy":"product_brand","embeddable":true,"href":"https:\/\/emerpolska.pl\/index.php\/wp-json\/wp\/v2\/product_brand?post=990"},{"taxonomy":"product_cat","embeddable":true,"href":"https:\/\/emerpolska.pl\/index.php\/wp-json\/wp\/v2\/product_cat?post=990"},{"taxonomy":"product_tag","embeddable":true,"href":"https:\/\/emerpolska.pl\/index.php\/wp-json\/wp\/v2\/product_tag?post=990"}],"curies":[{"name":"wp","href":"https:\/\/api.w.org\/{rel}","templated":true}]}}