{"id":996,"date":"2025-07-24T23:21:00","date_gmt":"2025-07-24T21:21:00","guid":{"rendered":"https:\/\/emerpolska.pl\/index.php\/produkt\/korek-zatyczka-imbus-1-2-mosiadz-niklowany\/"},"modified":"2025-08-07T13:48:51","modified_gmt":"2025-08-07T11:48:51","slug":"korek-zatyczka-imbus-1-2-mosiadz-niklowany","status":"publish","type":"product","link":"https:\/\/emerpolska.pl\/index.php\/produkt\/korek-zatyczka-imbus-1-2-mosiadz-niklowany\/","title":{"rendered":"Korek zatyczka imbus 1\/2 mosi\u0105dz niklowany"},"content":{"rendered":"<p>&nbsp;<\/p>\n<h1>KOREK, ZATYCZKA<\/h1>\n<p>&#8211; gwint zewn\u0119trzny 1\/2&#8243;<\/p>\n<p>&#8211; klucz imbusowy<\/p>\n<p>&#8211; mosi\u0105dz niklowany<\/p>\n<p>&#8211; zastosowanie do powietrza<\/p>\n<p>&nbsp;<\/p>\n","protected":false},"excerpt":{"rendered":"<p>&nbsp; KOREK, ZATYCZKA &#8211; gwint zewn\u0119trzny 1\/2&#8243; &#8211; klucz imbusowy &#8211; mosi\u0105dz niklowany &#8211; zastosowanie do powietrza &nbsp;<\/p>\n","protected":false},"featured_media":1524,"comment_status":"closed","ping_status":"closed","template":"","meta":[],"product_brand":[58],"product_cat":[48],"product_tag":[],"class_list":{"0":"post-996","1":"product","2":"type-product","3":"status-publish","4":"has-post-thumbnail","6":"product_brand-semex","7":"product_cat-pneumatyka-121447","9":"first","10":"instock","11":"taxable","12":"shipping-taxable","13":"purchasable","14":"product-type-simple"},"yoast_head":"<!-- This site is optimized with the Yoast SEO plugin v27.0 - https:\/\/yoast.com\/product\/yoast-seo-wordpress\/ -->\n<title>Korek zatyczka imbus 1\/2 mosi\u0105dz niklowany - EMER Polska<\/title>\n<meta name=\"robots\" content=\"index, follow, max-snippet:-1, max-image-preview:large, max-video-preview:-1\" \/>\n<link rel=\"canonical\" href=\"https:\/\/emerpolska.pl\/index.php\/produkt\/korek-zatyczka-imbus-1-2-mosiadz-niklowany\/\" \/>\n<meta property=\"og:locale\" content=\"pl_PL\" \/>\n<meta property=\"og:type\" content=\"article\" \/>\n<meta property=\"og:title\" content=\"Korek zatyczka imbus 1\/2 mosi\u0105dz niklowany - EMER Polska\" \/>\n<meta property=\"og:description\" content=\"&nbsp; KOREK, ZATYCZKA &#8211; gwint zewn\u0119trzny 1\/2&#8243; &#8211; klucz imbusowy &#8211; mosi\u0105dz niklowany &#8211; zastosowanie do powietrza &nbsp;\" \/>\n<meta property=\"og:url\" content=\"https:\/\/emerpolska.pl\/index.php\/produkt\/korek-zatyczka-imbus-1-2-mosiadz-niklowany\/\" \/>\n<meta property=\"og:site_name\" content=\"EMER Polska\" \/>\n<meta property=\"article:modified_time\" content=\"2025-08-07T11:48:51+00:00\" \/>\n<meta property=\"og:image\" content=\"https:\/\/emerpolska.pl\/wp-content\/uploads\/2025\/07\/Korek1-2.jpg\" \/>\n\t<meta property=\"og:image:width\" content=\"2048\" \/>\n\t<meta property=\"og:image:height\" content=\"1536\" \/>\n\t<meta property=\"og:image:type\" content=\"image\/jpeg\" \/>\n<meta name=\"twitter:card\" content=\"summary_large_image\" \/>\n<meta name=\"twitter:label1\" content=\"Szacowany czas czytania\" \/>\n\t<meta name=\"twitter:data1\" content=\"1 minuta\" \/>\n<script type=\"application\/ld+json\" class=\"yoast-schema-graph\">{\"@context\":\"https:\/\/schema.org\",\"@graph\":[{\"@type\":\"WebPage\",\"@id\":\"https:\/\/emerpolska.pl\/index.php\/produkt\/korek-zatyczka-imbus-1-2-mosiadz-niklowany\/\",\"url\":\"https:\/\/emerpolska.pl\/index.php\/produkt\/korek-zatyczka-imbus-1-2-mosiadz-niklowany\/\",\"name\":\"Korek zatyczka imbus 1\/2 mosi\u0105dz niklowany - EMER Polska\",\"isPartOf\":{\"@id\":\"https:\/\/emerpolska.pl\/#website\"},\"primaryImageOfPage\":{\"@id\":\"https:\/\/emerpolska.pl\/index.php\/produkt\/korek-zatyczka-imbus-1-2-mosiadz-niklowany\/#primaryimage\"},\"image\":{\"@id\":\"https:\/\/emerpolska.pl\/index.php\/produkt\/korek-zatyczka-imbus-1-2-mosiadz-niklowany\/#primaryimage\"},\"thumbnailUrl\":\"https:\/\/emerpolska.pl\/wp-content\/uploads\/2025\/07\/Korek1-2.jpg\",\"datePublished\":\"2025-07-24T21:21:00+00:00\",\"dateModified\":\"2025-08-07T11:48:51+00:00\",\"breadcrumb\":{\"@id\":\"https:\/\/emerpolska.pl\/index.php\/produkt\/korek-zatyczka-imbus-1-2-mosiadz-niklowany\/#breadcrumb\"},\"inLanguage\":\"pl-PL\",\"potentialAction\":[{\"@type\":\"ReadAction\",\"target\":[\"https:\/\/emerpolska.pl\/index.php\/produkt\/korek-zatyczka-imbus-1-2-mosiadz-niklowany\/\"]}]},{\"@type\":\"ImageObject\",\"inLanguage\":\"pl-PL\",\"@id\":\"https:\/\/emerpolska.pl\/index.php\/produkt\/korek-zatyczka-imbus-1-2-mosiadz-niklowany\/#primaryimage\",\"url\":\"https:\/\/emerpolska.pl\/wp-content\/uploads\/2025\/07\/Korek1-2.jpg\",\"contentUrl\":\"https:\/\/emerpolska.pl\/wp-content\/uploads\/2025\/07\/Korek1-2.jpg\",\"width\":2048,\"height\":1536},{\"@type\":\"BreadcrumbList\",\"@id\":\"https:\/\/emerpolska.pl\/index.php\/produkt\/korek-zatyczka-imbus-1-2-mosiadz-niklowany\/#breadcrumb\",\"itemListElement\":[{\"@type\":\"ListItem\",\"position\":1,\"name\":\"Strona g\u0142\u00f3wna\",\"item\":\"https:\/\/emerpolska.pl\/\"},{\"@type\":\"ListItem\",\"position\":2,\"name\":\"Jeste\u015bmy w przygotowaniu. Ju\u017c wkr\u00f3tce.\",\"item\":\"https:\/\/emerpolska.pl\/index.php\/shop\/\"},{\"@type\":\"ListItem\",\"position\":3,\"name\":\"Korek zatyczka imbus 1\/2 mosi\u0105dz niklowany\"}]},{\"@type\":\"WebSite\",\"@id\":\"https:\/\/emerpolska.pl\/#website\",\"url\":\"https:\/\/emerpolska.pl\/\",\"name\":\"EMER Polska\",\"description\":\"Centrum Pneumatyki i Automatyki\",\"publisher\":{\"@id\":\"https:\/\/emerpolska.pl\/#organization\"},\"potentialAction\":[{\"@type\":\"SearchAction\",\"target\":{\"@type\":\"EntryPoint\",\"urlTemplate\":\"https:\/\/emerpolska.pl\/?s={search_term_string}\"},\"query-input\":{\"@type\":\"PropertyValueSpecification\",\"valueRequired\":true,\"valueName\":\"search_term_string\"}}],\"inLanguage\":\"pl-PL\"},{\"@type\":\"Organization\",\"@id\":\"https:\/\/emerpolska.pl\/#organization\",\"name\":\"EMER Polska\",\"url\":\"https:\/\/emerpolska.pl\/\",\"logo\":{\"@type\":\"ImageObject\",\"inLanguage\":\"pl-PL\",\"@id\":\"https:\/\/emerpolska.pl\/#\/schema\/logo\/image\/\",\"url\":\"https:\/\/emerpolska.pl\/wp-content\/uploads\/2025\/07\/logo.jpg\",\"contentUrl\":\"https:\/\/emerpolska.pl\/wp-content\/uploads\/2025\/07\/logo.jpg\",\"width\":1021,\"height\":362,\"caption\":\"EMER Polska\"},\"image\":{\"@id\":\"https:\/\/emerpolska.pl\/#\/schema\/logo\/image\/\"}}]}<\/script>\n<!-- \/ Yoast SEO plugin. -->","yoast_head_json":{"title":"Korek zatyczka imbus 1\/2 mosi\u0105dz niklowany - EMER Polska","robots":{"index":"index","follow":"follow","max-snippet":"max-snippet:-1","max-image-preview":"max-image-preview:large","max-video-preview":"max-video-preview:-1"},"canonical":"https:\/\/emerpolska.pl\/index.php\/produkt\/korek-zatyczka-imbus-1-2-mosiadz-niklowany\/","og_locale":"pl_PL","og_type":"article","og_title":"Korek zatyczka imbus 1\/2 mosi\u0105dz niklowany - EMER Polska","og_description":"&nbsp; KOREK, ZATYCZKA &#8211; gwint zewn\u0119trzny 1\/2&#8243; &#8211; klucz imbusowy &#8211; mosi\u0105dz niklowany &#8211; zastosowanie do powietrza &nbsp;","og_url":"https:\/\/emerpolska.pl\/index.php\/produkt\/korek-zatyczka-imbus-1-2-mosiadz-niklowany\/","og_site_name":"EMER Polska","article_modified_time":"2025-08-07T11:48:51+00:00","og_image":[{"width":2048,"height":1536,"url":"https:\/\/emerpolska.pl\/wp-content\/uploads\/2025\/07\/Korek1-2.jpg","type":"image\/jpeg"}],"twitter_card":"summary_large_image","twitter_misc":{"Szacowany czas czytania":"1 minuta"},"schema":{"@context":"https:\/\/schema.org","@graph":[{"@type":"WebPage","@id":"https:\/\/emerpolska.pl\/index.php\/produkt\/korek-zatyczka-imbus-1-2-mosiadz-niklowany\/","url":"https:\/\/emerpolska.pl\/index.php\/produkt\/korek-zatyczka-imbus-1-2-mosiadz-niklowany\/","name":"Korek zatyczka imbus 1\/2 mosi\u0105dz niklowany - EMER Polska","isPartOf":{"@id":"https:\/\/emerpolska.pl\/#website"},"primaryImageOfPage":{"@id":"https:\/\/emerpolska.pl\/index.php\/produkt\/korek-zatyczka-imbus-1-2-mosiadz-niklowany\/#primaryimage"},"image":{"@id":"https:\/\/emerpolska.pl\/index.php\/produkt\/korek-zatyczka-imbus-1-2-mosiadz-niklowany\/#primaryimage"},"thumbnailUrl":"https:\/\/emerpolska.pl\/wp-content\/uploads\/2025\/07\/Korek1-2.jpg","datePublished":"2025-07-24T21:21:00+00:00","dateModified":"2025-08-07T11:48:51+00:00","breadcrumb":{"@id":"https:\/\/emerpolska.pl\/index.php\/produkt\/korek-zatyczka-imbus-1-2-mosiadz-niklowany\/#breadcrumb"},"inLanguage":"pl-PL","potentialAction":[{"@type":"ReadAction","target":["https:\/\/emerpolska.pl\/index.php\/produkt\/korek-zatyczka-imbus-1-2-mosiadz-niklowany\/"]}]},{"@type":"ImageObject","inLanguage":"pl-PL","@id":"https:\/\/emerpolska.pl\/index.php\/produkt\/korek-zatyczka-imbus-1-2-mosiadz-niklowany\/#primaryimage","url":"https:\/\/emerpolska.pl\/wp-content\/uploads\/2025\/07\/Korek1-2.jpg","contentUrl":"https:\/\/emerpolska.pl\/wp-content\/uploads\/2025\/07\/Korek1-2.jpg","width":2048,"height":1536},{"@type":"BreadcrumbList","@id":"https:\/\/emerpolska.pl\/index.php\/produkt\/korek-zatyczka-imbus-1-2-mosiadz-niklowany\/#breadcrumb","itemListElement":[{"@type":"ListItem","position":1,"name":"Strona g\u0142\u00f3wna","item":"https:\/\/emerpolska.pl\/"},{"@type":"ListItem","position":2,"name":"Jeste\u015bmy w przygotowaniu. Ju\u017c wkr\u00f3tce.","item":"https:\/\/emerpolska.pl\/index.php\/shop\/"},{"@type":"ListItem","position":3,"name":"Korek zatyczka imbus 1\/2 mosi\u0105dz niklowany"}]},{"@type":"WebSite","@id":"https:\/\/emerpolska.pl\/#website","url":"https:\/\/emerpolska.pl\/","name":"EMER Polska","description":"Centrum Pneumatyki i Automatyki","publisher":{"@id":"https:\/\/emerpolska.pl\/#organization"},"potentialAction":[{"@type":"SearchAction","target":{"@type":"EntryPoint","urlTemplate":"https:\/\/emerpolska.pl\/?s={search_term_string}"},"query-input":{"@type":"PropertyValueSpecification","valueRequired":true,"valueName":"search_term_string"}}],"inLanguage":"pl-PL"},{"@type":"Organization","@id":"https:\/\/emerpolska.pl\/#organization","name":"EMER Polska","url":"https:\/\/emerpolska.pl\/","logo":{"@type":"ImageObject","inLanguage":"pl-PL","@id":"https:\/\/emerpolska.pl\/#\/schema\/logo\/image\/","url":"https:\/\/emerpolska.pl\/wp-content\/uploads\/2025\/07\/logo.jpg","contentUrl":"https:\/\/emerpolska.pl\/wp-content\/uploads\/2025\/07\/logo.jpg","width":1021,"height":362,"caption":"EMER Polska"},"image":{"@id":"https:\/\/emerpolska.pl\/#\/schema\/logo\/image\/"}}]}},"_links":{"self":[{"href":"https:\/\/emerpolska.pl\/index.php\/wp-json\/wp\/v2\/product\/996","targetHints":{"allow":["GET"]}}],"collection":[{"href":"https:\/\/emerpolska.pl\/index.php\/wp-json\/wp\/v2\/product"}],"about":[{"href":"https:\/\/emerpolska.pl\/index.php\/wp-json\/wp\/v2\/types\/product"}],"replies":[{"embeddable":true,"href":"https:\/\/emerpolska.pl\/index.php\/wp-json\/wp\/v2\/comments?post=996"}],"wp:featuredmedia":[{"embeddable":true,"href":"https:\/\/emerpolska.pl\/index.php\/wp-json\/wp\/v2\/media\/1524"}],"wp:attachment":[{"href":"https:\/\/emerpolska.pl\/index.php\/wp-json\/wp\/v2\/media?parent=996"}],"wp:term":[{"taxonomy":"product_brand","embeddable":true,"href":"https:\/\/emerpolska.pl\/index.php\/wp-json\/wp\/v2\/product_brand?post=996"},{"taxonomy":"product_cat","embeddable":true,"href":"https:\/\/emerpolska.pl\/index.php\/wp-json\/wp\/v2\/product_cat?post=996"},{"taxonomy":"product_tag","embeddable":true,"href":"https:\/\/emerpolska.pl\/index.php\/wp-json\/wp\/v2\/product_tag?post=996"}],"curies":[{"name":"wp","href":"https:\/\/api.w.org\/{rel}","templated":true}]}}